{"id":4589,"date":"2025-04-14T10:11:25","date_gmt":"2025-04-14T10:11:25","guid":{"rendered":"https:\/\/mpr-labs.com\/?page_id=4589"},"modified":"2025-04-17T13:18:57","modified_gmt":"2025-04-17T13:18:57","slug":"ricerca-sui-prodotti-per-la-protezione-solare","status":"publish","type":"page","link":"https:\/\/mpr-labs.com\/it\/badania-produktow-ochrony-przeciwslonecznej\/","title":{"rendered":"Ricerca sui prodotti per la protezione solare"},"content":{"rendered":"<div data-elementor-type=\"wp-page\" data-elementor-id=\"4589\" class=\"elementor elementor-4589\">\n\t\t\t\t\t\t<section class=\"elementor-section elementor-top-section elementor-element elementor-element-6572caea elementor-section-boxed elementor-section-height-default elementor-section-height-default\" data-id=\"6572caea\" data-element_type=\"section\">\n\t\t\t\t\t\t<div class=\"elementor-container elementor-column-gap-default\">\n\t\t\t\t\t<div class=\"elementor-column elementor-col-100 elementor-top-column elementor-element elementor-element-6ce374eb\" data-id=\"6ce374eb\" data-element_type=\"column\">\n\t\t\t<div class=\"elementor-widget-wrap elementor-element-populated\">\n\t\t\t\t\t\t<div class=\"elementor-element elementor-element-2c3d50a3 elementor-widget elementor-widget-text-editor\" data-id=\"2c3d50a3\" data-element_type=\"widget\" data-widget_type=\"text-editor.default\">\n\t\t\t\t<div class=\"elementor-widget-container\">\n\t\t\t\t\t\t\t<p class=\"\" data-start=\"353\" data-end=\"684\"><strong data-start=\"353\" data-end=\"368\">Test SPF<\/strong> \u00e8 una parte essenziale del processo di immissione sul mercato di prodotti per la cura della pelle che proteggono dai raggi UV. Noi di MPR Labs eseguiamo precise <strong data-start=\"512\" data-end=\"524\">Test SPF<\/strong>che conferma quanto dichiarato <strong>il livello di protezione solare dei prodotti cosmetici<\/strong> - in conformit\u00e0 agli standard internazionali applicabili, compresa la norma ISO 24444.<\/p>\n<p class=\"\" data-start=\"686\" data-end=\"917\"><strong data-start=\"686\" data-end=\"742\">Test affidabili sui prodotti per la protezione solare<\/strong> sono la base per la fiducia dei consumatori, per comunicazioni di marketing efficaci e per la piena conformit\u00e0 alla legislazione dell'UE e del Regno Unito.<\/p>\n<h2 class=\"\" data-start=\"919\" data-end=\"952\">Test SPF: di cosa si tratta?<\/h2>\n<p class=\"\" data-start=\"954\" data-end=\"1257\"><strong data-start=\"954\" data-end=\"966\">Test SPF<\/strong> (Sun Protection Factor) \u00e8 un test che misura il grado di protezione della pelle dai raggi UVB. Viene effettuato su volontari, in condizioni di laboratorio controllate e in conformit\u00e0 alle linee guida dello standard ISO. Ci\u00f2 garantisce che il risultato sia affidabile e possa essere riportato sull'etichetta del prodotto.<\/p>\n<p class=\"\" data-start=\"1259\" data-end=\"1292\">Come parte dei nostri servizi offriamo:<\/p>\n<ul data-start=\"1294\" data-end=\"1478\">\n<li class=\"\" data-start=\"1294\" data-end=\"1350\">\n<p class=\"\" data-start=\"1296\" data-end=\"1350\"><strong data-start=\"1296\" data-end=\"1350\">test SPF in vivo (su pelle di volontari),<\/strong><\/p>\n<\/li>\n<li class=\"\" data-start=\"1351\" data-end=\"1426\">\n<p class=\"\" data-start=\"1353\" data-end=\"1426\">preparazione di un rapporto di prova ai fini della registrazione e della commercializzazione,<\/p>\n<\/li>\n<li class=\"\" data-start=\"1427\" data-end=\"1478\">\n<p class=\"\" data-start=\"1429\" data-end=\"1478\">supporto sostanziale nell'interpretazione dei risultati.<\/p>\n<\/li>\n<\/ul>\n<h3 data-start=\"1480\" data-end=\"1546\">Ricerca sui prodotti per la protezione solare: cosa si guadagna?<\/h3>\n<ul data-start=\"1548\" data-end=\"1926\">\n<li class=\"\" data-start=\"1548\" data-end=\"1637\">\n<p class=\"\" data-start=\"1550\" data-end=\"1637\">La sicurezza che il prodotto protegga effettivamente la pelle dai dannosi raggi UVB,<\/p>\n<\/li>\n<li class=\"\" data-start=\"1638\" data-end=\"1745\">\n<p class=\"\" data-start=\"1640\" data-end=\"1745\"><strong data-start=\"1640\" data-end=\"1690\">Documentazione che conferma i risultati del test SPF<\/strong>pronti per essere inviati ai sistemi di notifica,<\/p>\n<\/li>\n<li class=\"\" data-start=\"1746\" data-end=\"1836\">\n<p class=\"\" data-start=\"1748\" data-end=\"1836\">Possibilit\u00e0 di vendere legalmente il cosmetico nell'Unione Europea e nel Regno Unito,<\/p>\n<\/li>\n<li class=\"\" data-start=\"1837\" data-end=\"1926\">\n<p class=\"\" data-start=\"1839\" data-end=\"1926\">Aumento della fiducia dei clienti nel marchio grazie a dichiarazioni trasparenti e supportate da test.<\/p>\n<\/li>\n<\/ul>\n<p class=\"\" data-start=\"1928\" data-end=\"2043\"><strong data-start=\"1928\" data-end=\"2043\">Il test SPF non \u00e8 solo un dovere, ma anche un investimento nella qualit\u00e0, nella sicurezza e nella reputazione del vostro cosmetico.<\/strong><\/p>\t\t\t\t\t\t<\/div>\n\t\t\t\t<\/div>\n\t\t\t\t\t<\/div>\n\t\t<\/div>\n\t\t\t\t\t<\/div>\n\t\t<\/section>\n\t\t\t\t<section class=\"elementor-section elementor-top-section elementor-element elementor-element-43a7353 elementor-section-boxed elementor-section-height-default elementor-section-height-default\" data-id=\"43a7353\" data-element_type=\"section\">\n\t\t\t\t\t\t<div class=\"elementor-container elementor-column-gap-default\">\n\t\t\t\t\t<div class=\"elementor-column elementor-col-100 elementor-top-column elementor-element elementor-element-4ae9cc2\" data-id=\"4ae9cc2\" data-element_type=\"column\">\n\t\t\t<div class=\"elementor-widget-wrap elementor-element-populated\">\n\t\t\t\t\t\t<div class=\"elementor-element elementor-element-6231cc1 elementor-widget elementor-widget-accordion\" data-id=\"6231cc1\" data-element_type=\"widget\" data-widget_type=\"accordion.default\">\n\t\t\t\t<div class=\"elementor-widget-container\">\n\t\t\t\t\t<div class=\"elementor-accordion\">\n\t\t\t\t\t\t\t<div class=\"elementor-accordion-item\">\n\t\t\t\t\t<h5 id=\"elementor-tab-title-1021\" class=\"elementor-tab-title\" data-tab=\"1\" role=\"button\" aria-controls=\"elementor-tab-content-1021\" aria-expanded=\"false\">\n\t\t\t\t\t\t\t\t\t\t\t\t\t<span class=\"elementor-accordion-icon elementor-accordion-icon-left\" aria-hidden=\"true\">\n\t\t\t\t\t\t\t\t\t\t\t\t\t\t\t<span class=\"elementor-accordion-icon-closed\"><i class=\"fas fa-plus\"><\/i><\/span>\n\t\t\t\t\t\t\t\t<span class=\"elementor-accordion-icon-opened\"><i class=\"fas fa-minus\"><\/i><\/span>\n\t\t\t\t\t\t\t\t\t\t\t\t\t\t<\/span>\n\t\t\t\t\t\t\t\t\t\t\t\t<a class=\"elementor-accordion-title\" tabindex=\"0\">Che cos'\u00e8 il test SPF cosmetico?<\/a>\n\t\t\t\t\t<\/h5>\n\t\t\t\t\t<div id=\"elementor-tab-content-1021\" class=\"elementor-tab-content elementor-clearfix\" data-tab=\"1\" role=\"region\" aria-labelledby=\"elementor-tab-title-1021\"><p>Il test SPF (Sun Protection Factor) consiste nel verificare l'efficacia dei prodotti cosmetici nel proteggere la pelle dai raggi UV. Questi test valutano il grado di protezione contro le scottature e i danni alla pelle.<\/p><\/div>\n\t\t\t\t<\/div>\n\t\t\t\t\t\t\t<div class=\"elementor-accordion-item\">\n\t\t\t\t\t<h5 id=\"elementor-tab-title-1022\" class=\"elementor-tab-title\" data-tab=\"2\" role=\"button\" aria-controls=\"elementor-tab-content-1022\" aria-expanded=\"false\">\n\t\t\t\t\t\t\t\t\t\t\t\t\t<span class=\"elementor-accordion-icon elementor-accordion-icon-left\" aria-hidden=\"true\">\n\t\t\t\t\t\t\t\t\t\t\t\t\t\t\t<span class=\"elementor-accordion-icon-closed\"><i class=\"fas fa-plus\"><\/i><\/span>\n\t\t\t\t\t\t\t\t<span class=\"elementor-accordion-icon-opened\"><i class=\"fas fa-minus\"><\/i><\/span>\n\t\t\t\t\t\t\t\t\t\t\t\t\t\t<\/span>\n\t\t\t\t\t\t\t\t\t\t\t\t<a class=\"elementor-accordion-title\" tabindex=\"0\">Cosa regola la ISO 24444:2019?<\/a>\n\t\t\t\t\t<\/h5>\n\t\t\t\t\t<div id=\"elementor-tab-content-1022\" class=\"elementor-tab-content elementor-clearfix\" data-tab=\"2\" role=\"region\" aria-labelledby=\"elementor-tab-title-1022\"><p>La norma ISO 24444:2019 definisce la metodologia per i test SPF nei cosmetici, includendo i dettagli su come condurre i test di protezione solare in modo affidabile e riproducibile, garantendo l'accuratezza dei risultati.<\/p><\/div>\n\t\t\t\t<\/div>\n\t\t\t\t\t\t\t<div class=\"elementor-accordion-item\">\n\t\t\t\t\t<h5 id=\"elementor-tab-title-1023\" class=\"elementor-tab-title\" data-tab=\"3\" role=\"button\" aria-controls=\"elementor-tab-content-1023\" aria-expanded=\"false\">\n\t\t\t\t\t\t\t\t\t\t\t\t\t<span class=\"elementor-accordion-icon elementor-accordion-icon-left\" aria-hidden=\"true\">\n\t\t\t\t\t\t\t\t\t\t\t\t\t\t\t<span class=\"elementor-accordion-icon-closed\"><i class=\"fas fa-plus\"><\/i><\/span>\n\t\t\t\t\t\t\t\t<span class=\"elementor-accordion-icon-opened\"><i class=\"fas fa-minus\"><\/i><\/span>\n\t\t\t\t\t\t\t\t\t\t\t\t\t\t<\/span>\n\t\t\t\t\t\t\t\t\t\t\t\t<a class=\"elementor-accordion-title\" tabindex=\"0\">Qual \u00e8 il ruolo della ISO 24443:2021 nei cosmetici?<\/a>\n\t\t\t\t\t<\/h5>\n\t\t\t\t\t<div id=\"elementor-tab-content-1023\" class=\"elementor-tab-content elementor-clearfix\" data-tab=\"3\" role=\"region\" aria-labelledby=\"elementor-tab-title-1023\"><p>La norma ISO 24443:2021 riguarda i metodi di misurazione dell'efficacia dei prodotti di protezione solare per la protezione dai raggi UVA. Indica le procedure appropriate che garantiscono l'affidabilit\u00e0 dei risultati dei test sui cosmetici per la protezione solare.<\/p><\/div>\n\t\t\t\t<\/div>\n\t\t\t\t\t\t\t<div class=\"elementor-accordion-item\">\n\t\t\t\t\t<h5 id=\"elementor-tab-title-1024\" class=\"elementor-tab-title\" data-tab=\"4\" role=\"button\" aria-controls=\"elementor-tab-content-1024\" aria-expanded=\"false\">\n\t\t\t\t\t\t\t\t\t\t\t\t\t<span class=\"elementor-accordion-icon elementor-accordion-icon-left\" aria-hidden=\"true\">\n\t\t\t\t\t\t\t\t\t\t\t\t\t\t\t<span class=\"elementor-accordion-icon-closed\"><i class=\"fas fa-plus\"><\/i><\/span>\n\t\t\t\t\t\t\t\t<span class=\"elementor-accordion-icon-opened\"><i class=\"fas fa-minus\"><\/i><\/span>\n\t\t\t\t\t\t\t\t\t\t\t\t\t\t<\/span>\n\t\t\t\t\t\t\t\t\t\t\t\t<a class=\"elementor-accordion-title\" tabindex=\"0\">Che cosa regola la norma ISO 24442:2022?<\/a>\n\t\t\t\t\t<\/h5>\n\t\t\t\t\t<div id=\"elementor-tab-content-1024\" class=\"elementor-tab-content elementor-clearfix\" data-tab=\"4\" role=\"region\" aria-labelledby=\"elementor-tab-title-1024\"><p>La norma ISO 24442:2022 si riferisce alla verifica delle prestazioni di protezione solare dei cosmetici, in particolare nel contesto della misurazione dell'efficacia della protezione UVB e dei suoi effetti sulla pelle.<\/p><\/div>\n\t\t\t\t<\/div>\n\t\t\t\t\t\t\t<div class=\"elementor-accordion-item\">\n\t\t\t\t\t<h5 id=\"elementor-tab-title-1025\" class=\"elementor-tab-title\" data-tab=\"5\" role=\"button\" aria-controls=\"elementor-tab-content-1025\" aria-expanded=\"false\">\n\t\t\t\t\t\t\t\t\t\t\t\t\t<span class=\"elementor-accordion-icon elementor-accordion-icon-left\" aria-hidden=\"true\">\n\t\t\t\t\t\t\t\t\t\t\t\t\t\t\t<span class=\"elementor-accordion-icon-closed\"><i class=\"fas fa-plus\"><\/i><\/span>\n\t\t\t\t\t\t\t\t<span class=\"elementor-accordion-icon-opened\"><i class=\"fas fa-minus\"><\/i><\/span>\n\t\t\t\t\t\t\t\t\t\t\t\t\t\t<\/span>\n\t\t\t\t\t\t\t\t\t\t\t\t<a class=\"elementor-accordion-title\" tabindex=\"0\">Di cosa tratta la norma ISO 18861:2020?<\/a>\n\t\t\t\t\t<\/h5>\n\t\t\t\t\t<div id=\"elementor-tab-content-1025\" class=\"elementor-tab-content elementor-clearfix\" data-tab=\"5\" role=\"region\" aria-labelledby=\"elementor-tab-title-1025\"><p>La norma ISO 18861:2020 specifica le procedure per valutare le prestazioni dei filtri UV nei cosmetici, in particolare quelli utilizzati per la protezione dai raggi UV, e fornisce una base per testare l'efficacia della protezione dalle scottature solari.<\/p><\/div>\n\t\t\t\t<\/div>\n\t\t\t\t\t\t\t\t<\/div>\n\t\t\t\t<\/div>\n\t\t\t\t<\/div>\n\t\t\t\t\t<\/div>\n\t\t<\/div>\n\t\t\t\t\t<\/div>\n\t\t<\/section>\n\t\t\t\t<\/div>","protected":false},"excerpt":{"rendered":"<p>Badania SPF to niezb\u0119dny element procesu wprowadzania na rynek preparat\u00f3w chroni\u0105cych sk\u00f3r\u0119 przed promieniowaniem UV. W MPR Labs przeprowadzamy precyzyjny SPF test, kt\u00f3ry potwierdza deklarowany poziom ochrony przeciws\u0142onecznej w produktach kosmetycznych \u2013 zgodnie z obowi\u0105zuj\u0105cymi normami mi\u0119dzynarodowymi, w tym ISO 24444. Rzetelne badania produkt\u00f3w ochrony przeciws\u0142onecznej s\u0105 podstaw\u0105 do uzyskania zaufania konsument\u00f3w, skutecznej komunikacji marketingowej [&hellip;]<\/p>\n","protected":false},"author":6,"featured_media":3566,"parent":0,"menu_order":0,"comment_status":"closed","ping_status":"closed","template":"page-templates\/service-single.php","meta":{"footnotes":""},"class_list":["post-4589","page","type-page","status-publish","format-standard","has-post-thumbnail","hentry"],"yoast_head":"<!-- This site is optimized with the Yoast SEO plugin v25.4 - https:\/\/yoast.com\/wordpress\/plugins\/seo\/ -->\n<title>Badania produkt\u00f3w ochrony przeciws\u0142onecznej | MPR Labs<\/title>\n<meta name=\"robots\" content=\"index, follow, max-snippet:-1, max-image-preview:large, max-video-preview:-1\" \/>\n<link rel=\"canonical\" href=\"https:\/\/mpr-labs.com\/it\/ricerca-sui-prodotti-per-la-protezione-solare\/\" \/>\n<meta property=\"og:locale\" content=\"it_IT\" \/>\n<meta property=\"og:type\" content=\"article\" \/>\n<meta property=\"og:title\" content=\"Badania produkt\u00f3w ochrony przeciws\u0142onecznej | MPR Labs\" \/>\n<meta property=\"og:description\" content=\"Badania SPF to niezb\u0119dny element procesu wprowadzania na rynek preparat\u00f3w chroni\u0105cych sk\u00f3r\u0119 przed promieniowaniem UV. W MPR Labs przeprowadzamy precyzyjny SPF test, kt\u00f3ry potwierdza deklarowany poziom ochrony przeciws\u0142onecznej w produktach kosmetycznych \u2013 zgodnie z obowi\u0105zuj\u0105cymi normami mi\u0119dzynarodowymi, w tym ISO 24444. Rzetelne badania produkt\u00f3w ochrony przeciws\u0142onecznej s\u0105 podstaw\u0105 do uzyskania zaufania konsument\u00f3w, skutecznej komunikacji marketingowej [&hellip;]\" \/>\n<meta property=\"og:url\" content=\"https:\/\/mpr-labs.com\/it\/ricerca-sui-prodotti-per-la-protezione-solare\/\" \/>\n<meta property=\"og:site_name\" content=\"MPR Labs\" \/>\n<meta property=\"article:publisher\" content=\"https:\/\/www.facebook.com\/MPRLabs\" \/>\n<meta property=\"article:modified_time\" content=\"2025-04-17T13:18:57+00:00\" \/>\n<meta property=\"og:image\" content=\"https:\/\/mpr-labs.com\/wp-content\/uploads\/2023\/08\/badania-top-min.png\" \/>\n\t<meta property=\"og:image:width\" content=\"2100\" \/>\n\t<meta property=\"og:image:height\" content=\"788\" \/>\n\t<meta property=\"og:image:type\" content=\"image\/png\" \/>\n<meta name=\"twitter:card\" content=\"summary_large_image\" \/>\n<meta name=\"twitter:label1\" content=\"Tempo di lettura stimato\" \/>\n\t<meta name=\"twitter:data1\" content=\"3 minuti\" \/>\n<script type=\"application\/ld+json\" class=\"yoast-schema-graph\">{\"@context\":\"https:\/\/schema.org\",\"@graph\":[{\"@type\":\"WebPage\",\"@id\":\"https:\/\/mpr-labs.com\/badania-produktow-ochrony-przeciwslonecznej\/\",\"url\":\"https:\/\/mpr-labs.com\/badania-produktow-ochrony-przeciwslonecznej\/\",\"name\":\"Badania produkt\u00f3w ochrony przeciws\u0142onecznej | MPR Labs\",\"isPartOf\":{\"@id\":\"https:\/\/mpr-labs.com\/#website\"},\"primaryImageOfPage\":{\"@id\":\"https:\/\/mpr-labs.com\/badania-produktow-ochrony-przeciwslonecznej\/#primaryimage\"},\"image\":{\"@id\":\"https:\/\/mpr-labs.com\/badania-produktow-ochrony-przeciwslonecznej\/#primaryimage\"},\"thumbnailUrl\":\"https:\/\/mpr-labs.com\/wp-content\/uploads\/2023\/08\/badania-top-min.png\",\"datePublished\":\"2025-04-14T10:11:25+00:00\",\"dateModified\":\"2025-04-17T13:18:57+00:00\",\"breadcrumb\":{\"@id\":\"https:\/\/mpr-labs.com\/badania-produktow-ochrony-przeciwslonecznej\/#breadcrumb\"},\"inLanguage\":\"it-IT\",\"potentialAction\":[{\"@type\":\"ReadAction\",\"target\":[\"https:\/\/mpr-labs.com\/badania-produktow-ochrony-przeciwslonecznej\/\"]}]},{\"@type\":\"ImageObject\",\"inLanguage\":\"it-IT\",\"@id\":\"https:\/\/mpr-labs.com\/badania-produktow-ochrony-przeciwslonecznej\/#primaryimage\",\"url\":\"https:\/\/mpr-labs.com\/wp-content\/uploads\/2023\/08\/badania-top-min.png\",\"contentUrl\":\"https:\/\/mpr-labs.com\/wp-content\/uploads\/2023\/08\/badania-top-min.png\",\"width\":2100,\"height\":788,\"caption\":\"Badania mikrobiologiczne kosmetyku\"},{\"@type\":\"BreadcrumbList\",\"@id\":\"https:\/\/mpr-labs.com\/badania-produktow-ochrony-przeciwslonecznej\/#breadcrumb\",\"itemListElement\":[{\"@type\":\"ListItem\",\"position\":1,\"name\":\"Strona g\u0142\u00f3wna\",\"item\":\"https:\/\/mpr-labs.com\/\"},{\"@type\":\"ListItem\",\"position\":2,\"name\":\"Badania produkt\u00f3w ochrony przeciws\u0142onecznej\"}]},{\"@type\":\"WebSite\",\"@id\":\"https:\/\/mpr-labs.com\/#website\",\"url\":\"https:\/\/mpr-labs.com\/\",\"name\":\"MPR Labs\",\"description\":\"MPR Labs - Laboratorium Kosmetyczne\",\"publisher\":{\"@id\":\"https:\/\/mpr-labs.com\/#organization\"},\"potentialAction\":[{\"@type\":\"SearchAction\",\"target\":{\"@type\":\"EntryPoint\",\"urlTemplate\":\"https:\/\/mpr-labs.com\/?s={search_term_string}\"},\"query-input\":{\"@type\":\"PropertyValueSpecification\",\"valueRequired\":true,\"valueName\":\"search_term_string\"}}],\"inLanguage\":\"it-IT\"},{\"@type\":\"Organization\",\"@id\":\"https:\/\/mpr-labs.com\/#organization\",\"name\":\"MPR Labs Sp. z o.o.\",\"alternateName\":\"MPR Labs\",\"url\":\"https:\/\/mpr-labs.com\/\",\"logo\":{\"@type\":\"ImageObject\",\"inLanguage\":\"it-IT\",\"@id\":\"https:\/\/mpr-labs.com\/#\/schema\/logo\/image\/\",\"url\":\"https:\/\/mpr-labs.com\/wp-content\/uploads\/2023\/05\/logo-new.png\",\"contentUrl\":\"https:\/\/mpr-labs.com\/wp-content\/uploads\/2023\/05\/logo-new.png\",\"width\":1150,\"height\":328,\"caption\":\"MPR Labs Sp. z o.o.\"},\"image\":{\"@id\":\"https:\/\/mpr-labs.com\/#\/schema\/logo\/image\/\"},\"sameAs\":[\"https:\/\/www.facebook.com\/MPRLabs\",\"https:\/\/www.linkedin.com\/company\/mpr-labs\/\"]}]}<\/script>\n<!-- \/ Yoast SEO plugin. -->","yoast_head_json":{"title":"Ricerca sui prodotti di protezione solare | MPR Labs","robots":{"index":"index","follow":"follow","max-snippet":"max-snippet:-1","max-image-preview":"max-image-preview:large","max-video-preview":"max-video-preview:-1"},"canonical":"https:\/\/mpr-labs.com\/it\/ricerca-sui-prodotti-per-la-protezione-solare\/","og_locale":"it_IT","og_type":"article","og_title":"Badania produkt\u00f3w ochrony przeciws\u0142onecznej | MPR Labs","og_description":"Badania SPF to niezb\u0119dny element procesu wprowadzania na rynek preparat\u00f3w chroni\u0105cych sk\u00f3r\u0119 przed promieniowaniem UV. W MPR Labs przeprowadzamy precyzyjny SPF test, kt\u00f3ry potwierdza deklarowany poziom ochrony przeciws\u0142onecznej w produktach kosmetycznych \u2013 zgodnie z obowi\u0105zuj\u0105cymi normami mi\u0119dzynarodowymi, w tym ISO 24444. Rzetelne badania produkt\u00f3w ochrony przeciws\u0142onecznej s\u0105 podstaw\u0105 do uzyskania zaufania konsument\u00f3w, skutecznej komunikacji marketingowej [&hellip;]","og_url":"https:\/\/mpr-labs.com\/it\/ricerca-sui-prodotti-per-la-protezione-solare\/","og_site_name":"MPR Labs","article_publisher":"https:\/\/www.facebook.com\/MPRLabs","article_modified_time":"2025-04-17T13:18:57+00:00","og_image":[{"width":2100,"height":788,"url":"https:\/\/mpr-labs.com\/wp-content\/uploads\/2023\/08\/badania-top-min.png","type":"image\/png"}],"twitter_card":"summary_large_image","twitter_misc":{"Tempo di lettura stimato":"3 minuti"},"schema":{"@context":"https:\/\/schema.org","@graph":[{"@type":"WebPage","@id":"https:\/\/mpr-labs.com\/badania-produktow-ochrony-przeciwslonecznej\/","url":"https:\/\/mpr-labs.com\/badania-produktow-ochrony-przeciwslonecznej\/","name":"Ricerca sui prodotti di protezione solare | MPR Labs","isPartOf":{"@id":"https:\/\/mpr-labs.com\/#website"},"primaryImageOfPage":{"@id":"https:\/\/mpr-labs.com\/badania-produktow-ochrony-przeciwslonecznej\/#primaryimage"},"image":{"@id":"https:\/\/mpr-labs.com\/badania-produktow-ochrony-przeciwslonecznej\/#primaryimage"},"thumbnailUrl":"https:\/\/mpr-labs.com\/wp-content\/uploads\/2023\/08\/badania-top-min.png","datePublished":"2025-04-14T10:11:25+00:00","dateModified":"2025-04-17T13:18:57+00:00","breadcrumb":{"@id":"https:\/\/mpr-labs.com\/badania-produktow-ochrony-przeciwslonecznej\/#breadcrumb"},"inLanguage":"it-IT","potentialAction":[{"@type":"ReadAction","target":["https:\/\/mpr-labs.com\/badania-produktow-ochrony-przeciwslonecznej\/"]}]},{"@type":"ImageObject","inLanguage":"it-IT","@id":"https:\/\/mpr-labs.com\/badania-produktow-ochrony-przeciwslonecznej\/#primaryimage","url":"https:\/\/mpr-labs.com\/wp-content\/uploads\/2023\/08\/badania-top-min.png","contentUrl":"https:\/\/mpr-labs.com\/wp-content\/uploads\/2023\/08\/badania-top-min.png","width":2100,"height":788,"caption":"Badania mikrobiologiczne kosmetyku"},{"@type":"BreadcrumbList","@id":"https:\/\/mpr-labs.com\/badania-produktow-ochrony-przeciwslonecznej\/#breadcrumb","itemListElement":[{"@type":"ListItem","position":1,"name":"Strona g\u0142\u00f3wna","item":"https:\/\/mpr-labs.com\/"},{"@type":"ListItem","position":2,"name":"Badania produkt\u00f3w ochrony przeciws\u0142onecznej"}]},{"@type":"WebSite","@id":"https:\/\/mpr-labs.com\/#website","url":"https:\/\/mpr-labs.com\/","name":"Laboratori MPR","description":"Laboratori MPR - Laboratorio di cosmetica","publisher":{"@id":"https:\/\/mpr-labs.com\/#organization"},"potentialAction":[{"@type":"SearchAction","target":{"@type":"EntryPoint","urlTemplate":"https:\/\/mpr-labs.com\/?s={search_term_string}"},"query-input":{"@type":"PropertyValueSpecification","valueRequired":true,"valueName":"search_term_string"}}],"inLanguage":"it-IT"},{"@type":"Organization","@id":"https:\/\/mpr-labs.com\/#organization","name":"MPR Labs Sp. z o.o.","alternateName":"MPR Labs","url":"https:\/\/mpr-labs.com\/","logo":{"@type":"ImageObject","inLanguage":"it-IT","@id":"https:\/\/mpr-labs.com\/#\/schema\/logo\/image\/","url":"https:\/\/mpr-labs.com\/wp-content\/uploads\/2023\/05\/logo-new.png","contentUrl":"https:\/\/mpr-labs.com\/wp-content\/uploads\/2023\/05\/logo-new.png","width":1150,"height":328,"caption":"MPR Labs Sp. z o.o."},"image":{"@id":"https:\/\/mpr-labs.com\/#\/schema\/logo\/image\/"},"sameAs":["https:\/\/www.facebook.com\/MPRLabs","https:\/\/www.linkedin.com\/company\/mpr-labs\/"]}]}},"_links":{"self":[{"href":"https:\/\/mpr-labs.com\/it\/wp-json\/wp\/v2\/pages\/4589","targetHints":{"allow":["GET"]}}],"collection":[{"href":"https:\/\/mpr-labs.com\/it\/wp-json\/wp\/v2\/pages"}],"about":[{"href":"https:\/\/mpr-labs.com\/it\/wp-json\/wp\/v2\/types\/page"}],"author":[{"embeddable":true,"href":"https:\/\/mpr-labs.com\/it\/wp-json\/wp\/v2\/users\/6"}],"replies":[{"embeddable":true,"href":"https:\/\/mpr-labs.com\/it\/wp-json\/wp\/v2\/comments?post=4589"}],"version-history":[{"count":10,"href":"https:\/\/mpr-labs.com\/it\/wp-json\/wp\/v2\/pages\/4589\/revisions"}],"predecessor-version":[{"id":4660,"href":"https:\/\/mpr-labs.com\/it\/wp-json\/wp\/v2\/pages\/4589\/revisions\/4660"}],"wp:featuredmedia":[{"embeddable":true,"href":"https:\/\/mpr-labs.com\/it\/wp-json\/wp\/v2\/media\/3566"}],"wp:attachment":[{"href":"https:\/\/mpr-labs.com\/it\/wp-json\/wp\/v2\/media?parent=4589"}],"curies":[{"name":"wp","href":"https:\/\/api.w.org\/{rel}","templated":true}]}}