{"id":4583,"date":"2025-04-14T09:53:46","date_gmt":"2025-04-14T09:53:46","guid":{"rendered":"https:\/\/mpr-labs.com\/?page_id=4583"},"modified":"2025-04-17T13:17:09","modified_gmt":"2025-04-17T13:17:09","slug":"test-di-stabilita-dei-cosmetici","status":"publish","type":"page","link":"https:\/\/mpr-labs.com\/it\/badania-stabilnosci-kosmetykow\/","title":{"rendered":"Test di stabilit\u00e0 dei cosmetici"},"content":{"rendered":"<div data-elementor-type=\"wp-page\" data-elementor-id=\"4583\" class=\"elementor elementor-4583\">\n\t\t\t\t\t\t<section class=\"elementor-section elementor-top-section elementor-element elementor-element-6572caea elementor-section-boxed elementor-section-height-default elementor-section-height-default\" data-id=\"6572caea\" data-element_type=\"section\">\n\t\t\t\t\t\t<div class=\"elementor-container elementor-column-gap-default\">\n\t\t\t\t\t<div class=\"elementor-column elementor-col-100 elementor-top-column elementor-element elementor-element-6ce374eb\" data-id=\"6ce374eb\" data-element_type=\"column\">\n\t\t\t<div class=\"elementor-widget-wrap elementor-element-populated\">\n\t\t\t\t\t\t<div class=\"elementor-element elementor-element-2c3d50a3 elementor-widget elementor-widget-text-editor\" data-id=\"2c3d50a3\" data-element_type=\"widget\" data-widget_type=\"text-editor.default\">\n\t\t\t\t<div class=\"elementor-widget-container\">\n\t\t\t\t\t\t\t<p><!-- wp:paragraph {\"className\":\"\"} --><\/p><p><strong>Test di stabilit\u00e0 dei cosmetici<\/strong> \u00e8 una fase estremamente importante per valutare la qualit\u00e0 di un prodotto da commercializzare in Europa e nel Regno Unito. W <a href=\"https:\/\/mpr-labs.com\/\">Laboratori MPR<\/a> realizziamo <strong>test di invecchiamento per i cosmetici<\/strong> e <strong>test di stabilit\u00e0 e compatibilit\u00e0 per i prodotti cosmetici<\/strong>per garantirne la sicurezza, l'efficacia e la conformit\u00e0 alle dichiarazioni del produttore per tutta la durata di conservazione.<\/p><p><!-- \/wp:paragraph --> <!-- wp:paragraph {\"className\":\"\"} --><\/p><p>Una stabilit\u00e0 inadeguata pu\u00f2 portare a cambiamenti nella fragranza, nel colore, nella consistenza e persino nelle prestazioni del cosmetico. Pertanto, <strong>test di stabilit\u00e0 cosmetica<\/strong> \u00e8 essenziale per mantenere l'elevato standard del prodotto e la sua percezione positiva da parte del consumatore.<\/p><p><!-- \/wp:paragraph --> <!-- wp:heading {\"className\":\"\"} --><\/p><h3 class=\"wp-block-heading\">Test di stabilit\u00e0 cosmetica: cosa controlliamo?<\/h3><p><!-- \/wp:heading --> <!-- wp:paragraph {\"className\":\"\"} --><\/p><p>I nostri servizi comprendono <strong>test di stabilit\u00e0 dei cosmetici<\/strong>, comprendente:<\/p><p><!-- \/wp:paragraph --> <!-- wp:list --><\/p><ul class=\"wp-block-list\"><!-- wp:list-item --><li>valutazione dei cambiamenti fisico-chimici in diverse condizioni di conservazione,<\/li><!-- \/wp:list-item --> <!-- wp:list-item --><li>test a temperatura ambiente, a temperatura elevata, a bassa temperatura e alla luce UV,<\/li><!-- \/wp:list-item --> <!-- wp:list-item --><li><strong>test di invecchiamento per i cosmetici<\/strong>che simulano i processi di invecchiamento di un prodotto ad un ritmo accelerato,<\/li><!-- \/wp:list-item --> <!-- wp:list-item --><li>osservare le variazioni di colore, odore, pH e consistenza.<\/li><!-- \/wp:list-item --><\/ul><p><!-- \/wp:list --> <!-- wp:paragraph {\"className\":\"\"} --><\/p><p>Questi test consentono di valutare il comportamento di un cosmetico durante il trasporto, lo stoccaggio o l'esposizione in negozio.<\/p><p><!-- \/wp:paragraph --> <!-- wp:heading {\"className\":\"\"} --><\/p><h2 class=\"wp-block-heading\">Test di compatibilit\u00e0 dei cosmetici con l'imballaggio - sicurezza in pratica<\/h2><p><!-- \/wp:heading --> <!-- wp:paragraph {\"className\":\"\"} --><\/p><p><strong>Test di compatibilit\u00e0 cosmetica con l'imballaggio<\/strong> \u00e8 parte integrante del processo di stabilit\u00e0 complessivo. In MPR Labs analizziamo se i componenti del prodotto reagiscono con il materiale di confezionamento, se le sostanze migrano, se si verificano scolorimenti o danni.<\/p><p><!-- \/wp:paragraph --> <!-- wp:paragraph {\"className\":\"\"} --><\/p><p><strong>Questo garantisce che il vostro cosmetico manterr\u00e0 le sue propriet\u00e0 per tutta la durata di vita dichiarata.<\/strong><\/p><p><!-- \/wp:paragraph --> <!-- wp:heading {\"className\":\"\"} --><\/p><h2 class=\"wp-block-heading\">Perch\u00e9 i test di stabilit\u00e0 per i cosmetici sono cos\u00ec importanti?<\/h2><p><!-- \/wp:heading --> <!-- wp:list --><\/p><ul class=\"wp-block-list\"><!-- wp:list-item --><li>consentono di determinare una durata di conservazione realistica,<\/li><!-- \/wp:list-item --> <!-- wp:list-item --><li>ridurre al minimo il rischio di reclami e perdite finanziarie,<\/li><!-- \/wp:list-item --> <!-- wp:list-item --><li>garantire la conformit\u00e0 ai requisiti legali dell'UE e del Regno Unito,<\/li><!-- \/wp:list-item --> <!-- wp:list-item --><li>influenzare una valutazione positiva durante gli audit e le ispezioni.<\/li><!-- \/wp:list-item --><\/ul><p><!-- \/wp:list --> <!-- wp:paragraph {\"className\":\"\"} --><\/p><p><strong>Test professionali di stabilit\u00e0 e compatibilit\u00e0 dei prodotti cosmetici<\/strong> eseguiti da MPR Labs significa che potete essere certi che il vostro prodotto arriver\u00e0 al cliente in condizioni impeccabili, indipendentemente dalle condizioni di trasporto o di stoccaggio.<\/p><p><!-- \/wp:paragraph --><\/p>\t\t\t\t\t\t<\/div>\n\t\t\t\t<\/div>\n\t\t\t\t\t<\/div>\n\t\t<\/div>\n\t\t\t\t\t<\/div>\n\t\t<\/section>\n\t\t\t\t<section class=\"elementor-section elementor-top-section elementor-element elementor-element-216dd11 elementor-section-boxed elementor-section-height-default elementor-section-height-default\" data-id=\"216dd11\" data-element_type=\"section\">\n\t\t\t\t\t\t<div class=\"elementor-container elementor-column-gap-default\">\n\t\t\t\t\t<div class=\"elementor-column elementor-col-100 elementor-top-column elementor-element elementor-element-39f45ca\" data-id=\"39f45ca\" data-element_type=\"column\">\n\t\t\t<div class=\"elementor-widget-wrap elementor-element-populated\">\n\t\t\t\t\t\t<div class=\"elementor-element elementor-element-30dbd25 elementor-widget elementor-widget-accordion\" data-id=\"30dbd25\" data-element_type=\"widget\" data-widget_type=\"accordion.default\">\n\t\t\t\t<div class=\"elementor-widget-container\">\n\t\t\t\t\t<div class=\"elementor-accordion\">\n\t\t\t\t\t\t\t<div class=\"elementor-accordion-item\">\n\t\t\t\t\t<h5 id=\"elementor-tab-title-5121\" class=\"elementor-tab-title\" data-tab=\"1\" role=\"button\" aria-controls=\"elementor-tab-content-5121\" aria-expanded=\"false\">\n\t\t\t\t\t\t\t\t\t\t\t\t\t<span class=\"elementor-accordion-icon elementor-accordion-icon-left\" aria-hidden=\"true\">\n\t\t\t\t\t\t\t\t\t\t\t\t\t\t\t<span class=\"elementor-accordion-icon-closed\"><i class=\"fas fa-plus\"><\/i><\/span>\n\t\t\t\t\t\t\t\t<span class=\"elementor-accordion-icon-opened\"><i class=\"fas fa-minus\"><\/i><\/span>\n\t\t\t\t\t\t\t\t\t\t\t\t\t\t<\/span>\n\t\t\t\t\t\t\t\t\t\t\t\t<a class=\"elementor-accordion-title\" tabindex=\"0\">Qual \u00e8 l'importanza dei test di stabilit\u00e0 e compatibilit\u00e0 per i cosmetici?<\/a>\n\t\t\t\t\t<\/h5>\n\t\t\t\t\t<div id=\"elementor-tab-content-5121\" class=\"elementor-tab-content elementor-clearfix\" data-tab=\"1\" role=\"region\" aria-labelledby=\"elementor-tab-title-5121\"><p>I test di stabilit\u00e0 e compatibilit\u00e0 dei cosmetici mirano a garantire che il prodotto sia efficace, sicuro e non cambi le sue propriet\u00e0 durante la conservazione e l'uso, e che gli ingredienti cosmetici lavorino insieme in modo appropriato.<\/p><\/div>\n\t\t\t\t<\/div>\n\t\t\t\t\t\t\t<div class=\"elementor-accordion-item\">\n\t\t\t\t\t<h5 id=\"elementor-tab-title-5122\" class=\"elementor-tab-title\" data-tab=\"2\" role=\"button\" aria-controls=\"elementor-tab-content-5122\" aria-expanded=\"false\">\n\t\t\t\t\t\t\t\t\t\t\t\t\t<span class=\"elementor-accordion-icon elementor-accordion-icon-left\" aria-hidden=\"true\">\n\t\t\t\t\t\t\t\t\t\t\t\t\t\t\t<span class=\"elementor-accordion-icon-closed\"><i class=\"fas fa-plus\"><\/i><\/span>\n\t\t\t\t\t\t\t\t<span class=\"elementor-accordion-icon-opened\"><i class=\"fas fa-minus\"><\/i><\/span>\n\t\t\t\t\t\t\t\t\t\t\t\t\t\t<\/span>\n\t\t\t\t\t\t\t\t\t\t\t\t<a class=\"elementor-accordion-title\" tabindex=\"0\">Che cos'\u00e8 il PAO nel contesto dei cosmetici?<\/a>\n\t\t\t\t\t<\/h5>\n\t\t\t\t\t<div id=\"elementor-tab-content-5122\" class=\"elementor-tab-content elementor-clearfix\" data-tab=\"2\" role=\"region\" aria-labelledby=\"elementor-tab-title-5122\"><p>Il PAO (Period After Opening) \u00e8 un simbolo riportato sulla confezione di un cosmetico che indica al consumatore per quanto tempo il prodotto \u00e8 sicuro da usare dopo l'apertura. Questo periodo dipende dalla stabilit\u00e0 del cosmetico e di solito \u00e8 compreso tra 6 e 12 mesi.<\/p><\/div>\n\t\t\t\t<\/div>\n\t\t\t\t\t\t\t\t<\/div>\n\t\t\t\t<\/div>\n\t\t\t\t<\/div>\n\t\t\t\t\t<\/div>\n\t\t<\/div>\n\t\t\t\t\t<\/div>\n\t\t<\/section>\n\t\t\t\t<\/div>","protected":false},"excerpt":{"rendered":"<p>Badanie stabilno\u015bci kosmetyk\u00f3w to niezmiernie wa\u017cny etap oceny jako\u015bci produktu, kt\u00f3ry ma trafi\u0107 na rynek europejski i brytyjski. W laboratorium MPR Labs przeprowadzamy testy starzeniowe kosmetyk\u00f3w oraz badania stabilno\u015bci i kompatybilno\u015bci produkt\u00f3w kosmetycznych, by zapewni\u0107 ich bezpiecze\u0144stwo, skuteczno\u015b\u0107 oraz zgodno\u015b\u0107 z deklaracjami producenta przez ca\u0142y okres przydatno\u015bci. Nieodpowiednia stabilno\u015b\u0107 mo\u017ce prowadzi\u0107 do zmian zapachu, koloru, [&hellip;]<\/p>\n","protected":false},"author":6,"featured_media":3566,"parent":0,"menu_order":0,"comment_status":"closed","ping_status":"closed","template":"page-templates\/service-single.php","meta":{"footnotes":""},"class_list":["post-4583","page","type-page","status-publish","format-standard","has-post-thumbnail","hentry"],"yoast_head":"<!-- This site is optimized with the Yoast SEO plugin v25.4 - https:\/\/yoast.com\/wordpress\/plugins\/seo\/ -->\n<title>Badania stabilno\u015bci kosmetyk\u00f3w | MPR Labs<\/title>\n<meta name=\"robots\" content=\"index, follow, max-snippet:-1, max-image-preview:large, max-video-preview:-1\" \/>\n<link rel=\"canonical\" href=\"https:\/\/mpr-labs.com\/it\/test-di-stabilita-dei-cosmetici\/\" \/>\n<meta property=\"og:locale\" content=\"it_IT\" \/>\n<meta property=\"og:type\" content=\"article\" \/>\n<meta property=\"og:title\" content=\"Badania stabilno\u015bci kosmetyk\u00f3w | MPR Labs\" \/>\n<meta property=\"og:description\" content=\"Badanie stabilno\u015bci kosmetyk\u00f3w to niezmiernie wa\u017cny etap oceny jako\u015bci produktu, kt\u00f3ry ma trafi\u0107 na rynek europejski i brytyjski. W laboratorium MPR Labs przeprowadzamy testy starzeniowe kosmetyk\u00f3w oraz badania stabilno\u015bci i kompatybilno\u015bci produkt\u00f3w kosmetycznych, by zapewni\u0107 ich bezpiecze\u0144stwo, skuteczno\u015b\u0107 oraz zgodno\u015b\u0107 z deklaracjami producenta przez ca\u0142y okres przydatno\u015bci. Nieodpowiednia stabilno\u015b\u0107 mo\u017ce prowadzi\u0107 do zmian zapachu, koloru, [&hellip;]\" \/>\n<meta property=\"og:url\" content=\"https:\/\/mpr-labs.com\/it\/test-di-stabilita-dei-cosmetici\/\" \/>\n<meta property=\"og:site_name\" content=\"MPR Labs\" \/>\n<meta property=\"article:publisher\" content=\"https:\/\/www.facebook.com\/MPRLabs\" \/>\n<meta property=\"article:modified_time\" content=\"2025-04-17T13:17:09+00:00\" \/>\n<meta property=\"og:image\" content=\"https:\/\/mpr-labs.com\/wp-content\/uploads\/2023\/08\/badania-top-min.png\" \/>\n\t<meta property=\"og:image:width\" content=\"2100\" \/>\n\t<meta property=\"og:image:height\" content=\"788\" \/>\n\t<meta property=\"og:image:type\" content=\"image\/png\" \/>\n<meta name=\"twitter:card\" content=\"summary_large_image\" \/>\n<meta name=\"twitter:label1\" content=\"Tempo di lettura stimato\" \/>\n\t<meta name=\"twitter:data1\" content=\"3 minuti\" \/>\n<script type=\"application\/ld+json\" class=\"yoast-schema-graph\">{\"@context\":\"https:\/\/schema.org\",\"@graph\":[{\"@type\":\"WebPage\",\"@id\":\"https:\/\/mpr-labs.com\/badania-stabilnosci-kosmetykow\/\",\"url\":\"https:\/\/mpr-labs.com\/badania-stabilnosci-kosmetykow\/\",\"name\":\"Badania stabilno\u015bci kosmetyk\u00f3w | MPR Labs\",\"isPartOf\":{\"@id\":\"https:\/\/mpr-labs.com\/#website\"},\"primaryImageOfPage\":{\"@id\":\"https:\/\/mpr-labs.com\/badania-stabilnosci-kosmetykow\/#primaryimage\"},\"image\":{\"@id\":\"https:\/\/mpr-labs.com\/badania-stabilnosci-kosmetykow\/#primaryimage\"},\"thumbnailUrl\":\"https:\/\/mpr-labs.com\/wp-content\/uploads\/2023\/08\/badania-top-min.png\",\"datePublished\":\"2025-04-14T09:53:46+00:00\",\"dateModified\":\"2025-04-17T13:17:09+00:00\",\"breadcrumb\":{\"@id\":\"https:\/\/mpr-labs.com\/badania-stabilnosci-kosmetykow\/#breadcrumb\"},\"inLanguage\":\"it-IT\",\"potentialAction\":[{\"@type\":\"ReadAction\",\"target\":[\"https:\/\/mpr-labs.com\/badania-stabilnosci-kosmetykow\/\"]}]},{\"@type\":\"ImageObject\",\"inLanguage\":\"it-IT\",\"@id\":\"https:\/\/mpr-labs.com\/badania-stabilnosci-kosmetykow\/#primaryimage\",\"url\":\"https:\/\/mpr-labs.com\/wp-content\/uploads\/2023\/08\/badania-top-min.png\",\"contentUrl\":\"https:\/\/mpr-labs.com\/wp-content\/uploads\/2023\/08\/badania-top-min.png\",\"width\":2100,\"height\":788,\"caption\":\"Badania mikrobiologiczne kosmetyku\"},{\"@type\":\"BreadcrumbList\",\"@id\":\"https:\/\/mpr-labs.com\/badania-stabilnosci-kosmetykow\/#breadcrumb\",\"itemListElement\":[{\"@type\":\"ListItem\",\"position\":1,\"name\":\"Strona g\u0142\u00f3wna\",\"item\":\"https:\/\/mpr-labs.com\/\"},{\"@type\":\"ListItem\",\"position\":2,\"name\":\"Badania stabilno\u015bci kosmetyk\u00f3w\"}]},{\"@type\":\"WebSite\",\"@id\":\"https:\/\/mpr-labs.com\/#website\",\"url\":\"https:\/\/mpr-labs.com\/\",\"name\":\"MPR Labs\",\"description\":\"MPR Labs - Laboratorium Kosmetyczne\",\"publisher\":{\"@id\":\"https:\/\/mpr-labs.com\/#organization\"},\"potentialAction\":[{\"@type\":\"SearchAction\",\"target\":{\"@type\":\"EntryPoint\",\"urlTemplate\":\"https:\/\/mpr-labs.com\/?s={search_term_string}\"},\"query-input\":{\"@type\":\"PropertyValueSpecification\",\"valueRequired\":true,\"valueName\":\"search_term_string\"}}],\"inLanguage\":\"it-IT\"},{\"@type\":\"Organization\",\"@id\":\"https:\/\/mpr-labs.com\/#organization\",\"name\":\"MPR Labs Sp. z o.o.\",\"alternateName\":\"MPR Labs\",\"url\":\"https:\/\/mpr-labs.com\/\",\"logo\":{\"@type\":\"ImageObject\",\"inLanguage\":\"it-IT\",\"@id\":\"https:\/\/mpr-labs.com\/#\/schema\/logo\/image\/\",\"url\":\"https:\/\/mpr-labs.com\/wp-content\/uploads\/2023\/05\/logo-new.png\",\"contentUrl\":\"https:\/\/mpr-labs.com\/wp-content\/uploads\/2023\/05\/logo-new.png\",\"width\":1150,\"height\":328,\"caption\":\"MPR Labs Sp. z o.o.\"},\"image\":{\"@id\":\"https:\/\/mpr-labs.com\/#\/schema\/logo\/image\/\"},\"sameAs\":[\"https:\/\/www.facebook.com\/MPRLabs\",\"https:\/\/www.linkedin.com\/company\/mpr-labs\/\"]}]}<\/script>\n<!-- \/ Yoast SEO plugin. -->","yoast_head_json":{"title":"Test di stabilit\u00e0 dei cosmetici | MPR Labs","robots":{"index":"index","follow":"follow","max-snippet":"max-snippet:-1","max-image-preview":"max-image-preview:large","max-video-preview":"max-video-preview:-1"},"canonical":"https:\/\/mpr-labs.com\/it\/test-di-stabilita-dei-cosmetici\/","og_locale":"it_IT","og_type":"article","og_title":"Badania stabilno\u015bci kosmetyk\u00f3w | MPR Labs","og_description":"Badanie stabilno\u015bci kosmetyk\u00f3w to niezmiernie wa\u017cny etap oceny jako\u015bci produktu, kt\u00f3ry ma trafi\u0107 na rynek europejski i brytyjski. W laboratorium MPR Labs przeprowadzamy testy starzeniowe kosmetyk\u00f3w oraz badania stabilno\u015bci i kompatybilno\u015bci produkt\u00f3w kosmetycznych, by zapewni\u0107 ich bezpiecze\u0144stwo, skuteczno\u015b\u0107 oraz zgodno\u015b\u0107 z deklaracjami producenta przez ca\u0142y okres przydatno\u015bci. Nieodpowiednia stabilno\u015b\u0107 mo\u017ce prowadzi\u0107 do zmian zapachu, koloru, [&hellip;]","og_url":"https:\/\/mpr-labs.com\/it\/test-di-stabilita-dei-cosmetici\/","og_site_name":"MPR Labs","article_publisher":"https:\/\/www.facebook.com\/MPRLabs","article_modified_time":"2025-04-17T13:17:09+00:00","og_image":[{"width":2100,"height":788,"url":"https:\/\/mpr-labs.com\/wp-content\/uploads\/2023\/08\/badania-top-min.png","type":"image\/png"}],"twitter_card":"summary_large_image","twitter_misc":{"Tempo di lettura stimato":"3 minuti"},"schema":{"@context":"https:\/\/schema.org","@graph":[{"@type":"WebPage","@id":"https:\/\/mpr-labs.com\/badania-stabilnosci-kosmetykow\/","url":"https:\/\/mpr-labs.com\/badania-stabilnosci-kosmetykow\/","name":"Test di stabilit\u00e0 dei cosmetici | MPR Labs","isPartOf":{"@id":"https:\/\/mpr-labs.com\/#website"},"primaryImageOfPage":{"@id":"https:\/\/mpr-labs.com\/badania-stabilnosci-kosmetykow\/#primaryimage"},"image":{"@id":"https:\/\/mpr-labs.com\/badania-stabilnosci-kosmetykow\/#primaryimage"},"thumbnailUrl":"https:\/\/mpr-labs.com\/wp-content\/uploads\/2023\/08\/badania-top-min.png","datePublished":"2025-04-14T09:53:46+00:00","dateModified":"2025-04-17T13:17:09+00:00","breadcrumb":{"@id":"https:\/\/mpr-labs.com\/badania-stabilnosci-kosmetykow\/#breadcrumb"},"inLanguage":"it-IT","potentialAction":[{"@type":"ReadAction","target":["https:\/\/mpr-labs.com\/badania-stabilnosci-kosmetykow\/"]}]},{"@type":"ImageObject","inLanguage":"it-IT","@id":"https:\/\/mpr-labs.com\/badania-stabilnosci-kosmetykow\/#primaryimage","url":"https:\/\/mpr-labs.com\/wp-content\/uploads\/2023\/08\/badania-top-min.png","contentUrl":"https:\/\/mpr-labs.com\/wp-content\/uploads\/2023\/08\/badania-top-min.png","width":2100,"height":788,"caption":"Badania mikrobiologiczne kosmetyku"},{"@type":"BreadcrumbList","@id":"https:\/\/mpr-labs.com\/badania-stabilnosci-kosmetykow\/#breadcrumb","itemListElement":[{"@type":"ListItem","position":1,"name":"Strona g\u0142\u00f3wna","item":"https:\/\/mpr-labs.com\/"},{"@type":"ListItem","position":2,"name":"Badania stabilno\u015bci kosmetyk\u00f3w"}]},{"@type":"WebSite","@id":"https:\/\/mpr-labs.com\/#website","url":"https:\/\/mpr-labs.com\/","name":"Laboratori MPR","description":"Laboratori MPR - Laboratorio di cosmetica","publisher":{"@id":"https:\/\/mpr-labs.com\/#organization"},"potentialAction":[{"@type":"SearchAction","target":{"@type":"EntryPoint","urlTemplate":"https:\/\/mpr-labs.com\/?s={search_term_string}"},"query-input":{"@type":"PropertyValueSpecification","valueRequired":true,"valueName":"search_term_string"}}],"inLanguage":"it-IT"},{"@type":"Organization","@id":"https:\/\/mpr-labs.com\/#organization","name":"MPR Labs Sp. z o.o.","alternateName":"MPR Labs","url":"https:\/\/mpr-labs.com\/","logo":{"@type":"ImageObject","inLanguage":"it-IT","@id":"https:\/\/mpr-labs.com\/#\/schema\/logo\/image\/","url":"https:\/\/mpr-labs.com\/wp-content\/uploads\/2023\/05\/logo-new.png","contentUrl":"https:\/\/mpr-labs.com\/wp-content\/uploads\/2023\/05\/logo-new.png","width":1150,"height":328,"caption":"MPR Labs Sp. z o.o."},"image":{"@id":"https:\/\/mpr-labs.com\/#\/schema\/logo\/image\/"},"sameAs":["https:\/\/www.facebook.com\/MPRLabs","https:\/\/www.linkedin.com\/company\/mpr-labs\/"]}]}},"_links":{"self":[{"href":"https:\/\/mpr-labs.com\/it\/wp-json\/wp\/v2\/pages\/4583","targetHints":{"allow":["GET"]}}],"collection":[{"href":"https:\/\/mpr-labs.com\/it\/wp-json\/wp\/v2\/pages"}],"about":[{"href":"https:\/\/mpr-labs.com\/it\/wp-json\/wp\/v2\/types\/page"}],"author":[{"embeddable":true,"href":"https:\/\/mpr-labs.com\/it\/wp-json\/wp\/v2\/users\/6"}],"replies":[{"embeddable":true,"href":"https:\/\/mpr-labs.com\/it\/wp-json\/wp\/v2\/comments?post=4583"}],"version-history":[{"count":7,"href":"https:\/\/mpr-labs.com\/it\/wp-json\/wp\/v2\/pages\/4583\/revisions"}],"predecessor-version":[{"id":4657,"href":"https:\/\/mpr-labs.com\/it\/wp-json\/wp\/v2\/pages\/4583\/revisions\/4657"}],"wp:featuredmedia":[{"embeddable":true,"href":"https:\/\/mpr-labs.com\/it\/wp-json\/wp\/v2\/media\/3566"}],"wp:attachment":[{"href":"https:\/\/mpr-labs.com\/it\/wp-json\/wp\/v2\/media?parent=4583"}],"curies":[{"name":"wp","href":"https:\/\/api.w.org\/{rel}","templated":true}]}}