{"id":4443,"date":"2025-03-24T13:11:36","date_gmt":"2025-03-24T13:11:36","guid":{"rendered":"https:\/\/mpr-labs.com\/?page_id=4443"},"modified":"2025-04-17T13:11:30","modified_gmt":"2025-04-17T13:11:30","slug":"studi-applicativi","status":"publish","type":"page","link":"https:\/\/mpr-labs.com\/it\/badania-aplikacyjne\/","title":{"rendered":"Ricerca applicativa"},"content":{"rendered":"<div data-elementor-type=\"wp-page\" data-elementor-id=\"4443\" class=\"elementor elementor-4443\">\n\t\t\t\t\t\t<section class=\"elementor-section elementor-top-section elementor-element elementor-element-6572caea elementor-section-boxed elementor-section-height-default elementor-section-height-default\" data-id=\"6572caea\" data-element_type=\"section\">\n\t\t\t\t\t\t<div class=\"elementor-container elementor-column-gap-default\">\n\t\t\t\t\t<div class=\"elementor-column elementor-col-100 elementor-top-column elementor-element elementor-element-6ce374eb\" data-id=\"6ce374eb\" data-element_type=\"column\">\n\t\t\t<div class=\"elementor-widget-wrap elementor-element-populated\">\n\t\t\t\t\t\t<div class=\"elementor-element elementor-element-2c3d50a3 elementor-widget elementor-widget-text-editor\" data-id=\"2c3d50a3\" data-element_type=\"widget\" data-widget_type=\"text-editor.default\">\n\t\t\t\t<div class=\"elementor-widget-container\">\n\t\t\t\t\t\t\t<p><span style=\"font-weight: 400;\">Affinch\u00e9 un cosmetico raggiunga il mercato e soddisfi le aspettative dei consumatori, deve essere sottoposto a un'analisi completa. <\/span><b>studi applicativi<\/b><span style=\"font-weight: 400;\">. Si tratta di test condotti su un gruppo di volontari per valutare le prestazioni effettive del prodotto, la sua efficacia e il comfort d'uso. <\/span><b>Test di applicazione cosmetica<\/b><span style=\"font-weight: 400;\"> forniscono informazioni preziose sull'esperienza dell'utente, aiutando i produttori a perfezionare le formulazioni e a convalidare le promesse del marketing.<\/span><\/p><h2>Quali aspetti valutano gli studi applicativi?<\/h2><p><span style=\"font-weight: 400;\">Durante <\/span><b>test di applicazione dei cosmetici<\/b><span style=\"font-weight: 400;\"> vengono analizzati diversi parametri rilevanti per l'utente finale. Questi test aiutano a determinare:<\/span><\/p><ul><li style=\"font-weight: 400;\" aria-level=\"1\"><span style=\"font-weight: 400;\">il livello di idratazione e nutrimento della pelle dopo l'applicazione del cosmetico,<\/span><\/li><li style=\"font-weight: 400;\" aria-level=\"1\"><span style=\"font-weight: 400;\">effetto levigante, rigenerante o liftante,<\/span><\/li><li style=\"font-weight: 400;\" aria-level=\"1\"><span style=\"font-weight: 400;\">comodit\u00e0 d'uso - rapido assorbimento, nessun effetto appiccicoso,<\/span><\/li><li style=\"font-weight: 400;\" aria-level=\"1\"><span style=\"font-weight: 400;\">reazione cutanea all'uso prolungato,<\/span><\/li><li style=\"font-weight: 400;\" aria-level=\"1\"><span style=\"font-weight: 400;\">Impressioni soggettive degli utenti su consistenza, odore e applicazione.<\/span><\/li><\/ul><p><span style=\"font-weight: 400;\">Grazie ai test sui consumatori, i produttori possono apportare modifiche alla formulazione dei cosmetici ancor prima della loro commercializzazione, aumentandone l'efficacia e la soddisfazione dei clienti.<\/span><\/p><h2>Test sui consumatori: l'opinione degli utenti \u00e8 importante<\/h2><p><b>Test sui consumatori<\/b><span style=\"font-weight: 400;\"> \u00e8 uno degli elementi pi\u00f9 importanti di <\/span><b>test di applicazione dei cosmetici<\/b><span style=\"font-weight: 400;\">. I partecipanti al test ricevono un prodotto da utilizzare per un determinato periodo di tempo e poi condividono la loro opinione sulle sue prestazioni. In questo modo, i produttori possono comprendere meglio le esigenze del mercato e adattare i cosmetici alle reali aspettative degli utenti.<\/span><\/p><p><span style=\"font-weight: 400;\">I test sui consumatori sono particolarmente importanti per:<\/span><\/p><ul><li style=\"font-weight: 400;\" aria-level=\"1\"><span style=\"font-weight: 400;\">cosmetici per pelli sensibili e allergiche,<\/span><\/li><li style=\"font-weight: 400;\" aria-level=\"1\"><span style=\"font-weight: 400;\">prodotti anti-invecchiamento,<\/span><\/li><li style=\"font-weight: 400;\" aria-level=\"1\"><span style=\"font-weight: 400;\">preparati per capelli per migliorare le loro condizioni,<\/span><\/li><li style=\"font-weight: 400;\" aria-level=\"1\"><span style=\"font-weight: 400;\">cosmetici a colori, dove la valutazione della durata e della pigmentazione \u00e8 fondamentale.<\/span><\/li><\/ul><p><span style=\"font-weight: 400;\">Una valutazione completa dei cosmetici non pu\u00f2 basarsi solo sulle opinioni dei consumatori. <\/span><b>Ricerca applicativa<\/b><span style=\"font-weight: 400;\"> deve essere preceduto da <\/span><a href=\"https:\/\/mpr-labs.com\/badania-fizykochemiczne\/\"><b>test fisici e chimici<\/b><\/a><span style=\"font-weight: 400;\">che verifica la stabilit\u00e0 della formulazione, il pH, la densit\u00e0 e altri parametri fisico-chimici del prodotto. Senza questa fase, \u00e8 difficile garantire che il cosmetico mantenga le sue propriet\u00e0 per tutta la sua durata.<\/span><\/p><p><span style=\"font-weight: 400;\">Altrettanto importanti sono <\/span><a href=\"https:\/\/mpr-labs.com\/badania-mikrobiologiczne\/\"><b>test microbiologici<\/b><\/a><span style=\"font-weight: 400;\">che valutano la purezza microbiologica e l'efficacia dei conservanti. Anche i migliori cosmetici possono perdere le loro propriet\u00e0 se la loro composizione favorisce la moltiplicazione dei microrganismi o non supera il test di purezza microbiologica.<\/span><\/p><h2>Quando \u00e8 opportuno effettuare studi applicativi?<\/h2><p><b>Test di applicazione cosmetica<\/b><span style=\"font-weight: 400;\"> sono una fase fondamentale di pre-marketing. Dovrebbero essere eseguite nelle seguenti situazioni:<\/span><\/p><ul><li style=\"font-weight: 400;\" aria-level=\"1\"><span style=\"font-weight: 400;\">una volta sviluppata una nuova ricetta, per testarne l'effetto nella pratica,<\/span><\/li><li style=\"font-weight: 400;\" aria-level=\"1\"><span style=\"font-weight: 400;\">quando si riformulano prodotti esistenti per confrontarli con una versione precedente,<\/span><\/li><li style=\"font-weight: 400;\" aria-level=\"1\"><span style=\"font-weight: 400;\">durante gli studi comparativi con cosmetici concorrenti,<\/span><\/li><li style=\"font-weight: 400;\" aria-level=\"1\"><span style=\"font-weight: 400;\">prima delle campagne di marketing per confermare l'efficacia degli effetti dichiarati.<\/span><\/li><\/ul><h2>Optate per studi applicativi affidabili<\/h2><p><span style=\"font-weight: 400;\">Se volete essere sicuri che i vostri cosmetici soddisfino le aspettative dei consumatori, utilizzate prodotti professionali. <\/span><b>studi applicativi<\/b><span style=\"font-weight: 400;\">. Contattate il nostro laboratorio per scoprire come possiamo aiutarvi ad analizzare i vostri prodotti. <\/span><a href=\"https:\/\/mprlabs.com\"><span style=\"font-weight: 400;\">MPRlabs.com<\/span><\/a><span style=\"font-weight: 400;\">.<\/span><\/p>\t\t\t\t\t\t<\/div>\n\t\t\t\t<\/div>\n\t\t\t\t\t<\/div>\n\t\t<\/div>\n\t\t\t\t\t<\/div>\n\t\t<\/section>\n\t\t\t\t<section class=\"elementor-section elementor-top-section elementor-element elementor-element-7257ef0 elementor-section-boxed elementor-section-height-default elementor-section-height-default\" data-id=\"7257ef0\" data-element_type=\"section\">\n\t\t\t\t\t\t<div class=\"elementor-container elementor-column-gap-default\">\n\t\t\t\t\t<div class=\"elementor-column elementor-col-100 elementor-top-column elementor-element elementor-element-a50e40f\" data-id=\"a50e40f\" data-element_type=\"column\">\n\t\t\t<div class=\"elementor-widget-wrap elementor-element-populated\">\n\t\t\t\t\t\t<div class=\"elementor-element elementor-element-c1f75c2 elementor-widget elementor-widget-accordion\" data-id=\"c1f75c2\" data-element_type=\"widget\" data-widget_type=\"accordion.default\">\n\t\t\t\t<div class=\"elementor-widget-container\">\n\t\t\t\t\t<div class=\"elementor-accordion\">\n\t\t\t\t\t\t\t<div class=\"elementor-accordion-item\">\n\t\t\t\t\t<h5 id=\"elementor-tab-title-2031\" class=\"elementor-tab-title\" data-tab=\"1\" role=\"button\" aria-controls=\"elementor-tab-content-2031\" aria-expanded=\"false\">\n\t\t\t\t\t\t\t\t\t\t\t\t\t<span class=\"elementor-accordion-icon elementor-accordion-icon-left\" aria-hidden=\"true\">\n\t\t\t\t\t\t\t\t\t\t\t\t\t\t\t<span class=\"elementor-accordion-icon-closed\"><i class=\"fas fa-plus\"><\/i><\/span>\n\t\t\t\t\t\t\t\t<span class=\"elementor-accordion-icon-opened\"><i class=\"fas fa-minus\"><\/i><\/span>\n\t\t\t\t\t\t\t\t\t\t\t\t\t\t<\/span>\n\t\t\t\t\t\t\t\t\t\t\t\t<a class=\"elementor-accordion-title\" tabindex=\"0\">Che cos'\u00e8 il test delle applicazioni cosmetiche?<\/a>\n\t\t\t\t\t<\/h5>\n\t\t\t\t\t<div id=\"elementor-tab-content-2031\" class=\"elementor-tab-content elementor-clearfix\" data-tab=\"1\" role=\"region\" aria-labelledby=\"elementor-tab-title-2031\"><p>I test di applicazione cosmetica si occupano di valutare l'efficacia e il comfort di un prodotto. Vengono eseguiti per verificare come il prodotto agisce sulla pelle, quanto \u00e8 facile da applicare e se soddisfa le propriet\u00e0 dichiarate, come l'idratazione, la rigenerazione o la riduzione delle rughe.<\/p><\/div>\n\t\t\t\t<\/div>\n\t\t\t\t\t\t\t\t<\/div>\n\t\t\t\t<\/div>\n\t\t\t\t<\/div>\n\t\t\t\t\t<\/div>\n\t\t<\/div>\n\t\t\t\t\t<\/div>\n\t\t<\/section>\n\t\t\t\t<\/div>","protected":false},"excerpt":{"rendered":"<p>Aby kosmetyk m\u00f3g\u0142 trafi\u0107 na rynek i spe\u0142ni\u0107 oczekiwania konsument\u00f3w, musi przej\u015b\u0107 kompleksowe badania aplikacyjne. S\u0105 to testy przeprowadzane na grupie ochotnik\u00f3w, kt\u00f3re pozwalaj\u0105 oceni\u0107 rzeczywiste dzia\u0142anie produktu, jego skuteczno\u015b\u0107 oraz komfort stosowania. Badania aplikacyjne kosmetyk\u00f3w dostarczaj\u0105 bezcennych informacji na temat odczu\u0107 u\u017cytkownik\u00f3w, pomagaj\u0105c producentom dopracowa\u0107 formu\u0142y i potwierdzi\u0107 obietnice marketingowe. Jakie aspekty oceniaj\u0105 badania [&hellip;]<\/p>\n","protected":false},"author":6,"featured_media":3566,"parent":0,"menu_order":0,"comment_status":"closed","ping_status":"closed","template":"page-templates\/service-single.php","meta":{"footnotes":""},"class_list":["post-4443","page","type-page","status-publish","format-standard","has-post-thumbnail","hentry"],"yoast_head":"<!-- This site is optimized with the Yoast SEO plugin v25.4 - https:\/\/yoast.com\/wordpress\/plugins\/seo\/ -->\n<title>Badanie aplikacyjne kosmetyk\u00f3w | MPR Labs<\/title>\n<meta name=\"robots\" content=\"index, follow, max-snippet:-1, max-image-preview:large, max-video-preview:-1\" \/>\n<link rel=\"canonical\" href=\"https:\/\/mpr-labs.com\/it\/studi-applicativi\/\" \/>\n<meta property=\"og:locale\" content=\"it_IT\" \/>\n<meta property=\"og:type\" content=\"article\" \/>\n<meta property=\"og:title\" content=\"Badanie aplikacyjne kosmetyk\u00f3w | MPR Labs\" \/>\n<meta property=\"og:description\" content=\"Aby kosmetyk m\u00f3g\u0142 trafi\u0107 na rynek i spe\u0142ni\u0107 oczekiwania konsument\u00f3w, musi przej\u015b\u0107 kompleksowe badania aplikacyjne. S\u0105 to testy przeprowadzane na grupie ochotnik\u00f3w, kt\u00f3re pozwalaj\u0105 oceni\u0107 rzeczywiste dzia\u0142anie produktu, jego skuteczno\u015b\u0107 oraz komfort stosowania. Badania aplikacyjne kosmetyk\u00f3w dostarczaj\u0105 bezcennych informacji na temat odczu\u0107 u\u017cytkownik\u00f3w, pomagaj\u0105c producentom dopracowa\u0107 formu\u0142y i potwierdzi\u0107 obietnice marketingowe. Jakie aspekty oceniaj\u0105 badania [&hellip;]\" \/>\n<meta property=\"og:url\" content=\"https:\/\/mpr-labs.com\/it\/studi-applicativi\/\" \/>\n<meta property=\"og:site_name\" content=\"MPR Labs\" \/>\n<meta property=\"article:publisher\" content=\"https:\/\/www.facebook.com\/MPRLabs\" \/>\n<meta property=\"article:modified_time\" content=\"2025-04-17T13:11:30+00:00\" \/>\n<meta property=\"og:image\" content=\"https:\/\/mpr-labs.com\/wp-content\/uploads\/2023\/08\/badania-top-min.png\" \/>\n\t<meta property=\"og:image:width\" content=\"2100\" \/>\n\t<meta property=\"og:image:height\" content=\"788\" \/>\n\t<meta property=\"og:image:type\" content=\"image\/png\" \/>\n<meta name=\"twitter:card\" content=\"summary_large_image\" \/>\n<meta name=\"twitter:label1\" content=\"Tempo di lettura stimato\" \/>\n\t<meta name=\"twitter:data1\" content=\"3 minuti\" \/>\n<script type=\"application\/ld+json\" class=\"yoast-schema-graph\">{\"@context\":\"https:\/\/schema.org\",\"@graph\":[{\"@type\":\"WebPage\",\"@id\":\"https:\/\/mpr-labs.com\/badania-aplikacyjne\/\",\"url\":\"https:\/\/mpr-labs.com\/badania-aplikacyjne\/\",\"name\":\"Badanie aplikacyjne kosmetyk\u00f3w | MPR Labs\",\"isPartOf\":{\"@id\":\"https:\/\/mpr-labs.com\/#website\"},\"primaryImageOfPage\":{\"@id\":\"https:\/\/mpr-labs.com\/badania-aplikacyjne\/#primaryimage\"},\"image\":{\"@id\":\"https:\/\/mpr-labs.com\/badania-aplikacyjne\/#primaryimage\"},\"thumbnailUrl\":\"https:\/\/mpr-labs.com\/wp-content\/uploads\/2023\/08\/badania-top-min.png\",\"datePublished\":\"2025-03-24T13:11:36+00:00\",\"dateModified\":\"2025-04-17T13:11:30+00:00\",\"breadcrumb\":{\"@id\":\"https:\/\/mpr-labs.com\/badania-aplikacyjne\/#breadcrumb\"},\"inLanguage\":\"it-IT\",\"potentialAction\":[{\"@type\":\"ReadAction\",\"target\":[\"https:\/\/mpr-labs.com\/badania-aplikacyjne\/\"]}]},{\"@type\":\"ImageObject\",\"inLanguage\":\"it-IT\",\"@id\":\"https:\/\/mpr-labs.com\/badania-aplikacyjne\/#primaryimage\",\"url\":\"https:\/\/mpr-labs.com\/wp-content\/uploads\/2023\/08\/badania-top-min.png\",\"contentUrl\":\"https:\/\/mpr-labs.com\/wp-content\/uploads\/2023\/08\/badania-top-min.png\",\"width\":2100,\"height\":788,\"caption\":\"Badania mikrobiologiczne kosmetyku\"},{\"@type\":\"BreadcrumbList\",\"@id\":\"https:\/\/mpr-labs.com\/badania-aplikacyjne\/#breadcrumb\",\"itemListElement\":[{\"@type\":\"ListItem\",\"position\":1,\"name\":\"Strona g\u0142\u00f3wna\",\"item\":\"https:\/\/mpr-labs.com\/\"},{\"@type\":\"ListItem\",\"position\":2,\"name\":\"Badania aplikacyjne\"}]},{\"@type\":\"WebSite\",\"@id\":\"https:\/\/mpr-labs.com\/#website\",\"url\":\"https:\/\/mpr-labs.com\/\",\"name\":\"MPR Labs\",\"description\":\"MPR Labs - Laboratorium Kosmetyczne\",\"publisher\":{\"@id\":\"https:\/\/mpr-labs.com\/#organization\"},\"potentialAction\":[{\"@type\":\"SearchAction\",\"target\":{\"@type\":\"EntryPoint\",\"urlTemplate\":\"https:\/\/mpr-labs.com\/?s={search_term_string}\"},\"query-input\":{\"@type\":\"PropertyValueSpecification\",\"valueRequired\":true,\"valueName\":\"search_term_string\"}}],\"inLanguage\":\"it-IT\"},{\"@type\":\"Organization\",\"@id\":\"https:\/\/mpr-labs.com\/#organization\",\"name\":\"MPR Labs Sp. z o.o.\",\"alternateName\":\"MPR Labs\",\"url\":\"https:\/\/mpr-labs.com\/\",\"logo\":{\"@type\":\"ImageObject\",\"inLanguage\":\"it-IT\",\"@id\":\"https:\/\/mpr-labs.com\/#\/schema\/logo\/image\/\",\"url\":\"https:\/\/mpr-labs.com\/wp-content\/uploads\/2023\/05\/logo-new.png\",\"contentUrl\":\"https:\/\/mpr-labs.com\/wp-content\/uploads\/2023\/05\/logo-new.png\",\"width\":1150,\"height\":328,\"caption\":\"MPR Labs Sp. z o.o.\"},\"image\":{\"@id\":\"https:\/\/mpr-labs.com\/#\/schema\/logo\/image\/\"},\"sameAs\":[\"https:\/\/www.facebook.com\/MPRLabs\",\"https:\/\/www.linkedin.com\/company\/mpr-labs\/\"]}]}<\/script>\n<!-- \/ Yoast SEO plugin. -->","yoast_head_json":{"title":"Test di applicazione dei cosmetici | MPR Labs","robots":{"index":"index","follow":"follow","max-snippet":"max-snippet:-1","max-image-preview":"max-image-preview:large","max-video-preview":"max-video-preview:-1"},"canonical":"https:\/\/mpr-labs.com\/it\/studi-applicativi\/","og_locale":"it_IT","og_type":"article","og_title":"Badanie aplikacyjne kosmetyk\u00f3w | MPR Labs","og_description":"Aby kosmetyk m\u00f3g\u0142 trafi\u0107 na rynek i spe\u0142ni\u0107 oczekiwania konsument\u00f3w, musi przej\u015b\u0107 kompleksowe badania aplikacyjne. S\u0105 to testy przeprowadzane na grupie ochotnik\u00f3w, kt\u00f3re pozwalaj\u0105 oceni\u0107 rzeczywiste dzia\u0142anie produktu, jego skuteczno\u015b\u0107 oraz komfort stosowania. Badania aplikacyjne kosmetyk\u00f3w dostarczaj\u0105 bezcennych informacji na temat odczu\u0107 u\u017cytkownik\u00f3w, pomagaj\u0105c producentom dopracowa\u0107 formu\u0142y i potwierdzi\u0107 obietnice marketingowe. Jakie aspekty oceniaj\u0105 badania [&hellip;]","og_url":"https:\/\/mpr-labs.com\/it\/studi-applicativi\/","og_site_name":"MPR Labs","article_publisher":"https:\/\/www.facebook.com\/MPRLabs","article_modified_time":"2025-04-17T13:11:30+00:00","og_image":[{"width":2100,"height":788,"url":"https:\/\/mpr-labs.com\/wp-content\/uploads\/2023\/08\/badania-top-min.png","type":"image\/png"}],"twitter_card":"summary_large_image","twitter_misc":{"Tempo di lettura stimato":"3 minuti"},"schema":{"@context":"https:\/\/schema.org","@graph":[{"@type":"WebPage","@id":"https:\/\/mpr-labs.com\/badania-aplikacyjne\/","url":"https:\/\/mpr-labs.com\/badania-aplikacyjne\/","name":"Test di applicazione dei cosmetici | MPR Labs","isPartOf":{"@id":"https:\/\/mpr-labs.com\/#website"},"primaryImageOfPage":{"@id":"https:\/\/mpr-labs.com\/badania-aplikacyjne\/#primaryimage"},"image":{"@id":"https:\/\/mpr-labs.com\/badania-aplikacyjne\/#primaryimage"},"thumbnailUrl":"https:\/\/mpr-labs.com\/wp-content\/uploads\/2023\/08\/badania-top-min.png","datePublished":"2025-03-24T13:11:36+00:00","dateModified":"2025-04-17T13:11:30+00:00","breadcrumb":{"@id":"https:\/\/mpr-labs.com\/badania-aplikacyjne\/#breadcrumb"},"inLanguage":"it-IT","potentialAction":[{"@type":"ReadAction","target":["https:\/\/mpr-labs.com\/badania-aplikacyjne\/"]}]},{"@type":"ImageObject","inLanguage":"it-IT","@id":"https:\/\/mpr-labs.com\/badania-aplikacyjne\/#primaryimage","url":"https:\/\/mpr-labs.com\/wp-content\/uploads\/2023\/08\/badania-top-min.png","contentUrl":"https:\/\/mpr-labs.com\/wp-content\/uploads\/2023\/08\/badania-top-min.png","width":2100,"height":788,"caption":"Badania mikrobiologiczne kosmetyku"},{"@type":"BreadcrumbList","@id":"https:\/\/mpr-labs.com\/badania-aplikacyjne\/#breadcrumb","itemListElement":[{"@type":"ListItem","position":1,"name":"Strona g\u0142\u00f3wna","item":"https:\/\/mpr-labs.com\/"},{"@type":"ListItem","position":2,"name":"Badania aplikacyjne"}]},{"@type":"WebSite","@id":"https:\/\/mpr-labs.com\/#website","url":"https:\/\/mpr-labs.com\/","name":"Laboratori MPR","description":"Laboratori MPR - Laboratorio di cosmetica","publisher":{"@id":"https:\/\/mpr-labs.com\/#organization"},"potentialAction":[{"@type":"SearchAction","target":{"@type":"EntryPoint","urlTemplate":"https:\/\/mpr-labs.com\/?s={search_term_string}"},"query-input":{"@type":"PropertyValueSpecification","valueRequired":true,"valueName":"search_term_string"}}],"inLanguage":"it-IT"},{"@type":"Organization","@id":"https:\/\/mpr-labs.com\/#organization","name":"MPR Labs Sp. z o.o.","alternateName":"MPR Labs","url":"https:\/\/mpr-labs.com\/","logo":{"@type":"ImageObject","inLanguage":"it-IT","@id":"https:\/\/mpr-labs.com\/#\/schema\/logo\/image\/","url":"https:\/\/mpr-labs.com\/wp-content\/uploads\/2023\/05\/logo-new.png","contentUrl":"https:\/\/mpr-labs.com\/wp-content\/uploads\/2023\/05\/logo-new.png","width":1150,"height":328,"caption":"MPR Labs Sp. z o.o."},"image":{"@id":"https:\/\/mpr-labs.com\/#\/schema\/logo\/image\/"},"sameAs":["https:\/\/www.facebook.com\/MPRLabs","https:\/\/www.linkedin.com\/company\/mpr-labs\/"]}]}},"_links":{"self":[{"href":"https:\/\/mpr-labs.com\/it\/wp-json\/wp\/v2\/pages\/4443","targetHints":{"allow":["GET"]}}],"collection":[{"href":"https:\/\/mpr-labs.com\/it\/wp-json\/wp\/v2\/pages"}],"about":[{"href":"https:\/\/mpr-labs.com\/it\/wp-json\/wp\/v2\/types\/page"}],"author":[{"embeddable":true,"href":"https:\/\/mpr-labs.com\/it\/wp-json\/wp\/v2\/users\/6"}],"replies":[{"embeddable":true,"href":"https:\/\/mpr-labs.com\/it\/wp-json\/wp\/v2\/comments?post=4443"}],"version-history":[{"count":7,"href":"https:\/\/mpr-labs.com\/it\/wp-json\/wp\/v2\/pages\/4443\/revisions"}],"predecessor-version":[{"id":4650,"href":"https:\/\/mpr-labs.com\/it\/wp-json\/wp\/v2\/pages\/4443\/revisions\/4650"}],"wp:featuredmedia":[{"embeddable":true,"href":"https:\/\/mpr-labs.com\/it\/wp-json\/wp\/v2\/media\/3566"}],"wp:attachment":[{"href":"https:\/\/mpr-labs.com\/it\/wp-json\/wp\/v2\/media?parent=4443"}],"curies":[{"name":"wp","href":"https:\/\/api.w.org\/{rel}","templated":true}]}}