{"id":3891,"date":"2024-04-22T12:25:49","date_gmt":"2024-04-22T12:25:49","guid":{"rendered":"https:\/\/mpr-labs.com\/?page_id=3891"},"modified":"2024-04-22T12:32:08","modified_gmt":"2024-04-22T12:32:08","slug":"termini-e-condizioni-generali-dei-servizi","status":"publish","type":"page","link":"https:\/\/mpr-labs.com\/it\/general-terms-and-conditions-of-services\/","title":{"rendered":"TERMINI E CONDIZIONI GENERALI DEI SERVIZI"},"content":{"rendered":"<div data-elementor-type=\"wp-page\" data-elementor-id=\"3891\" class=\"elementor elementor-3891\">\n\t\t\t\t\t\t<section class=\"elementor-section elementor-top-section elementor-element elementor-element-e28618a elementor-section-boxed elementor-section-height-default elementor-section-height-default\" data-id=\"e28618a\" data-element_type=\"section\">\n\t\t\t\t\t\t<div class=\"elementor-container elementor-column-gap-default\">\n\t\t\t\t\t<div class=\"elementor-column elementor-col-100 elementor-top-column elementor-element elementor-element-410b4469\" data-id=\"410b4469\" data-element_type=\"column\">\n\t\t\t<div class=\"elementor-widget-wrap elementor-element-populated\">\n\t\t\t\t\t\t<div class=\"elementor-element elementor-element-2267a64b elementor-widget elementor-widget-text-editor\" data-id=\"2267a64b\" data-element_type=\"widget\" data-widget_type=\"text-editor.default\">\n\t\t\t\t<div class=\"elementor-widget-container\">\n\t\t\t\t\t\t\t<!-- wp:paragraph -->\n<p>Contraente: MPR Labs Societ\u00e0 a responsabilit\u00e0 limitata, registrata in ul. Kosynier\u00f3w Gdy\u0144skich 50, 93-357 \u0141\u00f3d\u017a, con numero di identificazione fiscale 7282856967, iscritta al Registro Nazionale dei Tribunali con il numero 0000933485, con numero REGON 520475597, con capitale sociale di 30.000,00 PLN, interamente versato, di seguito denominata Contraente.<\/p>\n<p>Cliente: \u00e8 un'impresa o un privato inteso come destinatario diretto della presente Offerta. L'offerta pu\u00f2 essere presentata in forma elettronica o cartacea. Il Committente si impegna a mantenere riservate le informazioni contenute nell'Offerta ai sensi della Legge del 16 aprile 1993 sulla lotta alla concorrenza sleale (Gazzetta Ufficiale del 1993, n. 47, punto 211, e successive modifiche), di seguito denominato Committente o Cliente.<\/p>\n<p>Offerta: un documento fornito al Cliente in forma cartacea o elettronica, contenente: i dati del Cliente, il nome del servizio, il costo della fornitura del servizio, il numero dell'offerta, la data dell'offerta, la data di validit\u00e0 dell'offerta.<\/p>\n<p>Modulo d'ordine: Un documento contenente: informazioni sul Cliente, informazioni sull'appaltatore, informazioni sulla data dell'ordine, informazioni sull'ambito del servizio che consentono di collegarlo chiaramente all'articolo dell'Offerta.<\/p>\n<p>Servizio: Prodotto o servizio incluso nell'Offerta come voce separata. Le informazioni presentate nella comunicazione elettronica tra l'Appaltatore e il Cliente, sotto forma di un riepilogo affiancato: \u201cNome del servizio\u201d - \u201cCosto del servizio\u201d, \u00e8 anch'essa considerata un Servizio.<\/p>\n<p>&nbsp;<\/p>\n<p style=\"text-align: center;\">\u00a71 Contratto di fornitura di servizi<\/p>\n<p>Le seguenti indicazioni sono da considerarsi vincolanti per l'inoltro di un ordine e quindi per la stipula di un contratto di servizio:<\/p>\n<p style=\"padding-left: 40px;\">a) Invio dell'offerta da parte del Cliente con una chiara indicazione dei servizi previsti,<\/p>\n<p style=\"padding-left: 40px;\">b) Invio del Modulo d'ordine da parte del Cliente con i dati del Cliente, la data dell'ordine e le informazioni che consentono di identificare in modo univoco il servizio,<\/p>\n<p style=\"padding-left: 40px;\">c) invio di un contratto firmato per il servizio.<\/p>\n<p>2. L'inoltro dell'ordine equivale a una dichiarazione di conoscenza e accettazione delle Condizioni Generali.<\/p>\n<p>3. La conferma del servizio fornito dall'Appaltatore \u00e8 vincolante quando:<\/p>\n<p style=\"padding-left: 40px;\">a) Invio dell'accettazione via e-mail dall'indirizzo e-mail del dominio \u201cmpr-labs.com\u201d.\u201d<\/p>\n<p style=\"padding-left: 40px;\">b) sottoscrivere un contratto per la fornitura del servizio.<\/p>\n<p>4 Eventuali informazioni aggiuntive non riportate nell'Offerta, sotto forma di consigli, suggerimenti o opinioni, devono essere considerate come suggerimenti non vincolanti, non soggetti all'annuncio ufficiale del Contraente.<\/p>\n<p>(5) Il Cliente \u00e8 tenuto a fornire tutte le informazioni necessarie per la fornitura dei Servizi. Fornendo le informazioni, il Cliente dichiara inoltre che esse sono vere al momento della presentazione e che ha i diritti di distribuirle. Se il Cliente non fornisce le informazioni richieste, il Contraente ha il diritto di risolvere il contratto di servizio con effetto immediato.<\/p>\n<p>6. in caso di difficolt\u00e0 di comunicazione con il Cliente (si intende la mancata risposta al numero di telefono fornito per la comunicazione, la mancata risposta via e-mail a un indirizzo di posta elettronica generalmente inteso come ufficiale o fornito nella comunicazione ufficiale del Cliente), che incidono direttamente sui tempi di fornitura del Servizio, il Cliente non potr\u00e0 rivendicare alcun diritto relativo alla proroga del Servizio.<\/p>\n<p>7 L'Appaltatore si riserva il diritto di subappaltare i Servizi, essendo cos\u00ec responsabile della loro qualit\u00e0 e affidabilit\u00e0.<\/p>\n<p>8. I rapporti di prova non possono essere riprodotti senza il consenso scritto del Contraente.<\/p>\n<p>9. il Contraente pu\u00f2 rifiutarsi di eseguire ordini che non sono coerenti con l'ambito dei servizi forniti.<\/p>\n<p>10. dopo aver completato l'ordine, l'Appaltatore fornisce al Cliente un rapporto di prova in formato elettronico. Su richiesta scritta della Committente,<\/p>\n<p>Il contraente pu\u00f2 inviare il rapporto di prova per posta.<\/p>\n<p>11. il Committente si impegna a comunicare all'Appaltatore - prima dell'inizio del servizio - eventuali pericoli connessi all'esecuzione dell'ordine, ovvero la presenza di materiali pericolosi e tossici, anche per la salute dei dipendenti dell'Appaltatore.<\/p>\n<p>12. il termine per l'esecuzione del Servizio \u00e8 stabilito di volta in volta dall'Appaltatore. Le informazioni fornite nell'Offerta rappresentano un periodo di tempo stimato che non viene accettato come informazione vincolante.<\/p>\n<p>13. Il cliente ha il diritto di presentare osservazioni sul rapporto di prova entro 7 giorni dalla ricezione dei risultati.<\/p>\n<p>&nbsp;<\/p>\n<p style=\"text-align: center;\">\u00a72 Presentazione di materiale per la ricerca<\/p>\n<p>I campioni per le prove vengono consegnati all'ufficio dell'Appaltatore a spese del Cliente.<\/p>\n<p>2. Il Cliente \u00e8 responsabile del rischio di danneggiamento dei campioni consegnati per le prove.<\/p>\n<p>3. l'Appaltatore non \u00e8 tenuto a conservare i campioni per un periodo superiore a 2 settimane dalla data di completamento delle prove.<\/p>\n<p>&nbsp;<\/p>\n<p style=\"text-align: center;\">\u00a73 Pagamenti<\/p>\n<p>(1) L'Appaltatore emette una fattura IVA dopo aver completato il Servizio. Le fatture IVA vengono emesse con un termine di pagamento di 14 giorni, a meno che il Cliente non abbia concordato diversamente con l'Appaltatore.<\/p>\n<p>(2) Il Cliente si impegna a pagare puntualmente la fattura IVA emessa, entro la scadenza indicata, sotto forma di bonifico sul numero di conto corrente indicato.<\/p>\n<p>Per data di pagamento si intende il giorno in cui il conto bancario viene accreditato dal Contraente. In caso di ritardi nei pagamenti da parte del Committente, l'Appaltatore ha il diritto di addebitare gli interessi massimi.<\/p>\n<p>4. I prezzi dei servizi vengono concordati individualmente con il Cliente sulla base dell'offerta presentata dall'Appaltatore.<\/p>\n<p>(5) Il Contraente pu\u00f2 addebitare al Committente compensi aggiuntivi per attivit\u00e0 supplementari non indicate nell'ordine ed eseguite su richiesta del Committente durante l'esecuzione dell'ordine.<\/p>\n<p>Se, per motivi indipendenti dalla volont\u00e0 del Contraente, non \u00e8 possibile completare l'ordine in parte o in toto, il Contraente ha diritto al pagamento dell'importo dovuto per la prestazione effettivamente eseguita.<\/p>\n<p>7. Tutti i costi relativi alle richieste di risarcimento da parte dell'Appaltatore sono a carico del Cliente.<\/p>\n<p>8 Il foro competente \u00e8 quello della sede legale del Contraente.<\/p>\n<p>&nbsp;<\/p>\n<p style=\"text-align: center;\">\u00a74 Responsabilit\u00e0<\/p>\n<p>Il contraente non \u00e8 responsabile della mancata esecuzione parziale o totale dell'ordine per motivi indipendenti dalla sua volont\u00e0.<\/p>\n<p>(2) Il Contraente non \u00e8 responsabile di eventuali perdite subite dal Cliente in seguito all'esecuzione dell'ordine.<\/p>\n<p>Ogni responsabilit\u00e0 per il trasferimento del materiale da testare e per eventuali perdite subite durante la fornitura del Servizio \u00e8 a carico del Cliente.<\/p>\n<p>&nbsp;<\/p>\n<p style=\"text-align: center;\">\u00a75 Propriet\u00e0 intellettuale<\/p>\n<p>(1) Il Contraente dichiara di avere tutti i diritti sui rapporti, le analisi e i documenti analitici o di ricerca che fornisce.<\/p>\n<p>2. tutti i diritti di propriet\u00e0 su relazioni, analisi, documenti analitici o di ricerca vengono trasferiti al Cliente insieme al pagamento del Servizio.<\/p>\n<p>&nbsp;<\/p>\n<p style=\"text-align: center;\">\u00a76 Disposizioni finali<\/p>\n<p>Per quanto non disciplinato dalle Condizioni Generali, si applicano le disposizioni del Codice Civile.<\/p>\n<p>2 In caso di controversie, le parti si impegnano a risolverle in via amichevole.<\/p>\n<p>Il contraente si assume la piena responsabilit\u00e0 dei materiali sviluppati. I dati, le informazioni e i risultati dei test forniti dal cliente o al cliente sono considerati riservati.<\/p>\n<p>I valori in euro sono presentati in base al tasso di cambio della Banca Nazionale di Polonia alla data di presentazione dell'offerta. Tassi di cambio medi correnti delle valute estere in PLN specificati nel \u00a7 2 punti 1 e 2 della Risoluzione n. 51\/2002 del Consiglio di amministrazione della Banca nazionale di Polonia del 23 settembre 2002 sul metodo di calcolo e annuncio dei tassi di cambio correnti (Gazzetta delle leggi della Banca nazionale di Polonia del 2017 .voce 15).<\/p>\n<p>5. Le suddette Condizioni Generali di Servizio (CG) si applicano ai servizi di laboratorio, documentazione, consulenza e formazione forniti dal Contraente al Cliente sulla base di un ordine effettuato o di un contratto concluso.<\/p>\n<p>6 Eventuali modifiche alle presenti Condizioni Generali richiedono la forma scritta per essere valide e riguardano esclusivamente l'ambito dei servizi specificati dalle parti ed entrano in vigore il giorno della firma del contratto con il Cliente.<\/p>\n<!-- \/wp:paragraph -->\t\t\t\t\t\t<\/div>\n\t\t\t\t<\/div>\n\t\t\t\t<div class=\"elementor-element elementor-element-146a2ff elementor-widget elementor-widget-hero\" data-id=\"146a2ff\" data-element_type=\"widget\" data-widget_type=\"hero.default\">\n\t\t\t\t<div class=\"elementor-widget-container\">\n\t\t\t\t\t<!-- start hero-area -->\n        <section class=\"hero-area\">\n            <div class=\"glass-effect\"><\/div>\n            <div class=\"container-fluid\">\n                <div class=\"row\">\n                    <div class=\"col col-xs-12\">\n                        <div class=\"content-area\">\n\t\t\t\t\t\t\t                            <div class=\"hero-conent\">\n\t\t\t\t\t\t\t\t                                \t<h2>Entra con noi <br>il vostro cosmetico  <span>al mercato!<\/span><\/h2>\n\t\t\t\t\t\t\t\t\t\t\t\t\t\t\t\t                                \t<a href=\"https:\/\/mpr-labs.com\/kontakt\/\" target='\"_blank\"' rel='\"nofollow\"' class=\"theme-btn\">\n\t\t\t\t\t\t\t\t\t\tContattate\t\t\t\t\t\t\t\t\t<\/a>\n\t\t\t\t\t\t\t\t                            <\/div>\n                            <div class=\"hero-pic slide-bg-image\">\n                                <img decoding=\"async\" src=\"https:\/\/mpr-labs.com\/wp-content\/uploads\/2021\/06\/slide-3-150x150.jpg\" alt=\"al mercato!\">\n                            <\/div>\n                        <\/div>\n                    <\/div>\n                <\/div>\n            <\/div> <!-- end container-fluid -->\n        <\/section>\n        <!-- end hero-area -->\n\t\t\t\t<\/div>\n\t\t\t\t<\/div>\n\t\t\t\t\t<\/div>\n\t\t<\/div>\n\t\t\t\t\t<\/div>\n\t\t<\/section>\n\t\t\t\t<\/div>","protected":false},"excerpt":{"rendered":"<p>Contractor: MPR Labs Limited liability company, registered at ul. Kosynier\u00f3w Gdy\u0144skich 50, 93-357 \u0141\u00f3d\u017a, with the Tax Identification Number 7282856967, registered in the National Court Register under the number 0000933485, with the REGON number 520475597, with share capital of PLN 30,000.00, fully paid, hereinafter referred to as the Contractor. Client: This is an enterprise or [&hellip;]<\/p>\n","protected":false},"author":2,"featured_media":0,"parent":0,"menu_order":0,"comment_status":"closed","ping_status":"closed","template":"","meta":{"footnotes":""},"class_list":["post-3891","page","type-page","status-publish","format-standard","hentry"],"yoast_head":"<!-- This site is optimized with the Yoast SEO plugin v25.4 - https:\/\/yoast.com\/wordpress\/plugins\/seo\/ -->\n<title>GENERAL TERMS AND CONDITIONS OF SERVICES - MPR Labs<\/title>\n<meta name=\"robots\" content=\"index, follow, max-snippet:-1, max-image-preview:large, max-video-preview:-1\" \/>\n<link rel=\"canonical\" href=\"https:\/\/mpr-labs.com\/it\/termini-e-condizioni-generali-dei-servizi\/\" \/>\n<meta property=\"og:locale\" content=\"it_IT\" \/>\n<meta property=\"og:type\" content=\"article\" \/>\n<meta property=\"og:title\" content=\"GENERAL TERMS AND CONDITIONS OF SERVICES - MPR Labs\" \/>\n<meta property=\"og:description\" content=\"Contractor: MPR Labs Limited liability company, registered at ul. Kosynier\u00f3w Gdy\u0144skich 50, 93-357 \u0141\u00f3d\u017a, with the Tax Identification Number 7282856967, registered in the National Court Register under the number 0000933485, with the REGON number 520475597, with share capital of PLN 30,000.00, fully paid, hereinafter referred to as the Contractor. Client: This is an enterprise or [&hellip;]\" \/>\n<meta property=\"og:url\" content=\"https:\/\/mpr-labs.com\/it\/termini-e-condizioni-generali-dei-servizi\/\" \/>\n<meta property=\"og:site_name\" content=\"MPR Labs\" \/>\n<meta property=\"article:publisher\" content=\"https:\/\/www.facebook.com\/MPRLabs\" \/>\n<meta property=\"article:modified_time\" content=\"2024-04-22T12:32:08+00:00\" \/>\n<meta property=\"og:image\" content=\"https:\/\/mpr-labs.com\/wp-content\/uploads\/2021\/06\/slide-3-150x150.jpg\" \/>\n<meta name=\"twitter:card\" content=\"summary_large_image\" \/>\n<meta name=\"twitter:label1\" content=\"Tempo di lettura stimato\" \/>\n\t<meta name=\"twitter:data1\" content=\"9 minuti\" \/>\n<script type=\"application\/ld+json\" class=\"yoast-schema-graph\">{\"@context\":\"https:\/\/schema.org\",\"@graph\":[{\"@type\":\"WebPage\",\"@id\":\"https:\/\/mpr-labs.com\/general-terms-and-conditions-of-services\/\",\"url\":\"https:\/\/mpr-labs.com\/general-terms-and-conditions-of-services\/\",\"name\":\"GENERAL TERMS AND CONDITIONS OF SERVICES - MPR Labs\",\"isPartOf\":{\"@id\":\"https:\/\/mpr-labs.com\/#website\"},\"primaryImageOfPage\":{\"@id\":\"https:\/\/mpr-labs.com\/general-terms-and-conditions-of-services\/#primaryimage\"},\"image\":{\"@id\":\"https:\/\/mpr-labs.com\/general-terms-and-conditions-of-services\/#primaryimage\"},\"thumbnailUrl\":\"https:\/\/mpr-labs.com\/wp-content\/uploads\/2021\/06\/slide-3-150x150.jpg\",\"datePublished\":\"2024-04-22T12:25:49+00:00\",\"dateModified\":\"2024-04-22T12:32:08+00:00\",\"breadcrumb\":{\"@id\":\"https:\/\/mpr-labs.com\/general-terms-and-conditions-of-services\/#breadcrumb\"},\"inLanguage\":\"it-IT\",\"potentialAction\":[{\"@type\":\"ReadAction\",\"target\":[\"https:\/\/mpr-labs.com\/general-terms-and-conditions-of-services\/\"]}]},{\"@type\":\"ImageObject\",\"inLanguage\":\"it-IT\",\"@id\":\"https:\/\/mpr-labs.com\/general-terms-and-conditions-of-services\/#primaryimage\",\"url\":\"https:\/\/mpr-labs.com\/wp-content\/uploads\/2021\/06\/slide-3-150x150.jpg\",\"contentUrl\":\"https:\/\/mpr-labs.com\/wp-content\/uploads\/2021\/06\/slide-3-150x150.jpg\"},{\"@type\":\"BreadcrumbList\",\"@id\":\"https:\/\/mpr-labs.com\/general-terms-and-conditions-of-services\/#breadcrumb\",\"itemListElement\":[{\"@type\":\"ListItem\",\"position\":1,\"name\":\"Strona g\u0142\u00f3wna\",\"item\":\"https:\/\/mpr-labs.com\/\"},{\"@type\":\"ListItem\",\"position\":2,\"name\":\"GENERAL TERMS AND CONDITIONS OF SERVICES\"}]},{\"@type\":\"WebSite\",\"@id\":\"https:\/\/mpr-labs.com\/#website\",\"url\":\"https:\/\/mpr-labs.com\/\",\"name\":\"MPR Labs\",\"description\":\"MPR Labs - Laboratorium Kosmetyczne\",\"publisher\":{\"@id\":\"https:\/\/mpr-labs.com\/#organization\"},\"potentialAction\":[{\"@type\":\"SearchAction\",\"target\":{\"@type\":\"EntryPoint\",\"urlTemplate\":\"https:\/\/mpr-labs.com\/?s={search_term_string}\"},\"query-input\":{\"@type\":\"PropertyValueSpecification\",\"valueRequired\":true,\"valueName\":\"search_term_string\"}}],\"inLanguage\":\"it-IT\"},{\"@type\":\"Organization\",\"@id\":\"https:\/\/mpr-labs.com\/#organization\",\"name\":\"MPR Labs Sp. z o.o.\",\"alternateName\":\"MPR Labs\",\"url\":\"https:\/\/mpr-labs.com\/\",\"logo\":{\"@type\":\"ImageObject\",\"inLanguage\":\"it-IT\",\"@id\":\"https:\/\/mpr-labs.com\/#\/schema\/logo\/image\/\",\"url\":\"https:\/\/mpr-labs.com\/wp-content\/uploads\/2023\/05\/logo-new.png\",\"contentUrl\":\"https:\/\/mpr-labs.com\/wp-content\/uploads\/2023\/05\/logo-new.png\",\"width\":1150,\"height\":328,\"caption\":\"MPR Labs Sp. z o.o.\"},\"image\":{\"@id\":\"https:\/\/mpr-labs.com\/#\/schema\/logo\/image\/\"},\"sameAs\":[\"https:\/\/www.facebook.com\/MPRLabs\",\"https:\/\/www.linkedin.com\/company\/mpr-labs\/\"]}]}<\/script>\n<!-- \/ Yoast SEO plugin. -->","yoast_head_json":{"title":"TERMINI E CONDIZIONI GENERALI DI SERVIZIO - MPR Labs","robots":{"index":"index","follow":"follow","max-snippet":"max-snippet:-1","max-image-preview":"max-image-preview:large","max-video-preview":"max-video-preview:-1"},"canonical":"https:\/\/mpr-labs.com\/it\/termini-e-condizioni-generali-dei-servizi\/","og_locale":"it_IT","og_type":"article","og_title":"GENERAL TERMS AND CONDITIONS OF SERVICES - MPR Labs","og_description":"Contractor: MPR Labs Limited liability company, registered at ul. Kosynier\u00f3w Gdy\u0144skich 50, 93-357 \u0141\u00f3d\u017a, with the Tax Identification Number 7282856967, registered in the National Court Register under the number 0000933485, with the REGON number 520475597, with share capital of PLN 30,000.00, fully paid, hereinafter referred to as the Contractor. Client: This is an enterprise or [&hellip;]","og_url":"https:\/\/mpr-labs.com\/it\/termini-e-condizioni-generali-dei-servizi\/","og_site_name":"MPR Labs","article_publisher":"https:\/\/www.facebook.com\/MPRLabs","article_modified_time":"2024-04-22T12:32:08+00:00","og_image":[{"url":"https:\/\/mpr-labs.com\/wp-content\/uploads\/2021\/06\/slide-3-150x150.jpg","type":"","width":"","height":""}],"twitter_card":"summary_large_image","twitter_misc":{"Tempo di lettura stimato":"9 minuti"},"schema":{"@context":"https:\/\/schema.org","@graph":[{"@type":"WebPage","@id":"https:\/\/mpr-labs.com\/general-terms-and-conditions-of-services\/","url":"https:\/\/mpr-labs.com\/general-terms-and-conditions-of-services\/","name":"TERMINI E CONDIZIONI GENERALI DI SERVIZIO - MPR Labs","isPartOf":{"@id":"https:\/\/mpr-labs.com\/#website"},"primaryImageOfPage":{"@id":"https:\/\/mpr-labs.com\/general-terms-and-conditions-of-services\/#primaryimage"},"image":{"@id":"https:\/\/mpr-labs.com\/general-terms-and-conditions-of-services\/#primaryimage"},"thumbnailUrl":"https:\/\/mpr-labs.com\/wp-content\/uploads\/2021\/06\/slide-3-150x150.jpg","datePublished":"2024-04-22T12:25:49+00:00","dateModified":"2024-04-22T12:32:08+00:00","breadcrumb":{"@id":"https:\/\/mpr-labs.com\/general-terms-and-conditions-of-services\/#breadcrumb"},"inLanguage":"it-IT","potentialAction":[{"@type":"ReadAction","target":["https:\/\/mpr-labs.com\/general-terms-and-conditions-of-services\/"]}]},{"@type":"ImageObject","inLanguage":"it-IT","@id":"https:\/\/mpr-labs.com\/general-terms-and-conditions-of-services\/#primaryimage","url":"https:\/\/mpr-labs.com\/wp-content\/uploads\/2021\/06\/slide-3-150x150.jpg","contentUrl":"https:\/\/mpr-labs.com\/wp-content\/uploads\/2021\/06\/slide-3-150x150.jpg"},{"@type":"BreadcrumbList","@id":"https:\/\/mpr-labs.com\/general-terms-and-conditions-of-services\/#breadcrumb","itemListElement":[{"@type":"ListItem","position":1,"name":"Strona g\u0142\u00f3wna","item":"https:\/\/mpr-labs.com\/"},{"@type":"ListItem","position":2,"name":"GENERAL TERMS AND CONDITIONS OF SERVICES"}]},{"@type":"WebSite","@id":"https:\/\/mpr-labs.com\/#website","url":"https:\/\/mpr-labs.com\/","name":"Laboratori MPR","description":"Laboratori MPR - Laboratorio di cosmetica","publisher":{"@id":"https:\/\/mpr-labs.com\/#organization"},"potentialAction":[{"@type":"SearchAction","target":{"@type":"EntryPoint","urlTemplate":"https:\/\/mpr-labs.com\/?s={search_term_string}"},"query-input":{"@type":"PropertyValueSpecification","valueRequired":true,"valueName":"search_term_string"}}],"inLanguage":"it-IT"},{"@type":"Organization","@id":"https:\/\/mpr-labs.com\/#organization","name":"MPR Labs Sp. z o.o.","alternateName":"MPR Labs","url":"https:\/\/mpr-labs.com\/","logo":{"@type":"ImageObject","inLanguage":"it-IT","@id":"https:\/\/mpr-labs.com\/#\/schema\/logo\/image\/","url":"https:\/\/mpr-labs.com\/wp-content\/uploads\/2023\/05\/logo-new.png","contentUrl":"https:\/\/mpr-labs.com\/wp-content\/uploads\/2023\/05\/logo-new.png","width":1150,"height":328,"caption":"MPR Labs Sp. z o.o."},"image":{"@id":"https:\/\/mpr-labs.com\/#\/schema\/logo\/image\/"},"sameAs":["https:\/\/www.facebook.com\/MPRLabs","https:\/\/www.linkedin.com\/company\/mpr-labs\/"]}]}},"_links":{"self":[{"href":"https:\/\/mpr-labs.com\/it\/wp-json\/wp\/v2\/pages\/3891","targetHints":{"allow":["GET"]}}],"collection":[{"href":"https:\/\/mpr-labs.com\/it\/wp-json\/wp\/v2\/pages"}],"about":[{"href":"https:\/\/mpr-labs.com\/it\/wp-json\/wp\/v2\/types\/page"}],"author":[{"embeddable":true,"href":"https:\/\/mpr-labs.com\/it\/wp-json\/wp\/v2\/users\/2"}],"replies":[{"embeddable":true,"href":"https:\/\/mpr-labs.com\/it\/wp-json\/wp\/v2\/comments?post=3891"}],"version-history":[{"count":13,"href":"https:\/\/mpr-labs.com\/it\/wp-json\/wp\/v2\/pages\/3891\/revisions"}],"predecessor-version":[{"id":3904,"href":"https:\/\/mpr-labs.com\/it\/wp-json\/wp\/v2\/pages\/3891\/revisions\/3904"}],"wp:attachment":[{"href":"https:\/\/mpr-labs.com\/it\/wp-json\/wp\/v2\/media?parent=3891"}],"curies":[{"name":"wp","href":"https:\/\/api.w.org\/{rel}","templated":true}]}}