{"id":3886,"date":"2024-04-22T12:23:58","date_gmt":"2024-04-22T12:23:58","guid":{"rendered":"https:\/\/mpr-labs.com\/?page_id=3886"},"modified":"2024-04-22T12:35:17","modified_gmt":"2024-04-22T12:35:17","slug":"condizioni-generali-di-servizio","status":"publish","type":"page","link":"https:\/\/mpr-labs.com\/it\/ogolne-warunki-uslug\/","title":{"rendered":"CONDIZIONI GENERALI DI SERVIZIO"},"content":{"rendered":"<div data-elementor-type=\"wp-page\" data-elementor-id=\"3886\" class=\"elementor elementor-3886\">\n\t\t\t\t\t\t<section class=\"elementor-section elementor-top-section elementor-element elementor-element-e28618a elementor-section-boxed elementor-section-height-default elementor-section-height-default\" data-id=\"e28618a\" data-element_type=\"section\">\n\t\t\t\t\t\t<div class=\"elementor-container elementor-column-gap-default\">\n\t\t\t\t\t<div class=\"elementor-column elementor-col-100 elementor-top-column elementor-element elementor-element-410b4469\" data-id=\"410b4469\" data-element_type=\"column\">\n\t\t\t<div class=\"elementor-widget-wrap elementor-element-populated\">\n\t\t\t\t\t\t<div class=\"elementor-element elementor-element-2267a64b elementor-widget elementor-widget-text-editor\" data-id=\"2267a64b\" data-element_type=\"widget\" data-widget_type=\"text-editor.default\">\n\t\t\t\t<div class=\"elementor-widget-container\">\n\t\t\t\t\t\t\t<!-- wp:paragraph -->\n<p>Contraente: MPR Labs Sp\u00f3\u0142ka z ograniczon\u0105 odpowiedzialno\u015bci\u0105, registrata in ul. Kosynier\u00f3w Gdy\u0144skich 50, 93-357 \u0141\u00f3d\u017a, in possesso del codice fiscale 7282856967, iscritta al Registro Nazionale dei Tribunali con il numero 0000933485, in possesso del numero REGON 520475597, con un capitale sociale di 30.000,00 PLN, interamente versato, di seguito denominata Contraente.<\/p>\n<!-- \/wp:paragraph --><!-- wp:paragraph -->\n<p>Committente: \u00e8 l'azienda o la persona fisica che si intende destinataria diretta della presente Offerta. L'Offerta pu\u00f2 essere presentata in forma elettronica o cartacea. Il committente si impegna a mantenere la riservatezza delle informazioni contenute nell'offerta in base alla legge sulla lotta alla concorrenza sleale del 16 aprile 1993 (Gazzetta ufficiale del 1993, n. 47, punto 211, e successive modifiche), di seguito denominato committente o cliente.<\/p>\n<!-- \/wp:paragraph --><!-- wp:paragraph -->\n<p>Preventivo: un documento presentato in forma cartacea o elettronica al Committente contenente: i dati del Committente, il nome del servizio, il costo del servizio, il numero del preventivo, la data del preventivo, la data di scadenza del preventivo.<\/p>\n<!-- \/wp:paragraph --><!-- wp:paragraph -->\n<p>Modulo d'ordine: Un documento che contiene al suo interno: informazioni sul datore di lavoro, informazioni sull'appaltatore, informazioni sulla data dell'ordine, informazioni sull'ambito del servizio che consentono di collegarlo in modo univoco a un elemento dell'offerta.<\/p>\n<!-- \/wp:paragraph --><!-- wp:paragraph -->\n<p>Servizio: un Prodotto o un servizio incluso come voce separata nell'Offerta. Sono considerate un Servizio anche le informazioni presentate nella comunicazione elettronica tra l'Appaltatore e il Committente, sotto forma di dichiarazione affiancata: \"Nome del Servizio\" - \"Costo del Servizio\".<\/p>\n<p>&nbsp;<\/p>\n<!-- \/wp:paragraph --><!-- wp:paragraph {\"align\":\"center\"} -->\n<p class=\"has-text-align-center\">\u00a71 Contratto di servizio<\/p>\n<!-- \/wp:paragraph --><!-- wp:paragraph -->\n<p>1.L'invio di un ordine e quindi la conclusione di un contratto per l'esecuzione di un servizio \u00e8 da considerarsi vincolante:<\/p>\n<!-- \/wp:paragraph --><!-- wp:list {\"ordered\":true,\"type\":\"lower-alpha\"} -->\n<ol style=\"list-style-type: lower-alpha;\"><!-- wp:list-item -->\n<li>Presentazione di un'offerta da parte del committente con una chiara indicazione dei servizi previsti,<\/li>\n<!-- \/wp:list-item --><!-- wp:list-item -->\n<li>Presentazione da parte del committente di un modulo d'ordine con i dati del committente, la data dell'ordine e le informazioni per identificare in modo univoco il servizio,<\/li>\n<!-- \/wp:list-item --><!-- wp:list-item -->\n<li>Invio del contratto di servizio firmato.<\/li>\n<!-- \/wp:list-item --><\/ol>\n<!-- \/wp:list --><!-- wp:paragraph -->\n<p>(2) Con l'invio di un ordine, il cliente dichiara di essere a conoscenza e di accettare le CGC.<\/p>\n<!-- \/wp:paragraph --><!-- wp:paragraph -->\n<p>3 La conferma del servizio da parte dell'Appaltatore \u00e8 vincolante in quel momento:<\/p>\n<!-- \/wp:paragraph --><!-- wp:list {\"ordered\":true,\"type\":\"lower-alpha\"} -->\n<ol style=\"list-style-type: lower-alpha;\"><!-- wp:list-item -->\n<li>Inviare l'approvazione via e-mail dall'indirizzo e-mail sotto il dominio \"mpr-labs.com\".<\/li>\n<!-- \/wp:list-item --><!-- wp:list-item -->\n<li>Firma del contratto di servizio.<\/li>\n<!-- \/wp:list-item --><\/ol>\n<!-- \/wp:list --><!-- wp:paragraph -->\n<p>4 Qualsiasi informazione aggiuntiva non menzionata nell'offerta, sotto forma di consigli, suggerimenti o pareri, \u00e8 da considerarsi come suggerimenti non vincolanti, non soggetti a comunicazione ufficiale da parte dell'Appaltatore.<\/p>\n<!-- \/wp:paragraph --><!-- wp:paragraph -->\n<p>(5) Il Committente \u00e8 tenuto a fornire tutte le informazioni necessarie per i Servizi. Con l'invio delle informazioni, dichiara contemporaneamente che esse sono vere al momento dell'invio e che ha i diritti di distribuirle. Se il Committente non fornisce le informazioni richieste, il Contraente ha il diritto di risolvere il contratto per l'esecuzione dei Servizi con effetto immediato.<\/p>\n<!-- \/wp:paragraph --><!-- wp:paragraph -->\n<p>6 Nel caso in cui la comunicazione con il Committente sia compromessa (si intende la mancata risposta al numero di telefono fornito per la comunicazione, la mancata risposta via e-mail all'indirizzo di posta elettronica generalmente inteso come ufficiale o fornito nella comunicazione ufficiale del Committente), il che influisce direttamente sul tempo di fornitura del Servizio, il Committente non potr\u00e0 rivendicare alcun diritto in relazione al prolungamento della fornitura del Servizio.<\/p>\n<!-- \/wp:paragraph --><!-- wp:paragraph -->\n<p>(7) L'Appaltatore si riserva il diritto di subappaltare i Servizi, essendo cos\u00ec responsabile della loro qualit\u00e0 e affidabilit\u00e0.<\/p>\n<!-- \/wp:paragraph --><!-- wp:paragraph -->\n<p>8 I rapporti di prova non possono essere riprodotti senza il consenso scritto del Contraente.<\/p>\n<!-- \/wp:paragraph --><!-- wp:paragraph -->\n<p>(9) Il Contraente pu\u00f2 rifiutare gli ordini non conformi all'ambito dei servizi forniti.<\/p>\n<!-- \/wp:paragraph --><!-- wp:paragraph -->\n<p>(10) Al termine dell'incarico, il Contraente trasmetter\u00e0 al Committente il rapporto di ricerca in formato elettronico. Su richiesta scritta del Committente,<\/p>\n<!-- \/wp:paragraph --><!-- wp:paragraph -->\n<p>Il contraente pu\u00f2 inviare il rapporto di ricerca per posta.<\/p>\n<!-- \/wp:paragraph --><!-- wp:paragraph -->\n<p>(11) Il Committente si impegna a comunicare all'Appaltatore - prima dell'inizio del servizio - eventuali pericoli connessi all'esecuzione dell'ordine, ovvero la presenza di materiali pericolosi e tossici, anche con riferimento alla salute dei dipendenti dell'Appaltatore.<\/p>\n<!-- \/wp:paragraph --><!-- wp:paragraph -->\n<p>(12) Il termine per l'esecuzione del Servizio sar\u00e0 stabilito dall'Appaltatore in ogni singolo caso. Le informazioni fornite nell'Offerta costituiscono una stima del periodo di tempo, che non viene accettata come informazione vincolante.<\/p>\n<!-- \/wp:paragraph --><!-- wp:paragraph -->\n<p>13 Il cliente ha il diritto di commentare il rapporto di ricerca fino a 7 giorni dopo aver ricevuto i risultati.<\/p>\n<p>&nbsp;<\/p>\n<!-- \/wp:paragraph --><!-- wp:paragraph {\"align\":\"center\"} -->\n<p class=\"has-text-align-center\">\u00a72 Presentazione del materiale per le prove<\/p>\n<!-- \/wp:paragraph --><!-- wp:paragraph -->\n<p>1.I campioni per le prove saranno consegnati presso la sede del Contraente a spese della Committente.<\/p>\n<!-- \/wp:paragraph --><!-- wp:paragraph -->\n<p>(2) Il rischio di danni ai campioni consegnati per le prove \u00e8 a carico del Committente.<\/p>\n<!-- \/wp:paragraph --><!-- wp:paragraph -->\n<p>(3) Il Contraente non \u00e8 tenuto a conservare i campioni per pi\u00f9 di 2 settimane dopo il completamento delle prove.<\/p>\n<p>&nbsp;<\/p>\n<!-- \/wp:paragraph --><!-- wp:paragraph {\"align\":\"center\"} -->\n<p class=\"has-text-align-center\">\u00a73 Pagamenti<\/p>\n<!-- \/wp:paragraph --><!-- wp:paragraph -->\n<p>(1) L'Appaltatore emetter\u00e0 una fattura IVA al completamento del Servizio. Le fatture IVA saranno emesse con un termine di pagamento di 14 giorni, se non diversamente concordato dal Cliente con l'Appaltatore.<\/p>\n<!-- \/wp:paragraph --><!-- wp:paragraph -->\n<p>(2) Il Committente si impegna a pagare puntualmente la fattura IVA emessa, entro il termine stabilito, tramite bonifico sul numero di conto corrente indicato.<\/p>\n<!-- \/wp:paragraph --><!-- wp:paragraph -->\n<p>(3) La data di accredito sul conto bancario da parte del Contraente \u00e8 considerata la data di pagamento. In caso di ritardo nel pagamento da parte del Committente, il Contraente ha il diritto di addebitare gli interessi al tasso massimo.<\/p>\n<!-- \/wp:paragraph --><!-- wp:paragraph -->\n<p>4 I prezzi dei servizi saranno determinati individualmente con il Cliente sulla base dell'offerta presentata dall'Appaltatore.<\/p>\n<!-- \/wp:paragraph --><!-- wp:paragraph -->\n<p>(5) Il Contraente pu\u00f2 addebitare al Committente compensi aggiuntivi per attivit\u00e0 supplementari non indicate nell'ordine, ma eseguite su richiesta del Committente durante l'esecuzione dell'ordine.<\/p>\n<!-- \/wp:paragraph --><!-- wp:paragraph -->\n<p>(6) Se, per motivi che esulano dal controllo del Contraente, non \u00e8 possibile eseguire l'ordine in parte o per intero, il Contraente ha diritto al pagamento dell'importo dovuto per la prestazione effettivamente fornita.<\/p>\n<!-- \/wp:paragraph --><!-- wp:paragraph -->\n<p>7 Tutti i costi del reclamo del Contraente sono a carico del Datore di lavoro.<\/p>\n<!-- \/wp:paragraph --><!-- wp:paragraph -->\n<p>(8) Il tribunale competente \u00e8 quello della sede legale del Contraente.<\/p>\n<p>&nbsp;<\/p>\n<!-- \/wp:paragraph --><!-- wp:paragraph {\"align\":\"center\"} -->\n<p class=\"has-text-align-center\">\u00a74 Responsabilit\u00e0<\/p>\n<!-- \/wp:paragraph --><!-- wp:paragraph -->\n<p>1.Il Contraente non \u00e8 responsabile per l'inadempimento parziale o totale dell'ordine derivante da cause indipendenti dalla sua volont\u00e0.<\/p>\n<!-- \/wp:paragraph --><!-- wp:paragraph -->\n<p>(2) Il Contraente non \u00e8 responsabile di eventuali perdite subite dal Committente a causa dell'esecuzione dell'ordine.<\/p>\n<!-- \/wp:paragraph --><!-- wp:paragraph -->\n<p>3 Ogni responsabilit\u00e0 per la presentazione del materiale da testare e per eventuali perdite subite nel corso del Servizio \u00e8 a carico del Cliente.<\/p>\n<p>&nbsp;<\/p>\n<!-- \/wp:paragraph --><!-- wp:paragraph {\"align\":\"center\"} -->\n<p class=\"has-text-align-center\">\u00a75 Propriet\u00e0 intellettuale<\/p>\n<!-- \/wp:paragraph --><!-- wp:paragraph -->\n<p>1.Il Contraente dichiara di avere tutti i diritti sui rapporti, le analisi, i documenti di natura analitica o di ricerca che presenta.<\/p>\n<!-- \/wp:paragraph --><!-- wp:paragraph -->\n<p>2. Tutti i diritti economici su relazioni, analisi, documenti di natura analitica o di ricerca sono trasferiti al Committente con il pagamento del Servizio.<\/p>\n<p>&nbsp;<\/p>\n<!-- \/wp:paragraph --><!-- wp:paragraph {\"align\":\"center\"} -->\n<p class=\"has-text-align-center\">\u00a76 Disposizioni finali<\/p>\n<!-- \/wp:paragraph --><!-- wp:paragraph -->\n<p>1.Per quanto non disciplinato dalle CGC, si applicano le disposizioni del Codice Civile.<\/p>\n<!-- \/wp:paragraph --><!-- wp:paragraph -->\n<p>2. In caso di controversie, le parti si impegnano a risolverle in via amichevole.<\/p>\n<!-- \/wp:paragraph --><!-- wp:paragraph -->\n<p>3.Il contraente si assume la piena responsabilit\u00e0 dei materiali sviluppati.  I dati, le informazioni e i risultati della ricerca forniti da o al cliente sono considerati riservati.<\/p>\n<!-- \/wp:paragraph --><!-- wp:paragraph -->\n<p>4.I valori in euro sono presentati sulla base del tasso di cambio della Banca Nazionale di Polonia il giorno della presentazione dell'offerta. Tassi di cambio medi correnti delle valute estere in PLN, come definito nel \u00a7 2 punti 1 e 2 della Risoluzione n. 51\/2002 del Consiglio di amministrazione della Banca nazionale di Polonia del 23 settembre 2002 sul metodo di calcolo e annuncio dei tassi di cambio correnti delle valute estere (Gazzetta ufficiale della Banca nazionale di Polonia del 2017, voce 15).<\/p>\n<!-- \/wp:paragraph --><!-- wp:paragraph -->\n<p>(5) Le suddette Condizioni Generali di Servizio (CGC) si applicano ai servizi di laboratorio, di documentazione e di consulenza e formazione forniti dal Contraente al Committente sulla base di un ordine presentato o di un contratto stipulato.<\/p>\n<!-- \/wp:paragraph --><!-- wp:paragraph -->\n<p>(6) Eventuali modifiche alle presenti CGC devono essere apportate per iscritto per essere valide e si applicheranno solo all'ambito dei servizi specificati dalle parti ed entreranno in vigore a partire dalla data di sottoscrizione del contratto con il Committente.<\/p>\n<!-- \/wp:paragraph -->\t\t\t\t\t\t<\/div>\n\t\t\t\t<\/div>\n\t\t\t\t\t<\/div>\n\t\t<\/div>\n\t\t\t\t\t<\/div>\n\t\t<\/section>\n\t\t\t\t<\/div>","protected":false},"excerpt":{"rendered":"<p>Wykonawca: MPR Labs Sp\u00f3\u0142ka z ograniczon\u0105 odpowiedzialno\u015bci\u0105, zarejestrowana pod adresem ul. Kosynier\u00f3w Gdy\u0144skich 50, 93-357 \u0141\u00f3d\u017a, posiadaj\u0105ca Numer Identyfikacji Podatkowej 7282856967, b\u0119d\u0105ca zarejestrowana w Krajowym Rejestrze S\u0105dowym pod numerem 0000933485, posiadaj\u0105ca numer REGON 520475597, dysponuj\u0105ca kapita\u0142em zak\u0142adowym w wysoko\u015bci 30\u00a0000,00z\u0142, w ca\u0142o\u015bci op\u0142aconym, dalej nazywana Wykonawca. Zleceniodawca: Jest to przedsi\u0119biorstwo lub osoba prywatna rozumiana jako [&hellip;]<\/p>\n","protected":false},"author":2,"featured_media":0,"parent":0,"menu_order":0,"comment_status":"closed","ping_status":"closed","template":"","meta":{"footnotes":""},"class_list":["post-3886","page","type-page","status-publish","format-standard","hentry"],"yoast_head":"<!-- This site is optimized with the Yoast SEO plugin v25.4 - https:\/\/yoast.com\/wordpress\/plugins\/seo\/ -->\n<title>OG\u00d3\u0141NE WARUNKI US\u0141UG - MPR Labs<\/title>\n<meta name=\"robots\" content=\"index, follow, max-snippet:-1, max-image-preview:large, max-video-preview:-1\" \/>\n<link rel=\"canonical\" href=\"https:\/\/mpr-labs.com\/it\/condizioni-generali-di-servizio\/\" \/>\n<meta property=\"og:locale\" content=\"it_IT\" \/>\n<meta property=\"og:type\" content=\"article\" \/>\n<meta property=\"og:title\" content=\"OG\u00d3\u0141NE WARUNKI US\u0141UG - MPR Labs\" \/>\n<meta property=\"og:description\" content=\"Wykonawca: MPR Labs Sp\u00f3\u0142ka z ograniczon\u0105 odpowiedzialno\u015bci\u0105, zarejestrowana pod adresem ul. Kosynier\u00f3w Gdy\u0144skich 50, 93-357 \u0141\u00f3d\u017a, posiadaj\u0105ca Numer Identyfikacji Podatkowej 7282856967, b\u0119d\u0105ca zarejestrowana w Krajowym Rejestrze S\u0105dowym pod numerem 0000933485, posiadaj\u0105ca numer REGON 520475597, dysponuj\u0105ca kapita\u0142em zak\u0142adowym w wysoko\u015bci 30\u00a0000,00z\u0142, w ca\u0142o\u015bci op\u0142aconym, dalej nazywana Wykonawca. Zleceniodawca: Jest to przedsi\u0119biorstwo lub osoba prywatna rozumiana jako [&hellip;]\" \/>\n<meta property=\"og:url\" content=\"https:\/\/mpr-labs.com\/it\/condizioni-generali-di-servizio\/\" \/>\n<meta property=\"og:site_name\" content=\"MPR Labs\" \/>\n<meta property=\"article:publisher\" content=\"https:\/\/www.facebook.com\/MPRLabs\" \/>\n<meta property=\"article:modified_time\" content=\"2024-04-22T12:35:17+00:00\" \/>\n<meta name=\"twitter:card\" content=\"summary_large_image\" \/>\n<meta name=\"twitter:label1\" content=\"Tempo di lettura stimato\" \/>\n\t<meta name=\"twitter:data1\" content=\"7 minuti\" \/>\n<script type=\"application\/ld+json\" class=\"yoast-schema-graph\">{\"@context\":\"https:\/\/schema.org\",\"@graph\":[{\"@type\":\"WebPage\",\"@id\":\"https:\/\/mpr-labs.com\/ogolne-warunki-uslug\/\",\"url\":\"https:\/\/mpr-labs.com\/ogolne-warunki-uslug\/\",\"name\":\"OG\u00d3\u0141NE WARUNKI US\u0141UG - MPR Labs\",\"isPartOf\":{\"@id\":\"https:\/\/mpr-labs.com\/#website\"},\"datePublished\":\"2024-04-22T12:23:58+00:00\",\"dateModified\":\"2024-04-22T12:35:17+00:00\",\"breadcrumb\":{\"@id\":\"https:\/\/mpr-labs.com\/ogolne-warunki-uslug\/#breadcrumb\"},\"inLanguage\":\"it-IT\",\"potentialAction\":[{\"@type\":\"ReadAction\",\"target\":[\"https:\/\/mpr-labs.com\/ogolne-warunki-uslug\/\"]}]},{\"@type\":\"BreadcrumbList\",\"@id\":\"https:\/\/mpr-labs.com\/ogolne-warunki-uslug\/#breadcrumb\",\"itemListElement\":[{\"@type\":\"ListItem\",\"position\":1,\"name\":\"Strona g\u0142\u00f3wna\",\"item\":\"https:\/\/mpr-labs.com\/\"},{\"@type\":\"ListItem\",\"position\":2,\"name\":\"OG\u00d3\u0141NE WARUNKI US\u0141UG\"}]},{\"@type\":\"WebSite\",\"@id\":\"https:\/\/mpr-labs.com\/#website\",\"url\":\"https:\/\/mpr-labs.com\/\",\"name\":\"MPR Labs\",\"description\":\"MPR Labs - Laboratorium Kosmetyczne\",\"publisher\":{\"@id\":\"https:\/\/mpr-labs.com\/#organization\"},\"potentialAction\":[{\"@type\":\"SearchAction\",\"target\":{\"@type\":\"EntryPoint\",\"urlTemplate\":\"https:\/\/mpr-labs.com\/?s={search_term_string}\"},\"query-input\":{\"@type\":\"PropertyValueSpecification\",\"valueRequired\":true,\"valueName\":\"search_term_string\"}}],\"inLanguage\":\"it-IT\"},{\"@type\":\"Organization\",\"@id\":\"https:\/\/mpr-labs.com\/#organization\",\"name\":\"MPR Labs Sp. z o.o.\",\"alternateName\":\"MPR Labs\",\"url\":\"https:\/\/mpr-labs.com\/\",\"logo\":{\"@type\":\"ImageObject\",\"inLanguage\":\"it-IT\",\"@id\":\"https:\/\/mpr-labs.com\/#\/schema\/logo\/image\/\",\"url\":\"https:\/\/mpr-labs.com\/wp-content\/uploads\/2023\/05\/logo-new.png\",\"contentUrl\":\"https:\/\/mpr-labs.com\/wp-content\/uploads\/2023\/05\/logo-new.png\",\"width\":1150,\"height\":328,\"caption\":\"MPR Labs Sp. z o.o.\"},\"image\":{\"@id\":\"https:\/\/mpr-labs.com\/#\/schema\/logo\/image\/\"},\"sameAs\":[\"https:\/\/www.facebook.com\/MPRLabs\",\"https:\/\/www.linkedin.com\/company\/mpr-labs\/\"]}]}<\/script>\n<!-- \/ Yoast SEO plugin. -->","yoast_head_json":{"title":"TERMINI E CONDIZIONI GENERALI DI SERVIZIO - MPR Labs","robots":{"index":"index","follow":"follow","max-snippet":"max-snippet:-1","max-image-preview":"max-image-preview:large","max-video-preview":"max-video-preview:-1"},"canonical":"https:\/\/mpr-labs.com\/it\/condizioni-generali-di-servizio\/","og_locale":"it_IT","og_type":"article","og_title":"OG\u00d3\u0141NE WARUNKI US\u0141UG - MPR Labs","og_description":"Wykonawca: MPR Labs Sp\u00f3\u0142ka z ograniczon\u0105 odpowiedzialno\u015bci\u0105, zarejestrowana pod adresem ul. Kosynier\u00f3w Gdy\u0144skich 50, 93-357 \u0141\u00f3d\u017a, posiadaj\u0105ca Numer Identyfikacji Podatkowej 7282856967, b\u0119d\u0105ca zarejestrowana w Krajowym Rejestrze S\u0105dowym pod numerem 0000933485, posiadaj\u0105ca numer REGON 520475597, dysponuj\u0105ca kapita\u0142em zak\u0142adowym w wysoko\u015bci 30\u00a0000,00z\u0142, w ca\u0142o\u015bci op\u0142aconym, dalej nazywana Wykonawca. Zleceniodawca: Jest to przedsi\u0119biorstwo lub osoba prywatna rozumiana jako [&hellip;]","og_url":"https:\/\/mpr-labs.com\/it\/condizioni-generali-di-servizio\/","og_site_name":"MPR Labs","article_publisher":"https:\/\/www.facebook.com\/MPRLabs","article_modified_time":"2024-04-22T12:35:17+00:00","twitter_card":"summary_large_image","twitter_misc":{"Tempo di lettura stimato":"7 minuti"},"schema":{"@context":"https:\/\/schema.org","@graph":[{"@type":"WebPage","@id":"https:\/\/mpr-labs.com\/ogolne-warunki-uslug\/","url":"https:\/\/mpr-labs.com\/ogolne-warunki-uslug\/","name":"TERMINI E CONDIZIONI GENERALI DI SERVIZIO - MPR Labs","isPartOf":{"@id":"https:\/\/mpr-labs.com\/#website"},"datePublished":"2024-04-22T12:23:58+00:00","dateModified":"2024-04-22T12:35:17+00:00","breadcrumb":{"@id":"https:\/\/mpr-labs.com\/ogolne-warunki-uslug\/#breadcrumb"},"inLanguage":"it-IT","potentialAction":[{"@type":"ReadAction","target":["https:\/\/mpr-labs.com\/ogolne-warunki-uslug\/"]}]},{"@type":"BreadcrumbList","@id":"https:\/\/mpr-labs.com\/ogolne-warunki-uslug\/#breadcrumb","itemListElement":[{"@type":"ListItem","position":1,"name":"Strona g\u0142\u00f3wna","item":"https:\/\/mpr-labs.com\/"},{"@type":"ListItem","position":2,"name":"OG\u00d3\u0141NE WARUNKI US\u0141UG"}]},{"@type":"WebSite","@id":"https:\/\/mpr-labs.com\/#website","url":"https:\/\/mpr-labs.com\/","name":"Laboratori MPR","description":"Laboratori MPR - Laboratorio di cosmetica","publisher":{"@id":"https:\/\/mpr-labs.com\/#organization"},"potentialAction":[{"@type":"SearchAction","target":{"@type":"EntryPoint","urlTemplate":"https:\/\/mpr-labs.com\/?s={search_term_string}"},"query-input":{"@type":"PropertyValueSpecification","valueRequired":true,"valueName":"search_term_string"}}],"inLanguage":"it-IT"},{"@type":"Organization","@id":"https:\/\/mpr-labs.com\/#organization","name":"MPR Labs Sp. z o.o.","alternateName":"MPR Labs","url":"https:\/\/mpr-labs.com\/","logo":{"@type":"ImageObject","inLanguage":"it-IT","@id":"https:\/\/mpr-labs.com\/#\/schema\/logo\/image\/","url":"https:\/\/mpr-labs.com\/wp-content\/uploads\/2023\/05\/logo-new.png","contentUrl":"https:\/\/mpr-labs.com\/wp-content\/uploads\/2023\/05\/logo-new.png","width":1150,"height":328,"caption":"MPR Labs Sp. z o.o."},"image":{"@id":"https:\/\/mpr-labs.com\/#\/schema\/logo\/image\/"},"sameAs":["https:\/\/www.facebook.com\/MPRLabs","https:\/\/www.linkedin.com\/company\/mpr-labs\/"]}]}},"_links":{"self":[{"href":"https:\/\/mpr-labs.com\/it\/wp-json\/wp\/v2\/pages\/3886","targetHints":{"allow":["GET"]}}],"collection":[{"href":"https:\/\/mpr-labs.com\/it\/wp-json\/wp\/v2\/pages"}],"about":[{"href":"https:\/\/mpr-labs.com\/it\/wp-json\/wp\/v2\/types\/page"}],"author":[{"embeddable":true,"href":"https:\/\/mpr-labs.com\/it\/wp-json\/wp\/v2\/users\/2"}],"replies":[{"embeddable":true,"href":"https:\/\/mpr-labs.com\/it\/wp-json\/wp\/v2\/comments?post=3886"}],"version-history":[{"count":10,"href":"https:\/\/mpr-labs.com\/it\/wp-json\/wp\/v2\/pages\/3886\/revisions"}],"predecessor-version":[{"id":3910,"href":"https:\/\/mpr-labs.com\/it\/wp-json\/wp\/v2\/pages\/3886\/revisions\/3910"}],"wp:attachment":[{"href":"https:\/\/mpr-labs.com\/it\/wp-json\/wp\/v2\/media?parent=3886"}],"curies":[{"name":"wp","href":"https:\/\/api.w.org\/{rel}","templated":true}]}}