{"id":2998,"date":"2023-05-30T16:11:02","date_gmt":"2023-05-30T16:11:02","guid":{"rendered":"https:\/\/mpr-labs.com\/?page_id=2998"},"modified":"2025-07-22T08:53:10","modified_gmt":"2025-07-22T08:53:10","slug":"test-sui-prodotti-per-la-disinfezione","status":"publish","type":"page","link":"https:\/\/mpr-labs.com\/it\/badania-produktow-do-dezynfekcji\/","title":{"rendered":"Test dei prodotti di disinfezione"},"content":{"rendered":"<div data-elementor-type=\"wp-page\" data-elementor-id=\"2998\" class=\"elementor elementor-2998\">\n\t\t\t\t\t\t<section class=\"elementor-section elementor-top-section elementor-element elementor-element-788674f elementor-section-boxed elementor-section-height-default elementor-section-height-default\" data-id=\"788674f\" data-element_type=\"section\">\n\t\t\t\t\t\t<div class=\"elementor-container elementor-column-gap-default\">\n\t\t\t\t\t<div class=\"elementor-column elementor-col-100 elementor-top-column elementor-element elementor-element-7219353\" data-id=\"7219353\" data-element_type=\"column\">\n\t\t\t<div class=\"elementor-widget-wrap elementor-element-populated\">\n\t\t\t\t\t\t<div class=\"elementor-element elementor-element-73c279f elementor-widget elementor-widget-text-editor\" data-id=\"73c279f\" data-element_type=\"widget\" data-widget_type=\"text-editor.default\">\n\t\t\t\t<div class=\"elementor-widget-container\">\n\t\t\t\t\t\t\t<p><strong>Test di efficacia dei biocidi - la pietra miliare dell'autorizzazione<\/strong><\/p><p><strong>Efficacia comprovata da test - rassicurazione per il produttore e l'utente<\/strong><\/p><p>L'analisi dei prodotti per la disinfezione \u00e8 una fase indispensabile del processo di approvazione dei biocidi. Noi di MPR Labs offriamo una valutazione completa dell'efficacia dei preparati disinfettanti in conformit\u00e0 ai requisiti legali vigenti. I nostri test forniscono a produttori e distributori non solo la conferma della qualit\u00e0 del prodotto, ma soprattutto la possibilit\u00e0 di ottenere un certificato di efficacia, che costituisce una prova formale dell'azione dichiarata sull'etichetta.<\/p><p><strong>Standard e metodi di prova - conformit\u00e0 alle normative UE<\/strong><\/p><p>I test vengono eseguiti utilizzando ceppi di riferimento di batteri e funghi. Utilizziamo gli attuali standard europei, quali:<\/p><ul><li><strong>PN-EN 17272:2020<\/strong> - decontaminazione degli ambienti tramite processi automatizzati<\/li><li><strong>PN-EN 13727:2015 <\/strong>- test di efficacia germicida (Fase 2, fase 1),<\/li><li><strong>PN-EN 13624:2022<\/strong> - test di efficacia fungicida e lievitista (Fase 2, fase 1),<\/li><li><strong>PN-EN 13697:2024<\/strong> - test dell'attivit\u00e0 battericida e fungicida sulle superfici (Fase 2, Fase 2).<\/li><\/ul><p>Con un team esperto e attrezzature moderne <a href=\"https:\/\/mpr-labs.com\/\">laboratorio cosmetico<\/a> garantiamo risultati affidabili e riproducibili, indipendentemente dal fatto che si tratti di un preparato medico, di un prodotto per la cura della persona o di un prodotto utilizzato nell'industria alimentare e dei servizi.<\/p><p><strong>Studi in condizioni controllate: una valutazione realistica dell'efficacia<\/strong><\/p><p>L'efficacia dichiarata dal produttore deve essere verificata in condizioni di laboratorio. Ogni preparato viene testato in un ambiente strettamente controllato con microrganismi selezionati. Testiamo:<\/p><ul><li>disinfettanti per superfici e attrezzature,<\/li><li>preparati per l'igiene delle mani e della pelle,<\/li><li>prodotti utilizzati nelle strutture mediche e nei laboratori.<\/li><\/ul><p>I nostri rapporti di ricerca costituiscono la base per la registrazione di un preparato e per la preparazione della documentazione di prodotto e di marketing. Per molti produttori, questo \u00e8 anche un vero e proprio vantaggio competitivo: la comprovata efficacia diventa un argomento di comunicazione con il cliente finale.<\/p><p><strong>Preparazioni di laboratorio specialistiche - sicurezza microbiologica<\/strong><\/p><p>Requisiti speciali si applicano ai prodotti utilizzati nei laboratori, nella sanit\u00e0 o nell'industria cosmetica e farmaceutica. In questi casi, non solo l'efficacia ma anche la purezza microbiologica del prodotto \u00e8 fondamentale. Offriamo:<\/p><ul><li><a href=\"https:\/\/mpr-labs.com\/badania-mikrobiologiczne-kosmetykow\/\">test microbiologici<\/a> prodotti chimici professionali,<\/li><li>valutazione della conformit\u00e0 ai requisiti degli standard microbiologici (ad esempio, la Farmacopea Europea),<\/li><li>consulenza sulla composizione, sulla documentazione tecnica e sul processo di registrazione.<\/li><\/ul><p>In qualit\u00e0 di laboratorio attivo anche nel settore della valutazione dei prodotti cosmetici e chimici per la casa, supportiamo i produttori durante l'intero processo di lancio del prodotto. Non esitate a consultare il nostro team e a richiedere un'offerta personalizzata. <a href=\"https:\/\/mpr-labs.com\/uslugi-badawcze\/\">servizi di ricerca<\/a>. MPR Labs - il vostro partner nella valutazione affidabile dell'efficacia e della sicurezza dei biocidi.<\/p>\t\t\t\t\t\t<\/div>\n\t\t\t\t<\/div>\n\t\t\t\t\t<\/div>\n\t\t<\/div>\n\t\t\t\t\t<\/div>\n\t\t<\/section>\n\t\t\t\t<\/div>","protected":false},"excerpt":{"rendered":"<p>Badania skuteczno\u015bci produkt\u00f3w biob\u00f3jczych \u2013 fundament dopuszczenia do obrotu Skuteczno\u015b\u0107 potwierdzona badaniami \u2013 pewno\u015b\u0107 dla producenta i u\u017cytkownika Badania produkt\u00f3w do dezynfekcji to nieodzowny etap procesu dopuszczenia \u015brodk\u00f3w biob\u00f3jczych do obrotu. W MPR Labs oferujemy kompleksow\u0105 ocen\u0119 skuteczno\u015bci preparat\u00f3w dezynfekcyjnych zgodnie z obowi\u0105zuj\u0105cymi wymaganiami prawnymi. Nasze badania zapewniaj\u0105 producentom i dystrybutorom nie tylko potwierdzenie jako\u015bci [&hellip;]<\/p>\n","protected":false},"author":2,"featured_media":3581,"parent":0,"menu_order":0,"comment_status":"closed","ping_status":"closed","template":"page-templates\/service-single-2.php","meta":{"footnotes":""},"class_list":["post-2998","page","type-page","status-publish","format-standard","has-post-thumbnail","hentry"],"yoast_head":"<!-- This site is optimized with the Yoast SEO plugin v25.4 - https:\/\/yoast.com\/wordpress\/plugins\/seo\/ -->\n<title>Badania produkt\u00f3w do dezynfekcji | MPR Labs<\/title>\n<meta name=\"description\" content=\"Badania Produkt\u00f3w do Dezynfekcji - Specjalizujemy si\u0119 w testach dezynfekcji. Nasze badania zapewniaj\u0105 skuteczno\u015b\u0107 i bezpiecze\u0144stwo produkt\u00f3w. Dowiedz si\u0119 wi\u0119cej o naszych us\u0142ugach.\" \/>\n<meta name=\"robots\" content=\"index, follow, max-snippet:-1, max-image-preview:large, max-video-preview:-1\" \/>\n<link rel=\"canonical\" href=\"https:\/\/mpr-labs.com\/it\/test-sui-prodotti-per-la-disinfezione\/\" \/>\n<meta property=\"og:locale\" content=\"it_IT\" \/>\n<meta property=\"og:type\" content=\"article\" \/>\n<meta property=\"og:title\" content=\"Badania produkt\u00f3w do dezynfekcji | MPR Labs\" \/>\n<meta property=\"og:description\" content=\"Badania Produkt\u00f3w do Dezynfekcji - Specjalizujemy si\u0119 w testach dezynfekcji. Nasze badania zapewniaj\u0105 skuteczno\u015b\u0107 i bezpiecze\u0144stwo produkt\u00f3w. Dowiedz si\u0119 wi\u0119cej o naszych us\u0142ugach.\" \/>\n<meta property=\"og:url\" content=\"https:\/\/mpr-labs.com\/it\/test-sui-prodotti-per-la-disinfezione\/\" \/>\n<meta property=\"og:site_name\" content=\"MPR Labs\" \/>\n<meta property=\"article:publisher\" content=\"https:\/\/www.facebook.com\/MPRLabs\" \/>\n<meta property=\"article:modified_time\" content=\"2025-07-22T08:53:10+00:00\" \/>\n<meta property=\"og:image\" content=\"https:\/\/mpr-labs.com\/wp-content\/uploads\/2023\/08\/bpdd-top-min.png\" \/>\n\t<meta property=\"og:image:width\" content=\"2100\" \/>\n\t<meta property=\"og:image:height\" content=\"788\" \/>\n\t<meta property=\"og:image:type\" content=\"image\/png\" \/>\n<meta name=\"twitter:card\" content=\"summary_large_image\" \/>\n<meta name=\"twitter:label1\" content=\"Tempo di lettura stimato\" \/>\n\t<meta name=\"twitter:data1\" content=\"3 minuti\" \/>\n<script type=\"application\/ld+json\" class=\"yoast-schema-graph\">{\"@context\":\"https:\/\/schema.org\",\"@graph\":[{\"@type\":\"WebPage\",\"@id\":\"https:\/\/mpr-labs.com\/badania-produktow-do-dezynfekcji\/\",\"url\":\"https:\/\/mpr-labs.com\/badania-produktow-do-dezynfekcji\/\",\"name\":\"Badania produkt\u00f3w do dezynfekcji | MPR Labs\",\"isPartOf\":{\"@id\":\"https:\/\/mpr-labs.com\/#website\"},\"primaryImageOfPage\":{\"@id\":\"https:\/\/mpr-labs.com\/badania-produktow-do-dezynfekcji\/#primaryimage\"},\"image\":{\"@id\":\"https:\/\/mpr-labs.com\/badania-produktow-do-dezynfekcji\/#primaryimage\"},\"thumbnailUrl\":\"https:\/\/mpr-labs.com\/wp-content\/uploads\/2023\/08\/bpdd-top-min.png\",\"datePublished\":\"2023-05-30T16:11:02+00:00\",\"dateModified\":\"2025-07-22T08:53:10+00:00\",\"description\":\"Badania Produkt\u00f3w do Dezynfekcji - Specjalizujemy si\u0119 w testach dezynfekcji. Nasze badania zapewniaj\u0105 skuteczno\u015b\u0107 i bezpiecze\u0144stwo produkt\u00f3w. Dowiedz si\u0119 wi\u0119cej o naszych us\u0142ugach.\",\"breadcrumb\":{\"@id\":\"https:\/\/mpr-labs.com\/badania-produktow-do-dezynfekcji\/#breadcrumb\"},\"inLanguage\":\"it-IT\",\"potentialAction\":[{\"@type\":\"ReadAction\",\"target\":[\"https:\/\/mpr-labs.com\/badania-produktow-do-dezynfekcji\/\"]}]},{\"@type\":\"ImageObject\",\"inLanguage\":\"it-IT\",\"@id\":\"https:\/\/mpr-labs.com\/badania-produktow-do-dezynfekcji\/#primaryimage\",\"url\":\"https:\/\/mpr-labs.com\/wp-content\/uploads\/2023\/08\/bpdd-top-min.png\",\"contentUrl\":\"https:\/\/mpr-labs.com\/wp-content\/uploads\/2023\/08\/bpdd-top-min.png\",\"width\":2100,\"height\":788,\"caption\":\"Badania Produkt\u00f3w do Dezynfekcji\"},{\"@type\":\"BreadcrumbList\",\"@id\":\"https:\/\/mpr-labs.com\/badania-produktow-do-dezynfekcji\/#breadcrumb\",\"itemListElement\":[{\"@type\":\"ListItem\",\"position\":1,\"name\":\"Strona g\u0142\u00f3wna\",\"item\":\"https:\/\/mpr-labs.com\/\"},{\"@type\":\"ListItem\",\"position\":2,\"name\":\"Badania produkt\u00f3w do dezynfekcji\"}]},{\"@type\":\"WebSite\",\"@id\":\"https:\/\/mpr-labs.com\/#website\",\"url\":\"https:\/\/mpr-labs.com\/\",\"name\":\"MPR Labs\",\"description\":\"MPR Labs - Laboratorium Kosmetyczne\",\"publisher\":{\"@id\":\"https:\/\/mpr-labs.com\/#organization\"},\"potentialAction\":[{\"@type\":\"SearchAction\",\"target\":{\"@type\":\"EntryPoint\",\"urlTemplate\":\"https:\/\/mpr-labs.com\/?s={search_term_string}\"},\"query-input\":{\"@type\":\"PropertyValueSpecification\",\"valueRequired\":true,\"valueName\":\"search_term_string\"}}],\"inLanguage\":\"it-IT\"},{\"@type\":\"Organization\",\"@id\":\"https:\/\/mpr-labs.com\/#organization\",\"name\":\"MPR Labs Sp. z o.o.\",\"alternateName\":\"MPR Labs\",\"url\":\"https:\/\/mpr-labs.com\/\",\"logo\":{\"@type\":\"ImageObject\",\"inLanguage\":\"it-IT\",\"@id\":\"https:\/\/mpr-labs.com\/#\/schema\/logo\/image\/\",\"url\":\"https:\/\/mpr-labs.com\/wp-content\/uploads\/2023\/05\/logo-new.png\",\"contentUrl\":\"https:\/\/mpr-labs.com\/wp-content\/uploads\/2023\/05\/logo-new.png\",\"width\":1150,\"height\":328,\"caption\":\"MPR Labs Sp. z o.o.\"},\"image\":{\"@id\":\"https:\/\/mpr-labs.com\/#\/schema\/logo\/image\/\"},\"sameAs\":[\"https:\/\/www.facebook.com\/MPRLabs\",\"https:\/\/www.linkedin.com\/company\/mpr-labs\/\"]}]}<\/script>\n<!-- \/ Yoast SEO plugin. -->","yoast_head_json":{"title":"Analisi dei prodotti di disinfezione | MPR Labs","description":"Test sui prodotti di disinfezione - Siamo specializzati in test di disinfezione. I nostri test garantiscono l'efficacia e la sicurezza dei prodotti. Per saperne di pi\u00f9 sui nostri servizi.","robots":{"index":"index","follow":"follow","max-snippet":"max-snippet:-1","max-image-preview":"max-image-preview:large","max-video-preview":"max-video-preview:-1"},"canonical":"https:\/\/mpr-labs.com\/it\/test-sui-prodotti-per-la-disinfezione\/","og_locale":"it_IT","og_type":"article","og_title":"Badania produkt\u00f3w do dezynfekcji | MPR Labs","og_description":"Badania Produkt\u00f3w do Dezynfekcji - Specjalizujemy si\u0119 w testach dezynfekcji. Nasze badania zapewniaj\u0105 skuteczno\u015b\u0107 i bezpiecze\u0144stwo produkt\u00f3w. Dowiedz si\u0119 wi\u0119cej o naszych us\u0142ugach.","og_url":"https:\/\/mpr-labs.com\/it\/test-sui-prodotti-per-la-disinfezione\/","og_site_name":"MPR Labs","article_publisher":"https:\/\/www.facebook.com\/MPRLabs","article_modified_time":"2025-07-22T08:53:10+00:00","og_image":[{"width":2100,"height":788,"url":"https:\/\/mpr-labs.com\/wp-content\/uploads\/2023\/08\/bpdd-top-min.png","type":"image\/png"}],"twitter_card":"summary_large_image","twitter_misc":{"Tempo di lettura stimato":"3 minuti"},"schema":{"@context":"https:\/\/schema.org","@graph":[{"@type":"WebPage","@id":"https:\/\/mpr-labs.com\/badania-produktow-do-dezynfekcji\/","url":"https:\/\/mpr-labs.com\/badania-produktow-do-dezynfekcji\/","name":"Analisi dei prodotti di disinfezione | MPR Labs","isPartOf":{"@id":"https:\/\/mpr-labs.com\/#website"},"primaryImageOfPage":{"@id":"https:\/\/mpr-labs.com\/badania-produktow-do-dezynfekcji\/#primaryimage"},"image":{"@id":"https:\/\/mpr-labs.com\/badania-produktow-do-dezynfekcji\/#primaryimage"},"thumbnailUrl":"https:\/\/mpr-labs.com\/wp-content\/uploads\/2023\/08\/bpdd-top-min.png","datePublished":"2023-05-30T16:11:02+00:00","dateModified":"2025-07-22T08:53:10+00:00","description":"Test sui prodotti di disinfezione - Siamo specializzati in test di disinfezione. I nostri test garantiscono l'efficacia e la sicurezza dei prodotti. Per saperne di pi\u00f9 sui nostri servizi.","breadcrumb":{"@id":"https:\/\/mpr-labs.com\/badania-produktow-do-dezynfekcji\/#breadcrumb"},"inLanguage":"it-IT","potentialAction":[{"@type":"ReadAction","target":["https:\/\/mpr-labs.com\/badania-produktow-do-dezynfekcji\/"]}]},{"@type":"ImageObject","inLanguage":"it-IT","@id":"https:\/\/mpr-labs.com\/badania-produktow-do-dezynfekcji\/#primaryimage","url":"https:\/\/mpr-labs.com\/wp-content\/uploads\/2023\/08\/bpdd-top-min.png","contentUrl":"https:\/\/mpr-labs.com\/wp-content\/uploads\/2023\/08\/bpdd-top-min.png","width":2100,"height":788,"caption":"Badania Produkt\u00f3w do Dezynfekcji"},{"@type":"BreadcrumbList","@id":"https:\/\/mpr-labs.com\/badania-produktow-do-dezynfekcji\/#breadcrumb","itemListElement":[{"@type":"ListItem","position":1,"name":"Strona g\u0142\u00f3wna","item":"https:\/\/mpr-labs.com\/"},{"@type":"ListItem","position":2,"name":"Badania produkt\u00f3w do dezynfekcji"}]},{"@type":"WebSite","@id":"https:\/\/mpr-labs.com\/#website","url":"https:\/\/mpr-labs.com\/","name":"Laboratori MPR","description":"Laboratori MPR - Laboratorio di cosmetica","publisher":{"@id":"https:\/\/mpr-labs.com\/#organization"},"potentialAction":[{"@type":"SearchAction","target":{"@type":"EntryPoint","urlTemplate":"https:\/\/mpr-labs.com\/?s={search_term_string}"},"query-input":{"@type":"PropertyValueSpecification","valueRequired":true,"valueName":"search_term_string"}}],"inLanguage":"it-IT"},{"@type":"Organization","@id":"https:\/\/mpr-labs.com\/#organization","name":"MPR Labs Sp. z o.o.","alternateName":"MPR Labs","url":"https:\/\/mpr-labs.com\/","logo":{"@type":"ImageObject","inLanguage":"it-IT","@id":"https:\/\/mpr-labs.com\/#\/schema\/logo\/image\/","url":"https:\/\/mpr-labs.com\/wp-content\/uploads\/2023\/05\/logo-new.png","contentUrl":"https:\/\/mpr-labs.com\/wp-content\/uploads\/2023\/05\/logo-new.png","width":1150,"height":328,"caption":"MPR Labs Sp. z o.o."},"image":{"@id":"https:\/\/mpr-labs.com\/#\/schema\/logo\/image\/"},"sameAs":["https:\/\/www.facebook.com\/MPRLabs","https:\/\/www.linkedin.com\/company\/mpr-labs\/"]}]}},"_links":{"self":[{"href":"https:\/\/mpr-labs.com\/it\/wp-json\/wp\/v2\/pages\/2998","targetHints":{"allow":["GET"]}}],"collection":[{"href":"https:\/\/mpr-labs.com\/it\/wp-json\/wp\/v2\/pages"}],"about":[{"href":"https:\/\/mpr-labs.com\/it\/wp-json\/wp\/v2\/types\/page"}],"author":[{"embeddable":true,"href":"https:\/\/mpr-labs.com\/it\/wp-json\/wp\/v2\/users\/2"}],"replies":[{"embeddable":true,"href":"https:\/\/mpr-labs.com\/it\/wp-json\/wp\/v2\/comments?post=2998"}],"version-history":[{"count":16,"href":"https:\/\/mpr-labs.com\/it\/wp-json\/wp\/v2\/pages\/2998\/revisions"}],"predecessor-version":[{"id":4703,"href":"https:\/\/mpr-labs.com\/it\/wp-json\/wp\/v2\/pages\/2998\/revisions\/4703"}],"wp:featuredmedia":[{"embeddable":true,"href":"https:\/\/mpr-labs.com\/it\/wp-json\/wp\/v2\/media\/3581"}],"wp:attachment":[{"href":"https:\/\/mpr-labs.com\/it\/wp-json\/wp\/v2\/media?parent=2998"}],"curies":[{"name":"wp","href":"https:\/\/api.w.org\/{rel}","templated":true}]}}