{"id":2493,"date":"2023-04-11T09:14:35","date_gmt":"2023-04-11T09:14:35","guid":{"rendered":"https:\/\/mpr-labs.com\/?page_id=2493"},"modified":"2025-04-17T12:52:46","modified_gmt":"2025-04-17T12:52:46","slug":"ricerca-cosmetica","status":"publish","type":"page","link":"https:\/\/mpr-labs.com\/it\/badania-kosmetykow\/","title":{"rendered":"Ricerca sui cosmetici"},"content":{"rendered":"<div data-elementor-type=\"wp-page\" data-elementor-id=\"2493\" class=\"elementor elementor-2493\">\n\t\t\t\t\t\t<section class=\"elementor-section elementor-top-section elementor-element elementor-element-d6ca3bc elementor-section-boxed elementor-section-height-default elementor-section-height-default\" data-id=\"d6ca3bc\" data-element_type=\"section\">\n\t\t\t\t\t\t<div class=\"elementor-container elementor-column-gap-default\">\n\t\t\t\t\t<div class=\"elementor-column elementor-col-100 elementor-top-column elementor-element elementor-element-5775e52\" data-id=\"5775e52\" data-element_type=\"column\">\n\t\t\t<div class=\"elementor-widget-wrap elementor-element-populated\">\n\t\t\t\t\t\t<div class=\"elementor-element elementor-element-4d82403 elementor-widget elementor-widget-html\" data-id=\"4d82403\" data-element_type=\"widget\" data-widget_type=\"html.default\">\n\t\t\t\t<div class=\"elementor-widget-container\">\n\t\t\t<div class=\"service-single-tab\" bis_skin_checked=\"1\">\n                            <ul class=\"nav\" id=\"pills-tab\" role=\"tablist\">\n\n                                                                    <li>\n                                        <button class=\"active\" id=\"\" data-bs-toggle=\"pill\" data-bs-target=\"#tab1\">Ricerca di base<\/button>\n                                    <\/li>\n                                                                    <li>\n                                        <button class=\"\" id=\"\" data-bs-toggle=\"pill\" data-bs-target=\"#tab2\">Ulteriori studi<\/button>\n                                    <\/li>\n                                                            <\/ul>\n                            <div class=\"tab-content\" id=\"pills-tabContent\" bis_skin_checked=\"1\">\n                                                                <div class=\"tab-pane fade show active\" id=\"tab1\" bis_skin_checked=\"1\">\n                                <ul>\n<li>Purezza microbiologica<\/li>\n<li><a href=\"https:\/\/mpr-labs.com\/it\/encyclopedia\/test-konserwacji\/\" target=\"_self\" title=\"Un test sui conservanti nell&#039;industria cosmetica \u00e8 un test per verificare l&#039;efficacia del conservante o del sistema conservante utilizzato per preservare un determinato prodotto. In pratica, questo test valuta se il conservante \u00e8 sufficientemente efficace nel prevenire la crescita di microrganismi nel prodotto, il che \u00e8 importante per la sicurezza dell&#039;utente. Viene effettuato in varie fasi della produzione e dello stoccaggio....\" class=\"encyclopedia\">Test di manutenzione<\/a> (Test di sfida)<\/li>\n<li>Stabilit\u00e0 e compatibilit\u00e0 della massa con l'imballaggio<\/li>\n<li>Test fisico-chimici sulla massa (pH, densit\u00e0, viscosit\u00e0, valutazione organolettica)<\/li>\n<li>Test di attivit\u00e0 dell'acqua<\/li>\n<li>PAO - Tempo di conservazione dopo l'apertura<\/li>\n<\/ul><\/div>\n                                                                <div class=\"tab-pane fade show\" id=\"tab2\" bis_skin_checked=\"1\">\n                                <ul>\n<li>Visite dermatologiche (dermatologia ordinaria, dermatologia estesa)<\/li>\n<li>Test di applicazione sotto controllo medico<\/li>\n<li>Test strumentali - Apparecchiatura<\/li>\n<li>Test SPF (in vivo, in vitro)<\/li>\n<li>Test di protezione IR, luce blu<\/li>\n<li>Propriet\u00e0 antiossidanti (in vivo, in vitro)<\/li>\n<li>Studio del microbioma<\/li>\n<li>Esame di ammissibilit\u00e0 del diritto consuetudinario halal<\/li>\n<li>Determinazione dei cannabinoidi<\/li>\n<li>Propriet\u00e0 antibatteriche<\/li>\n<li>Numero di perossidi<\/li>\n<li>Determinazione dei metalli pesanti<\/li>\n<li>Etichettatura degli allergeni<\/li>\n<\/ul><\/div>\n                                                            <\/div>\n                        <\/div>\t\t<\/div>\n\t\t\t\t<\/div>\n\t\t\t\t\t<\/div>\n\t\t<\/div>\n\t\t\t\t\t<\/div>\n\t\t<\/section>\n\t\t\t\t<section class=\"elementor-section elementor-top-section elementor-element elementor-element-788674f elementor-section-boxed elementor-section-height-default elementor-section-height-default\" data-id=\"788674f\" data-element_type=\"section\">\n\t\t\t\t\t\t<div class=\"elementor-container elementor-column-gap-default\">\n\t\t\t\t\t<div class=\"elementor-column elementor-col-100 elementor-top-column elementor-element elementor-element-7219353\" data-id=\"7219353\" data-element_type=\"column\">\n\t\t\t<div class=\"elementor-widget-wrap elementor-element-populated\">\n\t\t\t\t\t\t<div class=\"elementor-element elementor-element-fe221b4 elementor-widget elementor-widget-text-editor\" data-id=\"fe221b4\" data-element_type=\"widget\" data-widget_type=\"text-editor.default\">\n\t\t\t\t<div class=\"elementor-widget-container\">\n\t\t\t\t\t\t\t<p>Il nostro laboratorio \u00e8 specializzato nel campo della <strong>ricerca cosmetica<\/strong>fornendo servizi di altissima qualit\u00e0 ai produttori di cosmetici di tutto il mondo.<\/p><p>Siamo specializzati nella realizzazione di <strong>test completi sui cosmetici<\/strong>che includono test dermatologici, <a href=\"https:\/\/mpr-labs.com\/badania-mikrobiologiczne\/\">microbiologico<\/a>, chimica e <a href=\"https:\/\/mpr-labs.com\/badania-fizykochemiczne\/\">fisico-chimico<\/a>. Il nostro <strong>la ricerca aiuta i produttori di cosmetici<\/strong> garantire la sicurezza e l'efficacia dei suoi prodotti.<\/p><p><a href=\"https:\/\/mpr-labs.com\/\">Laboratorio MPR LABS<\/a> \u00e8 dotato di tecnologie e attrezzature all'avanguardia, che ci permettono di condurre ricerche con la massima precisione. Il nostro team \u00e8 composto da scienziati e tecnici esperti, sempre pronti ad affrontare le sfide della ricerca. <strong>ricerca cosmetica<\/strong>.<\/p>\t\t\t\t\t\t<\/div>\n\t\t\t\t<\/div>\n\t\t\t\t<div class=\"elementor-element elementor-element-73c279f elementor-widget elementor-widget-text-editor\" data-id=\"73c279f\" data-element_type=\"widget\" data-widget_type=\"text-editor.default\">\n\t\t\t\t<div class=\"elementor-widget-container\">\n\t\t\t\t\t\t\t<h2>Purezza microbiologica<\/h2><p style=\"padding-left: 40px;\"><strong>Ricerca effettuata secondo:<\/strong><\/p><ul><li style=\"list-style-type: none;\"><ul><li style=\"list-style-type: none;\"><ul><li style=\"list-style-type: none;\"><ul><li>EN ISO 21149 - Conta microbica totale<\/li><li>EN ISO 22718 - presenza di Staphylococcus aureus<\/li><li>EN ISO 22717 - presenza di Pseudomonas aeruginosa<\/li><li>EN ISO 18416 - presenza di Candida albicans<\/li><li>EN ISO 21150 - presenza di Escherichia coli<\/li><li>EN ISO 16212 - Conta delle muffe e dei lieviti<\/li><\/ul><\/li><\/ul><\/li><\/ul><\/li><\/ul><h2>Test di manutenzione<\/h2><p style=\"padding-left: 40px;\"><strong>Test secondo la norma EN ISO 11930<\/strong><\/p><h2>Test di efficacia antimicrobica<\/h2><h3 style=\"padding-left: 40px;\">Test di attivit\u00e0 antibatterica\/antifungina<\/h3><p style=\"padding-left: 80px;\">Disponiamo di una serie di microrganismi di riferimento provenienti da collezioni internazionali e polacche - PCM, DSM, CCM, ATCC. Questi includono batteri gram-positivi, batteri gram-negativi, ceppi batterici con meccanismi di resistenza a farmaci pericolosi (MRSA, HLAR, ESBL e altri), funghi simili a lieviti, muffe e dermatofiti. Forniamo assistenza nella selezione dei ceppi da analizzare e del metodo di analisi.<\/p><h4 style=\"padding-left: 40px;\">Valutazione dell'attivit\u00e0 contro Cutibacterium<\/h4><p style=\"padding-left: 80px;\">Utilizziamo ceppi di riferimento di Cutibacterium acnes, nonch\u00e9 ceppi isolati dal microbioma sano e dalle lesioni acneiche.<\/p><h4 style=\"padding-left: 40px;\">Test di attivit\u00e0 antimicotica contro i pi\u00f9 comuni patogeni responsabili delle micosi della pelle liscia e pelosa, delle unghie e delle mucose.<\/h4><p style=\"padding-left: 80px;\">Nei nostri studi utilizziamo ceppi di riferimento di Candida, Malassezia, Scopulariopsis e Aspergillus. La selezione dei ceppi da analizzare dipende dalla forma e dal metodo di applicazione del preparato.<\/p><h4 style=\"padding-left: 40px;\">Test sull'attivit\u00e0 antimicrobica dei preparati per l'igiene orale<\/h4><p style=\"padding-left: 80px;\">Utilizziamo ceppi di microrganismi responsabili di: formazione di lesioni cariose (genere Streptococcus), malattia parodontale (genere Porphyromonas ) e candidosi mucosa (genere Candida).<\/p><p style=\"padding-left: 40px;\"><strong>Test dell'attivit\u00e0 antimicrobica dei preparati per piedi, mani e unghie<\/strong><\/p><p style=\"padding-left: 80px;\">Nello studio sono stati utilizzati ceppi modello e ceppi isolati da materiale clinico: Pseudomonas aeuriginosa, Staphylococcus aurerus e i batteri gracile pi\u00f9 comunemente responsabili di questo tipo di malattia.<\/p><h2>Ricerca sul microbioma<\/h2><p style=\"padding-left: 40px;\"><strong>Lo studio viene eseguito in conformit\u00e0 alle raccomandazioni contenute nei seguenti documenti:<\/strong> Regolamento 2(CE) n. 1223\/2009 del Parlamento europeo e del Consiglio del 30 novembre 2009 sui prodotti cosmetici, Cosmetics Europe - The Personal Care Association Guidelines Product Test Guidelines for the Assessment of Human Skin Compatibility 1997, Cosmetics Europe - The Personal Care Association Guidelines for the Evaluation of the Efficacy of Cosmetic Products 2008.<\/p>\t\t\t\t\t\t<\/div>\n\t\t\t\t<\/div>\n\t\t\t\t\t<\/div>\n\t\t<\/div>\n\t\t\t\t\t<\/div>\n\t\t<\/section>\n\t\t\t\t<section class=\"elementor-section elementor-top-section elementor-element elementor-element-71dc925 elementor-section-boxed elementor-section-height-default elementor-section-height-default\" data-id=\"71dc925\" data-element_type=\"section\">\n\t\t\t\t\t\t<div class=\"elementor-container elementor-column-gap-default\">\n\t\t\t\t\t<div class=\"elementor-column elementor-col-100 elementor-top-column elementor-element elementor-element-beef0b7\" data-id=\"beef0b7\" data-element_type=\"column\">\n\t\t\t<div class=\"elementor-widget-wrap elementor-element-populated\">\n\t\t\t\t\t\t<div class=\"elementor-element elementor-element-130d17b elementor-widget elementor-widget-accordion\" data-id=\"130d17b\" data-element_type=\"widget\" data-widget_type=\"accordion.default\">\n\t\t\t\t<div class=\"elementor-widget-container\">\n\t\t\t\t\t<div class=\"elementor-accordion\">\n\t\t\t\t\t\t\t<div class=\"elementor-accordion-item\">\n\t\t\t\t\t<h5 id=\"elementor-tab-title-1991\" class=\"elementor-tab-title\" data-tab=\"1\" role=\"button\" aria-controls=\"elementor-tab-content-1991\" aria-expanded=\"false\">\n\t\t\t\t\t\t\t\t\t\t\t\t\t<span class=\"elementor-accordion-icon elementor-accordion-icon-left\" aria-hidden=\"true\">\n\t\t\t\t\t\t\t\t\t\t\t\t\t\t\t<span class=\"elementor-accordion-icon-closed\"><i class=\"fas fa-plus\"><\/i><\/span>\n\t\t\t\t\t\t\t\t<span class=\"elementor-accordion-icon-opened\"><i class=\"fas fa-minus\"><\/i><\/span>\n\t\t\t\t\t\t\t\t\t\t\t\t\t\t<\/span>\n\t\t\t\t\t\t\t\t\t\t\t\t<a class=\"elementor-accordion-title\" tabindex=\"0\">Quali tipi di test vengono effettuati sui cosmetici?<\/a>\n\t\t\t\t\t<\/h5>\n\t\t\t\t\t<div id=\"elementor-tab-content-1991\" class=\"elementor-tab-content elementor-clearfix\" data-tab=\"1\" role=\"region\" aria-labelledby=\"elementor-tab-title-1991\"><p>I test cosmetici comprendono test dermatologici, microbiologici, di applicazione, di stabilit\u00e0 e di efficacia, nonch\u00e9 test di sicurezza, come la valutazione delle reazioni allergiche o degli effetti sulla pelle e sui capelli.<\/p><\/div>\n\t\t\t\t<\/div>\n\t\t\t\t\t\t\t<div class=\"elementor-accordion-item\">\n\t\t\t\t\t<h5 id=\"elementor-tab-title-1992\" class=\"elementor-tab-title\" data-tab=\"2\" role=\"button\" aria-controls=\"elementor-tab-content-1992\" aria-expanded=\"false\">\n\t\t\t\t\t\t\t\t\t\t\t\t\t<span class=\"elementor-accordion-icon elementor-accordion-icon-left\" aria-hidden=\"true\">\n\t\t\t\t\t\t\t\t\t\t\t\t\t\t\t<span class=\"elementor-accordion-icon-closed\"><i class=\"fas fa-plus\"><\/i><\/span>\n\t\t\t\t\t\t\t\t<span class=\"elementor-accordion-icon-opened\"><i class=\"fas fa-minus\"><\/i><\/span>\n\t\t\t\t\t\t\t\t\t\t\t\t\t\t<\/span>\n\t\t\t\t\t\t\t\t\t\t\t\t<a class=\"elementor-accordion-title\" tabindex=\"0\">Qual \u00e8 il ruolo della Farmacopea statunitense nell'industria cosmetica?<\/a>\n\t\t\t\t\t<\/h5>\n\t\t\t\t\t<div id=\"elementor-tab-content-1992\" class=\"elementor-tab-content elementor-clearfix\" data-tab=\"2\" role=\"region\" aria-labelledby=\"elementor-tab-title-1992\">La U.S. Pharmacopeia (USP) \u00e8 l'organizzazione americana che sviluppa standard di qualit\u00e0 per le sostanze chimiche, compresi gli ingredienti cosmetici. Pubblica norme sulla purezza, la qualit\u00e0 e l'efficacia di queste sostanze, che influenzano le norme utilizzate nella produzione di cosmetici.<\/div>\n\t\t\t\t<\/div>\n\t\t\t\t\t\t\t\t<\/div>\n\t\t\t\t<\/div>\n\t\t\t\t<\/div>\n\t\t\t\t\t<\/div>\n\t\t<\/div>\n\t\t\t\t\t<\/div>\n\t\t<\/section>\n\t\t\t\t<\/div>","protected":false},"excerpt":{"rendered":"<p>Badania Podstawowe Badania Dodatkowe Czysto\u015b\u0107 mikrobiologiczna Test konserwacji (Challenge Test) Stabilno\u015b\u0107 i kompatybilno\u015b\u0107 masy z opakowaniem Badania fizykochemiczne masy (pH, g\u0119sto\u015b\u0107, lepko\u015b\u0107, ocena organoleptyczna) Badanie aktywno\u015bci wody PAO \u2013 Okres przydatno\u015bci po otwarciu Badania dermatologiczne (dermatologia zwyk\u0142a, rozszerzona) Badania aplikacyjne pod kontrol\u0105 lekarza specjalisty Badania instrumentalne \u2013 aparaturowe Badania SPF (in vivo, in vitro) Test [&hellip;]<\/p>\n","protected":false},"author":2,"featured_media":3571,"parent":0,"menu_order":0,"comment_status":"closed","ping_status":"closed","template":"page-templates\/service-single-2.php","meta":{"footnotes":""},"class_list":["post-2493","page","type-page","status-publish","format-standard","has-post-thumbnail","hentry"],"yoast_head":"<!-- This site is optimized with the Yoast SEO plugin v25.4 - https:\/\/yoast.com\/wordpress\/plugins\/seo\/ -->\n<title>Kompleksowe badania kosmetyk\u00f3w, laboratoryjne badania kosmetyczne | MPR Labs<\/title>\n<meta name=\"description\" content=\"Laboratorium MPR Labs \u015bwiadczy kompleksowe us\u0142ugi badania kosmetyk\u00f3w, oceny bezpiecze\u0144stwa oraz rejestracji kosmetyk\u00f3w w bazie CPNP.\" \/>\n<meta name=\"robots\" content=\"index, follow, max-snippet:-1, max-image-preview:large, max-video-preview:-1\" \/>\n<link rel=\"canonical\" href=\"https:\/\/mpr-labs.com\/it\/ricerca-cosmetica\/\" \/>\n<meta property=\"og:locale\" content=\"it_IT\" \/>\n<meta property=\"og:type\" content=\"article\" \/>\n<meta property=\"og:title\" content=\"Kompleksowe badania kosmetyk\u00f3w, laboratoryjne badania kosmetyczne | MPR Labs\" \/>\n<meta property=\"og:description\" content=\"Laboratorium MPR Labs \u015bwiadczy kompleksowe us\u0142ugi badania kosmetyk\u00f3w, oceny bezpiecze\u0144stwa oraz rejestracji kosmetyk\u00f3w w bazie CPNP.\" \/>\n<meta property=\"og:url\" content=\"https:\/\/mpr-labs.com\/it\/ricerca-cosmetica\/\" \/>\n<meta property=\"og:site_name\" content=\"MPR Labs\" \/>\n<meta property=\"article:publisher\" content=\"https:\/\/www.facebook.com\/MPRLabs\" \/>\n<meta property=\"article:modified_time\" content=\"2025-04-17T12:52:46+00:00\" \/>\n<meta property=\"og:image\" content=\"https:\/\/mpr-labs.com\/wp-content\/uploads\/2023\/08\/badania-kosmetykow-top-min.png\" \/>\n\t<meta property=\"og:image:width\" content=\"2100\" \/>\n\t<meta property=\"og:image:height\" content=\"788\" \/>\n\t<meta property=\"og:image:type\" content=\"image\/png\" \/>\n<meta name=\"twitter:card\" content=\"summary_large_image\" \/>\n<meta name=\"twitter:label1\" content=\"Tempo di lettura stimato\" \/>\n\t<meta name=\"twitter:data1\" content=\"4 minuti\" \/>\n<script type=\"application\/ld+json\" class=\"yoast-schema-graph\">{\"@context\":\"https:\/\/schema.org\",\"@graph\":[{\"@type\":\"WebPage\",\"@id\":\"https:\/\/mpr-labs.com\/badania-kosmetykow\/\",\"url\":\"https:\/\/mpr-labs.com\/badania-kosmetykow\/\",\"name\":\"Kompleksowe badania kosmetyk\u00f3w, laboratoryjne badania kosmetyczne | MPR Labs\",\"isPartOf\":{\"@id\":\"https:\/\/mpr-labs.com\/#website\"},\"primaryImageOfPage\":{\"@id\":\"https:\/\/mpr-labs.com\/badania-kosmetykow\/#primaryimage\"},\"image\":{\"@id\":\"https:\/\/mpr-labs.com\/badania-kosmetykow\/#primaryimage\"},\"thumbnailUrl\":\"https:\/\/mpr-labs.com\/wp-content\/uploads\/2023\/08\/badania-kosmetykow-top-min.png\",\"datePublished\":\"2023-04-11T09:14:35+00:00\",\"dateModified\":\"2025-04-17T12:52:46+00:00\",\"description\":\"Laboratorium MPR Labs \u015bwiadczy kompleksowe us\u0142ugi badania kosmetyk\u00f3w, oceny bezpiecze\u0144stwa oraz rejestracji kosmetyk\u00f3w w bazie CPNP.\",\"breadcrumb\":{\"@id\":\"https:\/\/mpr-labs.com\/badania-kosmetykow\/#breadcrumb\"},\"inLanguage\":\"it-IT\",\"potentialAction\":[{\"@type\":\"ReadAction\",\"target\":[\"https:\/\/mpr-labs.com\/badania-kosmetykow\/\"]}]},{\"@type\":\"ImageObject\",\"inLanguage\":\"it-IT\",\"@id\":\"https:\/\/mpr-labs.com\/badania-kosmetykow\/#primaryimage\",\"url\":\"https:\/\/mpr-labs.com\/wp-content\/uploads\/2023\/08\/badania-kosmetykow-top-min.png\",\"contentUrl\":\"https:\/\/mpr-labs.com\/wp-content\/uploads\/2023\/08\/badania-kosmetykow-top-min.png\",\"width\":2100,\"height\":788,\"caption\":\"Badania Kosmetyk\u00f3w - MPR Labs\"},{\"@type\":\"BreadcrumbList\",\"@id\":\"https:\/\/mpr-labs.com\/badania-kosmetykow\/#breadcrumb\",\"itemListElement\":[{\"@type\":\"ListItem\",\"position\":1,\"name\":\"Strona g\u0142\u00f3wna\",\"item\":\"https:\/\/mpr-labs.com\/\"},{\"@type\":\"ListItem\",\"position\":2,\"name\":\"Badania kosmetyk\u00f3w\"}]},{\"@type\":\"WebSite\",\"@id\":\"https:\/\/mpr-labs.com\/#website\",\"url\":\"https:\/\/mpr-labs.com\/\",\"name\":\"MPR Labs\",\"description\":\"MPR Labs - Laboratorium Kosmetyczne\",\"publisher\":{\"@id\":\"https:\/\/mpr-labs.com\/#organization\"},\"potentialAction\":[{\"@type\":\"SearchAction\",\"target\":{\"@type\":\"EntryPoint\",\"urlTemplate\":\"https:\/\/mpr-labs.com\/?s={search_term_string}\"},\"query-input\":{\"@type\":\"PropertyValueSpecification\",\"valueRequired\":true,\"valueName\":\"search_term_string\"}}],\"inLanguage\":\"it-IT\"},{\"@type\":\"Organization\",\"@id\":\"https:\/\/mpr-labs.com\/#organization\",\"name\":\"MPR Labs Sp. z o.o.\",\"alternateName\":\"MPR Labs\",\"url\":\"https:\/\/mpr-labs.com\/\",\"logo\":{\"@type\":\"ImageObject\",\"inLanguage\":\"it-IT\",\"@id\":\"https:\/\/mpr-labs.com\/#\/schema\/logo\/image\/\",\"url\":\"https:\/\/mpr-labs.com\/wp-content\/uploads\/2023\/05\/logo-new.png\",\"contentUrl\":\"https:\/\/mpr-labs.com\/wp-content\/uploads\/2023\/05\/logo-new.png\",\"width\":1150,\"height\":328,\"caption\":\"MPR Labs Sp. z o.o.\"},\"image\":{\"@id\":\"https:\/\/mpr-labs.com\/#\/schema\/logo\/image\/\"},\"sameAs\":[\"https:\/\/www.facebook.com\/MPRLabs\",\"https:\/\/www.linkedin.com\/company\/mpr-labs\/\"]}]}<\/script>\n<!-- \/ Yoast SEO plugin. -->","yoast_head_json":{"title":"Test cosmetici completi, test cosmetici di laboratorio | MPR Labs","description":"MPR Labs fornisce servizi completi per i test sui cosmetici, la valutazione della sicurezza e la registrazione dei cosmetici nel database CPNP.","robots":{"index":"index","follow":"follow","max-snippet":"max-snippet:-1","max-image-preview":"max-image-preview:large","max-video-preview":"max-video-preview:-1"},"canonical":"https:\/\/mpr-labs.com\/it\/ricerca-cosmetica\/","og_locale":"it_IT","og_type":"article","og_title":"Kompleksowe badania kosmetyk\u00f3w, laboratoryjne badania kosmetyczne | MPR Labs","og_description":"Laboratorium MPR Labs \u015bwiadczy kompleksowe us\u0142ugi badania kosmetyk\u00f3w, oceny bezpiecze\u0144stwa oraz rejestracji kosmetyk\u00f3w w bazie CPNP.","og_url":"https:\/\/mpr-labs.com\/it\/ricerca-cosmetica\/","og_site_name":"MPR Labs","article_publisher":"https:\/\/www.facebook.com\/MPRLabs","article_modified_time":"2025-04-17T12:52:46+00:00","og_image":[{"width":2100,"height":788,"url":"https:\/\/mpr-labs.com\/wp-content\/uploads\/2023\/08\/badania-kosmetykow-top-min.png","type":"image\/png"}],"twitter_card":"summary_large_image","twitter_misc":{"Tempo di lettura stimato":"4 minuti"},"schema":{"@context":"https:\/\/schema.org","@graph":[{"@type":"WebPage","@id":"https:\/\/mpr-labs.com\/badania-kosmetykow\/","url":"https:\/\/mpr-labs.com\/badania-kosmetykow\/","name":"Test cosmetici completi, test cosmetici di laboratorio | MPR Labs","isPartOf":{"@id":"https:\/\/mpr-labs.com\/#website"},"primaryImageOfPage":{"@id":"https:\/\/mpr-labs.com\/badania-kosmetykow\/#primaryimage"},"image":{"@id":"https:\/\/mpr-labs.com\/badania-kosmetykow\/#primaryimage"},"thumbnailUrl":"https:\/\/mpr-labs.com\/wp-content\/uploads\/2023\/08\/badania-kosmetykow-top-min.png","datePublished":"2023-04-11T09:14:35+00:00","dateModified":"2025-04-17T12:52:46+00:00","description":"MPR Labs fornisce servizi completi per i test sui cosmetici, la valutazione della sicurezza e la registrazione dei cosmetici nel database CPNP.","breadcrumb":{"@id":"https:\/\/mpr-labs.com\/badania-kosmetykow\/#breadcrumb"},"inLanguage":"it-IT","potentialAction":[{"@type":"ReadAction","target":["https:\/\/mpr-labs.com\/badania-kosmetykow\/"]}]},{"@type":"ImageObject","inLanguage":"it-IT","@id":"https:\/\/mpr-labs.com\/badania-kosmetykow\/#primaryimage","url":"https:\/\/mpr-labs.com\/wp-content\/uploads\/2023\/08\/badania-kosmetykow-top-min.png","contentUrl":"https:\/\/mpr-labs.com\/wp-content\/uploads\/2023\/08\/badania-kosmetykow-top-min.png","width":2100,"height":788,"caption":"Badania Kosmetyk\u00f3w - MPR Labs"},{"@type":"BreadcrumbList","@id":"https:\/\/mpr-labs.com\/badania-kosmetykow\/#breadcrumb","itemListElement":[{"@type":"ListItem","position":1,"name":"Strona g\u0142\u00f3wna","item":"https:\/\/mpr-labs.com\/"},{"@type":"ListItem","position":2,"name":"Badania kosmetyk\u00f3w"}]},{"@type":"WebSite","@id":"https:\/\/mpr-labs.com\/#website","url":"https:\/\/mpr-labs.com\/","name":"Laboratori MPR","description":"Laboratori MPR - Laboratorio di cosmetica","publisher":{"@id":"https:\/\/mpr-labs.com\/#organization"},"potentialAction":[{"@type":"SearchAction","target":{"@type":"EntryPoint","urlTemplate":"https:\/\/mpr-labs.com\/?s={search_term_string}"},"query-input":{"@type":"PropertyValueSpecification","valueRequired":true,"valueName":"search_term_string"}}],"inLanguage":"it-IT"},{"@type":"Organization","@id":"https:\/\/mpr-labs.com\/#organization","name":"MPR Labs Sp. z o.o.","alternateName":"MPR Labs","url":"https:\/\/mpr-labs.com\/","logo":{"@type":"ImageObject","inLanguage":"it-IT","@id":"https:\/\/mpr-labs.com\/#\/schema\/logo\/image\/","url":"https:\/\/mpr-labs.com\/wp-content\/uploads\/2023\/05\/logo-new.png","contentUrl":"https:\/\/mpr-labs.com\/wp-content\/uploads\/2023\/05\/logo-new.png","width":1150,"height":328,"caption":"MPR Labs Sp. z o.o."},"image":{"@id":"https:\/\/mpr-labs.com\/#\/schema\/logo\/image\/"},"sameAs":["https:\/\/www.facebook.com\/MPRLabs","https:\/\/www.linkedin.com\/company\/mpr-labs\/"]}]}},"_links":{"self":[{"href":"https:\/\/mpr-labs.com\/it\/wp-json\/wp\/v2\/pages\/2493","targetHints":{"allow":["GET"]}}],"collection":[{"href":"https:\/\/mpr-labs.com\/it\/wp-json\/wp\/v2\/pages"}],"about":[{"href":"https:\/\/mpr-labs.com\/it\/wp-json\/wp\/v2\/types\/page"}],"author":[{"embeddable":true,"href":"https:\/\/mpr-labs.com\/it\/wp-json\/wp\/v2\/users\/2"}],"replies":[{"embeddable":true,"href":"https:\/\/mpr-labs.com\/it\/wp-json\/wp\/v2\/comments?post=2493"}],"version-history":[{"count":97,"href":"https:\/\/mpr-labs.com\/it\/wp-json\/wp\/v2\/pages\/2493\/revisions"}],"predecessor-version":[{"id":4638,"href":"https:\/\/mpr-labs.com\/it\/wp-json\/wp\/v2\/pages\/2493\/revisions\/4638"}],"wp:featuredmedia":[{"embeddable":true,"href":"https:\/\/mpr-labs.com\/it\/wp-json\/wp\/v2\/media\/3571"}],"wp:attachment":[{"href":"https:\/\/mpr-labs.com\/it\/wp-json\/wp\/v2\/media?parent=2493"}],"curies":[{"name":"wp","href":"https:\/\/api.w.org\/{rel}","templated":true}]}}