{"id":2386,"date":"2021-05-23T19:04:56","date_gmt":"2021-05-23T19:04:56","guid":{"rendered":"https:\/\/products.wp-ts.com\/merito\/wp-dev\/?page_id=15"},"modified":"2021-05-23T19:04:56","modified_gmt":"2021-05-23T19:04:56","slug":"servizi","status":"publish","type":"page","link":"https:\/\/mpr-labs.com\/it\/services\/","title":{"rendered":"Servizi"},"content":{"rendered":"<div data-elementor-type=\"wp-page\" data-elementor-id=\"2386\" class=\"elementor elementor-2386\">\n\t\t\t\t\t\t<section class=\"elementor-section elementor-top-section elementor-element elementor-element-54595a1 elementor-section-full_width elementor-section-height-default elementor-section-height-default\" data-id=\"54595a1\" data-element_type=\"section\">\n\t\t\t\t\t\t<div class=\"elementor-container elementor-column-gap-default\">\n\t\t\t\t\t<div class=\"elementor-column elementor-col-100 elementor-top-column elementor-element elementor-element-36ad755\" data-id=\"36ad755\" data-element_type=\"column\">\n\t\t\t<div class=\"elementor-widget-wrap elementor-element-populated\">\n\t\t\t\t\t\t<div class=\"elementor-element elementor-element-82d989c elementor-widget elementor-widget-services-two\" data-id=\"82d989c\" data-element_type=\"widget\" data-widget_type=\"services-two.default\">\n\t\t\t\t<div class=\"elementor-widget-container\">\n\t\t\t        <!-- start services-section -->\n        <section class=\"services-pg-section sec-padding-bottom\">\n            <div class=\"container\">\n                <div class=\"row\">\n                    <div class=\"col col-lg-8\">\n                        <div class=\"section-title-s2\">\n\t\t\t\t\t\t\t                            \t<span>I nostri servizi<\/span>\n\t\t\t\t\t\t\t\t\t\t\t\t\t\t                            \t<h1>soluzioni di forma aziendale<\/h1>\n\t\t\t\t\t\t\t\t\t\t\t\t\t\t                        <\/div>\n                    <\/div>\n                <\/div>\n\n\t\t\t\t<div class=\"row\">\n                    <div class=\"col col-xs-12\">\n                        <div class=\"services-grid clearfix\">\n\t\t\t\t\t\t\t\t\t\t\t\t\t\t\t<div class=\"grid\">\n\t\t\t\t\t\t\t\t\t\t\t\t\t\t\t\t\t\t\t<div class=\"icon\">\n\t\t\t\t\t\t\t\t\t\t\t<i class=\"fi flaticon-bill\"><\/i>\n\t\t\t\t\t\t\t\t\t\t<\/div>\n\t\t\t\t\t\t\t\t\t\t\t\t\t\t\t\t\t\t\t\t\t\t\t\t\t\t\t\t<h5>\n\t\t\t\t\t\t\t\t\t\t\t<a href=\"https:\/\/products.wp-ts.com\/merito\/wp\/live-preview\/market-research\/\">\n\t\t\t\t\t\t\t\t\t\t\t\tFinanza aziendale\t\t\t\t\t\t\t\t\t\t\t<\/a>\n\t\t\t\t\t\t\t\t\t\t<\/h5>\n\t\t\t\t\t\t\t\t\t\t\t\t\t\t\t\t\t\t\t\t\t\t\t\t\t\t\t\t<p>Mentre guardava impotente, pens\u00f2 che non era un sogno, ma un consiglio per la stanza.<\/p>\n\t\t\t\t\t\t\t\t\t\t\t\t\t\t\t\t\t<\/div>\n\t\t\t\t\t\t\t\t\t\t\t\t\t\t\t<div class=\"grid\">\n\t\t\t\t\t\t\t\t\t\t\t\t\t\t\t\t\t\t\t<div class=\"icon\">\n\t\t\t\t\t\t\t\t\t\t\t<i class=\"fi flaticon-bars\"><\/i>\n\t\t\t\t\t\t\t\t\t\t<\/div>\n\t\t\t\t\t\t\t\t\t\t\t\t\t\t\t\t\t\t\t\t\t\t\t\t\t\t\t\t<h5>\n\t\t\t\t\t\t\t\t\t\t\t<a href=\"https:\/\/products.wp-ts.com\/merito\/wp\/live-preview\/market-research\/\">\n\t\t\t\t\t\t\t\t\t\t\t\tRicerca di mercato\t\t\t\t\t\t\t\t\t\t\t<\/a>\n\t\t\t\t\t\t\t\t\t\t<\/h5>\n\t\t\t\t\t\t\t\t\t\t\t\t\t\t\t\t\t\t\t\t\t\t\t\t\t\t\t\t<p>Mentre guardava impotente, pens\u00f2 che non era un sogno, ma un consiglio per la stanza.<\/p>\n\t\t\t\t\t\t\t\t\t\t\t\t\t\t\t\t\t<\/div>\n\t\t\t\t\t\t\t\t\t\t\t\t\t\t\t<div class=\"grid\">\n\t\t\t\t\t\t\t\t\t\t\t\t\t\t\t\t\t\t\t<div class=\"icon\">\n\t\t\t\t\t\t\t\t\t\t\t<i class=\"fi flaticon-growth\"><\/i>\n\t\t\t\t\t\t\t\t\t\t<\/div>\n\t\t\t\t\t\t\t\t\t\t\t\t\t\t\t\t\t\t\t\t\t\t\t\t\t\t\t\t<h5>\n\t\t\t\t\t\t\t\t\t\t\t<a href=\"https:\/\/products.wp-ts.com\/merito\/wp\/live-preview\/market-research\/\">\n\t\t\t\t\t\t\t\t\t\t\t\tServizio di consulenza\t\t\t\t\t\t\t\t\t\t\t<\/a>\n\t\t\t\t\t\t\t\t\t\t<\/h5>\n\t\t\t\t\t\t\t\t\t\t\t\t\t\t\t\t\t\t\t\t\t\t\t\t\t\t\t\t<p>Mentre guardava impotente, pens\u00f2 che non era un sogno, ma un consiglio per la stanza.<\/p>\n\t\t\t\t\t\t\t\t\t\t\t\t\t\t\t\t\t<\/div>\n\t\t\t\t\t\t\t\t\t\t\t\t\t\t\t<div class=\"grid\">\n\t\t\t\t\t\t\t\t\t\t\t\t\t\t\t\t\t\t\t<div class=\"icon\">\n\t\t\t\t\t\t\t\t\t\t\t<i class=\"fi flaticon-wealth\"><\/i>\n\t\t\t\t\t\t\t\t\t\t<\/div>\n\t\t\t\t\t\t\t\t\t\t\t\t\t\t\t\t\t\t\t\t\t\t\t\t\t\t\t\t<h5>\n\t\t\t\t\t\t\t\t\t\t\t<a href=\"https:\/\/products.wp-ts.com\/merito\/wp\/live-preview\/market-research\/\">\n\t\t\t\t\t\t\t\t\t\t\t\tGestione degli investimenti\t\t\t\t\t\t\t\t\t\t\t<\/a>\n\t\t\t\t\t\t\t\t\t\t<\/h5>\n\t\t\t\t\t\t\t\t\t\t\t\t\t\t\t\t\t\t\t\t\t\t\t\t\t\t\t\t<p>Mentre guardava impotente, pens\u00f2 che non era un sogno, ma un consiglio per la stanza.<\/p>\n\t\t\t\t\t\t\t\t\t\t\t\t\t\t\t\t\t<\/div>\n\t\t\t\t\t\t\t\t\t\t\t\t\t\t\t<div class=\"grid\">\n\t\t\t\t\t\t\t\t\t\t\t\t\t\t\t\t\t\t\t<div class=\"icon\">\n\t\t\t\t\t\t\t\t\t\t\t<i class=\"fi flaticon-tech\"><\/i>\n\t\t\t\t\t\t\t\t\t\t<\/div>\n\t\t\t\t\t\t\t\t\t\t\t\t\t\t\t\t\t\t\t\t\t\t\t\t\t\t\t\t<h5>\n\t\t\t\t\t\t\t\t\t\t\t<a href=\"https:\/\/products.wp-ts.com\/merito\/wp\/live-preview\/market-research\/\">\n\t\t\t\t\t\t\t\t\t\t\t\tFinanza aziendale\t\t\t\t\t\t\t\t\t\t\t<\/a>\n\t\t\t\t\t\t\t\t\t\t<\/h5>\n\t\t\t\t\t\t\t\t\t\t\t\t\t\t\t\t\t\t\t\t\t\t\t\t\t\t\t\t<p>Mentre guardava impotente, pens\u00f2 che non era un sogno, ma un consiglio per la stanza.<\/p>\n\t\t\t\t\t\t\t\t\t\t\t\t\t\t\t\t\t<\/div>\n\t\t\t\t\t\t\t\t\t\t\t\t\t\t\t<div class=\"grid\">\n\t\t\t\t\t\t\t\t\t\t\t\t\t\t\t\t\t\t\t<div class=\"icon\">\n\t\t\t\t\t\t\t\t\t\t\t<i class=\"fi flaticon-globe\"><\/i>\n\t\t\t\t\t\t\t\t\t\t<\/div>\n\t\t\t\t\t\t\t\t\t\t\t\t\t\t\t\t\t\t\t\t\t\t\t\t\t\t\t\t<h5>\n\t\t\t\t\t\t\t\t\t\t\t<a href=\"https:\/\/products.wp-ts.com\/merito\/wp\/live-preview\/market-research\/\">\n\t\t\t\t\t\t\t\t\t\t\t\tFinanza aziendale\t\t\t\t\t\t\t\t\t\t\t<\/a>\n\t\t\t\t\t\t\t\t\t\t<\/h5>\n\t\t\t\t\t\t\t\t\t\t\t\t\t\t\t\t\t\t\t\t\t\t\t\t\t\t\t\t<p>Mentre guardava impotente, pens\u00f2 che non era un sogno, ma un consiglio per la stanza.<\/p>\n\t\t\t\t\t\t\t\t\t\t\t\t\t\t\t\t\t<\/div>\n\t\t\t\t\t\t\t\t\t\t\t\t\t\t\t<div class=\"grid\">\n\t\t\t\t\t\t\t\t\t\t\t\t\t\t\t\t\t\t\t<div class=\"icon\">\n\t\t\t\t\t\t\t\t\t\t\t<i class=\"fi flaticon-data-analytics\"><\/i>\n\t\t\t\t\t\t\t\t\t\t<\/div>\n\t\t\t\t\t\t\t\t\t\t\t\t\t\t\t\t\t\t\t\t\t\t\t\t\t\t\t\t<h5>\n\t\t\t\t\t\t\t\t\t\t\t<a href=\"https:\/\/products.wp-ts.com\/merito\/wp\/live-preview\/market-research\/\">\n\t\t\t\t\t\t\t\t\t\t\t\tFinanza aziendale\t\t\t\t\t\t\t\t\t\t\t<\/a>\n\t\t\t\t\t\t\t\t\t\t<\/h5>\n\t\t\t\t\t\t\t\t\t\t\t\t\t\t\t\t\t\t\t\t\t\t\t\t\t\t\t\t<p>Mentre guardava impotente, pens\u00f2 che non era un sogno, ma un consiglio per la stanza.<\/p>\n\t\t\t\t\t\t\t\t\t\t\t\t\t\t\t\t\t<\/div>\n\t\t\t\t\t\t\t\t\t\t\t\t\t\t\t<div class=\"grid\">\n\t\t\t\t\t\t\t\t\t\t\t\t\t\t\t\t\t\t\t<div class=\"icon\">\n\t\t\t\t\t\t\t\t\t\t\t<i class=\"fi flaticon-globe\"><\/i>\n\t\t\t\t\t\t\t\t\t\t<\/div>\n\t\t\t\t\t\t\t\t\t\t\t\t\t\t\t\t\t\t\t\t\t\t\t\t\t\t\t\t<h5>\n\t\t\t\t\t\t\t\t\t\t\t<a href=\"https:\/\/products.wp-ts.com\/merito\/wp\/live-preview\/market-research\/\">\n\t\t\t\t\t\t\t\t\t\t\t\tFinanza aziendale\t\t\t\t\t\t\t\t\t\t\t<\/a>\n\t\t\t\t\t\t\t\t\t\t<\/h5>\n\t\t\t\t\t\t\t\t\t\t\t\t\t\t\t\t\t\t\t\t\t\t\t\t\t\t\t\t<p>Mentre guardava impotente, pens\u00f2 che non era un sogno, ma un consiglio per la stanza.<\/p>\n\t\t\t\t\t\t\t\t\t\t\t\t\t\t\t\t\t<\/div>\n\t\t\t\t\t\t\t\t\t\t\t\t\t<\/div>\n\t\t\t\t\t<\/div>\n\t\t\t\t<\/div>\n            <\/div> <!-- end container -->\n        <\/section>\n        <!-- end services-section -->\n\t\t\t\t<\/div>\n\t\t\t\t<\/div>\n\t\t\t\t\t<\/div>\n\t\t<\/div>\n\t\t\t\t\t<\/div>\n\t\t<\/section>\n\t\t\t\t<\/div>","protected":false},"excerpt":{"rendered":"<p>Our services business shaped solutions Corporate Finance Delplessly as he looked he thought wasn&#039;t a dream is room advice Market Research Delplessly as he looked he thought wasn&#039;t a dream is room advice Consulting Service Delplessly as he looked he thought wasn&#039;t a dream is room advice Investment Management Delplessly as he looked he thought [&hellip;]<\/p>\n","protected":false},"author":2,"featured_media":426,"parent":0,"menu_order":0,"comment_status":"closed","ping_status":"closed","template":"","meta":{"footnotes":""},"class_list":["post-2386","page","type-page","status-publish","format-standard","has-post-thumbnail","hentry"],"yoast_head":"<!-- This site is optimized with the Yoast SEO plugin v25.4 - https:\/\/yoast.com\/wordpress\/plugins\/seo\/ -->\n<title>Services - Odkryj Nasz\u0105 Kompleksow\u0105 Ofert\u0119 Us\u0142ug Badawczych dla Twoich Produkt\u00f3w Kosmetycznych i Dezynfekcyjnych<\/title>\n<meta name=\"robots\" content=\"index, follow, max-snippet:-1, max-image-preview:large, max-video-preview:-1\" \/>\n<link rel=\"canonical\" href=\"https:\/\/mpr-labs.com\/it\/servizi\/\" \/>\n<meta property=\"og:locale\" content=\"it_IT\" \/>\n<meta property=\"og:type\" content=\"article\" \/>\n<meta property=\"og:title\" content=\"Services - Odkryj Nasz\u0105 Kompleksow\u0105 Ofert\u0119 Us\u0142ug Badawczych dla Twoich Produkt\u00f3w Kosmetycznych i Dezynfekcyjnych\" \/>\n<meta property=\"og:description\" content=\"Our services business shaped solutions Corporate Finance Delplessly as he looked he thought wasn&#039;t a dream is room advice Market Research Delplessly as he looked he thought wasn&#039;t a dream is room advice Consulting Service Delplessly as he looked he thought wasn&#039;t a dream is room advice Investment Management Delplessly as he looked he thought [&hellip;]\" \/>\n<meta property=\"og:url\" content=\"https:\/\/mpr-labs.com\/it\/servizi\/\" \/>\n<meta property=\"og:site_name\" content=\"MPR Labs\" \/>\n<meta property=\"article:publisher\" content=\"https:\/\/www.facebook.com\/MPRLabs\" \/>\n<meta property=\"og:image\" content=\"https:\/\/mpr-labs.com\/wp-content\/uploads\/2021\/06\/page-title.jpg\" \/>\n\t<meta property=\"og:image:width\" content=\"1740\" \/>\n\t<meta property=\"og:image:height\" content=\"458\" \/>\n\t<meta property=\"og:image:type\" content=\"image\/jpeg\" \/>\n<meta name=\"twitter:card\" content=\"summary_large_image\" \/>\n<meta name=\"twitter:label1\" content=\"Tempo di lettura stimato\" \/>\n\t<meta name=\"twitter:data1\" content=\"1 minuto\" \/>\n<script type=\"application\/ld+json\" class=\"yoast-schema-graph\">{\"@context\":\"https:\/\/schema.org\",\"@graph\":[{\"@type\":\"WebPage\",\"@id\":\"https:\/\/mpr-labs.com\/services\/\",\"url\":\"https:\/\/mpr-labs.com\/services\/\",\"name\":\"Services - Odkryj Nasz\u0105 Kompleksow\u0105 Ofert\u0119 Us\u0142ug Badawczych dla Twoich Produkt\u00f3w Kosmetycznych i Dezynfekcyjnych\",\"isPartOf\":{\"@id\":\"https:\/\/mpr-labs.com\/#website\"},\"primaryImageOfPage\":{\"@id\":\"https:\/\/mpr-labs.com\/services\/#primaryimage\"},\"image\":{\"@id\":\"https:\/\/mpr-labs.com\/services\/#primaryimage\"},\"thumbnailUrl\":\"https:\/\/mpr-labs.com\/wp-content\/uploads\/2021\/06\/page-title.jpg\",\"datePublished\":\"2021-05-23T19:04:56+00:00\",\"breadcrumb\":{\"@id\":\"https:\/\/mpr-labs.com\/services\/#breadcrumb\"},\"inLanguage\":\"it-IT\",\"potentialAction\":[{\"@type\":\"ReadAction\",\"target\":[\"https:\/\/mpr-labs.com\/services\/\"]}]},{\"@type\":\"ImageObject\",\"inLanguage\":\"it-IT\",\"@id\":\"https:\/\/mpr-labs.com\/services\/#primaryimage\",\"url\":\"https:\/\/mpr-labs.com\/wp-content\/uploads\/2021\/06\/page-title.jpg\",\"contentUrl\":\"https:\/\/mpr-labs.com\/wp-content\/uploads\/2021\/06\/page-title.jpg\",\"width\":1740,\"height\":458},{\"@type\":\"BreadcrumbList\",\"@id\":\"https:\/\/mpr-labs.com\/services\/#breadcrumb\",\"itemListElement\":[{\"@type\":\"ListItem\",\"position\":1,\"name\":\"Strona g\u0142\u00f3wna\",\"item\":\"https:\/\/mpr-labs.com\/\"},{\"@type\":\"ListItem\",\"position\":2,\"name\":\"Services\"}]},{\"@type\":\"WebSite\",\"@id\":\"https:\/\/mpr-labs.com\/#website\",\"url\":\"https:\/\/mpr-labs.com\/\",\"name\":\"MPR Labs\",\"description\":\"MPR Labs - Laboratorium Kosmetyczne\",\"publisher\":{\"@id\":\"https:\/\/mpr-labs.com\/#organization\"},\"potentialAction\":[{\"@type\":\"SearchAction\",\"target\":{\"@type\":\"EntryPoint\",\"urlTemplate\":\"https:\/\/mpr-labs.com\/?s={search_term_string}\"},\"query-input\":{\"@type\":\"PropertyValueSpecification\",\"valueRequired\":true,\"valueName\":\"search_term_string\"}}],\"inLanguage\":\"it-IT\"},{\"@type\":\"Organization\",\"@id\":\"https:\/\/mpr-labs.com\/#organization\",\"name\":\"MPR Labs Sp. z o.o.\",\"alternateName\":\"MPR Labs\",\"url\":\"https:\/\/mpr-labs.com\/\",\"logo\":{\"@type\":\"ImageObject\",\"inLanguage\":\"it-IT\",\"@id\":\"https:\/\/mpr-labs.com\/#\/schema\/logo\/image\/\",\"url\":\"https:\/\/mpr-labs.com\/wp-content\/uploads\/2023\/05\/logo-new.png\",\"contentUrl\":\"https:\/\/mpr-labs.com\/wp-content\/uploads\/2023\/05\/logo-new.png\",\"width\":1150,\"height\":328,\"caption\":\"MPR Labs Sp. z o.o.\"},\"image\":{\"@id\":\"https:\/\/mpr-labs.com\/#\/schema\/logo\/image\/\"},\"sameAs\":[\"https:\/\/www.facebook.com\/MPRLabs\",\"https:\/\/www.linkedin.com\/company\/mpr-labs\/\"]}]}<\/script>\n<!-- \/ Yoast SEO plugin. -->","yoast_head_json":{"title":"Servizi - Scoprite la nostra gamma completa di servizi di analisi per i vostri prodotti cosmetici e disinfettanti","robots":{"index":"index","follow":"follow","max-snippet":"max-snippet:-1","max-image-preview":"max-image-preview:large","max-video-preview":"max-video-preview:-1"},"canonical":"https:\/\/mpr-labs.com\/it\/servizi\/","og_locale":"it_IT","og_type":"article","og_title":"Services - Odkryj Nasz\u0105 Kompleksow\u0105 Ofert\u0119 Us\u0142ug Badawczych dla Twoich Produkt\u00f3w Kosmetycznych i Dezynfekcyjnych","og_description":"Our services business shaped solutions Corporate Finance Delplessly as he looked he thought wasn&#039;t a dream is room advice Market Research Delplessly as he looked he thought wasn&#039;t a dream is room advice Consulting Service Delplessly as he looked he thought wasn&#039;t a dream is room advice Investment Management Delplessly as he looked he thought [&hellip;]","og_url":"https:\/\/mpr-labs.com\/it\/servizi\/","og_site_name":"MPR Labs","article_publisher":"https:\/\/www.facebook.com\/MPRLabs","og_image":[{"width":1740,"height":458,"url":"https:\/\/mpr-labs.com\/wp-content\/uploads\/2021\/06\/page-title.jpg","type":"image\/jpeg"}],"twitter_card":"summary_large_image","twitter_misc":{"Tempo di lettura stimato":"1 minuto"},"schema":{"@context":"https:\/\/schema.org","@graph":[{"@type":"WebPage","@id":"https:\/\/mpr-labs.com\/services\/","url":"https:\/\/mpr-labs.com\/services\/","name":"Servizi - Scoprite la nostra gamma completa di servizi di analisi per i vostri prodotti cosmetici e disinfettanti","isPartOf":{"@id":"https:\/\/mpr-labs.com\/#website"},"primaryImageOfPage":{"@id":"https:\/\/mpr-labs.com\/services\/#primaryimage"},"image":{"@id":"https:\/\/mpr-labs.com\/services\/#primaryimage"},"thumbnailUrl":"https:\/\/mpr-labs.com\/wp-content\/uploads\/2021\/06\/page-title.jpg","datePublished":"2021-05-23T19:04:56+00:00","breadcrumb":{"@id":"https:\/\/mpr-labs.com\/services\/#breadcrumb"},"inLanguage":"it-IT","potentialAction":[{"@type":"ReadAction","target":["https:\/\/mpr-labs.com\/services\/"]}]},{"@type":"ImageObject","inLanguage":"it-IT","@id":"https:\/\/mpr-labs.com\/services\/#primaryimage","url":"https:\/\/mpr-labs.com\/wp-content\/uploads\/2021\/06\/page-title.jpg","contentUrl":"https:\/\/mpr-labs.com\/wp-content\/uploads\/2021\/06\/page-title.jpg","width":1740,"height":458},{"@type":"BreadcrumbList","@id":"https:\/\/mpr-labs.com\/services\/#breadcrumb","itemListElement":[{"@type":"ListItem","position":1,"name":"Strona g\u0142\u00f3wna","item":"https:\/\/mpr-labs.com\/"},{"@type":"ListItem","position":2,"name":"Services"}]},{"@type":"WebSite","@id":"https:\/\/mpr-labs.com\/#website","url":"https:\/\/mpr-labs.com\/","name":"Laboratori MPR","description":"Laboratori MPR - Laboratorio di cosmetica","publisher":{"@id":"https:\/\/mpr-labs.com\/#organization"},"potentialAction":[{"@type":"SearchAction","target":{"@type":"EntryPoint","urlTemplate":"https:\/\/mpr-labs.com\/?s={search_term_string}"},"query-input":{"@type":"PropertyValueSpecification","valueRequired":true,"valueName":"search_term_string"}}],"inLanguage":"it-IT"},{"@type":"Organization","@id":"https:\/\/mpr-labs.com\/#organization","name":"MPR Labs Sp. z o.o.","alternateName":"MPR Labs","url":"https:\/\/mpr-labs.com\/","logo":{"@type":"ImageObject","inLanguage":"it-IT","@id":"https:\/\/mpr-labs.com\/#\/schema\/logo\/image\/","url":"https:\/\/mpr-labs.com\/wp-content\/uploads\/2023\/05\/logo-new.png","contentUrl":"https:\/\/mpr-labs.com\/wp-content\/uploads\/2023\/05\/logo-new.png","width":1150,"height":328,"caption":"MPR Labs Sp. z o.o."},"image":{"@id":"https:\/\/mpr-labs.com\/#\/schema\/logo\/image\/"},"sameAs":["https:\/\/www.facebook.com\/MPRLabs","https:\/\/www.linkedin.com\/company\/mpr-labs\/"]}]}},"_links":{"self":[{"href":"https:\/\/mpr-labs.com\/it\/wp-json\/wp\/v2\/pages\/2386","targetHints":{"allow":["GET"]}}],"collection":[{"href":"https:\/\/mpr-labs.com\/it\/wp-json\/wp\/v2\/pages"}],"about":[{"href":"https:\/\/mpr-labs.com\/it\/wp-json\/wp\/v2\/types\/page"}],"author":[{"embeddable":true,"href":"https:\/\/mpr-labs.com\/it\/wp-json\/wp\/v2\/users\/2"}],"replies":[{"embeddable":true,"href":"https:\/\/mpr-labs.com\/it\/wp-json\/wp\/v2\/comments?post=2386"}],"version-history":[{"count":0,"href":"https:\/\/mpr-labs.com\/it\/wp-json\/wp\/v2\/pages\/2386\/revisions"}],"wp:featuredmedia":[{"embeddable":true,"href":"https:\/\/mpr-labs.com\/it\/wp-json\/wp\/v2\/media\/426"}],"wp:attachment":[{"href":"https:\/\/mpr-labs.com\/it\/wp-json\/wp\/v2\/media?parent=2386"}],"curies":[{"name":"wp","href":"https:\/\/api.w.org\/{rel}","templated":true}]}}