{"id":3637,"date":"2023-12-19T18:58:02","date_gmt":"2023-12-19T18:58:02","guid":{"rendered":"https:\/\/mpr-labs.com\/?post_type=product&#038;p=3637"},"modified":"2023-12-27T16:33:10","modified_gmt":"2023-12-27T16:33:10","slug":"document-mpr-labs","status":"publish","type":"product","link":"https:\/\/mpr-labs.com\/en\/product\/dokument-mpr-labs\/","title":{"rendered":"MPR Labs document"},"content":{"rendered":"","protected":false},"excerpt":{"rendered":"<p>Please add the numbers of the documents to be paid in the Order form in the \"Order note\" field.<\/p>","protected":false},"featured_media":2516,"template":"","meta":[],"product_brand":[],"product_cat":[45],"product_tag":[],"class_list":{"0":"post-3637","1":"product","2":"type-product","3":"status-publish","4":"has-post-thumbnail","6":"product_cat-mpr-labs","8":"first","9":"instock","10":"virtual","11":"purchasable","12":"product-type-simple","13":"cpw-product"},"yoast_head":"<!-- This site is optimized with the Yoast SEO plugin v25.4 - https:\/\/yoast.com\/wordpress\/plugins\/seo\/ -->\n<title>Dokument MPR Labs - MPR Labs<\/title>\n<meta name=\"robots\" content=\"noindex, follow\" \/>\n<meta property=\"og:locale\" content=\"en_GB\" \/>\n<meta property=\"og:type\" content=\"article\" \/>\n<meta property=\"og:title\" content=\"Dokument MPR Labs - MPR Labs\" \/>\n<meta property=\"og:description\" content=\"Numery op\u0142acanych dokument\u00f3w prosimy doda\u0107 w formularzu Zam\u00f3wienia w polu &quot;Notatka do zam\u00f3wienia&quot;.\" \/>\n<meta property=\"og:url\" content=\"https:\/\/mpr-labs.com\/en\/product\/document-mpr-labs\/\" \/>\n<meta property=\"og:site_name\" content=\"MPR Labs\" \/>\n<meta property=\"article:publisher\" content=\"https:\/\/www.facebook.com\/MPRLabs\" \/>\n<meta property=\"article:modified_time\" content=\"2023-12-27T16:33:10+00:00\" \/>\n<meta name=\"twitter:card\" content=\"summary_large_image\" \/>\n<script type=\"application\/ld+json\" class=\"yoast-schema-graph\">{\"@context\":\"https:\/\/schema.org\",\"@graph\":[{\"@type\":\"WebPage\",\"@id\":\"https:\/\/mpr-labs.com\/product\/dokument-mpr-labs\/\",\"url\":\"https:\/\/mpr-labs.com\/product\/dokument-mpr-labs\/\",\"name\":\"Dokument MPR Labs - MPR Labs\",\"isPartOf\":{\"@id\":\"https:\/\/mpr-labs.com\/#website\"},\"primaryImageOfPage\":{\"@id\":\"https:\/\/mpr-labs.com\/product\/dokument-mpr-labs\/#primaryimage\"},\"image\":{\"@id\":\"https:\/\/mpr-labs.com\/product\/dokument-mpr-labs\/#primaryimage\"},\"thumbnailUrl\":\"https:\/\/mpr-labs.com\/wp-content\/uploads\/2023\/03\/MPR-logo.svg\",\"datePublished\":\"2023-12-19T18:58:02+00:00\",\"dateModified\":\"2023-12-27T16:33:10+00:00\",\"breadcrumb\":{\"@id\":\"https:\/\/mpr-labs.com\/product\/dokument-mpr-labs\/#breadcrumb\"},\"inLanguage\":\"en-GB\",\"potentialAction\":[{\"@type\":\"ReadAction\",\"target\":[\"https:\/\/mpr-labs.com\/product\/dokument-mpr-labs\/\"]}]},{\"@type\":\"ImageObject\",\"inLanguage\":\"en-GB\",\"@id\":\"https:\/\/mpr-labs.com\/product\/dokument-mpr-labs\/#primaryimage\",\"url\":\"https:\/\/mpr-labs.com\/wp-content\/uploads\/2023\/03\/MPR-logo.svg\",\"contentUrl\":\"https:\/\/mpr-labs.com\/wp-content\/uploads\/2023\/03\/MPR-logo.svg\",\"width\":500,\"height\":500},{\"@type\":\"BreadcrumbList\",\"@id\":\"https:\/\/mpr-labs.com\/product\/dokument-mpr-labs\/#breadcrumb\",\"itemListElement\":[{\"@type\":\"ListItem\",\"position\":1,\"name\":\"Strona g\u0142\u00f3wna\",\"item\":\"https:\/\/mpr-labs.com\/\"},{\"@type\":\"ListItem\",\"position\":2,\"name\":\"Sklep Home\",\"item\":\"https:\/\/mpr-labs.com\/sklep_home\/\"},{\"@type\":\"ListItem\",\"position\":3,\"name\":\"Dokument MPR Labs\"}]},{\"@type\":\"WebSite\",\"@id\":\"https:\/\/mpr-labs.com\/#website\",\"url\":\"https:\/\/mpr-labs.com\/\",\"name\":\"MPR Labs\",\"description\":\"MPR Labs - Laboratorium Kosmetyczne\",\"publisher\":{\"@id\":\"https:\/\/mpr-labs.com\/#organization\"},\"potentialAction\":[{\"@type\":\"SearchAction\",\"target\":{\"@type\":\"EntryPoint\",\"urlTemplate\":\"https:\/\/mpr-labs.com\/?s={search_term_string}\"},\"query-input\":{\"@type\":\"PropertyValueSpecification\",\"valueRequired\":true,\"valueName\":\"search_term_string\"}}],\"inLanguage\":\"en-GB\"},{\"@type\":\"Organization\",\"@id\":\"https:\/\/mpr-labs.com\/#organization\",\"name\":\"MPR Labs Sp. z o.o.\",\"alternateName\":\"MPR Labs\",\"url\":\"https:\/\/mpr-labs.com\/\",\"logo\":{\"@type\":\"ImageObject\",\"inLanguage\":\"en-GB\",\"@id\":\"https:\/\/mpr-labs.com\/#\/schema\/logo\/image\/\",\"url\":\"https:\/\/mpr-labs.com\/wp-content\/uploads\/2023\/05\/logo-new.png\",\"contentUrl\":\"https:\/\/mpr-labs.com\/wp-content\/uploads\/2023\/05\/logo-new.png\",\"width\":1150,\"height\":328,\"caption\":\"MPR Labs Sp. z o.o.\"},\"image\":{\"@id\":\"https:\/\/mpr-labs.com\/#\/schema\/logo\/image\/\"},\"sameAs\":[\"https:\/\/www.facebook.com\/MPRLabs\",\"https:\/\/www.linkedin.com\/company\/mpr-labs\/\"]}]}<\/script>\n<!-- \/ Yoast SEO plugin. -->","yoast_head_json":{"title":"MPR Labs document - MPR Labs","robots":{"index":"noindex","follow":"follow"},"og_locale":"en_GB","og_type":"article","og_title":"Dokument MPR Labs - MPR Labs","og_description":"Numery op\u0142acanych dokument\u00f3w prosimy doda\u0107 w formularzu Zam\u00f3wienia w polu \"Notatka do zam\u00f3wienia\".","og_url":"https:\/\/mpr-labs.com\/en\/product\/document-mpr-labs\/","og_site_name":"MPR Labs","article_publisher":"https:\/\/www.facebook.com\/MPRLabs","article_modified_time":"2023-12-27T16:33:10+00:00","twitter_card":"summary_large_image","schema":{"@context":"https:\/\/schema.org","@graph":[{"@type":"WebPage","@id":"https:\/\/mpr-labs.com\/product\/dokument-mpr-labs\/","url":"https:\/\/mpr-labs.com\/product\/dokument-mpr-labs\/","name":"MPR Labs document - MPR Labs","isPartOf":{"@id":"https:\/\/mpr-labs.com\/#website"},"primaryImageOfPage":{"@id":"https:\/\/mpr-labs.com\/product\/dokument-mpr-labs\/#primaryimage"},"image":{"@id":"https:\/\/mpr-labs.com\/product\/dokument-mpr-labs\/#primaryimage"},"thumbnailUrl":"https:\/\/mpr-labs.com\/wp-content\/uploads\/2023\/03\/MPR-logo.svg","datePublished":"2023-12-19T18:58:02+00:00","dateModified":"2023-12-27T16:33:10+00:00","breadcrumb":{"@id":"https:\/\/mpr-labs.com\/product\/dokument-mpr-labs\/#breadcrumb"},"inLanguage":"en-GB","potentialAction":[{"@type":"ReadAction","target":["https:\/\/mpr-labs.com\/product\/dokument-mpr-labs\/"]}]},{"@type":"ImageObject","inLanguage":"en-GB","@id":"https:\/\/mpr-labs.com\/product\/dokument-mpr-labs\/#primaryimage","url":"https:\/\/mpr-labs.com\/wp-content\/uploads\/2023\/03\/MPR-logo.svg","contentUrl":"https:\/\/mpr-labs.com\/wp-content\/uploads\/2023\/03\/MPR-logo.svg","width":500,"height":500},{"@type":"BreadcrumbList","@id":"https:\/\/mpr-labs.com\/product\/dokument-mpr-labs\/#breadcrumb","itemListElement":[{"@type":"ListItem","position":1,"name":"Strona g\u0142\u00f3wna","item":"https:\/\/mpr-labs.com\/"},{"@type":"ListItem","position":2,"name":"Sklep Home","item":"https:\/\/mpr-labs.com\/sklep_home\/"},{"@type":"ListItem","position":3,"name":"Dokument MPR Labs"}]},{"@type":"WebSite","@id":"https:\/\/mpr-labs.com\/#website","url":"https:\/\/mpr-labs.com\/","name":"MPR Labs","description":"MPR Labs - Cosmetics Laboratory","publisher":{"@id":"https:\/\/mpr-labs.com\/#organization"},"potentialAction":[{"@type":"SearchAction","target":{"@type":"EntryPoint","urlTemplate":"https:\/\/mpr-labs.com\/?s={search_term_string}"},"query-input":{"@type":"PropertyValueSpecification","valueRequired":true,"valueName":"search_term_string"}}],"inLanguage":"en-GB"},{"@type":"Organization","@id":"https:\/\/mpr-labs.com\/#organization","name":"MPR Labs Sp. z o.o.","alternateName":"MPR Labs","url":"https:\/\/mpr-labs.com\/","logo":{"@type":"ImageObject","inLanguage":"en-GB","@id":"https:\/\/mpr-labs.com\/#\/schema\/logo\/image\/","url":"https:\/\/mpr-labs.com\/wp-content\/uploads\/2023\/05\/logo-new.png","contentUrl":"https:\/\/mpr-labs.com\/wp-content\/uploads\/2023\/05\/logo-new.png","width":1150,"height":328,"caption":"MPR Labs Sp. z o.o."},"image":{"@id":"https:\/\/mpr-labs.com\/#\/schema\/logo\/image\/"},"sameAs":["https:\/\/www.facebook.com\/MPRLabs","https:\/\/www.linkedin.com\/company\/mpr-labs\/"]}]}},"_links":{"self":[{"href":"https:\/\/mpr-labs.com\/en\/wp-json\/wp\/v2\/product\/3637","targetHints":{"allow":["GET"]}}],"collection":[{"href":"https:\/\/mpr-labs.com\/en\/wp-json\/wp\/v2\/product"}],"about":[{"href":"https:\/\/mpr-labs.com\/en\/wp-json\/wp\/v2\/types\/product"}],"wp:featuredmedia":[{"embeddable":true,"href":"https:\/\/mpr-labs.com\/en\/wp-json\/wp\/v2\/media\/2516"}],"wp:attachment":[{"href":"https:\/\/mpr-labs.com\/en\/wp-json\/wp\/v2\/media?parent=3637"}],"wp:term":[{"taxonomy":"product_brand","embeddable":true,"href":"https:\/\/mpr-labs.com\/en\/wp-json\/wp\/v2\/product_brand?post=3637"},{"taxonomy":"product_cat","embeddable":true,"href":"https:\/\/mpr-labs.com\/en\/wp-json\/wp\/v2\/product_cat?post=3637"},{"taxonomy":"product_tag","embeddable":true,"href":"https:\/\/mpr-labs.com\/en\/wp-json\/wp\/v2\/product_tag?post=3637"}],"curies":[{"name":"wp","href":"https:\/\/api.w.org\/{rel}","templated":true}]}}