{"id":4589,"date":"2025-04-14T10:11:25","date_gmt":"2025-04-14T10:11:25","guid":{"rendered":"https:\/\/mpr-labs.com\/?page_id=4589"},"modified":"2025-04-17T13:18:57","modified_gmt":"2025-04-17T13:18:57","slug":"research-on-sunscreen-products","status":"publish","type":"page","link":"https:\/\/mpr-labs.com\/en\/badania-produktow-ochrony-przeciwslonecznej\/","title":{"rendered":"Research on sunscreen products"},"content":{"rendered":"<div data-elementor-type=\"wp-page\" data-elementor-id=\"4589\" class=\"elementor elementor-4589\">\n\t\t\t\t\t\t<section class=\"elementor-section elementor-top-section elementor-element elementor-element-6572caea elementor-section-boxed elementor-section-height-default elementor-section-height-default\" data-id=\"6572caea\" data-element_type=\"section\">\n\t\t\t\t\t\t<div class=\"elementor-container elementor-column-gap-default\">\n\t\t\t\t\t<div class=\"elementor-column elementor-col-100 elementor-top-column elementor-element elementor-element-6ce374eb\" data-id=\"6ce374eb\" data-element_type=\"column\">\n\t\t\t<div class=\"elementor-widget-wrap elementor-element-populated\">\n\t\t\t\t\t\t<div class=\"elementor-element elementor-element-2c3d50a3 elementor-widget elementor-widget-text-editor\" data-id=\"2c3d50a3\" data-element_type=\"widget\" data-widget_type=\"text-editor.default\">\n\t\t\t\t<div class=\"elementor-widget-container\">\n\t\t\t\t\t\t\t<p class=\"\" data-start=\"353\" data-end=\"684\"><strong data-start=\"353\" data-end=\"368\">SPF testing<\/strong> is an essential part of the process of bringing UV-protective skincare products to market. At MPR Labs, we carry out precise <strong data-start=\"512\" data-end=\"524\">SPF test<\/strong>which confirms the declared <strong>the level of sun protection in cosmetic products<\/strong> - in accordance with applicable international standards, including ISO 24444.<\/p>\n<p class=\"\" data-start=\"686\" data-end=\"917\"><strong data-start=\"686\" data-end=\"742\">Reliable testing of sunscreen products<\/strong> are the basis for consumer confidence, effective marketing communications and full compliance with EU and UK legislation.<\/p>\n<h2 class=\"\" data-start=\"919\" data-end=\"952\">SPF test - what is it?<\/h2>\n<p class=\"\" data-start=\"954\" data-end=\"1257\"><strong data-start=\"954\" data-end=\"966\">SPF test<\/strong> (Sun Protection Factor) is a test that measures the degree of skin protection against UVB radiation. It is carried out on volunteers, under controlled laboratory conditions and in accordance with the guidelines of the ISO standard. This ensures that the result is reliable and can be included on the product label.<\/p>\n<p class=\"\" data-start=\"1259\" data-end=\"1292\">As part of our services we offer:<\/p>\n<ul data-start=\"1294\" data-end=\"1478\">\n<li class=\"\" data-start=\"1294\" data-end=\"1350\">\n<p class=\"\" data-start=\"1296\" data-end=\"1350\"><strong data-start=\"1296\" data-end=\"1350\">in vivo SPF testing (on volunteer skin),<\/strong><\/p>\n<\/li>\n<li class=\"\" data-start=\"1351\" data-end=\"1426\">\n<p class=\"\" data-start=\"1353\" data-end=\"1426\">preparation of a test report for registration and marketing purposes,<\/p>\n<\/li>\n<li class=\"\" data-start=\"1427\" data-end=\"1478\">\n<p class=\"\" data-start=\"1429\" data-end=\"1478\">substantive support in interpreting the results.<\/p>\n<\/li>\n<\/ul>\n<h3 data-start=\"1480\" data-end=\"1546\">Research on sunscreen products - what do you gain?<\/h3>\n<ul data-start=\"1548\" data-end=\"1926\">\n<li class=\"\" data-start=\"1548\" data-end=\"1637\">\n<p class=\"\" data-start=\"1550\" data-end=\"1637\">Confidence that the product actually protects the skin from harmful UVB rays,<\/p>\n<\/li>\n<li class=\"\" data-start=\"1638\" data-end=\"1745\">\n<p class=\"\" data-start=\"1640\" data-end=\"1745\"><strong data-start=\"1640\" data-end=\"1690\">Documentation confirming the results of the SPF test<\/strong>ready for submission to notification systems,<\/p>\n<\/li>\n<li class=\"\" data-start=\"1746\" data-end=\"1836\">\n<p class=\"\" data-start=\"1748\" data-end=\"1836\">Possibility to legally sell the cosmetic in the European Union and the UK,<\/p>\n<\/li>\n<li class=\"\" data-start=\"1837\" data-end=\"1926\">\n<p class=\"\" data-start=\"1839\" data-end=\"1926\">Increased customer confidence in the brand through transparent and test-supported declarations.<\/p>\n<\/li>\n<\/ul>\n<p class=\"\" data-start=\"1928\" data-end=\"2043\"><strong data-start=\"1928\" data-end=\"2043\">SPF testing is not only a duty, but also an investment in the quality, safety and reputation of your cosmetic.<\/strong><\/p>\t\t\t\t\t\t<\/div>\n\t\t\t\t<\/div>\n\t\t\t\t\t<\/div>\n\t\t<\/div>\n\t\t\t\t\t<\/div>\n\t\t<\/section>\n\t\t\t\t<section class=\"elementor-section elementor-top-section elementor-element elementor-element-43a7353 elementor-section-boxed elementor-section-height-default elementor-section-height-default\" data-id=\"43a7353\" data-element_type=\"section\">\n\t\t\t\t\t\t<div class=\"elementor-container elementor-column-gap-default\">\n\t\t\t\t\t<div class=\"elementor-column elementor-col-100 elementor-top-column elementor-element elementor-element-4ae9cc2\" data-id=\"4ae9cc2\" data-element_type=\"column\">\n\t\t\t<div class=\"elementor-widget-wrap elementor-element-populated\">\n\t\t\t\t\t\t<div class=\"elementor-element elementor-element-6231cc1 elementor-widget elementor-widget-accordion\" data-id=\"6231cc1\" data-element_type=\"widget\" data-widget_type=\"accordion.default\">\n\t\t\t\t<div class=\"elementor-widget-container\">\n\t\t\t\t\t<div class=\"elementor-accordion\">\n\t\t\t\t\t\t\t<div class=\"elementor-accordion-item\">\n\t\t\t\t\t<h5 id=\"elementor-tab-title-1021\" class=\"elementor-tab-title\" data-tab=\"1\" role=\"button\" aria-controls=\"elementor-tab-content-1021\" aria-expanded=\"false\">\n\t\t\t\t\t\t\t\t\t\t\t\t\t<span class=\"elementor-accordion-icon elementor-accordion-icon-left\" aria-hidden=\"true\">\n\t\t\t\t\t\t\t\t\t\t\t\t\t\t\t<span class=\"elementor-accordion-icon-closed\"><i class=\"fas fa-plus\"><\/i><\/span>\n\t\t\t\t\t\t\t\t<span class=\"elementor-accordion-icon-opened\"><i class=\"fas fa-minus\"><\/i><\/span>\n\t\t\t\t\t\t\t\t\t\t\t\t\t\t<\/span>\n\t\t\t\t\t\t\t\t\t\t\t\t<a class=\"elementor-accordion-title\" tabindex=\"0\">What is cosmetic SPF testing?<\/a>\n\t\t\t\t\t<\/h5>\n\t\t\t\t\t<div id=\"elementor-tab-content-1021\" class=\"elementor-tab-content elementor-clearfix\" data-tab=\"1\" role=\"region\" aria-labelledby=\"elementor-tab-title-1021\"><p>SPF (Sun Protection Factor) testing involves testing cosmetic products for their effectiveness in protecting the skin from UV radiation. These tests assess the degree of protection against sunburn and skin damage.<\/p><\/div>\n\t\t\t\t<\/div>\n\t\t\t\t\t\t\t<div class=\"elementor-accordion-item\">\n\t\t\t\t\t<h5 id=\"elementor-tab-title-1022\" class=\"elementor-tab-title\" data-tab=\"2\" role=\"button\" aria-controls=\"elementor-tab-content-1022\" aria-expanded=\"false\">\n\t\t\t\t\t\t\t\t\t\t\t\t\t<span class=\"elementor-accordion-icon elementor-accordion-icon-left\" aria-hidden=\"true\">\n\t\t\t\t\t\t\t\t\t\t\t\t\t\t\t<span class=\"elementor-accordion-icon-closed\"><i class=\"fas fa-plus\"><\/i><\/span>\n\t\t\t\t\t\t\t\t<span class=\"elementor-accordion-icon-opened\"><i class=\"fas fa-minus\"><\/i><\/span>\n\t\t\t\t\t\t\t\t\t\t\t\t\t\t<\/span>\n\t\t\t\t\t\t\t\t\t\t\t\t<a class=\"elementor-accordion-title\" tabindex=\"0\">What does ISO 24444:2019 regulate?<\/a>\n\t\t\t\t\t<\/h5>\n\t\t\t\t\t<div id=\"elementor-tab-content-1022\" class=\"elementor-tab-content elementor-clearfix\" data-tab=\"2\" role=\"region\" aria-labelledby=\"elementor-tab-title-1022\"><p>ISO 24444:2019 defines the methodology for SPF testing in cosmetics, including details on how to conduct sun protection tests in a reliable and reproducible manner, ensuring the accuracy of the results.<\/p><\/div>\n\t\t\t\t<\/div>\n\t\t\t\t\t\t\t<div class=\"elementor-accordion-item\">\n\t\t\t\t\t<h5 id=\"elementor-tab-title-1023\" class=\"elementor-tab-title\" data-tab=\"3\" role=\"button\" aria-controls=\"elementor-tab-content-1023\" aria-expanded=\"false\">\n\t\t\t\t\t\t\t\t\t\t\t\t\t<span class=\"elementor-accordion-icon elementor-accordion-icon-left\" aria-hidden=\"true\">\n\t\t\t\t\t\t\t\t\t\t\t\t\t\t\t<span class=\"elementor-accordion-icon-closed\"><i class=\"fas fa-plus\"><\/i><\/span>\n\t\t\t\t\t\t\t\t<span class=\"elementor-accordion-icon-opened\"><i class=\"fas fa-minus\"><\/i><\/span>\n\t\t\t\t\t\t\t\t\t\t\t\t\t\t<\/span>\n\t\t\t\t\t\t\t\t\t\t\t\t<a class=\"elementor-accordion-title\" tabindex=\"0\">What is the role of ISO 24443:2021 in cosmetics?<\/a>\n\t\t\t\t\t<\/h5>\n\t\t\t\t\t<div id=\"elementor-tab-content-1023\" class=\"elementor-tab-content elementor-clearfix\" data-tab=\"3\" role=\"region\" aria-labelledby=\"elementor-tab-title-1023\"><p>ISO 24443:2021 deals with methods for measuring the effectiveness of sunscreen products for UVA protection. It indicates appropriate procedures that ensure the reliability of sunscreen cosmetics test results.<\/p><\/div>\n\t\t\t\t<\/div>\n\t\t\t\t\t\t\t<div class=\"elementor-accordion-item\">\n\t\t\t\t\t<h5 id=\"elementor-tab-title-1024\" class=\"elementor-tab-title\" data-tab=\"4\" role=\"button\" aria-controls=\"elementor-tab-content-1024\" aria-expanded=\"false\">\n\t\t\t\t\t\t\t\t\t\t\t\t\t<span class=\"elementor-accordion-icon elementor-accordion-icon-left\" aria-hidden=\"true\">\n\t\t\t\t\t\t\t\t\t\t\t\t\t\t\t<span class=\"elementor-accordion-icon-closed\"><i class=\"fas fa-plus\"><\/i><\/span>\n\t\t\t\t\t\t\t\t<span class=\"elementor-accordion-icon-opened\"><i class=\"fas fa-minus\"><\/i><\/span>\n\t\t\t\t\t\t\t\t\t\t\t\t\t\t<\/span>\n\t\t\t\t\t\t\t\t\t\t\t\t<a class=\"elementor-accordion-title\" tabindex=\"0\">What does ISO 24442:2022 regulate?<\/a>\n\t\t\t\t\t<\/h5>\n\t\t\t\t\t<div id=\"elementor-tab-content-1024\" class=\"elementor-tab-content elementor-clearfix\" data-tab=\"4\" role=\"region\" aria-labelledby=\"elementor-tab-title-1024\"><p>ISO 24442:2022 refers to the testing of cosmetics for their sun protection performance, particularly in the context of measuring UVB protection efficacy and its effects on the skin.<\/p><\/div>\n\t\t\t\t<\/div>\n\t\t\t\t\t\t\t<div class=\"elementor-accordion-item\">\n\t\t\t\t\t<h5 id=\"elementor-tab-title-1025\" class=\"elementor-tab-title\" data-tab=\"5\" role=\"button\" aria-controls=\"elementor-tab-content-1025\" aria-expanded=\"false\">\n\t\t\t\t\t\t\t\t\t\t\t\t\t<span class=\"elementor-accordion-icon elementor-accordion-icon-left\" aria-hidden=\"true\">\n\t\t\t\t\t\t\t\t\t\t\t\t\t\t\t<span class=\"elementor-accordion-icon-closed\"><i class=\"fas fa-plus\"><\/i><\/span>\n\t\t\t\t\t\t\t\t<span class=\"elementor-accordion-icon-opened\"><i class=\"fas fa-minus\"><\/i><\/span>\n\t\t\t\t\t\t\t\t\t\t\t\t\t\t<\/span>\n\t\t\t\t\t\t\t\t\t\t\t\t<a class=\"elementor-accordion-title\" tabindex=\"0\">What is ISO 18861:2020 about?<\/a>\n\t\t\t\t\t<\/h5>\n\t\t\t\t\t<div id=\"elementor-tab-content-1025\" class=\"elementor-tab-content elementor-clearfix\" data-tab=\"5\" role=\"region\" aria-labelledby=\"elementor-tab-title-1025\"><p>ISO 18861:2020 specifies procedures for evaluating the performance of UV filters in cosmetics, particularly those used for UV protection, and provides a basis for testing the effectiveness of sunburn protection.<\/p><\/div>\n\t\t\t\t<\/div>\n\t\t\t\t\t\t\t\t<\/div>\n\t\t\t\t<\/div>\n\t\t\t\t<\/div>\n\t\t\t\t\t<\/div>\n\t\t<\/div>\n\t\t\t\t\t<\/div>\n\t\t<\/section>\n\t\t\t\t<\/div>","protected":false},"excerpt":{"rendered":"<p>Badania SPF to niezb\u0119dny element procesu wprowadzania na rynek preparat\u00f3w chroni\u0105cych sk\u00f3r\u0119 przed promieniowaniem UV. W MPR Labs przeprowadzamy precyzyjny SPF test, kt\u00f3ry potwierdza deklarowany poziom ochrony przeciws\u0142onecznej w produktach kosmetycznych \u2013 zgodnie z obowi\u0105zuj\u0105cymi normami mi\u0119dzynarodowymi, w tym ISO 24444. Rzetelne badania produkt\u00f3w ochrony przeciws\u0142onecznej s\u0105 podstaw\u0105 do uzyskania zaufania konsument\u00f3w, skutecznej komunikacji marketingowej [&hellip;]<\/p>\n","protected":false},"author":6,"featured_media":3566,"parent":0,"menu_order":0,"comment_status":"closed","ping_status":"closed","template":"page-templates\/service-single.php","meta":{"footnotes":""},"class_list":["post-4589","page","type-page","status-publish","format-standard","has-post-thumbnail","hentry"],"yoast_head":"<!-- This site is optimized with the Yoast SEO plugin v25.4 - https:\/\/yoast.com\/wordpress\/plugins\/seo\/ -->\n<title>Badania produkt\u00f3w ochrony przeciws\u0142onecznej | MPR Labs<\/title>\n<meta name=\"robots\" content=\"index, follow, max-snippet:-1, max-image-preview:large, max-video-preview:-1\" \/>\n<link rel=\"canonical\" href=\"https:\/\/mpr-labs.com\/en\/research-on-sunscreen-products\/\" \/>\n<meta property=\"og:locale\" content=\"en_GB\" \/>\n<meta property=\"og:type\" content=\"article\" \/>\n<meta property=\"og:title\" content=\"Badania produkt\u00f3w ochrony przeciws\u0142onecznej | MPR Labs\" \/>\n<meta property=\"og:description\" content=\"Badania SPF to niezb\u0119dny element procesu wprowadzania na rynek preparat\u00f3w chroni\u0105cych sk\u00f3r\u0119 przed promieniowaniem UV. W MPR Labs przeprowadzamy precyzyjny SPF test, kt\u00f3ry potwierdza deklarowany poziom ochrony przeciws\u0142onecznej w produktach kosmetycznych \u2013 zgodnie z obowi\u0105zuj\u0105cymi normami mi\u0119dzynarodowymi, w tym ISO 24444. Rzetelne badania produkt\u00f3w ochrony przeciws\u0142onecznej s\u0105 podstaw\u0105 do uzyskania zaufania konsument\u00f3w, skutecznej komunikacji marketingowej [&hellip;]\" \/>\n<meta property=\"og:url\" content=\"https:\/\/mpr-labs.com\/en\/research-on-sunscreen-products\/\" \/>\n<meta property=\"og:site_name\" content=\"MPR Labs\" \/>\n<meta property=\"article:publisher\" content=\"https:\/\/www.facebook.com\/MPRLabs\" \/>\n<meta property=\"article:modified_time\" content=\"2025-04-17T13:18:57+00:00\" \/>\n<meta property=\"og:image\" content=\"https:\/\/mpr-labs.com\/wp-content\/uploads\/2023\/08\/badania-top-min.png\" \/>\n\t<meta property=\"og:image:width\" content=\"2100\" \/>\n\t<meta property=\"og:image:height\" content=\"788\" \/>\n\t<meta property=\"og:image:type\" content=\"image\/png\" \/>\n<meta name=\"twitter:card\" content=\"summary_large_image\" \/>\n<meta name=\"twitter:label1\" content=\"Estimated reading time\" \/>\n\t<meta name=\"twitter:data1\" content=\"3 minutes\" \/>\n<script type=\"application\/ld+json\" class=\"yoast-schema-graph\">{\"@context\":\"https:\/\/schema.org\",\"@graph\":[{\"@type\":\"WebPage\",\"@id\":\"https:\/\/mpr-labs.com\/badania-produktow-ochrony-przeciwslonecznej\/\",\"url\":\"https:\/\/mpr-labs.com\/badania-produktow-ochrony-przeciwslonecznej\/\",\"name\":\"Badania produkt\u00f3w ochrony przeciws\u0142onecznej | MPR Labs\",\"isPartOf\":{\"@id\":\"https:\/\/mpr-labs.com\/#website\"},\"primaryImageOfPage\":{\"@id\":\"https:\/\/mpr-labs.com\/badania-produktow-ochrony-przeciwslonecznej\/#primaryimage\"},\"image\":{\"@id\":\"https:\/\/mpr-labs.com\/badania-produktow-ochrony-przeciwslonecznej\/#primaryimage\"},\"thumbnailUrl\":\"https:\/\/mpr-labs.com\/wp-content\/uploads\/2023\/08\/badania-top-min.png\",\"datePublished\":\"2025-04-14T10:11:25+00:00\",\"dateModified\":\"2025-04-17T13:18:57+00:00\",\"breadcrumb\":{\"@id\":\"https:\/\/mpr-labs.com\/badania-produktow-ochrony-przeciwslonecznej\/#breadcrumb\"},\"inLanguage\":\"en-GB\",\"potentialAction\":[{\"@type\":\"ReadAction\",\"target\":[\"https:\/\/mpr-labs.com\/badania-produktow-ochrony-przeciwslonecznej\/\"]}]},{\"@type\":\"ImageObject\",\"inLanguage\":\"en-GB\",\"@id\":\"https:\/\/mpr-labs.com\/badania-produktow-ochrony-przeciwslonecznej\/#primaryimage\",\"url\":\"https:\/\/mpr-labs.com\/wp-content\/uploads\/2023\/08\/badania-top-min.png\",\"contentUrl\":\"https:\/\/mpr-labs.com\/wp-content\/uploads\/2023\/08\/badania-top-min.png\",\"width\":2100,\"height\":788,\"caption\":\"Badania mikrobiologiczne kosmetyku\"},{\"@type\":\"BreadcrumbList\",\"@id\":\"https:\/\/mpr-labs.com\/badania-produktow-ochrony-przeciwslonecznej\/#breadcrumb\",\"itemListElement\":[{\"@type\":\"ListItem\",\"position\":1,\"name\":\"Strona g\u0142\u00f3wna\",\"item\":\"https:\/\/mpr-labs.com\/\"},{\"@type\":\"ListItem\",\"position\":2,\"name\":\"Badania produkt\u00f3w ochrony przeciws\u0142onecznej\"}]},{\"@type\":\"WebSite\",\"@id\":\"https:\/\/mpr-labs.com\/#website\",\"url\":\"https:\/\/mpr-labs.com\/\",\"name\":\"MPR Labs\",\"description\":\"MPR Labs - Laboratorium Kosmetyczne\",\"publisher\":{\"@id\":\"https:\/\/mpr-labs.com\/#organization\"},\"potentialAction\":[{\"@type\":\"SearchAction\",\"target\":{\"@type\":\"EntryPoint\",\"urlTemplate\":\"https:\/\/mpr-labs.com\/?s={search_term_string}\"},\"query-input\":{\"@type\":\"PropertyValueSpecification\",\"valueRequired\":true,\"valueName\":\"search_term_string\"}}],\"inLanguage\":\"en-GB\"},{\"@type\":\"Organization\",\"@id\":\"https:\/\/mpr-labs.com\/#organization\",\"name\":\"MPR Labs Sp. z o.o.\",\"alternateName\":\"MPR Labs\",\"url\":\"https:\/\/mpr-labs.com\/\",\"logo\":{\"@type\":\"ImageObject\",\"inLanguage\":\"en-GB\",\"@id\":\"https:\/\/mpr-labs.com\/#\/schema\/logo\/image\/\",\"url\":\"https:\/\/mpr-labs.com\/wp-content\/uploads\/2023\/05\/logo-new.png\",\"contentUrl\":\"https:\/\/mpr-labs.com\/wp-content\/uploads\/2023\/05\/logo-new.png\",\"width\":1150,\"height\":328,\"caption\":\"MPR Labs Sp. z o.o.\"},\"image\":{\"@id\":\"https:\/\/mpr-labs.com\/#\/schema\/logo\/image\/\"},\"sameAs\":[\"https:\/\/www.facebook.com\/MPRLabs\",\"https:\/\/www.linkedin.com\/company\/mpr-labs\/\"]}]}<\/script>\n<!-- \/ Yoast SEO plugin. -->","yoast_head_json":{"title":"Research on sunscreen products | MPR Labs","robots":{"index":"index","follow":"follow","max-snippet":"max-snippet:-1","max-image-preview":"max-image-preview:large","max-video-preview":"max-video-preview:-1"},"canonical":"https:\/\/mpr-labs.com\/en\/research-on-sunscreen-products\/","og_locale":"en_GB","og_type":"article","og_title":"Badania produkt\u00f3w ochrony przeciws\u0142onecznej | MPR Labs","og_description":"Badania SPF to niezb\u0119dny element procesu wprowadzania na rynek preparat\u00f3w chroni\u0105cych sk\u00f3r\u0119 przed promieniowaniem UV. W MPR Labs przeprowadzamy precyzyjny SPF test, kt\u00f3ry potwierdza deklarowany poziom ochrony przeciws\u0142onecznej w produktach kosmetycznych \u2013 zgodnie z obowi\u0105zuj\u0105cymi normami mi\u0119dzynarodowymi, w tym ISO 24444. Rzetelne badania produkt\u00f3w ochrony przeciws\u0142onecznej s\u0105 podstaw\u0105 do uzyskania zaufania konsument\u00f3w, skutecznej komunikacji marketingowej [&hellip;]","og_url":"https:\/\/mpr-labs.com\/en\/research-on-sunscreen-products\/","og_site_name":"MPR Labs","article_publisher":"https:\/\/www.facebook.com\/MPRLabs","article_modified_time":"2025-04-17T13:18:57+00:00","og_image":[{"width":2100,"height":788,"url":"https:\/\/mpr-labs.com\/wp-content\/uploads\/2023\/08\/badania-top-min.png","type":"image\/png"}],"twitter_card":"summary_large_image","twitter_misc":{"Estimated reading time":"3 minutes"},"schema":{"@context":"https:\/\/schema.org","@graph":[{"@type":"WebPage","@id":"https:\/\/mpr-labs.com\/badania-produktow-ochrony-przeciwslonecznej\/","url":"https:\/\/mpr-labs.com\/badania-produktow-ochrony-przeciwslonecznej\/","name":"Research on sunscreen products | MPR Labs","isPartOf":{"@id":"https:\/\/mpr-labs.com\/#website"},"primaryImageOfPage":{"@id":"https:\/\/mpr-labs.com\/badania-produktow-ochrony-przeciwslonecznej\/#primaryimage"},"image":{"@id":"https:\/\/mpr-labs.com\/badania-produktow-ochrony-przeciwslonecznej\/#primaryimage"},"thumbnailUrl":"https:\/\/mpr-labs.com\/wp-content\/uploads\/2023\/08\/badania-top-min.png","datePublished":"2025-04-14T10:11:25+00:00","dateModified":"2025-04-17T13:18:57+00:00","breadcrumb":{"@id":"https:\/\/mpr-labs.com\/badania-produktow-ochrony-przeciwslonecznej\/#breadcrumb"},"inLanguage":"en-GB","potentialAction":[{"@type":"ReadAction","target":["https:\/\/mpr-labs.com\/badania-produktow-ochrony-przeciwslonecznej\/"]}]},{"@type":"ImageObject","inLanguage":"en-GB","@id":"https:\/\/mpr-labs.com\/badania-produktow-ochrony-przeciwslonecznej\/#primaryimage","url":"https:\/\/mpr-labs.com\/wp-content\/uploads\/2023\/08\/badania-top-min.png","contentUrl":"https:\/\/mpr-labs.com\/wp-content\/uploads\/2023\/08\/badania-top-min.png","width":2100,"height":788,"caption":"Badania mikrobiologiczne kosmetyku"},{"@type":"BreadcrumbList","@id":"https:\/\/mpr-labs.com\/badania-produktow-ochrony-przeciwslonecznej\/#breadcrumb","itemListElement":[{"@type":"ListItem","position":1,"name":"Strona g\u0142\u00f3wna","item":"https:\/\/mpr-labs.com\/"},{"@type":"ListItem","position":2,"name":"Badania produkt\u00f3w ochrony przeciws\u0142onecznej"}]},{"@type":"WebSite","@id":"https:\/\/mpr-labs.com\/#website","url":"https:\/\/mpr-labs.com\/","name":"MPR Labs","description":"MPR Labs - Cosmetics Laboratory","publisher":{"@id":"https:\/\/mpr-labs.com\/#organization"},"potentialAction":[{"@type":"SearchAction","target":{"@type":"EntryPoint","urlTemplate":"https:\/\/mpr-labs.com\/?s={search_term_string}"},"query-input":{"@type":"PropertyValueSpecification","valueRequired":true,"valueName":"search_term_string"}}],"inLanguage":"en-GB"},{"@type":"Organization","@id":"https:\/\/mpr-labs.com\/#organization","name":"MPR Labs Sp. z o.o.","alternateName":"MPR Labs","url":"https:\/\/mpr-labs.com\/","logo":{"@type":"ImageObject","inLanguage":"en-GB","@id":"https:\/\/mpr-labs.com\/#\/schema\/logo\/image\/","url":"https:\/\/mpr-labs.com\/wp-content\/uploads\/2023\/05\/logo-new.png","contentUrl":"https:\/\/mpr-labs.com\/wp-content\/uploads\/2023\/05\/logo-new.png","width":1150,"height":328,"caption":"MPR Labs Sp. z o.o."},"image":{"@id":"https:\/\/mpr-labs.com\/#\/schema\/logo\/image\/"},"sameAs":["https:\/\/www.facebook.com\/MPRLabs","https:\/\/www.linkedin.com\/company\/mpr-labs\/"]}]}},"_links":{"self":[{"href":"https:\/\/mpr-labs.com\/en\/wp-json\/wp\/v2\/pages\/4589","targetHints":{"allow":["GET"]}}],"collection":[{"href":"https:\/\/mpr-labs.com\/en\/wp-json\/wp\/v2\/pages"}],"about":[{"href":"https:\/\/mpr-labs.com\/en\/wp-json\/wp\/v2\/types\/page"}],"author":[{"embeddable":true,"href":"https:\/\/mpr-labs.com\/en\/wp-json\/wp\/v2\/users\/6"}],"replies":[{"embeddable":true,"href":"https:\/\/mpr-labs.com\/en\/wp-json\/wp\/v2\/comments?post=4589"}],"version-history":[{"count":10,"href":"https:\/\/mpr-labs.com\/en\/wp-json\/wp\/v2\/pages\/4589\/revisions"}],"predecessor-version":[{"id":4660,"href":"https:\/\/mpr-labs.com\/en\/wp-json\/wp\/v2\/pages\/4589\/revisions\/4660"}],"wp:featuredmedia":[{"embeddable":true,"href":"https:\/\/mpr-labs.com\/en\/wp-json\/wp\/v2\/media\/3566"}],"wp:attachment":[{"href":"https:\/\/mpr-labs.com\/en\/wp-json\/wp\/v2\/media?parent=4589"}],"curies":[{"name":"wp","href":"https:\/\/api.w.org\/{rel}","templated":true}]}}