{"id":4033,"date":"2024-08-23T14:05:00","date_gmt":"2024-08-23T14:05:00","guid":{"rendered":"https:\/\/mpr-labs.com\/?page_id=4033"},"modified":"2024-08-30T13:22:49","modified_gmt":"2024-08-30T13:22:49","slug":"cosmetic-laboratory","status":"publish","type":"page","link":"https:\/\/mpr-labs.com\/en\/laboratorium-kosmetyczne\/","title":{"rendered":"Cosmetic Laboratory"},"content":{"rendered":"<div data-elementor-type=\"wp-page\" data-elementor-id=\"4033\" class=\"elementor elementor-4033\">\n\t\t\t\t\t\t<section class=\"elementor-section elementor-top-section elementor-element elementor-element-54595a1 elementor-section-full_width elementor-section-height-default elementor-section-height-default\" data-id=\"54595a1\" data-element_type=\"section\">\n\t\t\t\t\t\t<div class=\"elementor-container elementor-column-gap-default\">\n\t\t\t\t\t<div class=\"elementor-column elementor-col-100 elementor-top-column elementor-element elementor-element-36ad755\" data-id=\"36ad755\" data-element_type=\"column\">\n\t\t\t<div class=\"elementor-widget-wrap elementor-element-populated\">\n\t\t\t\t\t\t<div class=\"elementor-element elementor-element-7b9eda0 elementor-widget elementor-widget-text-editor\" data-id=\"7b9eda0\" data-element_type=\"widget\" data-widget_type=\"text-editor.default\">\n\t\t\t\t<div class=\"elementor-widget-container\">\n\t\t\t\t\t\t\t<p>MPR Labs is a renowned cosmetic laboratory that has been supporting cosmetic manufacturers in the development of innovative and safe products. Our mission is to provide the highest quality testing and analysis to ensure that cosmetics reaching the market are effective, safe and compliant with current legislation. Thanks to our experience and advanced equipment, we are able to meet even the most demanding expectations of our customers.<\/p><h5><strong>Our Services:<\/strong><\/h5><ul><li><p><strong>Cosmetic Ingredient Testing<\/strong>: We carry out detailed analyses of ingredients, assessing their efficacy and safety. This allows manufacturers to choose the best active ingredients for their products. Our research includes both chemical and biological tests, allowing a comprehensive evaluation of each ingredient.<\/p><\/li><li><p><strong><a href=\"https:\/\/mpr-labs.com\/en\/encyclopedia\/testy-stabilnosci\/\" target=\"_self\" title=\"**Stability tests** are tests that assess the ability of a cosmetic product to maintain the original parameters of the cosmetic mass under foreseeable storage conditions. These tests involve temperature cycling, such as from 40\u00b0C to ambient temperature for 24 hours or from -20\u00b0C to ambient temperature. The results of these tests help manufacturers to create safe and stable...\" class=\"encyclopedia\">Stability tests<\/a><\/strong>: We provide <a href=\"https:\/\/mpr-labs.com\/en\/encyclopedia\/testy-stabilnosci\/\" target=\"_self\" title=\"**Stability tests** are tests that assess the ability of a cosmetic product to maintain the original parameters of the cosmetic mass under foreseeable storage conditions. These tests involve temperature cycling, such as from 40\u00b0C to ambient temperature for 24 hours or from -20\u00b0C to ambient temperature. The results of these tests help manufacturers to create safe and stable...\" class=\"encyclopedia\">stability tests<\/a>to ensure that cosmetics retain their properties throughout their shelf life. These tests include various storage conditions such as temperature, humidity and exposure to light to accurately determine the shelf life of the product.<\/p><\/li><li><p><strong>Dermatological examinations<\/strong>: Our dermatological tests allow us to assess the effects of cosmetics on the skin. We test products for allergies, irritations and other reactions. We work with dermatologists and clinics to ensure the highest standard of testing and safety.<\/p><\/li><li><p><strong>Safety assessment<\/strong>: We carry out safety tests, including <a href=\"https:\/\/mpr-labs.com\/en\/encyclopedia\/mikrobiologiczne-badania-produktow\/\" target=\"_self\" title=\"Microbiological testing of products is crucial to ensure their safety and quality. At MPR Labs, we conduct detailed microbiological analyses that include tests for bacteria, fungi and yeast. Our tests help detect potential contaminants that can affect the shelf life and safety of cosmetic products. With state-of-the-art equipment and an experienced team, we are able to quickly and accurately assess...\" class=\"encyclopedia\">microbiological testing of products<\/a>. Our laboratory ensures that cosmetics pose no health risks to users. We regularly update our procedures in line with the latest regulations and industry guidelines.<\/p><\/li><\/ul><h5><strong>Why Choose MPR Labs?<\/strong><\/h5><ul><li><p><strong>Experience<\/strong>: We are a leader in the cosmetic industry and work with many renowned companies. Our many years of experience allows us to provide the highest level of service.<\/p><\/li><li><p><strong>Modern Equipment<\/strong>: Our laboratory is equipped with state-of-the-art equipment, allowing us to provide accurate and reliable tests. We invest in the latest technology to provide our clients with the best possible results.<\/p><\/li><li><p><strong>Team of Experts<\/strong>: Our professionals are passionate and always strive for excellence. We have a team of qualified scientists and technicians who are constantly upgrading their skills to meet the growing demands of the market.<\/p><\/li><\/ul><p>If you need professional cosmetic testing, choose MPR Labs - your trusted cosmetic laboratory! We guarantee the highest quality of service and full commitment to every project.&nbsp;<a href=\"\/kontakt\">Contact<\/a>&nbsp;get on with it.<\/p>\t\t\t\t\t\t<\/div>\n\t\t\t\t<\/div>\n\t\t\t\t\t<\/div>\n\t\t<\/div>\n\t\t\t\t\t<\/div>\n\t\t<\/section>\n\t\t\t\t<\/div>","protected":false},"excerpt":{"rendered":"<p>MPR Labs to renomowane laboratorium kosmetyczne, kt\u00f3re od lat wspiera producent\u00f3w kosmetyk\u00f3w w tworzeniu innowacyjnych i bezpiecznych produkt\u00f3w. Nasza misja to zapewnienie najwy\u017cszej jako\u015bci bada\u0144 i analiz, aby kosmetyki trafiaj\u0105ce na rynek by\u0142y skuteczne, bezpieczne i zgodne z obowi\u0105zuj\u0105cymi przepisami. Dzi\u0119ki naszemu do\u015bwiadczeniu i zaawansowanemu wyposa\u017ceniu, jeste\u015bmy w stanie sprosta\u0107 nawet najbardziej wymagaj\u0105cym oczekiwaniom naszych [&hellip;]<\/p>\n","protected":false},"author":2,"featured_media":3567,"parent":0,"menu_order":0,"comment_status":"closed","ping_status":"closed","template":"","meta":{"footnotes":""},"class_list":["post-4033","page","type-page","status-publish","format-standard","has-post-thumbnail","hentry"],"yoast_head":"<!-- This site is optimized with the Yoast SEO plugin v25.4 - https:\/\/yoast.com\/wordpress\/plugins\/seo\/ -->\n<title>Twoje Zaufane Laboratorium Kosmetyczne - MPR Labs<\/title>\n<meta name=\"description\" content=\"MPR Labs to renomowane laboratorium kosmetyczne, oferuj\u0105ce us\u0142ugi dla producent\u00f3w kosmetyk\u00f3w. Wybierz MPR Labs \u2013 laboratorium kosmetyczne!\" \/>\n<meta name=\"robots\" content=\"index, follow, max-snippet:-1, max-image-preview:large, max-video-preview:-1\" \/>\n<link rel=\"canonical\" href=\"https:\/\/mpr-labs.com\/en\/cosmetic-laboratory\/\" \/>\n<meta property=\"og:locale\" content=\"en_GB\" \/>\n<meta property=\"og:type\" content=\"article\" \/>\n<meta property=\"og:title\" content=\"Twoje Zaufane Laboratorium Kosmetyczne - MPR Labs\" \/>\n<meta property=\"og:description\" content=\"MPR Labs to renomowane laboratorium kosmetyczne, oferuj\u0105ce us\u0142ugi dla producent\u00f3w kosmetyk\u00f3w. Wybierz MPR Labs \u2013 laboratorium kosmetyczne!\" \/>\n<meta property=\"og:url\" content=\"https:\/\/mpr-labs.com\/en\/cosmetic-laboratory\/\" \/>\n<meta property=\"og:site_name\" content=\"MPR Labs\" \/>\n<meta property=\"article:publisher\" content=\"https:\/\/www.facebook.com\/MPRLabs\" \/>\n<meta property=\"article:modified_time\" content=\"2024-08-30T13:22:49+00:00\" \/>\n<meta property=\"og:image\" content=\"https:\/\/mpr-labs.com\/wp-content\/uploads\/2023\/08\/kategorie-uslug-top-min.png\" \/>\n\t<meta property=\"og:image:width\" content=\"2100\" \/>\n\t<meta property=\"og:image:height\" content=\"788\" \/>\n\t<meta property=\"og:image:type\" content=\"image\/png\" \/>\n<meta name=\"twitter:card\" content=\"summary_large_image\" \/>\n<meta name=\"twitter:label1\" content=\"Estimated reading time\" \/>\n\t<meta name=\"twitter:data1\" content=\"2 minutes\" \/>\n<script type=\"application\/ld+json\" class=\"yoast-schema-graph\">{\"@context\":\"https:\/\/schema.org\",\"@graph\":[{\"@type\":\"WebPage\",\"@id\":\"https:\/\/mpr-labs.com\/laboratorium-kosmetyczne\/\",\"url\":\"https:\/\/mpr-labs.com\/laboratorium-kosmetyczne\/\",\"name\":\"Twoje Zaufane Laboratorium Kosmetyczne - MPR Labs\",\"isPartOf\":{\"@id\":\"https:\/\/mpr-labs.com\/#website\"},\"primaryImageOfPage\":{\"@id\":\"https:\/\/mpr-labs.com\/laboratorium-kosmetyczne\/#primaryimage\"},\"image\":{\"@id\":\"https:\/\/mpr-labs.com\/laboratorium-kosmetyczne\/#primaryimage\"},\"thumbnailUrl\":\"https:\/\/mpr-labs.com\/wp-content\/uploads\/2023\/08\/kategorie-uslug-top-min.png\",\"datePublished\":\"2024-08-23T14:05:00+00:00\",\"dateModified\":\"2024-08-30T13:22:49+00:00\",\"description\":\"MPR Labs to renomowane laboratorium kosmetyczne, oferuj\u0105ce us\u0142ugi dla producent\u00f3w kosmetyk\u00f3w. Wybierz MPR Labs \u2013 laboratorium kosmetyczne!\",\"breadcrumb\":{\"@id\":\"https:\/\/mpr-labs.com\/laboratorium-kosmetyczne\/#breadcrumb\"},\"inLanguage\":\"en-GB\",\"potentialAction\":[{\"@type\":\"ReadAction\",\"target\":[\"https:\/\/mpr-labs.com\/laboratorium-kosmetyczne\/\"]}]},{\"@type\":\"ImageObject\",\"inLanguage\":\"en-GB\",\"@id\":\"https:\/\/mpr-labs.com\/laboratorium-kosmetyczne\/#primaryimage\",\"url\":\"https:\/\/mpr-labs.com\/wp-content\/uploads\/2023\/08\/kategorie-uslug-top-min.png\",\"contentUrl\":\"https:\/\/mpr-labs.com\/wp-content\/uploads\/2023\/08\/kategorie-uslug-top-min.png\",\"width\":2100,\"height\":788,\"caption\":\"Laboratorium Kosmetyczne\"},{\"@type\":\"BreadcrumbList\",\"@id\":\"https:\/\/mpr-labs.com\/laboratorium-kosmetyczne\/#breadcrumb\",\"itemListElement\":[{\"@type\":\"ListItem\",\"position\":1,\"name\":\"Strona g\u0142\u00f3wna\",\"item\":\"https:\/\/mpr-labs.com\/\"},{\"@type\":\"ListItem\",\"position\":2,\"name\":\"Laboratorium Kosmetyczne\"}]},{\"@type\":\"WebSite\",\"@id\":\"https:\/\/mpr-labs.com\/#website\",\"url\":\"https:\/\/mpr-labs.com\/\",\"name\":\"MPR Labs\",\"description\":\"MPR Labs - Laboratorium Kosmetyczne\",\"publisher\":{\"@id\":\"https:\/\/mpr-labs.com\/#organization\"},\"potentialAction\":[{\"@type\":\"SearchAction\",\"target\":{\"@type\":\"EntryPoint\",\"urlTemplate\":\"https:\/\/mpr-labs.com\/?s={search_term_string}\"},\"query-input\":{\"@type\":\"PropertyValueSpecification\",\"valueRequired\":true,\"valueName\":\"search_term_string\"}}],\"inLanguage\":\"en-GB\"},{\"@type\":\"Organization\",\"@id\":\"https:\/\/mpr-labs.com\/#organization\",\"name\":\"MPR Labs Sp. z o.o.\",\"alternateName\":\"MPR Labs\",\"url\":\"https:\/\/mpr-labs.com\/\",\"logo\":{\"@type\":\"ImageObject\",\"inLanguage\":\"en-GB\",\"@id\":\"https:\/\/mpr-labs.com\/#\/schema\/logo\/image\/\",\"url\":\"https:\/\/mpr-labs.com\/wp-content\/uploads\/2023\/05\/logo-new.png\",\"contentUrl\":\"https:\/\/mpr-labs.com\/wp-content\/uploads\/2023\/05\/logo-new.png\",\"width\":1150,\"height\":328,\"caption\":\"MPR Labs Sp. z o.o.\"},\"image\":{\"@id\":\"https:\/\/mpr-labs.com\/#\/schema\/logo\/image\/\"},\"sameAs\":[\"https:\/\/www.facebook.com\/MPRLabs\",\"https:\/\/www.linkedin.com\/company\/mpr-labs\/\"]}]}<\/script>\n<!-- \/ Yoast SEO plugin. -->","yoast_head_json":{"title":"Your Trusted Cosmetic Laboratory - MPR Labs","description":"MPR Labs is a renowned cosmetic laboratory offering services to cosmetic manufacturers. Choose MPR Labs - the cosmetics laboratory!","robots":{"index":"index","follow":"follow","max-snippet":"max-snippet:-1","max-image-preview":"max-image-preview:large","max-video-preview":"max-video-preview:-1"},"canonical":"https:\/\/mpr-labs.com\/en\/cosmetic-laboratory\/","og_locale":"en_GB","og_type":"article","og_title":"Twoje Zaufane Laboratorium Kosmetyczne - MPR Labs","og_description":"MPR Labs to renomowane laboratorium kosmetyczne, oferuj\u0105ce us\u0142ugi dla producent\u00f3w kosmetyk\u00f3w. Wybierz MPR Labs \u2013 laboratorium kosmetyczne!","og_url":"https:\/\/mpr-labs.com\/en\/cosmetic-laboratory\/","og_site_name":"MPR Labs","article_publisher":"https:\/\/www.facebook.com\/MPRLabs","article_modified_time":"2024-08-30T13:22:49+00:00","og_image":[{"width":2100,"height":788,"url":"https:\/\/mpr-labs.com\/wp-content\/uploads\/2023\/08\/kategorie-uslug-top-min.png","type":"image\/png"}],"twitter_card":"summary_large_image","twitter_misc":{"Estimated reading time":"2 minutes"},"schema":{"@context":"https:\/\/schema.org","@graph":[{"@type":"WebPage","@id":"https:\/\/mpr-labs.com\/laboratorium-kosmetyczne\/","url":"https:\/\/mpr-labs.com\/laboratorium-kosmetyczne\/","name":"Your Trusted Cosmetic Laboratory - MPR Labs","isPartOf":{"@id":"https:\/\/mpr-labs.com\/#website"},"primaryImageOfPage":{"@id":"https:\/\/mpr-labs.com\/laboratorium-kosmetyczne\/#primaryimage"},"image":{"@id":"https:\/\/mpr-labs.com\/laboratorium-kosmetyczne\/#primaryimage"},"thumbnailUrl":"https:\/\/mpr-labs.com\/wp-content\/uploads\/2023\/08\/kategorie-uslug-top-min.png","datePublished":"2024-08-23T14:05:00+00:00","dateModified":"2024-08-30T13:22:49+00:00","description":"MPR Labs is a renowned cosmetic laboratory offering services to cosmetic manufacturers. Choose MPR Labs - the cosmetics laboratory!","breadcrumb":{"@id":"https:\/\/mpr-labs.com\/laboratorium-kosmetyczne\/#breadcrumb"},"inLanguage":"en-GB","potentialAction":[{"@type":"ReadAction","target":["https:\/\/mpr-labs.com\/laboratorium-kosmetyczne\/"]}]},{"@type":"ImageObject","inLanguage":"en-GB","@id":"https:\/\/mpr-labs.com\/laboratorium-kosmetyczne\/#primaryimage","url":"https:\/\/mpr-labs.com\/wp-content\/uploads\/2023\/08\/kategorie-uslug-top-min.png","contentUrl":"https:\/\/mpr-labs.com\/wp-content\/uploads\/2023\/08\/kategorie-uslug-top-min.png","width":2100,"height":788,"caption":"Laboratorium Kosmetyczne"},{"@type":"BreadcrumbList","@id":"https:\/\/mpr-labs.com\/laboratorium-kosmetyczne\/#breadcrumb","itemListElement":[{"@type":"ListItem","position":1,"name":"Strona g\u0142\u00f3wna","item":"https:\/\/mpr-labs.com\/"},{"@type":"ListItem","position":2,"name":"Laboratorium Kosmetyczne"}]},{"@type":"WebSite","@id":"https:\/\/mpr-labs.com\/#website","url":"https:\/\/mpr-labs.com\/","name":"MPR Labs","description":"MPR Labs - Cosmetics Laboratory","publisher":{"@id":"https:\/\/mpr-labs.com\/#organization"},"potentialAction":[{"@type":"SearchAction","target":{"@type":"EntryPoint","urlTemplate":"https:\/\/mpr-labs.com\/?s={search_term_string}"},"query-input":{"@type":"PropertyValueSpecification","valueRequired":true,"valueName":"search_term_string"}}],"inLanguage":"en-GB"},{"@type":"Organization","@id":"https:\/\/mpr-labs.com\/#organization","name":"MPR Labs Sp. z o.o.","alternateName":"MPR Labs","url":"https:\/\/mpr-labs.com\/","logo":{"@type":"ImageObject","inLanguage":"en-GB","@id":"https:\/\/mpr-labs.com\/#\/schema\/logo\/image\/","url":"https:\/\/mpr-labs.com\/wp-content\/uploads\/2023\/05\/logo-new.png","contentUrl":"https:\/\/mpr-labs.com\/wp-content\/uploads\/2023\/05\/logo-new.png","width":1150,"height":328,"caption":"MPR Labs Sp. z o.o."},"image":{"@id":"https:\/\/mpr-labs.com\/#\/schema\/logo\/image\/"},"sameAs":["https:\/\/www.facebook.com\/MPRLabs","https:\/\/www.linkedin.com\/company\/mpr-labs\/"]}]}},"_links":{"self":[{"href":"https:\/\/mpr-labs.com\/en\/wp-json\/wp\/v2\/pages\/4033","targetHints":{"allow":["GET"]}}],"collection":[{"href":"https:\/\/mpr-labs.com\/en\/wp-json\/wp\/v2\/pages"}],"about":[{"href":"https:\/\/mpr-labs.com\/en\/wp-json\/wp\/v2\/types\/page"}],"author":[{"embeddable":true,"href":"https:\/\/mpr-labs.com\/en\/wp-json\/wp\/v2\/users\/2"}],"replies":[{"embeddable":true,"href":"https:\/\/mpr-labs.com\/en\/wp-json\/wp\/v2\/comments?post=4033"}],"version-history":[{"count":17,"href":"https:\/\/mpr-labs.com\/en\/wp-json\/wp\/v2\/pages\/4033\/revisions"}],"predecessor-version":[{"id":4976,"href":"https:\/\/mpr-labs.com\/en\/wp-json\/wp\/v2\/pages\/4033\/revisions\/4976"}],"wp:featuredmedia":[{"embeddable":true,"href":"https:\/\/mpr-labs.com\/en\/wp-json\/wp\/v2\/media\/3567"}],"wp:attachment":[{"href":"https:\/\/mpr-labs.com\/en\/wp-json\/wp\/v2\/media?parent=4033"}],"curies":[{"name":"wp","href":"https:\/\/api.w.org\/{rel}","templated":true}]}}