{"id":3661,"date":"2023-12-27T14:48:16","date_gmt":"2023-12-27T14:48:16","guid":{"rendered":"https:\/\/mpr-labs.com\/?page_id=3661"},"modified":"2023-12-27T17:13:41","modified_gmt":"2023-12-27T17:13:41","slug":"payment","status":"publish","type":"page","link":"https:\/\/mpr-labs.com\/en\/platnosci\/","title":{"rendered":"Payments\/Shop"},"content":{"rendered":"<h2 class=\"wp-block-heading\" id=\"h-szanowni-panstwo\"><strong>Ladies and Gentlemen,<\/strong><\/h2>\n\n\n<p>In response to our customers' requests, we have made it possible for you to pay invoices for the purchase of our services. <br>and proforma documents using fast PayU payments (pay-by-link).<\/p>\n<p>To initiate payment, please go to the product page:&nbsp;<strong><a href=\"https:\/\/mpr-labs.com\/product\/dokument-mpr-labs\/\" target=\"_blank\" rel=\"noopener\">MPR Labs document<\/a><\/strong><\/p>\n<ol>\n<li>Please enter the amount and add the product to your cart.<\/li>\n<li>Your shopping cart will open automatically and a summary will appear.<\/li>\n<li>Please go to Payments and make it via PayU by entering the number or numbers of the paid VAT invoices or proforma documents in the \u201cOrder Note\u201d field.<\/li>\n<\/ol>\n<p><strong>The store only allows payment for documents previously issued by MPR Labs Sp. z o.o.<\/strong><\/p>\n<p><strong>Additional documents:<\/strong><\/p>\n<ul>\n<li><a href=\"https:\/\/mpr-labs.com\/regulamin-sklepu\/\" target=\"_blank\" rel=\"noopener\">Shop regulations<\/a>&nbsp;<\/li>\n<li><a href=\"https:\/\/mpr-labs.com\/polityka-prywatnosci\/\" target=\"_blank\" rel=\"noopener\">Privacy policy<\/a><\/li>\n<\/ul>\n\n\n<figure class=\"wp-block-image size-large is-resized\"><img fetchpriority=\"high\" decoding=\"async\" src=\"https:\/\/mpr-labs.com\/wp-content\/uploads\/2023\/12\/PAYU-GPO_new-green-00FE89-1024x364.png\" alt=\"\" class=\"wp-image-3704\" width=\"411\" height=\"145\" srcset=\"https:\/\/mpr-labs.com\/wp-content\/uploads\/2023\/12\/PAYU-GPO_new-green-00FE89-1024x364.png 1024w, https:\/\/mpr-labs.com\/wp-content\/uploads\/2023\/12\/PAYU-GPO_new-green-00FE89-300x107.png 300w, https:\/\/mpr-labs.com\/wp-content\/uploads\/2023\/12\/PAYU-GPO_new-green-00FE89-768x273.png 768w, https:\/\/mpr-labs.com\/wp-content\/uploads\/2023\/12\/PAYU-GPO_new-green-00FE89-18x6.png 18w, https:\/\/mpr-labs.com\/wp-content\/uploads\/2023\/12\/PAYU-GPO_new-green-00FE89.png 1500w\" sizes=\"(max-width: 411px) 100vw, 411px\"><\/figure>","protected":false},"excerpt":{"rendered":"<p>Szanowni Pa\u0144stwo, W odpowiedzi na pro\u015bby naszych Klient\u00f3w, udost\u0119pnili\u015bmy Pa\u0144stwu mo\u017cliwo\u015b\u0107 op\u0142acania faktur zakupu naszych us\u0142ug oraz dokument\u00f3w proforma za pomoc\u0105 szybkich p\u0142atno\u015bci PayU (pay-by-link). W celu rozpocz\u0119cia p\u0142atno\u015bci prosimy przej\u015b\u0107 na stron\u0119 produktu:\u00a0Dokument MPR Labs Prosimy wpisa\u0107 kwot\u0119 i doda\u0107 produkt do Koszyka. Koszyk otworzy si\u0119 automatycznie i pojawi si\u0119 jego podsumowanie. Prosimy przej\u015b\u0107 [&hellip;]<\/p>\n","protected":false},"author":2,"featured_media":3685,"parent":0,"menu_order":0,"comment_status":"closed","ping_status":"closed","template":"","meta":{"footnotes":""},"class_list":["post-3661","page","type-page","status-publish","format-standard","has-post-thumbnail","hentry"],"yoast_head":"<!-- This site is optimized with the Yoast SEO plugin v25.4 - https:\/\/yoast.com\/wordpress\/plugins\/seo\/ -->\n<title>P\u0142atno\u015bci\/Sklep - MPR Labs<\/title>\n<meta name=\"robots\" content=\"index, follow, max-snippet:-1, max-image-preview:large, max-video-preview:-1\" \/>\n<link rel=\"canonical\" href=\"https:\/\/mpr-labs.com\/en\/payment\/\" \/>\n<meta property=\"og:locale\" content=\"en_GB\" \/>\n<meta property=\"og:type\" content=\"article\" \/>\n<meta property=\"og:title\" content=\"P\u0142atno\u015bci\/Sklep - MPR Labs\" \/>\n<meta property=\"og:description\" content=\"Szanowni Pa\u0144stwo, W odpowiedzi na pro\u015bby naszych Klient\u00f3w, udost\u0119pnili\u015bmy Pa\u0144stwu mo\u017cliwo\u015b\u0107 op\u0142acania faktur zakupu naszych us\u0142ug oraz dokument\u00f3w proforma za pomoc\u0105 szybkich p\u0142atno\u015bci PayU (pay-by-link). W celu rozpocz\u0119cia p\u0142atno\u015bci prosimy przej\u015b\u0107 na stron\u0119 produktu:\u00a0Dokument MPR Labs Prosimy wpisa\u0107 kwot\u0119 i doda\u0107 produkt do Koszyka. Koszyk otworzy si\u0119 automatycznie i pojawi si\u0119 jego podsumowanie. Prosimy przej\u015b\u0107 [&hellip;]\" \/>\n<meta property=\"og:url\" content=\"https:\/\/mpr-labs.com\/en\/payment\/\" \/>\n<meta property=\"og:site_name\" content=\"MPR Labs\" \/>\n<meta property=\"article:publisher\" content=\"https:\/\/www.facebook.com\/MPRLabs\" \/>\n<meta property=\"article:modified_time\" content=\"2023-12-27T17:13:41+00:00\" \/>\n<meta property=\"og:image\" content=\"https:\/\/mpr-labs.com\/wp-content\/uploads\/2023\/12\/money.jpg\" \/>\n\t<meta property=\"og:image:width\" content=\"2100\" \/>\n\t<meta property=\"og:image:height\" content=\"788\" \/>\n\t<meta property=\"og:image:type\" content=\"image\/jpeg\" \/>\n<meta name=\"twitter:card\" content=\"summary_large_image\" \/>\n<meta name=\"twitter:label1\" content=\"Estimated reading time\" \/>\n\t<meta name=\"twitter:data1\" content=\"1 minute\" \/>\n<script type=\"application\/ld+json\" class=\"yoast-schema-graph\">{\"@context\":\"https:\/\/schema.org\",\"@graph\":[{\"@type\":\"WebPage\",\"@id\":\"https:\/\/mpr-labs.com\/platnosci\/\",\"url\":\"https:\/\/mpr-labs.com\/platnosci\/\",\"name\":\"P\u0142atno\u015bci\/Sklep - MPR Labs\",\"isPartOf\":{\"@id\":\"https:\/\/mpr-labs.com\/#website\"},\"primaryImageOfPage\":{\"@id\":\"https:\/\/mpr-labs.com\/platnosci\/#primaryimage\"},\"image\":{\"@id\":\"https:\/\/mpr-labs.com\/platnosci\/#primaryimage\"},\"thumbnailUrl\":\"https:\/\/mpr-labs.com\/wp-content\/uploads\/2023\/12\/money.jpg\",\"datePublished\":\"2023-12-27T14:48:16+00:00\",\"dateModified\":\"2023-12-27T17:13:41+00:00\",\"breadcrumb\":{\"@id\":\"https:\/\/mpr-labs.com\/platnosci\/#breadcrumb\"},\"inLanguage\":\"en-GB\",\"potentialAction\":[{\"@type\":\"ReadAction\",\"target\":[\"https:\/\/mpr-labs.com\/platnosci\/\"]}]},{\"@type\":\"ImageObject\",\"inLanguage\":\"en-GB\",\"@id\":\"https:\/\/mpr-labs.com\/platnosci\/#primaryimage\",\"url\":\"https:\/\/mpr-labs.com\/wp-content\/uploads\/2023\/12\/money.jpg\",\"contentUrl\":\"https:\/\/mpr-labs.com\/wp-content\/uploads\/2023\/12\/money.jpg\",\"width\":2100,\"height\":788,\"caption\":\"Savings, male hand stacking gold coins into increasing columns with copy space\"},{\"@type\":\"BreadcrumbList\",\"@id\":\"https:\/\/mpr-labs.com\/platnosci\/#breadcrumb\",\"itemListElement\":[{\"@type\":\"ListItem\",\"position\":1,\"name\":\"Strona g\u0142\u00f3wna\",\"item\":\"https:\/\/mpr-labs.com\/\"},{\"@type\":\"ListItem\",\"position\":2,\"name\":\"P\u0142atno\u015bci\/Sklep\"}]},{\"@type\":\"WebSite\",\"@id\":\"https:\/\/mpr-labs.com\/#website\",\"url\":\"https:\/\/mpr-labs.com\/\",\"name\":\"MPR Labs\",\"description\":\"MPR Labs - Laboratorium Kosmetyczne\",\"publisher\":{\"@id\":\"https:\/\/mpr-labs.com\/#organization\"},\"potentialAction\":[{\"@type\":\"SearchAction\",\"target\":{\"@type\":\"EntryPoint\",\"urlTemplate\":\"https:\/\/mpr-labs.com\/?s={search_term_string}\"},\"query-input\":{\"@type\":\"PropertyValueSpecification\",\"valueRequired\":true,\"valueName\":\"search_term_string\"}}],\"inLanguage\":\"en-GB\"},{\"@type\":\"Organization\",\"@id\":\"https:\/\/mpr-labs.com\/#organization\",\"name\":\"MPR Labs Sp. z o.o.\",\"alternateName\":\"MPR Labs\",\"url\":\"https:\/\/mpr-labs.com\/\",\"logo\":{\"@type\":\"ImageObject\",\"inLanguage\":\"en-GB\",\"@id\":\"https:\/\/mpr-labs.com\/#\/schema\/logo\/image\/\",\"url\":\"https:\/\/mpr-labs.com\/wp-content\/uploads\/2023\/05\/logo-new.png\",\"contentUrl\":\"https:\/\/mpr-labs.com\/wp-content\/uploads\/2023\/05\/logo-new.png\",\"width\":1150,\"height\":328,\"caption\":\"MPR Labs Sp. z o.o.\"},\"image\":{\"@id\":\"https:\/\/mpr-labs.com\/#\/schema\/logo\/image\/\"},\"sameAs\":[\"https:\/\/www.facebook.com\/MPRLabs\",\"https:\/\/www.linkedin.com\/company\/mpr-labs\/\"]}]}<\/script>\n<!-- \/ Yoast SEO plugin. -->","yoast_head_json":{"title":"Payments\/Store - MPR Labs","robots":{"index":"index","follow":"follow","max-snippet":"max-snippet:-1","max-image-preview":"max-image-preview:large","max-video-preview":"max-video-preview:-1"},"canonical":"https:\/\/mpr-labs.com\/en\/payment\/","og_locale":"en_GB","og_type":"article","og_title":"P\u0142atno\u015bci\/Sklep - MPR Labs","og_description":"Szanowni Pa\u0144stwo, W odpowiedzi na pro\u015bby naszych Klient\u00f3w, udost\u0119pnili\u015bmy Pa\u0144stwu mo\u017cliwo\u015b\u0107 op\u0142acania faktur zakupu naszych us\u0142ug oraz dokument\u00f3w proforma za pomoc\u0105 szybkich p\u0142atno\u015bci PayU (pay-by-link). W celu rozpocz\u0119cia p\u0142atno\u015bci prosimy przej\u015b\u0107 na stron\u0119 produktu:\u00a0Dokument MPR Labs Prosimy wpisa\u0107 kwot\u0119 i doda\u0107 produkt do Koszyka. Koszyk otworzy si\u0119 automatycznie i pojawi si\u0119 jego podsumowanie. Prosimy przej\u015b\u0107 [&hellip;]","og_url":"https:\/\/mpr-labs.com\/en\/payment\/","og_site_name":"MPR Labs","article_publisher":"https:\/\/www.facebook.com\/MPRLabs","article_modified_time":"2023-12-27T17:13:41+00:00","og_image":[{"width":2100,"height":788,"url":"https:\/\/mpr-labs.com\/wp-content\/uploads\/2023\/12\/money.jpg","type":"image\/jpeg"}],"twitter_card":"summary_large_image","twitter_misc":{"Estimated reading time":"1 minute"},"schema":{"@context":"https:\/\/schema.org","@graph":[{"@type":"WebPage","@id":"https:\/\/mpr-labs.com\/platnosci\/","url":"https:\/\/mpr-labs.com\/platnosci\/","name":"Payments\/Store - MPR Labs","isPartOf":{"@id":"https:\/\/mpr-labs.com\/#website"},"primaryImageOfPage":{"@id":"https:\/\/mpr-labs.com\/platnosci\/#primaryimage"},"image":{"@id":"https:\/\/mpr-labs.com\/platnosci\/#primaryimage"},"thumbnailUrl":"https:\/\/mpr-labs.com\/wp-content\/uploads\/2023\/12\/money.jpg","datePublished":"2023-12-27T14:48:16+00:00","dateModified":"2023-12-27T17:13:41+00:00","breadcrumb":{"@id":"https:\/\/mpr-labs.com\/platnosci\/#breadcrumb"},"inLanguage":"en-GB","potentialAction":[{"@type":"ReadAction","target":["https:\/\/mpr-labs.com\/platnosci\/"]}]},{"@type":"ImageObject","inLanguage":"en-GB","@id":"https:\/\/mpr-labs.com\/platnosci\/#primaryimage","url":"https:\/\/mpr-labs.com\/wp-content\/uploads\/2023\/12\/money.jpg","contentUrl":"https:\/\/mpr-labs.com\/wp-content\/uploads\/2023\/12\/money.jpg","width":2100,"height":788,"caption":"Savings, male hand stacking gold coins into increasing columns with copy space"},{"@type":"BreadcrumbList","@id":"https:\/\/mpr-labs.com\/platnosci\/#breadcrumb","itemListElement":[{"@type":"ListItem","position":1,"name":"Strona g\u0142\u00f3wna","item":"https:\/\/mpr-labs.com\/"},{"@type":"ListItem","position":2,"name":"P\u0142atno\u015bci\/Sklep"}]},{"@type":"WebSite","@id":"https:\/\/mpr-labs.com\/#website","url":"https:\/\/mpr-labs.com\/","name":"MPR Labs","description":"MPR Labs - Cosmetics Laboratory","publisher":{"@id":"https:\/\/mpr-labs.com\/#organization"},"potentialAction":[{"@type":"SearchAction","target":{"@type":"EntryPoint","urlTemplate":"https:\/\/mpr-labs.com\/?s={search_term_string}"},"query-input":{"@type":"PropertyValueSpecification","valueRequired":true,"valueName":"search_term_string"}}],"inLanguage":"en-GB"},{"@type":"Organization","@id":"https:\/\/mpr-labs.com\/#organization","name":"MPR Labs Sp. z o.o.","alternateName":"MPR Labs","url":"https:\/\/mpr-labs.com\/","logo":{"@type":"ImageObject","inLanguage":"en-GB","@id":"https:\/\/mpr-labs.com\/#\/schema\/logo\/image\/","url":"https:\/\/mpr-labs.com\/wp-content\/uploads\/2023\/05\/logo-new.png","contentUrl":"https:\/\/mpr-labs.com\/wp-content\/uploads\/2023\/05\/logo-new.png","width":1150,"height":328,"caption":"MPR Labs Sp. z o.o."},"image":{"@id":"https:\/\/mpr-labs.com\/#\/schema\/logo\/image\/"},"sameAs":["https:\/\/www.facebook.com\/MPRLabs","https:\/\/www.linkedin.com\/company\/mpr-labs\/"]}]}},"_links":{"self":[{"href":"https:\/\/mpr-labs.com\/en\/wp-json\/wp\/v2\/pages\/3661","targetHints":{"allow":["GET"]}}],"collection":[{"href":"https:\/\/mpr-labs.com\/en\/wp-json\/wp\/v2\/pages"}],"about":[{"href":"https:\/\/mpr-labs.com\/en\/wp-json\/wp\/v2\/types\/page"}],"author":[{"embeddable":true,"href":"https:\/\/mpr-labs.com\/en\/wp-json\/wp\/v2\/users\/2"}],"replies":[{"embeddable":true,"href":"https:\/\/mpr-labs.com\/en\/wp-json\/wp\/v2\/comments?post=3661"}],"version-history":[{"count":15,"href":"https:\/\/mpr-labs.com\/en\/wp-json\/wp\/v2\/pages\/3661\/revisions"}],"predecessor-version":[{"id":3706,"href":"https:\/\/mpr-labs.com\/en\/wp-json\/wp\/v2\/pages\/3661\/revisions\/3706"}],"wp:featuredmedia":[{"embeddable":true,"href":"https:\/\/mpr-labs.com\/en\/wp-json\/wp\/v2\/media\/3685"}],"wp:attachment":[{"href":"https:\/\/mpr-labs.com\/en\/wp-json\/wp\/v2\/media?parent=3661"}],"curies":[{"name":"wp","href":"https:\/\/api.w.org\/{rel}","templated":true}]}}