{"id":3,"date":"2023-03-28T11:18:17","date_gmt":"2023-03-28T11:18:17","guid":{"rendered":"https:\/\/mpr-labs.com\/?page_id=3"},"modified":"2025-03-25T13:39:36","modified_gmt":"2025-03-25T13:39:36","slug":"privacy-policy","status":"publish","type":"page","link":"https:\/\/mpr-labs.com\/en\/polityka-prywatnosci\/","title":{"rendered":"Privacy policy"},"content":{"rendered":"<p>The following Privacy Policy aims to inform you about how we use your personal data, in respect of which we meet all the requirements of Regulation (EU) 2016\/679 of the European Parliament and of the Council of 27 April 2016 (hereinafter referred to as \"GDPR\").<\/p>\n\n\n\n<h2 class=\"wp-block-heading\"><strong><u>Administrator Identity<\/u><\/strong><\/h2>\n\n\n\n<p>The data controller is MPR Labs Sp. z o. o., with its registered office in \u0141\u00f3d\u017a (93-357), ul. Kosynier\u00f3w Gdy\u0144skich 50, responsible for ensuring the operation of the mpr-labs.com portal.<\/p>\n\n\n\n<h2 class=\"wp-block-heading\"><strong><u>Administrator contact details<\/u><\/strong><\/h2>\n\n\n\n<ul class=\"wp-block-list\">\n<li>\n<\/ul>\n\n\n\n<ol class=\"wp-block-list\">\n<li>You can contact the Data Administrator \u2013 MPR Labs:\n<ul class=\"wp-block-list\">\n<li>by e-mail at info@mpr-labs.com<\/li>\n\n\n\n<li>via the contact form available online at mpr-labs.com\/kontakt;<\/li>\n\n\n\n<li>by post \u2013 sending correspondence to the registered office address of the administrator.<\/li>\n<\/ul>\n<\/li>\n\n\n\n<li>The Administrator uses state-of-the-art technical measures and organizational solutions to ensure a high level of protection of processed personal data and protection against access by unauthorized persons.<\/li>\n<\/ol>\n\n\n\n<h2 class=\"wp-block-heading\"><strong><u>Purposes and legal basis of data processing<\/u><\/strong><\/h2>\n\n\n\n<p>Users\u2019 personal data may be processed by the Administrator on the basis of:<\/p>\n\n\n\n<ol class=\"wp-block-list\">\n<li>Necessity for the performance of a contract or to take steps prior to entering into a contract (Article 6, paragraph 1, letter b of the GDPR), separately for the purpose:\n<ul class=\"wp-block-list\">\n<li><span style='color: initial; font-family: -apple-system, BlinkMacSystemFont, \"Segoe UI\", Roboto, Oxygen-Sans, Ubuntu, Cantarell, \"Helvetica Neue\", sans-serif;'>for the purpose of providing commissioned services, preparing documentation for commissioned projects and services, as well as for billing purposes;<\/span><\/li>\n\n\n\n<li><span style='color: initial; font-family: -apple-system, BlinkMacSystemFont, \"Segoe UI\", Roboto, Oxygen-Sans, Ubuntu, Cantarell, \"Helvetica Neue\", sans-serif;'>responses to inquiries regarding the services provided;<\/span><\/li>\n\n\n\n<li>providing access to materials related to the topics covered on the mpr-labs.com portal;<\/li>\n<\/ul>\n<\/li>\n\n\n\n<li>The legitimate interest of the Administrator (Article 6, paragraph 1, letter f of the GDPR), separately for the purpose of:\n<ul class=\"wp-block-list\">\n<li><span style='color: initial; font-family: -apple-system, BlinkMacSystemFont, \"Segoe UI\", Roboto, Oxygen-Sans, Ubuntu, Cantarell, \"Helvetica Neue\", sans-serif;'>marketing of the Administrator's own products and services, including for analytical and profiling purposes, where the legitimate interest of the Administrator is to conduct direct marketing of its own products and services;<\/span><\/li>\n\n\n\n<li><span style='color: initial; font-family: -apple-system, BlinkMacSystemFont, \"Segoe UI\", Roboto, Oxygen-Sans, Ubuntu, Cantarell, \"Helvetica Neue\", sans-serif;'>personal data may also be processed for the purposes of direct marketing of products, securing and pursuing claims or defending against claims of the User or a third party, as well as marketing of services and products of third parties or own marketing other than direct marketing;<\/span><\/li>\n\n\n\n<li>defense against possible claims, where the legitimate interest of the Administrator is to pursue or defend claims.<\/li>\n<\/ul>\n<\/li>\n<\/ol>\n\n\n\n<h2 class=\"wp-block-heading\"><strong><u>The period of storage of personal data<\/u><\/strong><\/h2>\n\n\n\n<ol class=\"wp-block-list\">\n<li>Data is stored for the period from its receipt in the form of contact and no longer than until the user requests its deletion;<\/li>\n\n\n\n<li>Data stored for archival purposes \u2013 for the period necessary to achieve this purpose;<\/li>\n\n\n\n<li>Data related to responding to e-mail or telephone contact \u2013 until the moment of correspondence or withdrawal of the consent granted, unless further storage of the data is justified by the overriding interest of the Administrator, e.g. defense against possible claims.<\/li>\n<\/ol>\n\n\n\n<h2 class=\"wp-block-heading\"><strong><u>User rights<\/u><\/strong><\/h2>\n\n\n\n<p>Users are entitled to:<\/p>\n\n\n\n<ol class=\"wp-block-list\">\n<li>The right to access your data and a copy of your data;<\/li>\n\n\n\n<li>The right to rectify your data;<\/li>\n\n\n\n<li>The right to delete data \u2013 if the user believes that the Administrator has no right to process them;<\/li>\n\n\n\n<li>The right to restrict data processing \u2013 the user may request that the processing of personal data be restricted for storage if he or she believes that the data is incorrect or its processing is illegal;<\/li>\n\n\n\n<li>The right to object \u2013 the user may object to the processing of their personal data if the legal basis for the processing is the legitimate interest of the Administrator;<\/li>\n\n\n\n<li>The right to transfer data \u2013 the User may request that the administrator transfer the User\u2019s processed personal data to another entity. For this purpose, the User should write a request to the administrator, indicating to which entity (name, address) the User\u2019s personal data should be transferred and what specific data the User wishes the administrator to transfer. After the User confirms their request, the administrator will transfer the User\u2019s personal data to the indicated entity in electronic form. The User\u2019s confirmation of the request is necessary for the security of the User\u2019s personal data and to ensure that the request comes from an authorized person;<\/li>\n\n\n\n<li>The right to lodge a complaint \u2013 if the user\u2019s personal data is found to be being processed unlawfully, the user may lodge a complaint with the President of the Personal Data Protection Office or another supervisory authority.<\/li>\n<\/ol>\n\n\n\n<h2 class=\"wp-block-heading\"><strong><u>Data sharing<\/u><\/strong><\/h2>\n\n\n\n<p>Users\u2019 personal data may be transferred to entities to which the Administrator entrusts the processing of personal data on the basis of agreements and to entities authorized to obtain personal data on the basis of legal provisions.<\/p>\n\n\n\n<h2 class=\"wp-block-heading\"><strong><u>Changes to Privacy Policy<\/u><\/strong><\/h2>\n\n\n\n<p>In order to ensure that the Portal's Privacy Policy always meets the current requirements imposed by law, the Administrator reserves the right to make changes to it at any time.<\/p>\n\n\n\n<h2 class=\"wp-block-heading\"><\/h2>","protected":false},"excerpt":{"rendered":"<p>Poni\u017csza Polityka prywatno\u015bci ma na celu poinformowanie o sposobie wykorzystywania przez nas Pa\u0144stwa danych osobowych, wzgl\u0119dem kt\u00f3rych spe\u0142niamy wszystkie wymogi Rozporz\u0105dzenia Parlamentu Europejskiego i Rady (UE) 2016\/679 UE z dnia 27 kwietnia 2016 r. (dalej jako: \u201eRODO\u201d). To\u017csamo\u015b\u0107 administratora Administratorem danych jest MPR Labs Sp. z o.o., maj\u0105ca siedzib\u0119 w \u0141odzi (93-357) przy ul. Kosynier\u00f3w [&hellip;]<\/p>\n","protected":false},"author":2,"featured_media":0,"parent":0,"menu_order":0,"comment_status":"closed","ping_status":"closed","template":"","meta":{"footnotes":""},"class_list":["post-3","page","type-page","status-publish","format-standard","hentry"],"yoast_head":"<!-- This site is optimized with the Yoast SEO plugin v25.4 - https:\/\/yoast.com\/wordpress\/plugins\/seo\/ -->\n<title>Polityka prywatno\u015bci - MPR Labs<\/title>\n<meta name=\"robots\" content=\"noindex, follow\" \/>\n<meta property=\"og:locale\" content=\"en_GB\" \/>\n<meta property=\"og:type\" content=\"article\" \/>\n<meta property=\"og:title\" content=\"Polityka prywatno\u015bci - MPR Labs\" \/>\n<meta property=\"og:description\" content=\"Poni\u017csza Polityka prywatno\u015bci ma na celu poinformowanie o sposobie wykorzystywania przez nas Pa\u0144stwa danych osobowych, wzgl\u0119dem kt\u00f3rych spe\u0142niamy wszystkie wymogi Rozporz\u0105dzenia Parlamentu Europejskiego i Rady (UE) 2016\/679 UE z dnia 27 kwietnia 2016 r. (dalej jako: \u201eRODO\u201d). To\u017csamo\u015b\u0107 administratora Administratorem danych jest MPR Labs Sp. z o.o., maj\u0105ca siedzib\u0119 w \u0141odzi (93-357) przy ul. Kosynier\u00f3w [&hellip;]\" \/>\n<meta property=\"og:url\" content=\"https:\/\/mpr-labs.com\/en\/privacy-policy\/\" \/>\n<meta property=\"og:site_name\" content=\"MPR Labs\" \/>\n<meta property=\"article:publisher\" content=\"https:\/\/www.facebook.com\/MPRLabs\" \/>\n<meta property=\"article:modified_time\" content=\"2025-03-25T13:39:36+00:00\" \/>\n<meta name=\"twitter:card\" content=\"summary_large_image\" \/>\n<meta name=\"twitter:label1\" content=\"Estimated reading time\" \/>\n\t<meta name=\"twitter:data1\" content=\"4 minutes\" \/>\n<script type=\"application\/ld+json\" class=\"yoast-schema-graph\">{\"@context\":\"https:\/\/schema.org\",\"@graph\":[{\"@type\":\"WebPage\",\"@id\":\"https:\/\/mpr-labs.com\/polityka-prywatnosci\/\",\"url\":\"https:\/\/mpr-labs.com\/polityka-prywatnosci\/\",\"name\":\"Polityka prywatno\u015bci - MPR Labs\",\"isPartOf\":{\"@id\":\"https:\/\/mpr-labs.com\/#website\"},\"datePublished\":\"2023-03-28T11:18:17+00:00\",\"dateModified\":\"2025-03-25T13:39:36+00:00\",\"breadcrumb\":{\"@id\":\"https:\/\/mpr-labs.com\/polityka-prywatnosci\/#breadcrumb\"},\"inLanguage\":\"en-GB\",\"potentialAction\":[{\"@type\":\"ReadAction\",\"target\":[\"https:\/\/mpr-labs.com\/polityka-prywatnosci\/\"]}]},{\"@type\":\"BreadcrumbList\",\"@id\":\"https:\/\/mpr-labs.com\/polityka-prywatnosci\/#breadcrumb\",\"itemListElement\":[{\"@type\":\"ListItem\",\"position\":1,\"name\":\"Strona g\u0142\u00f3wna\",\"item\":\"https:\/\/mpr-labs.com\/\"},{\"@type\":\"ListItem\",\"position\":2,\"name\":\"Polityka prywatno\u015bci\"}]},{\"@type\":\"WebSite\",\"@id\":\"https:\/\/mpr-labs.com\/#website\",\"url\":\"https:\/\/mpr-labs.com\/\",\"name\":\"MPR Labs\",\"description\":\"MPR Labs - Laboratorium Kosmetyczne\",\"publisher\":{\"@id\":\"https:\/\/mpr-labs.com\/#organization\"},\"potentialAction\":[{\"@type\":\"SearchAction\",\"target\":{\"@type\":\"EntryPoint\",\"urlTemplate\":\"https:\/\/mpr-labs.com\/?s={search_term_string}\"},\"query-input\":{\"@type\":\"PropertyValueSpecification\",\"valueRequired\":true,\"valueName\":\"search_term_string\"}}],\"inLanguage\":\"en-GB\"},{\"@type\":\"Organization\",\"@id\":\"https:\/\/mpr-labs.com\/#organization\",\"name\":\"MPR Labs Sp. z o.o.\",\"alternateName\":\"MPR Labs\",\"url\":\"https:\/\/mpr-labs.com\/\",\"logo\":{\"@type\":\"ImageObject\",\"inLanguage\":\"en-GB\",\"@id\":\"https:\/\/mpr-labs.com\/#\/schema\/logo\/image\/\",\"url\":\"https:\/\/mpr-labs.com\/wp-content\/uploads\/2023\/05\/logo-new.png\",\"contentUrl\":\"https:\/\/mpr-labs.com\/wp-content\/uploads\/2023\/05\/logo-new.png\",\"width\":1150,\"height\":328,\"caption\":\"MPR Labs Sp. z o.o.\"},\"image\":{\"@id\":\"https:\/\/mpr-labs.com\/#\/schema\/logo\/image\/\"},\"sameAs\":[\"https:\/\/www.facebook.com\/MPRLabs\",\"https:\/\/www.linkedin.com\/company\/mpr-labs\/\"]}]}<\/script>\n<!-- \/ Yoast SEO plugin. -->","yoast_head_json":{"title":"Privacy policy - MPR Labs","robots":{"index":"noindex","follow":"follow"},"og_locale":"en_GB","og_type":"article","og_title":"Polityka prywatno\u015bci - MPR Labs","og_description":"Poni\u017csza Polityka prywatno\u015bci ma na celu poinformowanie o sposobie wykorzystywania przez nas Pa\u0144stwa danych osobowych, wzgl\u0119dem kt\u00f3rych spe\u0142niamy wszystkie wymogi Rozporz\u0105dzenia Parlamentu Europejskiego i Rady (UE) 2016\/679 UE z dnia 27 kwietnia 2016 r. (dalej jako: \u201eRODO\u201d). To\u017csamo\u015b\u0107 administratora Administratorem danych jest MPR Labs Sp. z o.o., maj\u0105ca siedzib\u0119 w \u0141odzi (93-357) przy ul. Kosynier\u00f3w [&hellip;]","og_url":"https:\/\/mpr-labs.com\/en\/privacy-policy\/","og_site_name":"MPR Labs","article_publisher":"https:\/\/www.facebook.com\/MPRLabs","article_modified_time":"2025-03-25T13:39:36+00:00","twitter_card":"summary_large_image","twitter_misc":{"Estimated reading time":"4 minutes"},"schema":{"@context":"https:\/\/schema.org","@graph":[{"@type":"WebPage","@id":"https:\/\/mpr-labs.com\/polityka-prywatnosci\/","url":"https:\/\/mpr-labs.com\/polityka-prywatnosci\/","name":"Privacy policy - MPR Labs","isPartOf":{"@id":"https:\/\/mpr-labs.com\/#website"},"datePublished":"2023-03-28T11:18:17+00:00","dateModified":"2025-03-25T13:39:36+00:00","breadcrumb":{"@id":"https:\/\/mpr-labs.com\/polityka-prywatnosci\/#breadcrumb"},"inLanguage":"en-GB","potentialAction":[{"@type":"ReadAction","target":["https:\/\/mpr-labs.com\/polityka-prywatnosci\/"]}]},{"@type":"BreadcrumbList","@id":"https:\/\/mpr-labs.com\/polityka-prywatnosci\/#breadcrumb","itemListElement":[{"@type":"ListItem","position":1,"name":"Strona g\u0142\u00f3wna","item":"https:\/\/mpr-labs.com\/"},{"@type":"ListItem","position":2,"name":"Polityka prywatno\u015bci"}]},{"@type":"WebSite","@id":"https:\/\/mpr-labs.com\/#website","url":"https:\/\/mpr-labs.com\/","name":"MPR Labs","description":"MPR Labs - Cosmetics Laboratory","publisher":{"@id":"https:\/\/mpr-labs.com\/#organization"},"potentialAction":[{"@type":"SearchAction","target":{"@type":"EntryPoint","urlTemplate":"https:\/\/mpr-labs.com\/?s={search_term_string}"},"query-input":{"@type":"PropertyValueSpecification","valueRequired":true,"valueName":"search_term_string"}}],"inLanguage":"en-GB"},{"@type":"Organization","@id":"https:\/\/mpr-labs.com\/#organization","name":"MPR Labs Sp. z o.o.","alternateName":"MPR Labs","url":"https:\/\/mpr-labs.com\/","logo":{"@type":"ImageObject","inLanguage":"en-GB","@id":"https:\/\/mpr-labs.com\/#\/schema\/logo\/image\/","url":"https:\/\/mpr-labs.com\/wp-content\/uploads\/2023\/05\/logo-new.png","contentUrl":"https:\/\/mpr-labs.com\/wp-content\/uploads\/2023\/05\/logo-new.png","width":1150,"height":328,"caption":"MPR Labs Sp. z o.o."},"image":{"@id":"https:\/\/mpr-labs.com\/#\/schema\/logo\/image\/"},"sameAs":["https:\/\/www.facebook.com\/MPRLabs","https:\/\/www.linkedin.com\/company\/mpr-labs\/"]}]}},"_links":{"self":[{"href":"https:\/\/mpr-labs.com\/en\/wp-json\/wp\/v2\/pages\/3","targetHints":{"allow":["GET"]}}],"collection":[{"href":"https:\/\/mpr-labs.com\/en\/wp-json\/wp\/v2\/pages"}],"about":[{"href":"https:\/\/mpr-labs.com\/en\/wp-json\/wp\/v2\/types\/page"}],"author":[{"embeddable":true,"href":"https:\/\/mpr-labs.com\/en\/wp-json\/wp\/v2\/users\/2"}],"replies":[{"embeddable":true,"href":"https:\/\/mpr-labs.com\/en\/wp-json\/wp\/v2\/comments?post=3"}],"version-history":[{"count":5,"href":"https:\/\/mpr-labs.com\/en\/wp-json\/wp\/v2\/pages\/3\/revisions"}],"predecessor-version":[{"id":4476,"href":"https:\/\/mpr-labs.com\/en\/wp-json\/wp\/v2\/pages\/3\/revisions\/4476"}],"wp:attachment":[{"href":"https:\/\/mpr-labs.com\/en\/wp-json\/wp\/v2\/media?parent=3"}],"curies":[{"name":"wp","href":"https:\/\/api.w.org\/{rel}","templated":true}]}}