{"id":2642,"date":"2023-05-08T11:27:29","date_gmt":"2023-05-08T11:27:29","guid":{"rendered":"https:\/\/mpr-labs.com\/?page_id=2642"},"modified":"2023-08-02T15:39:32","modified_gmt":"2023-08-02T15:39:32","slug":"cosmetic-report","status":"publish","type":"page","link":"https:\/\/mpr-labs.com\/en\/zgloszenie-kosmetyku\/","title":{"rendered":"Cosmetic notification - CPNP"},"content":{"rendered":"<div data-elementor-type=\"wp-page\" data-elementor-id=\"2642\" class=\"elementor elementor-2642\">\n\t\t\t\t\t\t<section class=\"elementor-section elementor-top-section elementor-element elementor-element-6572caea elementor-section-boxed elementor-section-height-default elementor-section-height-default\" data-id=\"6572caea\" data-element_type=\"section\">\n\t\t\t\t\t\t<div class=\"elementor-container elementor-column-gap-default\">\n\t\t\t\t\t<div class=\"elementor-column elementor-col-100 elementor-top-column elementor-element elementor-element-6ce374eb\" data-id=\"6ce374eb\" data-element_type=\"column\">\n\t\t\t<div class=\"elementor-widget-wrap elementor-element-populated\">\n\t\t\t\t\t\t<div class=\"elementor-element elementor-element-2c3d50a3 elementor-widget elementor-widget-text-editor\" data-id=\"2c3d50a3\" data-element_type=\"widget\" data-widget_type=\"text-editor.default\">\n\t\t\t\t<div class=\"elementor-widget-container\">\n\t\t\t\t\t\t\t<p><span style=\"font-weight: 400;\">Notification is the operation of informing the competent authorities that you intend to sell a cosmetic product on the European market. All cosmetic products have to be notified. In the EU market, notification is made in the CPNP (Cosmetic Products Notification Portal) system.<\/span><\/p><p><span style=\"font-weight: 400;\">The purpose of the notification is to inform the competent authorities that you intend to sell a cosmetic product on the European market, so that the relevant authorities know who to contact if they have questions about the cosmetic product or if they want to inspect it.<\/span><\/p>\t\t\t\t\t\t<\/div>\n\t\t\t\t<\/div>\n\t\t\t\t\t<\/div>\n\t\t<\/div>\n\t\t\t\t\t<\/div>\n\t\t<\/section>\n\t\t\t\t<\/div>","protected":false},"excerpt":{"rendered":"<p>Zg\u0142oszenie to czynno\u015b\u0107 polegaj\u0105ca na poinformowaniu w\u0142a\u015bciwych organ\u00f3w, \u017ce zamierzasz sprzedawa\u0107 produkt kosmetyczny na rynku europejskim. Zg\u0142oszeniu podlegaj\u0105 wszystkie produkty kosmetyczne. Na rynku UE zg\u0142oszenia dokonuje si\u0119 w systemie CPNP (Cosmetic Products Notification Portal). Celem powiadomienia jest poinformowanie w\u0142a\u015bciwych organ\u00f3w, \u017ce zamierzasz sprzedawa\u0107 produkt kosmetyczny na rynku europejskim, tak aby odpowiednie organy wiedzia\u0142y, z kim [&hellip;]<\/p>\n","protected":false},"author":2,"featured_media":3572,"parent":0,"menu_order":0,"comment_status":"closed","ping_status":"closed","template":"page-templates\/service-single.php","meta":{"footnotes":""},"class_list":["post-2642","page","type-page","status-publish","format-standard","has-post-thumbnail","hentry"],"yoast_head":"<!-- This site is optimized with the Yoast SEO plugin v25.4 - https:\/\/yoast.com\/wordpress\/plugins\/seo\/ -->\n<title>Zg\u0142oszenie Kosmetyku - Pomagamy w Procesie Zg\u0142aszania Twoich Produkt\u00f3w Kosmetycznych<\/title>\n<meta name=\"robots\" content=\"index, follow, max-snippet:-1, max-image-preview:large, max-video-preview:-1\" \/>\n<link rel=\"canonical\" href=\"https:\/\/mpr-labs.com\/en\/cosmetic-report\/\" \/>\n<meta property=\"og:locale\" content=\"en_GB\" \/>\n<meta property=\"og:type\" content=\"article\" \/>\n<meta property=\"og:title\" content=\"Zg\u0142oszenie Kosmetyku - Pomagamy w Procesie Zg\u0142aszania Twoich Produkt\u00f3w Kosmetycznych\" \/>\n<meta property=\"og:description\" content=\"Zg\u0142oszenie to czynno\u015b\u0107 polegaj\u0105ca na poinformowaniu w\u0142a\u015bciwych organ\u00f3w, \u017ce zamierzasz sprzedawa\u0107 produkt kosmetyczny na rynku europejskim. Zg\u0142oszeniu podlegaj\u0105 wszystkie produkty kosmetyczne. Na rynku UE zg\u0142oszenia dokonuje si\u0119 w systemie CPNP (Cosmetic Products Notification Portal). Celem powiadomienia jest poinformowanie w\u0142a\u015bciwych organ\u00f3w, \u017ce zamierzasz sprzedawa\u0107 produkt kosmetyczny na rynku europejskim, tak aby odpowiednie organy wiedzia\u0142y, z kim [&hellip;]\" \/>\n<meta property=\"og:url\" content=\"https:\/\/mpr-labs.com\/en\/cosmetic-report\/\" \/>\n<meta property=\"og:site_name\" content=\"MPR Labs\" \/>\n<meta property=\"article:publisher\" content=\"https:\/\/www.facebook.com\/MPRLabs\" \/>\n<meta property=\"article:modified_time\" content=\"2023-08-02T15:39:32+00:00\" \/>\n<meta property=\"og:image\" content=\"https:\/\/mpr-labs.com\/wp-content\/uploads\/2023\/08\/zgloszenie-kosmetykow-top-min.png\" \/>\n\t<meta property=\"og:image:width\" content=\"2100\" \/>\n\t<meta property=\"og:image:height\" content=\"788\" \/>\n\t<meta property=\"og:image:type\" content=\"image\/png\" \/>\n<meta name=\"twitter:card\" content=\"summary_large_image\" \/>\n<meta name=\"twitter:label1\" content=\"Estimated reading time\" \/>\n\t<meta name=\"twitter:data1\" content=\"1 minute\" \/>\n<script type=\"application\/ld+json\" class=\"yoast-schema-graph\">{\"@context\":\"https:\/\/schema.org\",\"@graph\":[{\"@type\":\"WebPage\",\"@id\":\"https:\/\/mpr-labs.com\/zgloszenie-kosmetyku\/\",\"url\":\"https:\/\/mpr-labs.com\/zgloszenie-kosmetyku\/\",\"name\":\"Zg\u0142oszenie Kosmetyku - Pomagamy w Procesie Zg\u0142aszania Twoich Produkt\u00f3w Kosmetycznych\",\"isPartOf\":{\"@id\":\"https:\/\/mpr-labs.com\/#website\"},\"primaryImageOfPage\":{\"@id\":\"https:\/\/mpr-labs.com\/zgloszenie-kosmetyku\/#primaryimage\"},\"image\":{\"@id\":\"https:\/\/mpr-labs.com\/zgloszenie-kosmetyku\/#primaryimage\"},\"thumbnailUrl\":\"https:\/\/mpr-labs.com\/wp-content\/uploads\/2023\/08\/zgloszenie-kosmetykow-top-min.png\",\"datePublished\":\"2023-05-08T11:27:29+00:00\",\"dateModified\":\"2023-08-02T15:39:32+00:00\",\"breadcrumb\":{\"@id\":\"https:\/\/mpr-labs.com\/zgloszenie-kosmetyku\/#breadcrumb\"},\"inLanguage\":\"en-GB\",\"potentialAction\":[{\"@type\":\"ReadAction\",\"target\":[\"https:\/\/mpr-labs.com\/zgloszenie-kosmetyku\/\"]}]},{\"@type\":\"ImageObject\",\"inLanguage\":\"en-GB\",\"@id\":\"https:\/\/mpr-labs.com\/zgloszenie-kosmetyku\/#primaryimage\",\"url\":\"https:\/\/mpr-labs.com\/wp-content\/uploads\/2023\/08\/zgloszenie-kosmetykow-top-min.png\",\"contentUrl\":\"https:\/\/mpr-labs.com\/wp-content\/uploads\/2023\/08\/zgloszenie-kosmetykow-top-min.png\",\"width\":2100,\"height\":788},{\"@type\":\"BreadcrumbList\",\"@id\":\"https:\/\/mpr-labs.com\/zgloszenie-kosmetyku\/#breadcrumb\",\"itemListElement\":[{\"@type\":\"ListItem\",\"position\":1,\"name\":\"Strona g\u0142\u00f3wna\",\"item\":\"https:\/\/mpr-labs.com\/\"},{\"@type\":\"ListItem\",\"position\":2,\"name\":\"Zg\u0142oszenie kosmetyku\"}]},{\"@type\":\"WebSite\",\"@id\":\"https:\/\/mpr-labs.com\/#website\",\"url\":\"https:\/\/mpr-labs.com\/\",\"name\":\"MPR Labs\",\"description\":\"MPR Labs - Laboratorium Kosmetyczne\",\"publisher\":{\"@id\":\"https:\/\/mpr-labs.com\/#organization\"},\"potentialAction\":[{\"@type\":\"SearchAction\",\"target\":{\"@type\":\"EntryPoint\",\"urlTemplate\":\"https:\/\/mpr-labs.com\/?s={search_term_string}\"},\"query-input\":{\"@type\":\"PropertyValueSpecification\",\"valueRequired\":true,\"valueName\":\"search_term_string\"}}],\"inLanguage\":\"en-GB\"},{\"@type\":\"Organization\",\"@id\":\"https:\/\/mpr-labs.com\/#organization\",\"name\":\"MPR Labs Sp. z o.o.\",\"alternateName\":\"MPR Labs\",\"url\":\"https:\/\/mpr-labs.com\/\",\"logo\":{\"@type\":\"ImageObject\",\"inLanguage\":\"en-GB\",\"@id\":\"https:\/\/mpr-labs.com\/#\/schema\/logo\/image\/\",\"url\":\"https:\/\/mpr-labs.com\/wp-content\/uploads\/2023\/05\/logo-new.png\",\"contentUrl\":\"https:\/\/mpr-labs.com\/wp-content\/uploads\/2023\/05\/logo-new.png\",\"width\":1150,\"height\":328,\"caption\":\"MPR Labs Sp. z o.o.\"},\"image\":{\"@id\":\"https:\/\/mpr-labs.com\/#\/schema\/logo\/image\/\"},\"sameAs\":[\"https:\/\/www.facebook.com\/MPRLabs\",\"https:\/\/www.linkedin.com\/company\/mpr-labs\/\"]}]}<\/script>\n<!-- \/ Yoast SEO plugin. -->","yoast_head_json":{"title":"Cosmetic Submission - Helping you with the Submission Process for your Cosmetic Products","robots":{"index":"index","follow":"follow","max-snippet":"max-snippet:-1","max-image-preview":"max-image-preview:large","max-video-preview":"max-video-preview:-1"},"canonical":"https:\/\/mpr-labs.com\/en\/cosmetic-report\/","og_locale":"en_GB","og_type":"article","og_title":"Zg\u0142oszenie Kosmetyku - Pomagamy w Procesie Zg\u0142aszania Twoich Produkt\u00f3w Kosmetycznych","og_description":"Zg\u0142oszenie to czynno\u015b\u0107 polegaj\u0105ca na poinformowaniu w\u0142a\u015bciwych organ\u00f3w, \u017ce zamierzasz sprzedawa\u0107 produkt kosmetyczny na rynku europejskim. Zg\u0142oszeniu podlegaj\u0105 wszystkie produkty kosmetyczne. Na rynku UE zg\u0142oszenia dokonuje si\u0119 w systemie CPNP (Cosmetic Products Notification Portal). Celem powiadomienia jest poinformowanie w\u0142a\u015bciwych organ\u00f3w, \u017ce zamierzasz sprzedawa\u0107 produkt kosmetyczny na rynku europejskim, tak aby odpowiednie organy wiedzia\u0142y, z kim [&hellip;]","og_url":"https:\/\/mpr-labs.com\/en\/cosmetic-report\/","og_site_name":"MPR Labs","article_publisher":"https:\/\/www.facebook.com\/MPRLabs","article_modified_time":"2023-08-02T15:39:32+00:00","og_image":[{"width":2100,"height":788,"url":"https:\/\/mpr-labs.com\/wp-content\/uploads\/2023\/08\/zgloszenie-kosmetykow-top-min.png","type":"image\/png"}],"twitter_card":"summary_large_image","twitter_misc":{"Estimated reading time":"1 minute"},"schema":{"@context":"https:\/\/schema.org","@graph":[{"@type":"WebPage","@id":"https:\/\/mpr-labs.com\/zgloszenie-kosmetyku\/","url":"https:\/\/mpr-labs.com\/zgloszenie-kosmetyku\/","name":"Cosmetic Submission - Helping you with the Submission Process for your Cosmetic Products","isPartOf":{"@id":"https:\/\/mpr-labs.com\/#website"},"primaryImageOfPage":{"@id":"https:\/\/mpr-labs.com\/zgloszenie-kosmetyku\/#primaryimage"},"image":{"@id":"https:\/\/mpr-labs.com\/zgloszenie-kosmetyku\/#primaryimage"},"thumbnailUrl":"https:\/\/mpr-labs.com\/wp-content\/uploads\/2023\/08\/zgloszenie-kosmetykow-top-min.png","datePublished":"2023-05-08T11:27:29+00:00","dateModified":"2023-08-02T15:39:32+00:00","breadcrumb":{"@id":"https:\/\/mpr-labs.com\/zgloszenie-kosmetyku\/#breadcrumb"},"inLanguage":"en-GB","potentialAction":[{"@type":"ReadAction","target":["https:\/\/mpr-labs.com\/zgloszenie-kosmetyku\/"]}]},{"@type":"ImageObject","inLanguage":"en-GB","@id":"https:\/\/mpr-labs.com\/zgloszenie-kosmetyku\/#primaryimage","url":"https:\/\/mpr-labs.com\/wp-content\/uploads\/2023\/08\/zgloszenie-kosmetykow-top-min.png","contentUrl":"https:\/\/mpr-labs.com\/wp-content\/uploads\/2023\/08\/zgloszenie-kosmetykow-top-min.png","width":2100,"height":788},{"@type":"BreadcrumbList","@id":"https:\/\/mpr-labs.com\/zgloszenie-kosmetyku\/#breadcrumb","itemListElement":[{"@type":"ListItem","position":1,"name":"Strona g\u0142\u00f3wna","item":"https:\/\/mpr-labs.com\/"},{"@type":"ListItem","position":2,"name":"Zg\u0142oszenie kosmetyku"}]},{"@type":"WebSite","@id":"https:\/\/mpr-labs.com\/#website","url":"https:\/\/mpr-labs.com\/","name":"MPR Labs","description":"MPR Labs - Cosmetics Laboratory","publisher":{"@id":"https:\/\/mpr-labs.com\/#organization"},"potentialAction":[{"@type":"SearchAction","target":{"@type":"EntryPoint","urlTemplate":"https:\/\/mpr-labs.com\/?s={search_term_string}"},"query-input":{"@type":"PropertyValueSpecification","valueRequired":true,"valueName":"search_term_string"}}],"inLanguage":"en-GB"},{"@type":"Organization","@id":"https:\/\/mpr-labs.com\/#organization","name":"MPR Labs Sp. z o.o.","alternateName":"MPR Labs","url":"https:\/\/mpr-labs.com\/","logo":{"@type":"ImageObject","inLanguage":"en-GB","@id":"https:\/\/mpr-labs.com\/#\/schema\/logo\/image\/","url":"https:\/\/mpr-labs.com\/wp-content\/uploads\/2023\/05\/logo-new.png","contentUrl":"https:\/\/mpr-labs.com\/wp-content\/uploads\/2023\/05\/logo-new.png","width":1150,"height":328,"caption":"MPR Labs Sp. z o.o."},"image":{"@id":"https:\/\/mpr-labs.com\/#\/schema\/logo\/image\/"},"sameAs":["https:\/\/www.facebook.com\/MPRLabs","https:\/\/www.linkedin.com\/company\/mpr-labs\/"]}]}},"_links":{"self":[{"href":"https:\/\/mpr-labs.com\/en\/wp-json\/wp\/v2\/pages\/2642","targetHints":{"allow":["GET"]}}],"collection":[{"href":"https:\/\/mpr-labs.com\/en\/wp-json\/wp\/v2\/pages"}],"about":[{"href":"https:\/\/mpr-labs.com\/en\/wp-json\/wp\/v2\/types\/page"}],"author":[{"embeddable":true,"href":"https:\/\/mpr-labs.com\/en\/wp-json\/wp\/v2\/users\/2"}],"replies":[{"embeddable":true,"href":"https:\/\/mpr-labs.com\/en\/wp-json\/wp\/v2\/comments?post=2642"}],"version-history":[{"count":5,"href":"https:\/\/mpr-labs.com\/en\/wp-json\/wp\/v2\/pages\/2642\/revisions"}],"predecessor-version":[{"id":2651,"href":"https:\/\/mpr-labs.com\/en\/wp-json\/wp\/v2\/pages\/2642\/revisions\/2651"}],"wp:featuredmedia":[{"embeddable":true,"href":"https:\/\/mpr-labs.com\/en\/wp-json\/wp\/v2\/media\/3572"}],"wp:attachment":[{"href":"https:\/\/mpr-labs.com\/en\/wp-json\/wp\/v2\/media?parent=2642"}],"curies":[{"name":"wp","href":"https:\/\/api.w.org\/{rel}","templated":true}]}}