{"id":2493,"date":"2023-04-11T09:14:35","date_gmt":"2023-04-11T09:14:35","guid":{"rendered":"https:\/\/mpr-labs.com\/?page_id=2493"},"modified":"2025-04-17T12:52:46","modified_gmt":"2025-04-17T12:52:46","slug":"cosmetics-tests","status":"publish","type":"page","link":"https:\/\/mpr-labs.com\/en\/badania-kosmetykow\/","title":{"rendered":"Cosmetics research"},"content":{"rendered":"<div data-elementor-type=\"wp-page\" data-elementor-id=\"2493\" class=\"elementor elementor-2493\">\n\t\t\t\t\t\t<section class=\"elementor-section elementor-top-section elementor-element elementor-element-d6ca3bc elementor-section-boxed elementor-section-height-default elementor-section-height-default\" data-id=\"d6ca3bc\" data-element_type=\"section\">\n\t\t\t\t\t\t<div class=\"elementor-container elementor-column-gap-default\">\n\t\t\t\t\t<div class=\"elementor-column elementor-col-100 elementor-top-column elementor-element elementor-element-5775e52\" data-id=\"5775e52\" data-element_type=\"column\">\n\t\t\t<div class=\"elementor-widget-wrap elementor-element-populated\">\n\t\t\t\t\t\t<div class=\"elementor-element elementor-element-4d82403 elementor-widget elementor-widget-html\" data-id=\"4d82403\" data-element_type=\"widget\" data-widget_type=\"html.default\">\n\t\t\t\t<div class=\"elementor-widget-container\">\n\t\t\t<div class=\"service-single-tab\" bis_skin_checked=\"1\">\n                            <ul class=\"nav\" id=\"pills-tab\" role=\"tablist\">\n\n                                                                    <li>\n                                        <button class=\"active\" id=\"\" data-bs-toggle=\"pill\" data-bs-target=\"#tab1\">Basic tests<\/button>\n                                    <\/li>\n                                                                    <li>\n                                        <button class=\"\" id=\"\" data-bs-toggle=\"pill\" data-bs-target=\"#tab2\">Additional tests<\/button>\n                                    <\/li>\n                                                            <\/ul>\n                            <div class=\"tab-content\" id=\"pills-tabContent\" bis_skin_checked=\"1\">\n                                                                <div class=\"tab-pane fade show active\" id=\"tab1\" bis_skin_checked=\"1\">\n                                <ul>\n<li>Microbiological purity<\/li>\n<li><a href=\"https:\/\/mpr-labs.com\/en\/encyclopedia\/test-konserwacji\/\" target=\"_self\" title=\"A cosmetics preservation test is a study to check the effectiveness of a preservative or preservative system used to preserve a specific product. In practice, this test assesses whether the preservative is sufficiently effective in preventing the growth of microorganisms in the product, which is important for user safety. It is carried out at various stages of production and storage\u2026\" class=\"encyclopedia\">Maintenance test<\/a> (Challenge Test)<\/li>\n<li>Stability and compatibility of the mass with the packaging<\/li>\n<li>Physico-chemical tests on the mass (pH, density, viscosity, organoleptic evaluation)<\/li>\n<li>Water activity test<\/li>\n<li>PAO - Shelf life after opening<\/li>\n<\/ul><\/div>\n                                                                <div class=\"tab-pane fade show\" id=\"tab2\" bis_skin_checked=\"1\">\n                                <ul>\n<li>Dermatological examinations (ordinary dermatology, extended dermatology)<\/li>\n<li>Application tests under medical supervision<\/li>\n<li>Instrumental testing - apparatus<\/li>\n<li>SPF tests (in vivo, in vitro)<\/li>\n<li>IR and blue light protection test<\/li>\n<li>Antioxidant properties (in vivo, in vitro)<\/li>\n<li>Microbiome tests<\/li>\n<li>Examination for admissibility of halal customary law<\/li>\n<li>Determination of cannabinoids<\/li>\n<li>Antimicrobial properties<\/li>\n<li>Peroxide number<\/li>\n<li>Determination of heavy metals<\/li>\n<li>Allergen labelling<\/li>\n<\/ul><\/div>\n                                                            <\/div>\n                        <\/div>\t\t<\/div>\n\t\t\t\t<\/div>\n\t\t\t\t\t<\/div>\n\t\t<\/div>\n\t\t\t\t\t<\/div>\n\t\t<\/section>\n\t\t\t\t<section class=\"elementor-section elementor-top-section elementor-element elementor-element-788674f elementor-section-boxed elementor-section-height-default elementor-section-height-default\" data-id=\"788674f\" data-element_type=\"section\">\n\t\t\t\t\t\t<div class=\"elementor-container elementor-column-gap-default\">\n\t\t\t\t\t<div class=\"elementor-column elementor-col-100 elementor-top-column elementor-element elementor-element-7219353\" data-id=\"7219353\" data-element_type=\"column\">\n\t\t\t<div class=\"elementor-widget-wrap elementor-element-populated\">\n\t\t\t\t\t\t<div class=\"elementor-element elementor-element-fe221b4 elementor-widget elementor-widget-text-editor\" data-id=\"fe221b4\" data-element_type=\"widget\" data-widget_type=\"text-editor.default\">\n\t\t\t\t<div class=\"elementor-widget-container\">\n\t\t\t\t\t\t\t<p>Our laboratory specialises in the field of <strong>cosmetics research<\/strong>, providing the highest quality services to cosmetics manufacturers worldwide.<\/p><p>We specialise in carrying out <strong>comprehensive testing of cosmetics<\/strong>which include dermatological tests, <a href=\"https:\/\/mpr-labs.com\/badania-mikrobiologiczne\/\">microbiological<\/a>, chemical and <a href=\"https:\/\/mpr-labs.com\/badania-fizykochemiczne\/\">physico-chemical<\/a>. Our <strong>research helps cosmetics manufacturers<\/strong> ensure the safety and efficacy of its products.<\/p><p><a href=\"https:\/\/mpr-labs.com\/\">MPR LABS Laboratory<\/a> is equipped with state-of-the-art technology and equipment, allowing us to carry out research with the highest precision. Our team consists of experienced scientists and technicians who are always ready to meet the challenges of the <strong>cosmetics research<\/strong>.<\/p>\t\t\t\t\t\t<\/div>\n\t\t\t\t<\/div>\n\t\t\t\t<div class=\"elementor-element elementor-element-73c279f elementor-widget elementor-widget-text-editor\" data-id=\"73c279f\" data-element_type=\"widget\" data-widget_type=\"text-editor.default\">\n\t\t\t\t<div class=\"elementor-widget-container\">\n\t\t\t\t\t\t\t<h2>Microbiological purity<\/h2><p style=\"padding-left: 40px;\"><strong>Tests performed according to:<\/strong><\/p><ul><li style=\"list-style-type: none;\"><ul><li style=\"list-style-type: none;\"><ul><li style=\"list-style-type: none;\"><ul><li>EN ISO 21149 \u2013 Total microbial count<\/li><li>EN ISO 22718 - presence of Staphylococcus aureus<\/li><li>EN ISO 22717 - presence of Pseudomonas aeruginosa<\/li><li>EN ISO 18416 \u2013 presence of Candida albicans<\/li><li>EN ISO 21150 \u2013 presence of Escherichia coli<\/li><li>EN ISO 16212 \u2013 Mold and yeast count<\/li><\/ul><\/li><\/ul><\/li><\/ul><\/li><\/ul><h2>Maintenance test<\/h2><p style=\"padding-left: 40px;\"><strong>Test performed according to PN-EN ISO 11930<\/strong><\/p><h2>Antimicrobial efficacy testing<\/h2><h3 style=\"padding-left: 40px;\">Antibacterial\/antifungal activity test<\/h3><p style=\"padding-left: 80px;\">We have a set of standard microorganisms from international and Polish collections - PCM, DSM, CCM, ATCC. These are gram-positive and gram-negative bacteria, bacterial strains with dangerous mechanisms of drug resistance (MRSA, HLAR, ESBL and others), yeast-like fungi, mold fungi and dermatophytes. We help in the selection of strains for research and research method.<\/p><h4 style=\"padding-left: 40px;\">Evaluation of activity against Cutibacterium<\/h4><p style=\"padding-left: 80px;\">In our research, we use cutibacterium acnes model strains as well as strains isolated from a healthy microbiome and from acne lesions.<\/p><h4 style=\"padding-left: 40px;\">Study of antifungal activity against the most common pathogens responsible for mycosis of smooth and hairy skin, nails and mucous membranes.<\/h4><p style=\"padding-left: 80px;\">In our research, we use model strains of the genus Candida, Malassezia, Scopulariopsis and Aspergillus. The selection of strains for testing depends on the form and method of application of the preparation.<\/p><h4 style=\"padding-left: 40px;\">Study of the antimicrobial activity of oral care preparations<\/h4><p style=\"padding-left: 80px;\">In the study, we use strains of microorganisms responsible for: the formation of carious lesions (Streptococcus genus), periodontal diseases (Porphyromonas genus) and mucosal yeast infection (Candida genus).<\/p><p style=\"padding-left: 40px;\"><strong>Testing the antibacterial activity of preparations for the skin of the feet, hands and nail apparatus<\/strong><\/p><p style=\"padding-left: 80px;\">In the study, we use model strains isolated from clinical material: Pseudomonas aeuriginosa, Staphylococcus aurerus and gram-negative bacteria most often responsible for this type of disease.<\/p><h2>Microbiome research<\/h2><p style=\"padding-left: 40px;\"><strong>The test is performed in accordance with the recommendations contained in the following documents:<\/strong> Regulation of the European Parliament and of the Council 2 (EC) No 1223\/2009 of 30 November 2009 on cosmetic products, Cosmetics Europe - The Personal Care Association Guidelines Product Test Guidelines for the Assessment of Human Skin Compatibility 1997, Cosmetics Europe - The Personal Care Association Guidelines for the Evaluation of the Efficacy of Cosmetic Products 2008.<\/p>\t\t\t\t\t\t<\/div>\n\t\t\t\t<\/div>\n\t\t\t\t\t<\/div>\n\t\t<\/div>\n\t\t\t\t\t<\/div>\n\t\t<\/section>\n\t\t\t\t<section class=\"elementor-section elementor-top-section elementor-element elementor-element-71dc925 elementor-section-boxed elementor-section-height-default elementor-section-height-default\" data-id=\"71dc925\" data-element_type=\"section\">\n\t\t\t\t\t\t<div class=\"elementor-container elementor-column-gap-default\">\n\t\t\t\t\t<div class=\"elementor-column elementor-col-100 elementor-top-column elementor-element elementor-element-beef0b7\" data-id=\"beef0b7\" data-element_type=\"column\">\n\t\t\t<div class=\"elementor-widget-wrap elementor-element-populated\">\n\t\t\t\t\t\t<div class=\"elementor-element elementor-element-130d17b elementor-widget elementor-widget-accordion\" data-id=\"130d17b\" data-element_type=\"widget\" data-widget_type=\"accordion.default\">\n\t\t\t\t<div class=\"elementor-widget-container\">\n\t\t\t\t\t<div class=\"elementor-accordion\">\n\t\t\t\t\t\t\t<div class=\"elementor-accordion-item\">\n\t\t\t\t\t<h5 id=\"elementor-tab-title-1991\" class=\"elementor-tab-title\" data-tab=\"1\" role=\"button\" aria-controls=\"elementor-tab-content-1991\" aria-expanded=\"false\">\n\t\t\t\t\t\t\t\t\t\t\t\t\t<span class=\"elementor-accordion-icon elementor-accordion-icon-left\" aria-hidden=\"true\">\n\t\t\t\t\t\t\t\t\t\t\t\t\t\t\t<span class=\"elementor-accordion-icon-closed\"><i class=\"fas fa-plus\"><\/i><\/span>\n\t\t\t\t\t\t\t\t<span class=\"elementor-accordion-icon-opened\"><i class=\"fas fa-minus\"><\/i><\/span>\n\t\t\t\t\t\t\t\t\t\t\t\t\t\t<\/span>\n\t\t\t\t\t\t\t\t\t\t\t\t<a class=\"elementor-accordion-title\" tabindex=\"0\">What types of tests are carried out on cosmetics?<\/a>\n\t\t\t\t\t<\/h5>\n\t\t\t\t\t<div id=\"elementor-tab-content-1991\" class=\"elementor-tab-content elementor-clearfix\" data-tab=\"1\" role=\"region\" aria-labelledby=\"elementor-tab-title-1991\"><p>Cosmetic testing includes dermatological, microbiological, application, stability and efficacy tests, as well as safety tests such as the assessment of allergic reactions or the assessment of skin and hair effects.<\/p><\/div>\n\t\t\t\t<\/div>\n\t\t\t\t\t\t\t<div class=\"elementor-accordion-item\">\n\t\t\t\t\t<h5 id=\"elementor-tab-title-1992\" class=\"elementor-tab-title\" data-tab=\"2\" role=\"button\" aria-controls=\"elementor-tab-content-1992\" aria-expanded=\"false\">\n\t\t\t\t\t\t\t\t\t\t\t\t\t<span class=\"elementor-accordion-icon elementor-accordion-icon-left\" aria-hidden=\"true\">\n\t\t\t\t\t\t\t\t\t\t\t\t\t\t\t<span class=\"elementor-accordion-icon-closed\"><i class=\"fas fa-plus\"><\/i><\/span>\n\t\t\t\t\t\t\t\t<span class=\"elementor-accordion-icon-opened\"><i class=\"fas fa-minus\"><\/i><\/span>\n\t\t\t\t\t\t\t\t\t\t\t\t\t\t<\/span>\n\t\t\t\t\t\t\t\t\t\t\t\t<a class=\"elementor-accordion-title\" tabindex=\"0\">What is the role of the U.S. Pharmacopeia in the cosmetics industry?<\/a>\n\t\t\t\t\t<\/h5>\n\t\t\t\t\t<div id=\"elementor-tab-content-1992\" class=\"elementor-tab-content elementor-clearfix\" data-tab=\"2\" role=\"region\" aria-labelledby=\"elementor-tab-title-1992\">The U.S. Pharmacopeia (USP) is the American organisation that develops quality standards for chemical substances, including cosmetic ingredients. It publishes regulations on the purity, quality and efficacy of these substances, which influences the regulations used in the manufacture of cosmetics.<\/div>\n\t\t\t\t<\/div>\n\t\t\t\t\t\t\t\t<\/div>\n\t\t\t\t<\/div>\n\t\t\t\t<\/div>\n\t\t\t\t\t<\/div>\n\t\t<\/div>\n\t\t\t\t\t<\/div>\n\t\t<\/section>\n\t\t\t\t<\/div>","protected":false},"excerpt":{"rendered":"<p>Badania Podstawowe Badania Dodatkowe Czysto\u015b\u0107 mikrobiologiczna Test konserwacji (Challenge Test) Stabilno\u015b\u0107 i kompatybilno\u015b\u0107 masy z opakowaniem Badania fizykochemiczne masy (pH, g\u0119sto\u015b\u0107, lepko\u015b\u0107, ocena organoleptyczna) Badanie aktywno\u015bci wody PAO \u2013 Okres przydatno\u015bci po otwarciu Badania dermatologiczne (dermatologia zwyk\u0142a, rozszerzona) Badania aplikacyjne pod kontrol\u0105 lekarza specjalisty Badania instrumentalne \u2013 aparaturowe Badania SPF (in vivo, in vitro) Test [&hellip;]<\/p>\n","protected":false},"author":2,"featured_media":3571,"parent":0,"menu_order":0,"comment_status":"closed","ping_status":"closed","template":"page-templates\/service-single-2.php","meta":{"footnotes":""},"class_list":["post-2493","page","type-page","status-publish","format-standard","has-post-thumbnail","hentry"],"yoast_head":"<!-- This site is optimized with the Yoast SEO plugin v25.4 - https:\/\/yoast.com\/wordpress\/plugins\/seo\/ -->\n<title>Kompleksowe badania kosmetyk\u00f3w, laboratoryjne badania kosmetyczne | MPR Labs<\/title>\n<meta name=\"description\" content=\"Laboratorium MPR Labs \u015bwiadczy kompleksowe us\u0142ugi badania kosmetyk\u00f3w, oceny bezpiecze\u0144stwa oraz rejestracji kosmetyk\u00f3w w bazie CPNP.\" \/>\n<meta name=\"robots\" content=\"index, follow, max-snippet:-1, max-image-preview:large, max-video-preview:-1\" \/>\n<link rel=\"canonical\" href=\"https:\/\/mpr-labs.com\/en\/cosmetics-tests\/\" \/>\n<meta property=\"og:locale\" content=\"en_GB\" \/>\n<meta property=\"og:type\" content=\"article\" \/>\n<meta property=\"og:title\" content=\"Kompleksowe badania kosmetyk\u00f3w, laboratoryjne badania kosmetyczne | MPR Labs\" \/>\n<meta property=\"og:description\" content=\"Laboratorium MPR Labs \u015bwiadczy kompleksowe us\u0142ugi badania kosmetyk\u00f3w, oceny bezpiecze\u0144stwa oraz rejestracji kosmetyk\u00f3w w bazie CPNP.\" \/>\n<meta property=\"og:url\" content=\"https:\/\/mpr-labs.com\/en\/cosmetics-tests\/\" \/>\n<meta property=\"og:site_name\" content=\"MPR Labs\" \/>\n<meta property=\"article:publisher\" content=\"https:\/\/www.facebook.com\/MPRLabs\" \/>\n<meta property=\"article:modified_time\" content=\"2025-04-17T12:52:46+00:00\" \/>\n<meta property=\"og:image\" content=\"https:\/\/mpr-labs.com\/wp-content\/uploads\/2023\/08\/badania-kosmetykow-top-min.png\" \/>\n\t<meta property=\"og:image:width\" content=\"2100\" \/>\n\t<meta property=\"og:image:height\" content=\"788\" \/>\n\t<meta property=\"og:image:type\" content=\"image\/png\" \/>\n<meta name=\"twitter:card\" content=\"summary_large_image\" \/>\n<meta name=\"twitter:label1\" content=\"Estimated reading time\" \/>\n\t<meta name=\"twitter:data1\" content=\"4 minutes\" \/>\n<script type=\"application\/ld+json\" class=\"yoast-schema-graph\">{\"@context\":\"https:\/\/schema.org\",\"@graph\":[{\"@type\":\"WebPage\",\"@id\":\"https:\/\/mpr-labs.com\/badania-kosmetykow\/\",\"url\":\"https:\/\/mpr-labs.com\/badania-kosmetykow\/\",\"name\":\"Kompleksowe badania kosmetyk\u00f3w, laboratoryjne badania kosmetyczne | MPR Labs\",\"isPartOf\":{\"@id\":\"https:\/\/mpr-labs.com\/#website\"},\"primaryImageOfPage\":{\"@id\":\"https:\/\/mpr-labs.com\/badania-kosmetykow\/#primaryimage\"},\"image\":{\"@id\":\"https:\/\/mpr-labs.com\/badania-kosmetykow\/#primaryimage\"},\"thumbnailUrl\":\"https:\/\/mpr-labs.com\/wp-content\/uploads\/2023\/08\/badania-kosmetykow-top-min.png\",\"datePublished\":\"2023-04-11T09:14:35+00:00\",\"dateModified\":\"2025-04-17T12:52:46+00:00\",\"description\":\"Laboratorium MPR Labs \u015bwiadczy kompleksowe us\u0142ugi badania kosmetyk\u00f3w, oceny bezpiecze\u0144stwa oraz rejestracji kosmetyk\u00f3w w bazie CPNP.\",\"breadcrumb\":{\"@id\":\"https:\/\/mpr-labs.com\/badania-kosmetykow\/#breadcrumb\"},\"inLanguage\":\"en-GB\",\"potentialAction\":[{\"@type\":\"ReadAction\",\"target\":[\"https:\/\/mpr-labs.com\/badania-kosmetykow\/\"]}]},{\"@type\":\"ImageObject\",\"inLanguage\":\"en-GB\",\"@id\":\"https:\/\/mpr-labs.com\/badania-kosmetykow\/#primaryimage\",\"url\":\"https:\/\/mpr-labs.com\/wp-content\/uploads\/2023\/08\/badania-kosmetykow-top-min.png\",\"contentUrl\":\"https:\/\/mpr-labs.com\/wp-content\/uploads\/2023\/08\/badania-kosmetykow-top-min.png\",\"width\":2100,\"height\":788,\"caption\":\"Badania Kosmetyk\u00f3w - MPR Labs\"},{\"@type\":\"BreadcrumbList\",\"@id\":\"https:\/\/mpr-labs.com\/badania-kosmetykow\/#breadcrumb\",\"itemListElement\":[{\"@type\":\"ListItem\",\"position\":1,\"name\":\"Strona g\u0142\u00f3wna\",\"item\":\"https:\/\/mpr-labs.com\/\"},{\"@type\":\"ListItem\",\"position\":2,\"name\":\"Badania kosmetyk\u00f3w\"}]},{\"@type\":\"WebSite\",\"@id\":\"https:\/\/mpr-labs.com\/#website\",\"url\":\"https:\/\/mpr-labs.com\/\",\"name\":\"MPR Labs\",\"description\":\"MPR Labs - Laboratorium Kosmetyczne\",\"publisher\":{\"@id\":\"https:\/\/mpr-labs.com\/#organization\"},\"potentialAction\":[{\"@type\":\"SearchAction\",\"target\":{\"@type\":\"EntryPoint\",\"urlTemplate\":\"https:\/\/mpr-labs.com\/?s={search_term_string}\"},\"query-input\":{\"@type\":\"PropertyValueSpecification\",\"valueRequired\":true,\"valueName\":\"search_term_string\"}}],\"inLanguage\":\"en-GB\"},{\"@type\":\"Organization\",\"@id\":\"https:\/\/mpr-labs.com\/#organization\",\"name\":\"MPR Labs Sp. z o.o.\",\"alternateName\":\"MPR Labs\",\"url\":\"https:\/\/mpr-labs.com\/\",\"logo\":{\"@type\":\"ImageObject\",\"inLanguage\":\"en-GB\",\"@id\":\"https:\/\/mpr-labs.com\/#\/schema\/logo\/image\/\",\"url\":\"https:\/\/mpr-labs.com\/wp-content\/uploads\/2023\/05\/logo-new.png\",\"contentUrl\":\"https:\/\/mpr-labs.com\/wp-content\/uploads\/2023\/05\/logo-new.png\",\"width\":1150,\"height\":328,\"caption\":\"MPR Labs Sp. z o.o.\"},\"image\":{\"@id\":\"https:\/\/mpr-labs.com\/#\/schema\/logo\/image\/\"},\"sameAs\":[\"https:\/\/www.facebook.com\/MPRLabs\",\"https:\/\/www.linkedin.com\/company\/mpr-labs\/\"]}]}<\/script>\n<!-- \/ Yoast SEO plugin. -->","yoast_head_json":{"title":"Comprehensive cosmetics testing, laboratory cosmetics testing | MPR Labs","description":"MPR Labs provides comprehensive services for cosmetics testing, safety assessment and registration of cosmetics in the CPNP database.","robots":{"index":"index","follow":"follow","max-snippet":"max-snippet:-1","max-image-preview":"max-image-preview:large","max-video-preview":"max-video-preview:-1"},"canonical":"https:\/\/mpr-labs.com\/en\/cosmetics-tests\/","og_locale":"en_GB","og_type":"article","og_title":"Kompleksowe badania kosmetyk\u00f3w, laboratoryjne badania kosmetyczne | MPR Labs","og_description":"Laboratorium MPR Labs \u015bwiadczy kompleksowe us\u0142ugi badania kosmetyk\u00f3w, oceny bezpiecze\u0144stwa oraz rejestracji kosmetyk\u00f3w w bazie CPNP.","og_url":"https:\/\/mpr-labs.com\/en\/cosmetics-tests\/","og_site_name":"MPR Labs","article_publisher":"https:\/\/www.facebook.com\/MPRLabs","article_modified_time":"2025-04-17T12:52:46+00:00","og_image":[{"width":2100,"height":788,"url":"https:\/\/mpr-labs.com\/wp-content\/uploads\/2023\/08\/badania-kosmetykow-top-min.png","type":"image\/png"}],"twitter_card":"summary_large_image","twitter_misc":{"Estimated reading time":"4 minutes"},"schema":{"@context":"https:\/\/schema.org","@graph":[{"@type":"WebPage","@id":"https:\/\/mpr-labs.com\/badania-kosmetykow\/","url":"https:\/\/mpr-labs.com\/badania-kosmetykow\/","name":"Comprehensive cosmetics testing, laboratory cosmetics testing | MPR Labs","isPartOf":{"@id":"https:\/\/mpr-labs.com\/#website"},"primaryImageOfPage":{"@id":"https:\/\/mpr-labs.com\/badania-kosmetykow\/#primaryimage"},"image":{"@id":"https:\/\/mpr-labs.com\/badania-kosmetykow\/#primaryimage"},"thumbnailUrl":"https:\/\/mpr-labs.com\/wp-content\/uploads\/2023\/08\/badania-kosmetykow-top-min.png","datePublished":"2023-04-11T09:14:35+00:00","dateModified":"2025-04-17T12:52:46+00:00","description":"MPR Labs provides comprehensive services for cosmetics testing, safety assessment and registration of cosmetics in the CPNP database.","breadcrumb":{"@id":"https:\/\/mpr-labs.com\/badania-kosmetykow\/#breadcrumb"},"inLanguage":"en-GB","potentialAction":[{"@type":"ReadAction","target":["https:\/\/mpr-labs.com\/badania-kosmetykow\/"]}]},{"@type":"ImageObject","inLanguage":"en-GB","@id":"https:\/\/mpr-labs.com\/badania-kosmetykow\/#primaryimage","url":"https:\/\/mpr-labs.com\/wp-content\/uploads\/2023\/08\/badania-kosmetykow-top-min.png","contentUrl":"https:\/\/mpr-labs.com\/wp-content\/uploads\/2023\/08\/badania-kosmetykow-top-min.png","width":2100,"height":788,"caption":"Badania Kosmetyk\u00f3w - MPR Labs"},{"@type":"BreadcrumbList","@id":"https:\/\/mpr-labs.com\/badania-kosmetykow\/#breadcrumb","itemListElement":[{"@type":"ListItem","position":1,"name":"Strona g\u0142\u00f3wna","item":"https:\/\/mpr-labs.com\/"},{"@type":"ListItem","position":2,"name":"Badania kosmetyk\u00f3w"}]},{"@type":"WebSite","@id":"https:\/\/mpr-labs.com\/#website","url":"https:\/\/mpr-labs.com\/","name":"MPR Labs","description":"MPR Labs - Cosmetics Laboratory","publisher":{"@id":"https:\/\/mpr-labs.com\/#organization"},"potentialAction":[{"@type":"SearchAction","target":{"@type":"EntryPoint","urlTemplate":"https:\/\/mpr-labs.com\/?s={search_term_string}"},"query-input":{"@type":"PropertyValueSpecification","valueRequired":true,"valueName":"search_term_string"}}],"inLanguage":"en-GB"},{"@type":"Organization","@id":"https:\/\/mpr-labs.com\/#organization","name":"MPR Labs Sp. z o.o.","alternateName":"MPR Labs","url":"https:\/\/mpr-labs.com\/","logo":{"@type":"ImageObject","inLanguage":"en-GB","@id":"https:\/\/mpr-labs.com\/#\/schema\/logo\/image\/","url":"https:\/\/mpr-labs.com\/wp-content\/uploads\/2023\/05\/logo-new.png","contentUrl":"https:\/\/mpr-labs.com\/wp-content\/uploads\/2023\/05\/logo-new.png","width":1150,"height":328,"caption":"MPR Labs Sp. z o.o."},"image":{"@id":"https:\/\/mpr-labs.com\/#\/schema\/logo\/image\/"},"sameAs":["https:\/\/www.facebook.com\/MPRLabs","https:\/\/www.linkedin.com\/company\/mpr-labs\/"]}]}},"_links":{"self":[{"href":"https:\/\/mpr-labs.com\/en\/wp-json\/wp\/v2\/pages\/2493","targetHints":{"allow":["GET"]}}],"collection":[{"href":"https:\/\/mpr-labs.com\/en\/wp-json\/wp\/v2\/pages"}],"about":[{"href":"https:\/\/mpr-labs.com\/en\/wp-json\/wp\/v2\/types\/page"}],"author":[{"embeddable":true,"href":"https:\/\/mpr-labs.com\/en\/wp-json\/wp\/v2\/users\/2"}],"replies":[{"embeddable":true,"href":"https:\/\/mpr-labs.com\/en\/wp-json\/wp\/v2\/comments?post=2493"}],"version-history":[{"count":97,"href":"https:\/\/mpr-labs.com\/en\/wp-json\/wp\/v2\/pages\/2493\/revisions"}],"predecessor-version":[{"id":4638,"href":"https:\/\/mpr-labs.com\/en\/wp-json\/wp\/v2\/pages\/2493\/revisions\/4638"}],"wp:featuredmedia":[{"embeddable":true,"href":"https:\/\/mpr-labs.com\/en\/wp-json\/wp\/v2\/media\/3571"}],"wp:attachment":[{"href":"https:\/\/mpr-labs.com\/en\/wp-json\/wp\/v2\/media?parent=2493"}],"curies":[{"name":"wp","href":"https:\/\/api.w.org\/{rel}","templated":true}]}}