{"id":4583,"date":"2025-04-14T09:53:46","date_gmt":"2025-04-14T09:53:46","guid":{"rendered":"https:\/\/mpr-labs.com\/?page_id=4583"},"modified":"2025-04-17T13:17:09","modified_gmt":"2025-04-17T13:17:09","slug":"stabilitatsprufung-von-kosmetika","status":"publish","type":"page","link":"https:\/\/mpr-labs.com\/de\/badania-stabilnosci-kosmetykow\/","title":{"rendered":"Stabilit\u00e4tspr\u00fcfung von Kosmetika"},"content":{"rendered":"<div data-elementor-type=\"wp-page\" data-elementor-id=\"4583\" class=\"elementor elementor-4583\">\n\t\t\t\t\t\t<section class=\"elementor-section elementor-top-section elementor-element elementor-element-6572caea elementor-section-boxed elementor-section-height-default elementor-section-height-default\" data-id=\"6572caea\" data-element_type=\"section\">\n\t\t\t\t\t\t<div class=\"elementor-container elementor-column-gap-default\">\n\t\t\t\t\t<div class=\"elementor-column elementor-col-100 elementor-top-column elementor-element elementor-element-6ce374eb\" data-id=\"6ce374eb\" data-element_type=\"column\">\n\t\t\t<div class=\"elementor-widget-wrap elementor-element-populated\">\n\t\t\t\t\t\t<div class=\"elementor-element elementor-element-2c3d50a3 elementor-widget elementor-widget-text-editor\" data-id=\"2c3d50a3\" data-element_type=\"widget\" data-widget_type=\"text-editor.default\">\n\t\t\t\t<div class=\"elementor-widget-container\">\n\t\t\t\t\t\t\t<p><!-- wp:paragraph {\"className\":\"\"} --><\/p><p><strong>Stabilit\u00e4tspr\u00fcfung von Kosmetika<\/strong> ist ein \u00e4u\u00dferst wichtiger Schritt bei der Bewertung der Qualit\u00e4t eines Produkts, das in Europa und im Vereinigten K\u00f6nigreich vermarktet werden soll. W <a href=\"https:\/\/mpr-labs.com\/\">MPR-Labore<\/a> wir f\u00fchren aus <strong>Alterungstests f\u00fcr Kosmetika<\/strong> und <strong>Stabilit\u00e4ts- und Vertr\u00e4glichkeitspr\u00fcfungen f\u00fcr kosmetische Mittel<\/strong>, um ihre Sicherheit, Wirksamkeit und \u00dcbereinstimmung mit den Herstellerangaben w\u00e4hrend ihrer gesamten Haltbarkeitsdauer zu gew\u00e4hrleisten.<\/p><p><!-- \/wp:paragraph --> <!-- wp:paragraph {\"className\":\"\"} --><\/p><p>Eine unzureichende Stabilit\u00e4t kann zu Ver\u00e4nderungen des Duftes, der Farbe, der Textur und sogar der Leistung des Kosmetikums f\u00fchren. Deshalb, <strong>Pr\u00fcfung der kosmetischen Stabilit\u00e4t<\/strong> ist unerl\u00e4sslich, um den hohen Standard des Produkts und seine positive Wahrnehmung durch den Verbraucher aufrechtzuerhalten.<\/p><p><!-- \/wp:paragraph --> <!-- wp:heading {\"className\":\"\"} --><\/p><h3 class=\"wp-block-heading\">Pr\u00fcfung der kosmetischen Stabilit\u00e4t - was pr\u00fcfen wir?<\/h3><p><!-- \/wp:heading --> <!-- wp:paragraph {\"className\":\"\"} --><\/p><p>Unsere Dienstleistungen umfassen umfassende <strong>Stabilit\u00e4tspr\u00fcfung von Kosmetika<\/strong>, bestehend aus:<\/p><p><!-- \/wp:paragraph --> <!-- wp:list --><\/p><ul class=\"wp-block-list\"><!-- wp:list-item --><li>Bewertung der physikalisch-chemischen Ver\u00e4nderungen unter verschiedenen Lagerungsbedingungen,<\/li><!-- \/wp:list-item --> <!-- wp:list-item --><li>Tests bei Raumtemperatur, erh\u00f6hter Temperatur, niedriger Temperatur und unter UV-Licht,<\/li><!-- \/wp:list-item --> <!-- wp:list-item --><li><strong>Alterungstests f\u00fcr Kosmetika<\/strong>, die den Alterungsprozess des Produkts in beschleunigtem Tempo simulieren,<\/li><!-- \/wp:list-item --> <!-- wp:list-item --><li>Beobachtung von Ver\u00e4nderungen in Farbe, Geruch, pH-Wert und Konsistenz.<\/li><!-- \/wp:list-item --><\/ul><p><!-- \/wp:list --> <!-- wp:paragraph {\"className\":\"\"} --><\/p><p>Mit diesen Tests l\u00e4sst sich beurteilen, wie sich ein Kosmetikum w\u00e4hrend des Transports, der Lagerung oder der Exposition im Gesch\u00e4ft verh\u00e4lt.<\/p><p><!-- \/wp:paragraph --> <!-- wp:heading {\"className\":\"\"} --><\/p><h2 class=\"wp-block-heading\">Kosmetische Vertr\u00e4glichkeitspr\u00fcfungen mit Verpackungen - Sicherheit in der Praxis<\/h2><p><!-- \/wp:heading --> <!-- wp:paragraph {\"className\":\"\"} --><\/p><p><strong>Pr\u00fcfung der kosmetischen Vertr\u00e4glichkeit mit der Verpackung<\/strong> ist ein integraler Bestandteil des gesamten Stabilit\u00e4tsprozesses. Bei MPR Labs analysieren wir, ob Produktbestandteile mit dem Verpackungsmaterial reagieren, ob Substanzen migrieren, Verf\u00e4rbungen oder Sch\u00e4den auftreten.<\/p><p><!-- \/wp:paragraph --> <!-- wp:paragraph {\"className\":\"\"} --><\/p><p><strong>Dies ist eine Garantie daf\u00fcr, dass Ihr Kosmetikum seine Eigenschaften w\u00e4hrend der gesamten angegebenen Lebensdauer beibeh\u00e4lt.<\/strong><\/p><p><!-- \/wp:paragraph --> <!-- wp:heading {\"className\":\"\"} --><\/p><h2 class=\"wp-block-heading\">Warum sind Stabilit\u00e4tstests f\u00fcr Kosmetika so wichtig?<\/h2><p><!-- \/wp:heading --> <!-- wp:list --><\/p><ul class=\"wp-block-list\"><!-- wp:list-item --><li>eine realistische Haltbarkeitsdauer ermittelt werden kann,<\/li><!-- \/wp:list-item --> <!-- wp:list-item --><li>das Risiko von Beschwerden und finanziellen Verlusten zu minimieren,<\/li><!-- \/wp:list-item --> <!-- wp:list-item --><li>die Einhaltung der rechtlichen Anforderungen der EU und des Vereinigten K\u00f6nigreichs zu gew\u00e4hrleisten,<\/li><!-- \/wp:list-item --> <!-- wp:list-item --><li>eine positive Bewertung bei Audits und Inspektionen zu beeinflussen.<\/li><!-- \/wp:list-item --><\/ul><p><!-- \/wp:list --> <!-- wp:paragraph {\"className\":\"\"} --><\/p><p><strong>Professionelle Stabilit\u00e4ts- und Vertr\u00e4glichkeitspr\u00fcfung von kosmetischen Produkten<\/strong> Die von MPR Labs durchgef\u00fchrte Pr\u00fcfung bedeutet, dass Sie sicher sein k\u00f6nnen, dass Ihr Produkt Ihren Kunden in einwandfreiem Zustand erreicht - unabh\u00e4ngig von den Transport- und Lagerbedingungen.<\/p><p><!-- \/wp:paragraph --><\/p>\t\t\t\t\t\t<\/div>\n\t\t\t\t<\/div>\n\t\t\t\t\t<\/div>\n\t\t<\/div>\n\t\t\t\t\t<\/div>\n\t\t<\/section>\n\t\t\t\t<section class=\"elementor-section elementor-top-section elementor-element elementor-element-216dd11 elementor-section-boxed elementor-section-height-default elementor-section-height-default\" data-id=\"216dd11\" data-element_type=\"section\">\n\t\t\t\t\t\t<div class=\"elementor-container elementor-column-gap-default\">\n\t\t\t\t\t<div class=\"elementor-column elementor-col-100 elementor-top-column elementor-element elementor-element-39f45ca\" data-id=\"39f45ca\" data-element_type=\"column\">\n\t\t\t<div class=\"elementor-widget-wrap elementor-element-populated\">\n\t\t\t\t\t\t<div class=\"elementor-element elementor-element-30dbd25 elementor-widget elementor-widget-accordion\" data-id=\"30dbd25\" data-element_type=\"widget\" data-widget_type=\"accordion.default\">\n\t\t\t\t<div class=\"elementor-widget-container\">\n\t\t\t\t\t<div class=\"elementor-accordion\">\n\t\t\t\t\t\t\t<div class=\"elementor-accordion-item\">\n\t\t\t\t\t<h5 id=\"elementor-tab-title-5121\" class=\"elementor-tab-title\" data-tab=\"1\" role=\"button\" aria-controls=\"elementor-tab-content-5121\" aria-expanded=\"false\">\n\t\t\t\t\t\t\t\t\t\t\t\t\t<span class=\"elementor-accordion-icon elementor-accordion-icon-left\" aria-hidden=\"true\">\n\t\t\t\t\t\t\t\t\t\t\t\t\t\t\t<span class=\"elementor-accordion-icon-closed\"><i class=\"fas fa-plus\"><\/i><\/span>\n\t\t\t\t\t\t\t\t<span class=\"elementor-accordion-icon-opened\"><i class=\"fas fa-minus\"><\/i><\/span>\n\t\t\t\t\t\t\t\t\t\t\t\t\t\t<\/span>\n\t\t\t\t\t\t\t\t\t\t\t\t<a class=\"elementor-accordion-title\" tabindex=\"0\">Welche Bedeutung haben Stabilit\u00e4ts- und Vertr\u00e4glichkeitspr\u00fcfungen f\u00fcr Kosmetika?<\/a>\n\t\t\t\t\t<\/h5>\n\t\t\t\t\t<div id=\"elementor-tab-content-5121\" class=\"elementor-tab-content elementor-clearfix\" data-tab=\"1\" role=\"region\" aria-labelledby=\"elementor-tab-title-5121\"><p>Durch Stabilit\u00e4ts- und Vertr\u00e4glichkeitspr\u00fcfungen von Kosmetika soll sichergestellt werden, dass das Produkt wirksam und sicher ist und sich seine Eigenschaften w\u00e4hrend der Lagerung und Verwendung nicht ver\u00e4ndern und dass die kosmetischen Inhaltsstoffe in geeigneter Weise zusammenwirken.<\/p><\/div>\n\t\t\t\t<\/div>\n\t\t\t\t\t\t\t<div class=\"elementor-accordion-item\">\n\t\t\t\t\t<h5 id=\"elementor-tab-title-5122\" class=\"elementor-tab-title\" data-tab=\"2\" role=\"button\" aria-controls=\"elementor-tab-content-5122\" aria-expanded=\"false\">\n\t\t\t\t\t\t\t\t\t\t\t\t\t<span class=\"elementor-accordion-icon elementor-accordion-icon-left\" aria-hidden=\"true\">\n\t\t\t\t\t\t\t\t\t\t\t\t\t\t\t<span class=\"elementor-accordion-icon-closed\"><i class=\"fas fa-plus\"><\/i><\/span>\n\t\t\t\t\t\t\t\t<span class=\"elementor-accordion-icon-opened\"><i class=\"fas fa-minus\"><\/i><\/span>\n\t\t\t\t\t\t\t\t\t\t\t\t\t\t<\/span>\n\t\t\t\t\t\t\t\t\t\t\t\t<a class=\"elementor-accordion-title\" tabindex=\"0\">Was ist PAO im Zusammenhang mit Kosmetika?<\/a>\n\t\t\t\t\t<\/h5>\n\t\t\t\t\t<div id=\"elementor-tab-content-5122\" class=\"elementor-tab-content elementor-clearfix\" data-tab=\"2\" role=\"region\" aria-labelledby=\"elementor-tab-title-5122\"><p>PAO (Period After Opening) ist ein Symbol auf der Verpackung eines kosmetischen Mittels, das dem Verbraucher angibt, wie lange das Produkt nach dem \u00d6ffnen sicher verwendet werden kann. Dieser Zeitraum h\u00e4ngt von der Stabilit\u00e4t des Kosmetikums ab und liegt in der Regel zwischen 6 und 12 Monaten.<\/p><\/div>\n\t\t\t\t<\/div>\n\t\t\t\t\t\t\t\t<\/div>\n\t\t\t\t<\/div>\n\t\t\t\t<\/div>\n\t\t\t\t\t<\/div>\n\t\t<\/div>\n\t\t\t\t\t<\/div>\n\t\t<\/section>\n\t\t\t\t<\/div>","protected":false},"excerpt":{"rendered":"<p>Badanie stabilno\u015bci kosmetyk\u00f3w to niezmiernie wa\u017cny etap oceny jako\u015bci produktu, kt\u00f3ry ma trafi\u0107 na rynek europejski i brytyjski. W laboratorium MPR Labs przeprowadzamy testy starzeniowe kosmetyk\u00f3w oraz badania stabilno\u015bci i kompatybilno\u015bci produkt\u00f3w kosmetycznych, by zapewni\u0107 ich bezpiecze\u0144stwo, skuteczno\u015b\u0107 oraz zgodno\u015b\u0107 z deklaracjami producenta przez ca\u0142y okres przydatno\u015bci. Nieodpowiednia stabilno\u015b\u0107 mo\u017ce prowadzi\u0107 do zmian zapachu, koloru, [&hellip;]<\/p>\n","protected":false},"author":6,"featured_media":3566,"parent":0,"menu_order":0,"comment_status":"closed","ping_status":"closed","template":"page-templates\/service-single.php","meta":{"footnotes":""},"class_list":["post-4583","page","type-page","status-publish","format-standard","has-post-thumbnail","hentry"],"yoast_head":"<!-- This site is optimized with the Yoast SEO plugin v25.4 - https:\/\/yoast.com\/wordpress\/plugins\/seo\/ -->\n<title>Badania stabilno\u015bci kosmetyk\u00f3w | MPR Labs<\/title>\n<meta name=\"robots\" content=\"index, follow, max-snippet:-1, max-image-preview:large, max-video-preview:-1\" \/>\n<link rel=\"canonical\" href=\"https:\/\/mpr-labs.com\/de\/stabilitatsprufung-von-kosmetika\/\" \/>\n<meta property=\"og:locale\" content=\"de_DE\" \/>\n<meta property=\"og:type\" content=\"article\" \/>\n<meta property=\"og:title\" content=\"Badania stabilno\u015bci kosmetyk\u00f3w | MPR Labs\" \/>\n<meta property=\"og:description\" content=\"Badanie stabilno\u015bci kosmetyk\u00f3w to niezmiernie wa\u017cny etap oceny jako\u015bci produktu, kt\u00f3ry ma trafi\u0107 na rynek europejski i brytyjski. W laboratorium MPR Labs przeprowadzamy testy starzeniowe kosmetyk\u00f3w oraz badania stabilno\u015bci i kompatybilno\u015bci produkt\u00f3w kosmetycznych, by zapewni\u0107 ich bezpiecze\u0144stwo, skuteczno\u015b\u0107 oraz zgodno\u015b\u0107 z deklaracjami producenta przez ca\u0142y okres przydatno\u015bci. Nieodpowiednia stabilno\u015b\u0107 mo\u017ce prowadzi\u0107 do zmian zapachu, koloru, [&hellip;]\" \/>\n<meta property=\"og:url\" content=\"https:\/\/mpr-labs.com\/de\/stabilitatsprufung-von-kosmetika\/\" \/>\n<meta property=\"og:site_name\" content=\"MPR Labs\" \/>\n<meta property=\"article:publisher\" content=\"https:\/\/www.facebook.com\/MPRLabs\" \/>\n<meta property=\"article:modified_time\" content=\"2025-04-17T13:17:09+00:00\" \/>\n<meta property=\"og:image\" content=\"https:\/\/mpr-labs.com\/wp-content\/uploads\/2023\/08\/badania-top-min.png\" \/>\n\t<meta property=\"og:image:width\" content=\"2100\" \/>\n\t<meta property=\"og:image:height\" content=\"788\" \/>\n\t<meta property=\"og:image:type\" content=\"image\/png\" \/>\n<meta name=\"twitter:card\" content=\"summary_large_image\" \/>\n<meta name=\"twitter:label1\" content=\"Gesch\u00e4tzte Lesezeit\" \/>\n\t<meta name=\"twitter:data1\" content=\"3\u00a0Minuten\" \/>\n<script type=\"application\/ld+json\" class=\"yoast-schema-graph\">{\"@context\":\"https:\/\/schema.org\",\"@graph\":[{\"@type\":\"WebPage\",\"@id\":\"https:\/\/mpr-labs.com\/badania-stabilnosci-kosmetykow\/\",\"url\":\"https:\/\/mpr-labs.com\/badania-stabilnosci-kosmetykow\/\",\"name\":\"Badania stabilno\u015bci kosmetyk\u00f3w | MPR Labs\",\"isPartOf\":{\"@id\":\"https:\/\/mpr-labs.com\/#website\"},\"primaryImageOfPage\":{\"@id\":\"https:\/\/mpr-labs.com\/badania-stabilnosci-kosmetykow\/#primaryimage\"},\"image\":{\"@id\":\"https:\/\/mpr-labs.com\/badania-stabilnosci-kosmetykow\/#primaryimage\"},\"thumbnailUrl\":\"https:\/\/mpr-labs.com\/wp-content\/uploads\/2023\/08\/badania-top-min.png\",\"datePublished\":\"2025-04-14T09:53:46+00:00\",\"dateModified\":\"2025-04-17T13:17:09+00:00\",\"breadcrumb\":{\"@id\":\"https:\/\/mpr-labs.com\/badania-stabilnosci-kosmetykow\/#breadcrumb\"},\"inLanguage\":\"de\",\"potentialAction\":[{\"@type\":\"ReadAction\",\"target\":[\"https:\/\/mpr-labs.com\/badania-stabilnosci-kosmetykow\/\"]}]},{\"@type\":\"ImageObject\",\"inLanguage\":\"de\",\"@id\":\"https:\/\/mpr-labs.com\/badania-stabilnosci-kosmetykow\/#primaryimage\",\"url\":\"https:\/\/mpr-labs.com\/wp-content\/uploads\/2023\/08\/badania-top-min.png\",\"contentUrl\":\"https:\/\/mpr-labs.com\/wp-content\/uploads\/2023\/08\/badania-top-min.png\",\"width\":2100,\"height\":788,\"caption\":\"Badania mikrobiologiczne kosmetyku\"},{\"@type\":\"BreadcrumbList\",\"@id\":\"https:\/\/mpr-labs.com\/badania-stabilnosci-kosmetykow\/#breadcrumb\",\"itemListElement\":[{\"@type\":\"ListItem\",\"position\":1,\"name\":\"Strona g\u0142\u00f3wna\",\"item\":\"https:\/\/mpr-labs.com\/\"},{\"@type\":\"ListItem\",\"position\":2,\"name\":\"Badania stabilno\u015bci kosmetyk\u00f3w\"}]},{\"@type\":\"WebSite\",\"@id\":\"https:\/\/mpr-labs.com\/#website\",\"url\":\"https:\/\/mpr-labs.com\/\",\"name\":\"MPR Labs\",\"description\":\"MPR Labs - Laboratorium Kosmetyczne\",\"publisher\":{\"@id\":\"https:\/\/mpr-labs.com\/#organization\"},\"potentialAction\":[{\"@type\":\"SearchAction\",\"target\":{\"@type\":\"EntryPoint\",\"urlTemplate\":\"https:\/\/mpr-labs.com\/?s={search_term_string}\"},\"query-input\":{\"@type\":\"PropertyValueSpecification\",\"valueRequired\":true,\"valueName\":\"search_term_string\"}}],\"inLanguage\":\"de\"},{\"@type\":\"Organization\",\"@id\":\"https:\/\/mpr-labs.com\/#organization\",\"name\":\"MPR Labs Sp. z o.o.\",\"alternateName\":\"MPR Labs\",\"url\":\"https:\/\/mpr-labs.com\/\",\"logo\":{\"@type\":\"ImageObject\",\"inLanguage\":\"de\",\"@id\":\"https:\/\/mpr-labs.com\/#\/schema\/logo\/image\/\",\"url\":\"https:\/\/mpr-labs.com\/wp-content\/uploads\/2023\/05\/logo-new.png\",\"contentUrl\":\"https:\/\/mpr-labs.com\/wp-content\/uploads\/2023\/05\/logo-new.png\",\"width\":1150,\"height\":328,\"caption\":\"MPR Labs Sp. z o.o.\"},\"image\":{\"@id\":\"https:\/\/mpr-labs.com\/#\/schema\/logo\/image\/\"},\"sameAs\":[\"https:\/\/www.facebook.com\/MPRLabs\",\"https:\/\/www.linkedin.com\/company\/mpr-labs\/\"]}]}<\/script>\n<!-- \/ Yoast SEO plugin. -->","yoast_head_json":{"title":"Stabilit\u00e4tspr\u00fcfung von Kosmetika | MPR Labs","robots":{"index":"index","follow":"follow","max-snippet":"max-snippet:-1","max-image-preview":"max-image-preview:large","max-video-preview":"max-video-preview:-1"},"canonical":"https:\/\/mpr-labs.com\/de\/stabilitatsprufung-von-kosmetika\/","og_locale":"de_DE","og_type":"article","og_title":"Badania stabilno\u015bci kosmetyk\u00f3w | MPR Labs","og_description":"Badanie stabilno\u015bci kosmetyk\u00f3w to niezmiernie wa\u017cny etap oceny jako\u015bci produktu, kt\u00f3ry ma trafi\u0107 na rynek europejski i brytyjski. W laboratorium MPR Labs przeprowadzamy testy starzeniowe kosmetyk\u00f3w oraz badania stabilno\u015bci i kompatybilno\u015bci produkt\u00f3w kosmetycznych, by zapewni\u0107 ich bezpiecze\u0144stwo, skuteczno\u015b\u0107 oraz zgodno\u015b\u0107 z deklaracjami producenta przez ca\u0142y okres przydatno\u015bci. Nieodpowiednia stabilno\u015b\u0107 mo\u017ce prowadzi\u0107 do zmian zapachu, koloru, [&hellip;]","og_url":"https:\/\/mpr-labs.com\/de\/stabilitatsprufung-von-kosmetika\/","og_site_name":"MPR Labs","article_publisher":"https:\/\/www.facebook.com\/MPRLabs","article_modified_time":"2025-04-17T13:17:09+00:00","og_image":[{"width":2100,"height":788,"url":"https:\/\/mpr-labs.com\/wp-content\/uploads\/2023\/08\/badania-top-min.png","type":"image\/png"}],"twitter_card":"summary_large_image","twitter_misc":{"Gesch\u00e4tzte Lesezeit":"3\u00a0Minuten"},"schema":{"@context":"https:\/\/schema.org","@graph":[{"@type":"WebPage","@id":"https:\/\/mpr-labs.com\/badania-stabilnosci-kosmetykow\/","url":"https:\/\/mpr-labs.com\/badania-stabilnosci-kosmetykow\/","name":"Stabilit\u00e4tspr\u00fcfung von Kosmetika | MPR Labs","isPartOf":{"@id":"https:\/\/mpr-labs.com\/#website"},"primaryImageOfPage":{"@id":"https:\/\/mpr-labs.com\/badania-stabilnosci-kosmetykow\/#primaryimage"},"image":{"@id":"https:\/\/mpr-labs.com\/badania-stabilnosci-kosmetykow\/#primaryimage"},"thumbnailUrl":"https:\/\/mpr-labs.com\/wp-content\/uploads\/2023\/08\/badania-top-min.png","datePublished":"2025-04-14T09:53:46+00:00","dateModified":"2025-04-17T13:17:09+00:00","breadcrumb":{"@id":"https:\/\/mpr-labs.com\/badania-stabilnosci-kosmetykow\/#breadcrumb"},"inLanguage":"de","potentialAction":[{"@type":"ReadAction","target":["https:\/\/mpr-labs.com\/badania-stabilnosci-kosmetykow\/"]}]},{"@type":"ImageObject","inLanguage":"de","@id":"https:\/\/mpr-labs.com\/badania-stabilnosci-kosmetykow\/#primaryimage","url":"https:\/\/mpr-labs.com\/wp-content\/uploads\/2023\/08\/badania-top-min.png","contentUrl":"https:\/\/mpr-labs.com\/wp-content\/uploads\/2023\/08\/badania-top-min.png","width":2100,"height":788,"caption":"Badania mikrobiologiczne kosmetyku"},{"@type":"BreadcrumbList","@id":"https:\/\/mpr-labs.com\/badania-stabilnosci-kosmetykow\/#breadcrumb","itemListElement":[{"@type":"ListItem","position":1,"name":"Strona g\u0142\u00f3wna","item":"https:\/\/mpr-labs.com\/"},{"@type":"ListItem","position":2,"name":"Badania stabilno\u015bci kosmetyk\u00f3w"}]},{"@type":"WebSite","@id":"https:\/\/mpr-labs.com\/#website","url":"https:\/\/mpr-labs.com\/","name":"MPR-Labore","description":"MPR Labs - Kosmetisches Labor","publisher":{"@id":"https:\/\/mpr-labs.com\/#organization"},"potentialAction":[{"@type":"SearchAction","target":{"@type":"EntryPoint","urlTemplate":"https:\/\/mpr-labs.com\/?s={search_term_string}"},"query-input":{"@type":"PropertyValueSpecification","valueRequired":true,"valueName":"search_term_string"}}],"inLanguage":"de"},{"@type":"Organization","@id":"https:\/\/mpr-labs.com\/#organization","name":"MPR Labs Sp. z o.o.","alternateName":"MPR Labs","url":"https:\/\/mpr-labs.com\/","logo":{"@type":"ImageObject","inLanguage":"de","@id":"https:\/\/mpr-labs.com\/#\/schema\/logo\/image\/","url":"https:\/\/mpr-labs.com\/wp-content\/uploads\/2023\/05\/logo-new.png","contentUrl":"https:\/\/mpr-labs.com\/wp-content\/uploads\/2023\/05\/logo-new.png","width":1150,"height":328,"caption":"MPR Labs Sp. z o.o."},"image":{"@id":"https:\/\/mpr-labs.com\/#\/schema\/logo\/image\/"},"sameAs":["https:\/\/www.facebook.com\/MPRLabs","https:\/\/www.linkedin.com\/company\/mpr-labs\/"]}]}},"_links":{"self":[{"href":"https:\/\/mpr-labs.com\/de\/wp-json\/wp\/v2\/pages\/4583","targetHints":{"allow":["GET"]}}],"collection":[{"href":"https:\/\/mpr-labs.com\/de\/wp-json\/wp\/v2\/pages"}],"about":[{"href":"https:\/\/mpr-labs.com\/de\/wp-json\/wp\/v2\/types\/page"}],"author":[{"embeddable":true,"href":"https:\/\/mpr-labs.com\/de\/wp-json\/wp\/v2\/users\/6"}],"replies":[{"embeddable":true,"href":"https:\/\/mpr-labs.com\/de\/wp-json\/wp\/v2\/comments?post=4583"}],"version-history":[{"count":7,"href":"https:\/\/mpr-labs.com\/de\/wp-json\/wp\/v2\/pages\/4583\/revisions"}],"predecessor-version":[{"id":4657,"href":"https:\/\/mpr-labs.com\/de\/wp-json\/wp\/v2\/pages\/4583\/revisions\/4657"}],"wp:featuredmedia":[{"embeddable":true,"href":"https:\/\/mpr-labs.com\/de\/wp-json\/wp\/v2\/media\/3566"}],"wp:attachment":[{"href":"https:\/\/mpr-labs.com\/de\/wp-json\/wp\/v2\/media?parent=4583"}],"curies":[{"name":"wp","href":"https:\/\/api.w.org\/{rel}","templated":true}]}}