{"id":4448,"date":"2025-03-24T13:24:08","date_gmt":"2025-03-24T13:24:08","guid":{"rendered":"https:\/\/mpr-labs.com\/?page_id=4448"},"modified":"2025-04-17T13:12:48","modified_gmt":"2025-04-17T13:12:48","slug":"instrumentenstudien","status":"publish","type":"page","link":"https:\/\/mpr-labs.com\/de\/badania-aparaturowe\/","title":{"rendered":"Studien \u00fcber Instrumente"},"content":{"rendered":"<div data-elementor-type=\"wp-page\" data-elementor-id=\"4448\" class=\"elementor elementor-4448\">\n\t\t\t\t\t\t<section class=\"elementor-section elementor-top-section elementor-element elementor-element-6572caea elementor-section-boxed elementor-section-height-default elementor-section-height-default\" data-id=\"6572caea\" data-element_type=\"section\">\n\t\t\t\t\t\t<div class=\"elementor-container elementor-column-gap-default\">\n\t\t\t\t\t<div class=\"elementor-column elementor-col-100 elementor-top-column elementor-element elementor-element-6ce374eb\" data-id=\"6ce374eb\" data-element_type=\"column\">\n\t\t\t<div class=\"elementor-widget-wrap elementor-element-populated\">\n\t\t\t\t\t\t<div class=\"elementor-element elementor-element-2c3d50a3 elementor-widget elementor-widget-text-editor\" data-id=\"2c3d50a3\" data-element_type=\"widget\" data-widget_type=\"text-editor.default\">\n\t\t\t\t<div class=\"elementor-widget-container\">\n\t\t\t\t\t\t\t<p><span style=\"font-weight: 400;\">Um die Wirksamkeit und Sicherheit von Kosmetika zu best\u00e4tigen, reicht das subjektive Empfinden der Benutzer nicht aus. <\/span><b>Instrumentelle Pr\u00fcfung f\u00fcr Kosmetika<\/b><span style=\"font-weight: 400;\"> erm\u00f6glichen eine pr\u00e4zise, quantitative Bewertung der Wirkung eines Produkts auf die Haut, das Haar oder andere biologische Strukturen. Dank moderner Messmethoden ist es m\u00f6glich, die Wirkungen von Kosmetika genau zu bestimmen, was sowohl f\u00fcr Hersteller als auch f\u00fcr Verbraucher eine wichtige Unterst\u00fctzung darstellt.<\/span><\/p><h2>Welche Parameter werden bei den Ger\u00e4tetests bewertet?<\/h2><p><b>Studien \u00fcber Instrumente<\/b><span style=\"font-weight: 400;\"> nutzen fortschrittliche Technologien, um verschiedene Aspekte der Haut- und Haarfunktion objektiv zu analysieren. Die Beurteilungen umfassen:<\/span><\/p><ul><li style=\"font-weight: 400;\" aria-level=\"1\"><b>Befeuchtung der Haut<\/b><span style=\"font-weight: 400;\"> - mit Hilfe der Corneometrie, die den Feuchtigkeitsgehalt der Epidermis nach dem Auftragen des Kosmetikums bestimmt,<\/span><\/li><li style=\"font-weight: 400;\" aria-level=\"1\"><b>Elastizit\u00e4t und Festigkeit der Haut<\/b><span style=\"font-weight: 400;\"> - Messungen mit Cutometern, die die biomechanischen Eigenschaften der Haut analysieren,<\/span><\/li><li style=\"font-weight: 400;\" aria-level=\"1\"><b>Verringerung von Falten<\/b><span style=\"font-weight: 400;\"> - Bewertung der Anti-Aging-Effekte mit Hilfe von Ger\u00e4ten zur Analyse der Hautoberfl\u00e4che,<\/span><\/li><li style=\"font-weight: 400;\" aria-level=\"1\"><b>Sebumetrie<\/b><span style=\"font-weight: 400;\"> - Talganalyse, die f\u00fcr Kosmetika f\u00fcr fettige und zu Akne neigende Haut entscheidend ist,<\/span><\/li><li style=\"font-weight: 400;\" aria-level=\"1\"><b>Messung von Verf\u00e4rbungen und Hautton<\/b><span style=\"font-weight: 400;\"> - Spektrophotometrische Bewertung von Pigmentver\u00e4nderungen nach kosmetischer Anwendung.<\/span><\/li><\/ul><p><span style=\"font-weight: 400;\">Jede <\/span><b>Instrumentalpr\u00fcfung<\/b><span style=\"font-weight: 400;\"> liefert zuverl\u00e4ssige und messbare Daten, um die Wirksamkeit von Kosmetika wissenschaftlich zu bewerten.<\/span><\/p><h2>Warum sind Ger\u00e4tepr\u00fcfungen f\u00fcr Kosmetikhersteller wichtig?<\/h2><p><span style=\"font-weight: 400;\">Der starke Wettbewerb auf dem Markt verlangt von den Herstellern, dass sie die behauptete Wirkung ihrer Produkte nachweisen. <\/span><b>Instrumentelle Pr\u00fcfung f\u00fcr Kosmetika<\/b><span style=\"font-weight: 400;\"> erm\u00f6glichen es, zuverl\u00e4ssige Ergebnisse zu erhalten, die die Wirksamkeit eines Kosmetikums bei der Reduzierung von Falten, der Verbesserung des Feuchtigkeitsgehalts oder der Gl\u00e4ttung der Haut best\u00e4tigen. Diese Tests erm\u00f6glichen es den Marken, die wissenschaftliche Grundlage ihrer Formeln hervorzuheben, was das Vertrauen der Kunden st\u00e4rkt.<\/span><\/p><p><span style=\"font-weight: 400;\">Ergebnisse <\/span><b>Ger\u00e4tepr\u00fcfungen<\/b><span style=\"font-weight: 400;\"> kann auch in Marketingstrategien, Werbekampagnen und auf Kosmetikverpackungen verwendet werden. Die wissenschaftlich belegte Leistung ist ein wichtiger Wettbewerbsvorteil.<\/span><\/p><p><span style=\"font-weight: 400;\">Eine umfassende Analyse der Wirksamkeit von Kosmetika erfordert eine Kombination verschiedener Testmethoden. Zus\u00e4tzlich zu <\/span><b>Ger\u00e4tepr\u00fcfungen<\/b><span style=\"font-weight: 400;\">, Die wichtigsten sind die vorhergehenden:<\/span><\/p><ul><li style=\"font-weight: 400;\" aria-level=\"1\"><a href=\"https:\/\/mpr-labs.com\/badania-fizykochemiczne\/\"><b>Physikalisch-chemische Tests<\/b><\/a><span style=\"font-weight: 400;\"> - Bewertung der Stabilit\u00e4t und der physikalisch-chemischen Eigenschaften des Kosmetikums, wie pH-Wert, Dichte, Viskosit\u00e4t oder Wasseraktivit\u00e4t,<\/span><\/li><li style=\"font-weight: 400;\" aria-level=\"1\"><a href=\"https:\/\/mpr-labs.com\/badania-mikrobiologiczne\/\"><b>Mikrobiologische Tests<\/b><\/a><span style=\"font-weight: 400;\"> - mikrobiologische Reinheits- und Wirksamkeitstests f\u00fcr Konservierungsmittel, um die sichere Verwendung von Kosmetika zu gew\u00e4hrleisten,<\/span><\/li><li style=\"font-weight: 400;\" aria-level=\"1\"><a href=\"https:\/\/mpr-labs.com\/badania-aplikacyjne\/\"><b>Anwendungsforschung<\/b><\/a><span style=\"font-weight: 400;\"> - Tests, die mit Gruppen von Freiwilligen durchgef\u00fchrt werden, um die subjektive Wahrnehmung des Komforts und der Wirksamkeit des Produkts durch die Benutzer zu bewerten.<\/span><\/li><\/ul><p><span style=\"font-weight: 400;\">Die Kombination der Ergebnisse aus verschiedenen Studien ergibt ein vollst\u00e4ndiges Bild der Eigenschaften und der Leistung eines Kosmetikums.<\/span><\/p><h2>Wann lohnt sich eine instrumentelle Pr\u00fcfung von Kosmetika?<\/h2><p><b>Studien \u00fcber Instrumente<\/b><span style=\"font-weight: 400;\"> sollte in mehreren Schl\u00fcsselmomenten durchgef\u00fchrt werden:<\/span><\/p><ul><li style=\"font-weight: 400;\" aria-level=\"1\"><span style=\"font-weight: 400;\">W\u00e4hrend der Entwicklung der neuen Formel, um die tats\u00e4chlichen Auswirkungen der Wirkstoffe zu bewerten,<\/span><\/li><li style=\"font-weight: 400;\" aria-level=\"1\"><span style=\"font-weight: 400;\">Vor dem Inverkehrbringen eines kosmetischen Mittels, um die vom Hersteller behauptete Wirksamkeit zu best\u00e4tigen,<\/span><\/li><li style=\"font-weight: 400;\" aria-level=\"1\"><span style=\"font-weight: 400;\">In einer vergleichenden Studie mit anderen Produkten auf dem Markt,<\/span><\/li><li style=\"font-weight: 400;\" aria-level=\"1\"><span style=\"font-weight: 400;\">Bei der Pr\u00fcfung neu formulierter Kosmetika, um Verbesserungen gegen\u00fcber der fr\u00fcheren Version zu bewerten.<\/span><\/li><\/ul><p><span style=\"font-weight: 400;\">Geben Sie Ihren Kosmetika einen glaubw\u00fcrdigen Wirksamkeitsnachweis mit modernen <\/span><b>Ger\u00e4tepr\u00fcfungen<\/b><span style=\"font-weight: 400;\">. Wenden Sie sich an unser Labor, um herauszufinden, wie wir Sie bei der Analyse Ihrer Produkte unterst\u00fctzen k\u00f6nnen - vertrauen Sie <\/span><a href=\"https:\/\/mprlabs.com\"><span style=\"font-weight: 400;\">MPRlabs.com<\/span><\/a><span style=\"font-weight: 400;\">.<\/span><\/p>\t\t\t\t\t\t<\/div>\n\t\t\t\t<\/div>\n\t\t\t\t\t<\/div>\n\t\t<\/div>\n\t\t\t\t\t<\/div>\n\t\t<\/section>\n\t\t\t\t<section class=\"elementor-section elementor-top-section elementor-element elementor-element-10804c5 elementor-section-boxed elementor-section-height-default elementor-section-height-default\" data-id=\"10804c5\" data-element_type=\"section\">\n\t\t\t\t\t\t<div class=\"elementor-container elementor-column-gap-default\">\n\t\t\t\t\t<div class=\"elementor-column elementor-col-100 elementor-top-column elementor-element elementor-element-84298eb\" data-id=\"84298eb\" data-element_type=\"column\">\n\t\t\t<div class=\"elementor-widget-wrap elementor-element-populated\">\n\t\t\t\t\t\t<div class=\"elementor-element elementor-element-907b7a0 elementor-widget elementor-widget-accordion\" data-id=\"907b7a0\" data-element_type=\"widget\" data-widget_type=\"accordion.default\">\n\t\t\t\t<div class=\"elementor-widget-container\">\n\t\t\t\t\t<div class=\"elementor-accordion\">\n\t\t\t\t\t\t\t<div class=\"elementor-accordion-item\">\n\t\t\t\t\t<h5 id=\"elementor-tab-title-1511\" class=\"elementor-tab-title\" data-tab=\"1\" role=\"button\" aria-controls=\"elementor-tab-content-1511\" aria-expanded=\"false\">\n\t\t\t\t\t\t\t\t\t\t\t\t\t<span class=\"elementor-accordion-icon elementor-accordion-icon-left\" aria-hidden=\"true\">\n\t\t\t\t\t\t\t\t\t\t\t\t\t\t\t<span class=\"elementor-accordion-icon-closed\"><i class=\"fas fa-plus\"><\/i><\/span>\n\t\t\t\t\t\t\t\t<span class=\"elementor-accordion-icon-opened\"><i class=\"fas fa-minus\"><\/i><\/span>\n\t\t\t\t\t\t\t\t\t\t\t\t\t\t<\/span>\n\t\t\t\t\t\t\t\t\t\t\t\t<a class=\"elementor-accordion-title\" tabindex=\"0\">Was sind kosmetische Tests?<\/a>\n\t\t\t\t\t<\/h5>\n\t\t\t\t\t<div id=\"elementor-tab-content-1511\" class=\"elementor-tab-content elementor-clearfix\" data-tab=\"1\" role=\"region\" aria-labelledby=\"elementor-tab-title-1511\"><p>Die apparative Pr\u00fcfung eines kosmetischen Mittels umfasst die Verwendung spezieller Ger\u00e4te zur Messung und Analyse der physikalischen und chemischen Eigenschaften des Produkts, wie Leitf\u00e4higkeit, Viskosit\u00e4t, pH-Wert oder Hautabsorption, um die Wirksamkeit des kosmetischen Mittels zu bewerten.<\/p><\/div>\n\t\t\t\t<\/div>\n\t\t\t\t\t\t\t\t<\/div>\n\t\t\t\t<\/div>\n\t\t\t\t<\/div>\n\t\t\t\t\t<\/div>\n\t\t<\/div>\n\t\t\t\t\t<\/div>\n\t\t<\/section>\n\t\t\t\t<\/div>","protected":false},"excerpt":{"rendered":"<p>Aby potwierdzi\u0107 skuteczno\u015b\u0107 i bezpiecze\u0144stwo kosmetyk\u00f3w, nie wystarcz\u0105 subiektywne odczucia u\u017cytkownik\u00f3w. Badania aparaturowe kosmetyk\u00f3w pozwalaj\u0105 na precyzyjn\u0105, ilo\u015bciow\u0105 ocen\u0119 wp\u0142ywu produktu na sk\u00f3r\u0119, w\u0142osy czy inne struktury biologiczne. Dzi\u0119ki nowoczesnym metodom pomiarowym mo\u017cliwe jest dok\u0142adne okre\u015blenie efekt\u00f3w dzia\u0142ania kosmetyk\u00f3w, co stanowi istotne wsparcie zar\u00f3wno dla producent\u00f3w, jak i konsument\u00f3w. Jakie parametry oceniaj\u0105 badania aparaturowe? Badania [&hellip;]<\/p>\n","protected":false},"author":6,"featured_media":3566,"parent":0,"menu_order":0,"comment_status":"closed","ping_status":"closed","template":"page-templates\/service-single.php","meta":{"footnotes":""},"class_list":["post-4448","page","type-page","status-publish","format-standard","has-post-thumbnail","hentry"],"yoast_head":"<!-- This site is optimized with the Yoast SEO plugin v25.4 - https:\/\/yoast.com\/wordpress\/plugins\/seo\/ -->\n<title>Badania aparaturowe kosmetyk\u00f3w | MPR Labs<\/title>\n<meta name=\"robots\" content=\"index, follow, max-snippet:-1, max-image-preview:large, max-video-preview:-1\" \/>\n<link rel=\"canonical\" href=\"https:\/\/mpr-labs.com\/de\/instrumentenstudien\/\" \/>\n<meta property=\"og:locale\" content=\"de_DE\" \/>\n<meta property=\"og:type\" content=\"article\" \/>\n<meta property=\"og:title\" content=\"Badania aparaturowe kosmetyk\u00f3w | MPR Labs\" \/>\n<meta property=\"og:description\" content=\"Aby potwierdzi\u0107 skuteczno\u015b\u0107 i bezpiecze\u0144stwo kosmetyk\u00f3w, nie wystarcz\u0105 subiektywne odczucia u\u017cytkownik\u00f3w. Badania aparaturowe kosmetyk\u00f3w pozwalaj\u0105 na precyzyjn\u0105, ilo\u015bciow\u0105 ocen\u0119 wp\u0142ywu produktu na sk\u00f3r\u0119, w\u0142osy czy inne struktury biologiczne. Dzi\u0119ki nowoczesnym metodom pomiarowym mo\u017cliwe jest dok\u0142adne okre\u015blenie efekt\u00f3w dzia\u0142ania kosmetyk\u00f3w, co stanowi istotne wsparcie zar\u00f3wno dla producent\u00f3w, jak i konsument\u00f3w. Jakie parametry oceniaj\u0105 badania aparaturowe? Badania [&hellip;]\" \/>\n<meta property=\"og:url\" content=\"https:\/\/mpr-labs.com\/de\/instrumentenstudien\/\" \/>\n<meta property=\"og:site_name\" content=\"MPR Labs\" \/>\n<meta property=\"article:publisher\" content=\"https:\/\/www.facebook.com\/MPRLabs\" \/>\n<meta property=\"article:modified_time\" content=\"2025-04-17T13:12:48+00:00\" \/>\n<meta property=\"og:image\" content=\"https:\/\/mpr-labs.com\/wp-content\/uploads\/2023\/08\/badania-top-min.png\" \/>\n\t<meta property=\"og:image:width\" content=\"2100\" \/>\n\t<meta property=\"og:image:height\" content=\"788\" \/>\n\t<meta property=\"og:image:type\" content=\"image\/png\" \/>\n<meta name=\"twitter:card\" content=\"summary_large_image\" \/>\n<meta name=\"twitter:label1\" content=\"Gesch\u00e4tzte Lesezeit\" \/>\n\t<meta name=\"twitter:data1\" content=\"3\u00a0Minuten\" \/>\n<script type=\"application\/ld+json\" class=\"yoast-schema-graph\">{\"@context\":\"https:\/\/schema.org\",\"@graph\":[{\"@type\":\"WebPage\",\"@id\":\"https:\/\/mpr-labs.com\/badania-aparaturowe\/\",\"url\":\"https:\/\/mpr-labs.com\/badania-aparaturowe\/\",\"name\":\"Badania aparaturowe kosmetyk\u00f3w | MPR Labs\",\"isPartOf\":{\"@id\":\"https:\/\/mpr-labs.com\/#website\"},\"primaryImageOfPage\":{\"@id\":\"https:\/\/mpr-labs.com\/badania-aparaturowe\/#primaryimage\"},\"image\":{\"@id\":\"https:\/\/mpr-labs.com\/badania-aparaturowe\/#primaryimage\"},\"thumbnailUrl\":\"https:\/\/mpr-labs.com\/wp-content\/uploads\/2023\/08\/badania-top-min.png\",\"datePublished\":\"2025-03-24T13:24:08+00:00\",\"dateModified\":\"2025-04-17T13:12:48+00:00\",\"breadcrumb\":{\"@id\":\"https:\/\/mpr-labs.com\/badania-aparaturowe\/#breadcrumb\"},\"inLanguage\":\"de\",\"potentialAction\":[{\"@type\":\"ReadAction\",\"target\":[\"https:\/\/mpr-labs.com\/badania-aparaturowe\/\"]}]},{\"@type\":\"ImageObject\",\"inLanguage\":\"de\",\"@id\":\"https:\/\/mpr-labs.com\/badania-aparaturowe\/#primaryimage\",\"url\":\"https:\/\/mpr-labs.com\/wp-content\/uploads\/2023\/08\/badania-top-min.png\",\"contentUrl\":\"https:\/\/mpr-labs.com\/wp-content\/uploads\/2023\/08\/badania-top-min.png\",\"width\":2100,\"height\":788,\"caption\":\"Badania mikrobiologiczne kosmetyku\"},{\"@type\":\"BreadcrumbList\",\"@id\":\"https:\/\/mpr-labs.com\/badania-aparaturowe\/#breadcrumb\",\"itemListElement\":[{\"@type\":\"ListItem\",\"position\":1,\"name\":\"Strona g\u0142\u00f3wna\",\"item\":\"https:\/\/mpr-labs.com\/\"},{\"@type\":\"ListItem\",\"position\":2,\"name\":\"Badania aparaturowe\"}]},{\"@type\":\"WebSite\",\"@id\":\"https:\/\/mpr-labs.com\/#website\",\"url\":\"https:\/\/mpr-labs.com\/\",\"name\":\"MPR Labs\",\"description\":\"MPR Labs - Laboratorium Kosmetyczne\",\"publisher\":{\"@id\":\"https:\/\/mpr-labs.com\/#organization\"},\"potentialAction\":[{\"@type\":\"SearchAction\",\"target\":{\"@type\":\"EntryPoint\",\"urlTemplate\":\"https:\/\/mpr-labs.com\/?s={search_term_string}\"},\"query-input\":{\"@type\":\"PropertyValueSpecification\",\"valueRequired\":true,\"valueName\":\"search_term_string\"}}],\"inLanguage\":\"de\"},{\"@type\":\"Organization\",\"@id\":\"https:\/\/mpr-labs.com\/#organization\",\"name\":\"MPR Labs Sp. z o.o.\",\"alternateName\":\"MPR Labs\",\"url\":\"https:\/\/mpr-labs.com\/\",\"logo\":{\"@type\":\"ImageObject\",\"inLanguage\":\"de\",\"@id\":\"https:\/\/mpr-labs.com\/#\/schema\/logo\/image\/\",\"url\":\"https:\/\/mpr-labs.com\/wp-content\/uploads\/2023\/05\/logo-new.png\",\"contentUrl\":\"https:\/\/mpr-labs.com\/wp-content\/uploads\/2023\/05\/logo-new.png\",\"width\":1150,\"height\":328,\"caption\":\"MPR Labs Sp. z o.o.\"},\"image\":{\"@id\":\"https:\/\/mpr-labs.com\/#\/schema\/logo\/image\/\"},\"sameAs\":[\"https:\/\/www.facebook.com\/MPRLabs\",\"https:\/\/www.linkedin.com\/company\/mpr-labs\/\"]}]}<\/script>\n<!-- \/ Yoast SEO plugin. -->","yoast_head_json":{"title":"Instrumentelle Pr\u00fcfungen f\u00fcr Kosmetika | MPR Labs","robots":{"index":"index","follow":"follow","max-snippet":"max-snippet:-1","max-image-preview":"max-image-preview:large","max-video-preview":"max-video-preview:-1"},"canonical":"https:\/\/mpr-labs.com\/de\/instrumentenstudien\/","og_locale":"de_DE","og_type":"article","og_title":"Badania aparaturowe kosmetyk\u00f3w | MPR Labs","og_description":"Aby potwierdzi\u0107 skuteczno\u015b\u0107 i bezpiecze\u0144stwo kosmetyk\u00f3w, nie wystarcz\u0105 subiektywne odczucia u\u017cytkownik\u00f3w. Badania aparaturowe kosmetyk\u00f3w pozwalaj\u0105 na precyzyjn\u0105, ilo\u015bciow\u0105 ocen\u0119 wp\u0142ywu produktu na sk\u00f3r\u0119, w\u0142osy czy inne struktury biologiczne. Dzi\u0119ki nowoczesnym metodom pomiarowym mo\u017cliwe jest dok\u0142adne okre\u015blenie efekt\u00f3w dzia\u0142ania kosmetyk\u00f3w, co stanowi istotne wsparcie zar\u00f3wno dla producent\u00f3w, jak i konsument\u00f3w. Jakie parametry oceniaj\u0105 badania aparaturowe? Badania [&hellip;]","og_url":"https:\/\/mpr-labs.com\/de\/instrumentenstudien\/","og_site_name":"MPR Labs","article_publisher":"https:\/\/www.facebook.com\/MPRLabs","article_modified_time":"2025-04-17T13:12:48+00:00","og_image":[{"width":2100,"height":788,"url":"https:\/\/mpr-labs.com\/wp-content\/uploads\/2023\/08\/badania-top-min.png","type":"image\/png"}],"twitter_card":"summary_large_image","twitter_misc":{"Gesch\u00e4tzte Lesezeit":"3\u00a0Minuten"},"schema":{"@context":"https:\/\/schema.org","@graph":[{"@type":"WebPage","@id":"https:\/\/mpr-labs.com\/badania-aparaturowe\/","url":"https:\/\/mpr-labs.com\/badania-aparaturowe\/","name":"Instrumentelle Pr\u00fcfungen f\u00fcr Kosmetika | MPR Labs","isPartOf":{"@id":"https:\/\/mpr-labs.com\/#website"},"primaryImageOfPage":{"@id":"https:\/\/mpr-labs.com\/badania-aparaturowe\/#primaryimage"},"image":{"@id":"https:\/\/mpr-labs.com\/badania-aparaturowe\/#primaryimage"},"thumbnailUrl":"https:\/\/mpr-labs.com\/wp-content\/uploads\/2023\/08\/badania-top-min.png","datePublished":"2025-03-24T13:24:08+00:00","dateModified":"2025-04-17T13:12:48+00:00","breadcrumb":{"@id":"https:\/\/mpr-labs.com\/badania-aparaturowe\/#breadcrumb"},"inLanguage":"de","potentialAction":[{"@type":"ReadAction","target":["https:\/\/mpr-labs.com\/badania-aparaturowe\/"]}]},{"@type":"ImageObject","inLanguage":"de","@id":"https:\/\/mpr-labs.com\/badania-aparaturowe\/#primaryimage","url":"https:\/\/mpr-labs.com\/wp-content\/uploads\/2023\/08\/badania-top-min.png","contentUrl":"https:\/\/mpr-labs.com\/wp-content\/uploads\/2023\/08\/badania-top-min.png","width":2100,"height":788,"caption":"Badania mikrobiologiczne kosmetyku"},{"@type":"BreadcrumbList","@id":"https:\/\/mpr-labs.com\/badania-aparaturowe\/#breadcrumb","itemListElement":[{"@type":"ListItem","position":1,"name":"Strona g\u0142\u00f3wna","item":"https:\/\/mpr-labs.com\/"},{"@type":"ListItem","position":2,"name":"Badania aparaturowe"}]},{"@type":"WebSite","@id":"https:\/\/mpr-labs.com\/#website","url":"https:\/\/mpr-labs.com\/","name":"MPR-Labore","description":"MPR Labs - Kosmetisches Labor","publisher":{"@id":"https:\/\/mpr-labs.com\/#organization"},"potentialAction":[{"@type":"SearchAction","target":{"@type":"EntryPoint","urlTemplate":"https:\/\/mpr-labs.com\/?s={search_term_string}"},"query-input":{"@type":"PropertyValueSpecification","valueRequired":true,"valueName":"search_term_string"}}],"inLanguage":"de"},{"@type":"Organization","@id":"https:\/\/mpr-labs.com\/#organization","name":"MPR Labs Sp. z o.o.","alternateName":"MPR Labs","url":"https:\/\/mpr-labs.com\/","logo":{"@type":"ImageObject","inLanguage":"de","@id":"https:\/\/mpr-labs.com\/#\/schema\/logo\/image\/","url":"https:\/\/mpr-labs.com\/wp-content\/uploads\/2023\/05\/logo-new.png","contentUrl":"https:\/\/mpr-labs.com\/wp-content\/uploads\/2023\/05\/logo-new.png","width":1150,"height":328,"caption":"MPR Labs Sp. z o.o."},"image":{"@id":"https:\/\/mpr-labs.com\/#\/schema\/logo\/image\/"},"sameAs":["https:\/\/www.facebook.com\/MPRLabs","https:\/\/www.linkedin.com\/company\/mpr-labs\/"]}]}},"_links":{"self":[{"href":"https:\/\/mpr-labs.com\/de\/wp-json\/wp\/v2\/pages\/4448","targetHints":{"allow":["GET"]}}],"collection":[{"href":"https:\/\/mpr-labs.com\/de\/wp-json\/wp\/v2\/pages"}],"about":[{"href":"https:\/\/mpr-labs.com\/de\/wp-json\/wp\/v2\/types\/page"}],"author":[{"embeddable":true,"href":"https:\/\/mpr-labs.com\/de\/wp-json\/wp\/v2\/users\/6"}],"replies":[{"embeddable":true,"href":"https:\/\/mpr-labs.com\/de\/wp-json\/wp\/v2\/comments?post=4448"}],"version-history":[{"count":7,"href":"https:\/\/mpr-labs.com\/de\/wp-json\/wp\/v2\/pages\/4448\/revisions"}],"predecessor-version":[{"id":4653,"href":"https:\/\/mpr-labs.com\/de\/wp-json\/wp\/v2\/pages\/4448\/revisions\/4653"}],"wp:featuredmedia":[{"embeddable":true,"href":"https:\/\/mpr-labs.com\/de\/wp-json\/wp\/v2\/media\/3566"}],"wp:attachment":[{"href":"https:\/\/mpr-labs.com\/de\/wp-json\/wp\/v2\/media?parent=4448"}],"curies":[{"name":"wp","href":"https:\/\/api.w.org\/{rel}","templated":true}]}}