{"id":4443,"date":"2025-03-24T13:11:36","date_gmt":"2025-03-24T13:11:36","guid":{"rendered":"https:\/\/mpr-labs.com\/?page_id=4443"},"modified":"2025-04-17T13:11:30","modified_gmt":"2025-04-17T13:11:30","slug":"anwendungsstudien","status":"publish","type":"page","link":"https:\/\/mpr-labs.com\/de\/badania-aplikacyjne\/","title":{"rendered":"Anwendungsforschung"},"content":{"rendered":"<div data-elementor-type=\"wp-page\" data-elementor-id=\"4443\" class=\"elementor elementor-4443\">\n\t\t\t\t\t\t<section class=\"elementor-section elementor-top-section elementor-element elementor-element-6572caea elementor-section-boxed elementor-section-height-default elementor-section-height-default\" data-id=\"6572caea\" data-element_type=\"section\">\n\t\t\t\t\t\t<div class=\"elementor-container elementor-column-gap-default\">\n\t\t\t\t\t<div class=\"elementor-column elementor-col-100 elementor-top-column elementor-element elementor-element-6ce374eb\" data-id=\"6ce374eb\" data-element_type=\"column\">\n\t\t\t<div class=\"elementor-widget-wrap elementor-element-populated\">\n\t\t\t\t\t\t<div class=\"elementor-element elementor-element-2c3d50a3 elementor-widget elementor-widget-text-editor\" data-id=\"2c3d50a3\" data-element_type=\"widget\" data-widget_type=\"text-editor.default\">\n\t\t\t\t<div class=\"elementor-widget-container\">\n\t\t\t\t\t\t\t<p><span style=\"font-weight: 400;\">Damit ein Kosmetikum auf den Markt kommt und die Erwartungen der Verbraucher erf\u00fcllt, muss es eine umfassende <\/span><b>Anwendungsstudien<\/b><span style=\"font-weight: 400;\">. Dabei handelt es sich um Tests, die an einer Gruppe von Freiwilligen durchgef\u00fchrt werden, um die tats\u00e4chliche Leistung des Produkts, seine Wirksamkeit und seinen Nutzungskomfort zu bewerten. <\/span><b>Kosmetische Anwendungstests<\/b><span style=\"font-weight: 400;\"> liefern unsch\u00e4tzbare Informationen \u00fcber die Nutzererfahrungen, die den Herstellern helfen, die Formulierungen zu verfeinern und die Marketingversprechen zu best\u00e4tigen.<\/span><\/p><h2>Welche Aspekte werden in den Anwendungsstudien bewertet?<\/h2><p><span style=\"font-weight: 400;\">W\u00e4hrend <\/span><b>Tests zur Anwendung von Kosmetika<\/b><span style=\"font-weight: 400;\"> werden verschiedene Parameter analysiert, die f\u00fcr den Endverbraucher relevant sind. Diese Tests helfen zu bestimmen:<\/span><\/p><ul><li style=\"font-weight: 400;\" aria-level=\"1\"><span style=\"font-weight: 400;\">den Feuchtigkeits- und N\u00e4hrstoffgehalt der Haut nach dem Auftragen des Kosmetikums,<\/span><\/li><li style=\"font-weight: 400;\" aria-level=\"1\"><span style=\"font-weight: 400;\">gl\u00e4ttende, regenerierende oder straffende Wirkung,<\/span><\/li><li style=\"font-weight: 400;\" aria-level=\"1\"><span style=\"font-weight: 400;\">Komfort bei der Anwendung - schnelle Absorption, kein Klebeeffekt,<\/span><\/li><li style=\"font-weight: 400;\" aria-level=\"1\"><span style=\"font-weight: 400;\">Hautreaktion bei l\u00e4ngerem Gebrauch,<\/span><\/li><li style=\"font-weight: 400;\" aria-level=\"1\"><span style=\"font-weight: 400;\">Subjektive Eindr\u00fccke der Benutzer von Konsistenz, Geruch und Anwendung.<\/span><\/li><\/ul><p><span style=\"font-weight: 400;\">Durch Verbrauchertests k\u00f6nnen die Hersteller \u00c4nderungen an der Formulierung von Kosmetika vornehmen, noch bevor diese auf den Markt kommen, und so deren Wirksamkeit und Kundenzufriedenheit erh\u00f6hen.<\/span><\/p><h2>Verbrauchertests - die Meinung der Nutzer z\u00e4hlt<\/h2><p><b>Verbrauchertests<\/b><span style=\"font-weight: 400;\"> ist eines der wichtigsten Elemente der <\/span><b>Tests zur Anwendung von Kosmetika<\/b><span style=\"font-weight: 400;\">. Die Testteilnehmer erhalten ein Produkt, das sie \u00fcber einen bestimmten Zeitraum verwenden und anschlie\u00dfend ihre Meinung zu dessen Leistung abgeben. Auf diese Weise k\u00f6nnen die Hersteller die Bed\u00fcrfnisse des Marktes besser verstehen und Kosmetika an die tats\u00e4chlichen Erwartungen der Nutzer anpassen.<\/span><\/p><p><span style=\"font-weight: 400;\">Verbrauchertests sind besonders wichtig f\u00fcr:<\/span><\/p><ul><li style=\"font-weight: 400;\" aria-level=\"1\"><span style=\"font-weight: 400;\">Kosmetika f\u00fcr empfindliche und allergische Haut,<\/span><\/li><li style=\"font-weight: 400;\" aria-level=\"1\"><span style=\"font-weight: 400;\">Anti-Aging-Produkte,<\/span><\/li><li style=\"font-weight: 400;\" aria-level=\"1\"><span style=\"font-weight: 400;\">Haarpr\u00e4parate zur Verbesserung ihres Zustands,<\/span><\/li><li style=\"font-weight: 400;\" aria-level=\"1\"><span style=\"font-weight: 400;\">Farbkosmetika, bei denen die Bewertung von Haltbarkeit und Pigmentierung entscheidend ist.<\/span><\/li><\/ul><p><span style=\"font-weight: 400;\">Eine umfassende Bewertung von Kosmetika kann sich nicht allein auf Verbrauchermeinungen st\u00fctzen. <\/span><b>Anwendungsforschung<\/b><span style=\"font-weight: 400;\"> sollte vorangestellt werden <\/span><a href=\"https:\/\/mpr-labs.com\/badania-fizykochemiczne\/\"><b>Physikalische und chemische Tests<\/b><\/a><span style=\"font-weight: 400;\">, bei der die Stabilit\u00e4t der Formulierung, der pH-Wert, die Dichte und andere physikalisch-chemische Parameter des Produkts \u00fcberpr\u00fcft werden. Ohne diesen Schritt ist es schwierig zu garantieren, dass das Kosmetikum seine Eigenschaften w\u00e4hrend seiner gesamten Lebensdauer beibeh\u00e4lt.<\/span><\/p><p><span style=\"font-weight: 400;\">Genauso wichtig sind <\/span><a href=\"https:\/\/mpr-labs.com\/badania-mikrobiologiczne\/\"><b>mikrobiologische Tests<\/b><\/a><span style=\"font-weight: 400;\">, die die mikrobiologische Reinheit und die Wirksamkeit von Konservierungsmitteln bewerten. Selbst die besten Kosmetika k\u00f6nnen ihre Eigenschaften verlieren, wenn ihre Zusammensetzung die Vermehrung von Mikroorganismen f\u00f6rdert oder die mikrobiologische Reinheitspr\u00fcfung nicht besteht.<\/span><\/p><h2>Wann ist es sinnvoll, Anwendungsstudien durchzuf\u00fchren?<\/h2><p><b>Kosmetische Anwendungstests<\/b><span style=\"font-weight: 400;\"> sind ein wichtiger Schritt vor dem Inverkehrbringen. Sie sollten in den folgenden Situationen durchgef\u00fchrt werden:<\/span><\/p><ul><li style=\"font-weight: 400;\" aria-level=\"1\"><span style=\"font-weight: 400;\">sobald ein neues Rezept entwickelt wurde, um seine Wirkung in der Praxis zu testen,<\/span><\/li><li style=\"font-weight: 400;\" aria-level=\"1\"><span style=\"font-weight: 400;\">bei der Neuformulierung bestehender Produkte, um sie mit einer fr\u00fcheren Version zu vergleichen,<\/span><\/li><li style=\"font-weight: 400;\" aria-level=\"1\"><span style=\"font-weight: 400;\">bei vergleichenden Studien mit konkurrierenden Kosmetika,<\/span><\/li><li style=\"font-weight: 400;\" aria-level=\"1\"><span style=\"font-weight: 400;\">vor Marketingkampagnen, um die Wirksamkeit der behaupteten Wirkungen zu best\u00e4tigen.<\/span><\/li><\/ul><h2>Entscheiden Sie sich f\u00fcr zuverl\u00e4ssige Anwendungsstudien<\/h2><p><span style=\"font-weight: 400;\">Wenn Sie sicherstellen wollen, dass Ihre Kosmetika den Erwartungen der Verbraucher entsprechen, sollten Sie professionelle <\/span><b>Anwendungsstudien<\/b><span style=\"font-weight: 400;\">. Wenden Sie sich an unser Labor, um herauszufinden, wie wir Sie bei der Analyse Ihrer Produkte unterst\u00fctzen k\u00f6nnen - siehe <\/span><a href=\"https:\/\/mprlabs.com\"><span style=\"font-weight: 400;\">MPRlabs.com<\/span><\/a><span style=\"font-weight: 400;\">.<\/span><\/p>\t\t\t\t\t\t<\/div>\n\t\t\t\t<\/div>\n\t\t\t\t\t<\/div>\n\t\t<\/div>\n\t\t\t\t\t<\/div>\n\t\t<\/section>\n\t\t\t\t<section class=\"elementor-section elementor-top-section elementor-element elementor-element-7257ef0 elementor-section-boxed elementor-section-height-default elementor-section-height-default\" data-id=\"7257ef0\" data-element_type=\"section\">\n\t\t\t\t\t\t<div class=\"elementor-container elementor-column-gap-default\">\n\t\t\t\t\t<div class=\"elementor-column elementor-col-100 elementor-top-column elementor-element elementor-element-a50e40f\" data-id=\"a50e40f\" data-element_type=\"column\">\n\t\t\t<div class=\"elementor-widget-wrap elementor-element-populated\">\n\t\t\t\t\t\t<div class=\"elementor-element elementor-element-c1f75c2 elementor-widget elementor-widget-accordion\" data-id=\"c1f75c2\" data-element_type=\"widget\" data-widget_type=\"accordion.default\">\n\t\t\t\t<div class=\"elementor-widget-container\">\n\t\t\t\t\t<div class=\"elementor-accordion\">\n\t\t\t\t\t\t\t<div class=\"elementor-accordion-item\">\n\t\t\t\t\t<h5 id=\"elementor-tab-title-2031\" class=\"elementor-tab-title\" data-tab=\"1\" role=\"button\" aria-controls=\"elementor-tab-content-2031\" aria-expanded=\"false\">\n\t\t\t\t\t\t\t\t\t\t\t\t\t<span class=\"elementor-accordion-icon elementor-accordion-icon-left\" aria-hidden=\"true\">\n\t\t\t\t\t\t\t\t\t\t\t\t\t\t\t<span class=\"elementor-accordion-icon-closed\"><i class=\"fas fa-plus\"><\/i><\/span>\n\t\t\t\t\t\t\t\t<span class=\"elementor-accordion-icon-opened\"><i class=\"fas fa-minus\"><\/i><\/span>\n\t\t\t\t\t\t\t\t\t\t\t\t\t\t<\/span>\n\t\t\t\t\t\t\t\t\t\t\t\t<a class=\"elementor-accordion-title\" tabindex=\"0\">Worin besteht die Pr\u00fcfung kosmetischer Anwendungen?<\/a>\n\t\t\t\t\t<\/h5>\n\t\t\t\t\t<div id=\"elementor-tab-content-2031\" class=\"elementor-tab-content elementor-clearfix\" data-tab=\"1\" role=\"region\" aria-labelledby=\"elementor-tab-title-2031\"><p>Bei kosmetischen Anwendungstests geht es darum, die Wirksamkeit und den Komfort eines Produkts zu beurteilen. Sie werden durchgef\u00fchrt, um zu pr\u00fcfen, wie das Produkt auf der Haut wirkt, wie einfach es sich auftragen l\u00e4sst und ob es die ihm zugeschriebenen Eigenschaften erf\u00fcllt, wie z. B. Hydratation, Regeneration oder Faltenreduktion.<\/p><\/div>\n\t\t\t\t<\/div>\n\t\t\t\t\t\t\t\t<\/div>\n\t\t\t\t<\/div>\n\t\t\t\t<\/div>\n\t\t\t\t\t<\/div>\n\t\t<\/div>\n\t\t\t\t\t<\/div>\n\t\t<\/section>\n\t\t\t\t<\/div>","protected":false},"excerpt":{"rendered":"<p>Aby kosmetyk m\u00f3g\u0142 trafi\u0107 na rynek i spe\u0142ni\u0107 oczekiwania konsument\u00f3w, musi przej\u015b\u0107 kompleksowe badania aplikacyjne. S\u0105 to testy przeprowadzane na grupie ochotnik\u00f3w, kt\u00f3re pozwalaj\u0105 oceni\u0107 rzeczywiste dzia\u0142anie produktu, jego skuteczno\u015b\u0107 oraz komfort stosowania. Badania aplikacyjne kosmetyk\u00f3w dostarczaj\u0105 bezcennych informacji na temat odczu\u0107 u\u017cytkownik\u00f3w, pomagaj\u0105c producentom dopracowa\u0107 formu\u0142y i potwierdzi\u0107 obietnice marketingowe. Jakie aspekty oceniaj\u0105 badania [&hellip;]<\/p>\n","protected":false},"author":6,"featured_media":3566,"parent":0,"menu_order":0,"comment_status":"closed","ping_status":"closed","template":"page-templates\/service-single.php","meta":{"footnotes":""},"class_list":["post-4443","page","type-page","status-publish","format-standard","has-post-thumbnail","hentry"],"yoast_head":"<!-- This site is optimized with the Yoast SEO plugin v25.4 - https:\/\/yoast.com\/wordpress\/plugins\/seo\/ -->\n<title>Badanie aplikacyjne kosmetyk\u00f3w | MPR Labs<\/title>\n<meta name=\"robots\" content=\"index, follow, max-snippet:-1, max-image-preview:large, max-video-preview:-1\" \/>\n<link rel=\"canonical\" href=\"https:\/\/mpr-labs.com\/de\/anwendungsstudien\/\" \/>\n<meta property=\"og:locale\" content=\"de_DE\" \/>\n<meta property=\"og:type\" content=\"article\" \/>\n<meta property=\"og:title\" content=\"Badanie aplikacyjne kosmetyk\u00f3w | MPR Labs\" \/>\n<meta property=\"og:description\" content=\"Aby kosmetyk m\u00f3g\u0142 trafi\u0107 na rynek i spe\u0142ni\u0107 oczekiwania konsument\u00f3w, musi przej\u015b\u0107 kompleksowe badania aplikacyjne. S\u0105 to testy przeprowadzane na grupie ochotnik\u00f3w, kt\u00f3re pozwalaj\u0105 oceni\u0107 rzeczywiste dzia\u0142anie produktu, jego skuteczno\u015b\u0107 oraz komfort stosowania. Badania aplikacyjne kosmetyk\u00f3w dostarczaj\u0105 bezcennych informacji na temat odczu\u0107 u\u017cytkownik\u00f3w, pomagaj\u0105c producentom dopracowa\u0107 formu\u0142y i potwierdzi\u0107 obietnice marketingowe. Jakie aspekty oceniaj\u0105 badania [&hellip;]\" \/>\n<meta property=\"og:url\" content=\"https:\/\/mpr-labs.com\/de\/anwendungsstudien\/\" \/>\n<meta property=\"og:site_name\" content=\"MPR Labs\" \/>\n<meta property=\"article:publisher\" content=\"https:\/\/www.facebook.com\/MPRLabs\" \/>\n<meta property=\"article:modified_time\" content=\"2025-04-17T13:11:30+00:00\" \/>\n<meta property=\"og:image\" content=\"https:\/\/mpr-labs.com\/wp-content\/uploads\/2023\/08\/badania-top-min.png\" \/>\n\t<meta property=\"og:image:width\" content=\"2100\" \/>\n\t<meta property=\"og:image:height\" content=\"788\" \/>\n\t<meta property=\"og:image:type\" content=\"image\/png\" \/>\n<meta name=\"twitter:card\" content=\"summary_large_image\" \/>\n<meta name=\"twitter:label1\" content=\"Gesch\u00e4tzte Lesezeit\" \/>\n\t<meta name=\"twitter:data1\" content=\"3\u00a0Minuten\" \/>\n<script type=\"application\/ld+json\" class=\"yoast-schema-graph\">{\"@context\":\"https:\/\/schema.org\",\"@graph\":[{\"@type\":\"WebPage\",\"@id\":\"https:\/\/mpr-labs.com\/badania-aplikacyjne\/\",\"url\":\"https:\/\/mpr-labs.com\/badania-aplikacyjne\/\",\"name\":\"Badanie aplikacyjne kosmetyk\u00f3w | MPR Labs\",\"isPartOf\":{\"@id\":\"https:\/\/mpr-labs.com\/#website\"},\"primaryImageOfPage\":{\"@id\":\"https:\/\/mpr-labs.com\/badania-aplikacyjne\/#primaryimage\"},\"image\":{\"@id\":\"https:\/\/mpr-labs.com\/badania-aplikacyjne\/#primaryimage\"},\"thumbnailUrl\":\"https:\/\/mpr-labs.com\/wp-content\/uploads\/2023\/08\/badania-top-min.png\",\"datePublished\":\"2025-03-24T13:11:36+00:00\",\"dateModified\":\"2025-04-17T13:11:30+00:00\",\"breadcrumb\":{\"@id\":\"https:\/\/mpr-labs.com\/badania-aplikacyjne\/#breadcrumb\"},\"inLanguage\":\"de\",\"potentialAction\":[{\"@type\":\"ReadAction\",\"target\":[\"https:\/\/mpr-labs.com\/badania-aplikacyjne\/\"]}]},{\"@type\":\"ImageObject\",\"inLanguage\":\"de\",\"@id\":\"https:\/\/mpr-labs.com\/badania-aplikacyjne\/#primaryimage\",\"url\":\"https:\/\/mpr-labs.com\/wp-content\/uploads\/2023\/08\/badania-top-min.png\",\"contentUrl\":\"https:\/\/mpr-labs.com\/wp-content\/uploads\/2023\/08\/badania-top-min.png\",\"width\":2100,\"height\":788,\"caption\":\"Badania mikrobiologiczne kosmetyku\"},{\"@type\":\"BreadcrumbList\",\"@id\":\"https:\/\/mpr-labs.com\/badania-aplikacyjne\/#breadcrumb\",\"itemListElement\":[{\"@type\":\"ListItem\",\"position\":1,\"name\":\"Strona g\u0142\u00f3wna\",\"item\":\"https:\/\/mpr-labs.com\/\"},{\"@type\":\"ListItem\",\"position\":2,\"name\":\"Badania aplikacyjne\"}]},{\"@type\":\"WebSite\",\"@id\":\"https:\/\/mpr-labs.com\/#website\",\"url\":\"https:\/\/mpr-labs.com\/\",\"name\":\"MPR Labs\",\"description\":\"MPR Labs - Laboratorium Kosmetyczne\",\"publisher\":{\"@id\":\"https:\/\/mpr-labs.com\/#organization\"},\"potentialAction\":[{\"@type\":\"SearchAction\",\"target\":{\"@type\":\"EntryPoint\",\"urlTemplate\":\"https:\/\/mpr-labs.com\/?s={search_term_string}\"},\"query-input\":{\"@type\":\"PropertyValueSpecification\",\"valueRequired\":true,\"valueName\":\"search_term_string\"}}],\"inLanguage\":\"de\"},{\"@type\":\"Organization\",\"@id\":\"https:\/\/mpr-labs.com\/#organization\",\"name\":\"MPR Labs Sp. z o.o.\",\"alternateName\":\"MPR Labs\",\"url\":\"https:\/\/mpr-labs.com\/\",\"logo\":{\"@type\":\"ImageObject\",\"inLanguage\":\"de\",\"@id\":\"https:\/\/mpr-labs.com\/#\/schema\/logo\/image\/\",\"url\":\"https:\/\/mpr-labs.com\/wp-content\/uploads\/2023\/05\/logo-new.png\",\"contentUrl\":\"https:\/\/mpr-labs.com\/wp-content\/uploads\/2023\/05\/logo-new.png\",\"width\":1150,\"height\":328,\"caption\":\"MPR Labs Sp. z o.o.\"},\"image\":{\"@id\":\"https:\/\/mpr-labs.com\/#\/schema\/logo\/image\/\"},\"sameAs\":[\"https:\/\/www.facebook.com\/MPRLabs\",\"https:\/\/www.linkedin.com\/company\/mpr-labs\/\"]}]}<\/script>\n<!-- \/ Yoast SEO plugin. -->","yoast_head_json":{"title":"Anwendungspr\u00fcfung von Kosmetika | MPR Labs","robots":{"index":"index","follow":"follow","max-snippet":"max-snippet:-1","max-image-preview":"max-image-preview:large","max-video-preview":"max-video-preview:-1"},"canonical":"https:\/\/mpr-labs.com\/de\/anwendungsstudien\/","og_locale":"de_DE","og_type":"article","og_title":"Badanie aplikacyjne kosmetyk\u00f3w | MPR Labs","og_description":"Aby kosmetyk m\u00f3g\u0142 trafi\u0107 na rynek i spe\u0142ni\u0107 oczekiwania konsument\u00f3w, musi przej\u015b\u0107 kompleksowe badania aplikacyjne. S\u0105 to testy przeprowadzane na grupie ochotnik\u00f3w, kt\u00f3re pozwalaj\u0105 oceni\u0107 rzeczywiste dzia\u0142anie produktu, jego skuteczno\u015b\u0107 oraz komfort stosowania. Badania aplikacyjne kosmetyk\u00f3w dostarczaj\u0105 bezcennych informacji na temat odczu\u0107 u\u017cytkownik\u00f3w, pomagaj\u0105c producentom dopracowa\u0107 formu\u0142y i potwierdzi\u0107 obietnice marketingowe. Jakie aspekty oceniaj\u0105 badania [&hellip;]","og_url":"https:\/\/mpr-labs.com\/de\/anwendungsstudien\/","og_site_name":"MPR Labs","article_publisher":"https:\/\/www.facebook.com\/MPRLabs","article_modified_time":"2025-04-17T13:11:30+00:00","og_image":[{"width":2100,"height":788,"url":"https:\/\/mpr-labs.com\/wp-content\/uploads\/2023\/08\/badania-top-min.png","type":"image\/png"}],"twitter_card":"summary_large_image","twitter_misc":{"Gesch\u00e4tzte Lesezeit":"3\u00a0Minuten"},"schema":{"@context":"https:\/\/schema.org","@graph":[{"@type":"WebPage","@id":"https:\/\/mpr-labs.com\/badania-aplikacyjne\/","url":"https:\/\/mpr-labs.com\/badania-aplikacyjne\/","name":"Anwendungspr\u00fcfung von Kosmetika | MPR Labs","isPartOf":{"@id":"https:\/\/mpr-labs.com\/#website"},"primaryImageOfPage":{"@id":"https:\/\/mpr-labs.com\/badania-aplikacyjne\/#primaryimage"},"image":{"@id":"https:\/\/mpr-labs.com\/badania-aplikacyjne\/#primaryimage"},"thumbnailUrl":"https:\/\/mpr-labs.com\/wp-content\/uploads\/2023\/08\/badania-top-min.png","datePublished":"2025-03-24T13:11:36+00:00","dateModified":"2025-04-17T13:11:30+00:00","breadcrumb":{"@id":"https:\/\/mpr-labs.com\/badania-aplikacyjne\/#breadcrumb"},"inLanguage":"de","potentialAction":[{"@type":"ReadAction","target":["https:\/\/mpr-labs.com\/badania-aplikacyjne\/"]}]},{"@type":"ImageObject","inLanguage":"de","@id":"https:\/\/mpr-labs.com\/badania-aplikacyjne\/#primaryimage","url":"https:\/\/mpr-labs.com\/wp-content\/uploads\/2023\/08\/badania-top-min.png","contentUrl":"https:\/\/mpr-labs.com\/wp-content\/uploads\/2023\/08\/badania-top-min.png","width":2100,"height":788,"caption":"Badania mikrobiologiczne kosmetyku"},{"@type":"BreadcrumbList","@id":"https:\/\/mpr-labs.com\/badania-aplikacyjne\/#breadcrumb","itemListElement":[{"@type":"ListItem","position":1,"name":"Strona g\u0142\u00f3wna","item":"https:\/\/mpr-labs.com\/"},{"@type":"ListItem","position":2,"name":"Badania aplikacyjne"}]},{"@type":"WebSite","@id":"https:\/\/mpr-labs.com\/#website","url":"https:\/\/mpr-labs.com\/","name":"MPR-Labore","description":"MPR Labs - Kosmetisches Labor","publisher":{"@id":"https:\/\/mpr-labs.com\/#organization"},"potentialAction":[{"@type":"SearchAction","target":{"@type":"EntryPoint","urlTemplate":"https:\/\/mpr-labs.com\/?s={search_term_string}"},"query-input":{"@type":"PropertyValueSpecification","valueRequired":true,"valueName":"search_term_string"}}],"inLanguage":"de"},{"@type":"Organization","@id":"https:\/\/mpr-labs.com\/#organization","name":"MPR Labs Sp. z o.o.","alternateName":"MPR Labs","url":"https:\/\/mpr-labs.com\/","logo":{"@type":"ImageObject","inLanguage":"de","@id":"https:\/\/mpr-labs.com\/#\/schema\/logo\/image\/","url":"https:\/\/mpr-labs.com\/wp-content\/uploads\/2023\/05\/logo-new.png","contentUrl":"https:\/\/mpr-labs.com\/wp-content\/uploads\/2023\/05\/logo-new.png","width":1150,"height":328,"caption":"MPR Labs Sp. z o.o."},"image":{"@id":"https:\/\/mpr-labs.com\/#\/schema\/logo\/image\/"},"sameAs":["https:\/\/www.facebook.com\/MPRLabs","https:\/\/www.linkedin.com\/company\/mpr-labs\/"]}]}},"_links":{"self":[{"href":"https:\/\/mpr-labs.com\/de\/wp-json\/wp\/v2\/pages\/4443","targetHints":{"allow":["GET"]}}],"collection":[{"href":"https:\/\/mpr-labs.com\/de\/wp-json\/wp\/v2\/pages"}],"about":[{"href":"https:\/\/mpr-labs.com\/de\/wp-json\/wp\/v2\/types\/page"}],"author":[{"embeddable":true,"href":"https:\/\/mpr-labs.com\/de\/wp-json\/wp\/v2\/users\/6"}],"replies":[{"embeddable":true,"href":"https:\/\/mpr-labs.com\/de\/wp-json\/wp\/v2\/comments?post=4443"}],"version-history":[{"count":7,"href":"https:\/\/mpr-labs.com\/de\/wp-json\/wp\/v2\/pages\/4443\/revisions"}],"predecessor-version":[{"id":4650,"href":"https:\/\/mpr-labs.com\/de\/wp-json\/wp\/v2\/pages\/4443\/revisions\/4650"}],"wp:featuredmedia":[{"embeddable":true,"href":"https:\/\/mpr-labs.com\/de\/wp-json\/wp\/v2\/media\/3566"}],"wp:attachment":[{"href":"https:\/\/mpr-labs.com\/de\/wp-json\/wp\/v2\/media?parent=4443"}],"curies":[{"name":"wp","href":"https:\/\/api.w.org\/{rel}","templated":true}]}}