{"id":3891,"date":"2024-04-22T12:25:49","date_gmt":"2024-04-22T12:25:49","guid":{"rendered":"https:\/\/mpr-labs.com\/?page_id=3891"},"modified":"2024-04-22T12:32:08","modified_gmt":"2024-04-22T12:32:08","slug":"allgemeine-geschaftsbedingungen-fur-dienstleistungen","status":"publish","type":"page","link":"https:\/\/mpr-labs.com\/de\/general-terms-and-conditions-of-services\/","title":{"rendered":"ALLGEMEINE GESCH\u00c4FTSBEDINGUNGEN F\u00dcR DIENSTLEISTUNGEN"},"content":{"rendered":"<div data-elementor-type=\"wp-page\" data-elementor-id=\"3891\" class=\"elementor elementor-3891\">\n\t\t\t\t\t\t<section class=\"elementor-section elementor-top-section elementor-element elementor-element-e28618a elementor-section-boxed elementor-section-height-default elementor-section-height-default\" data-id=\"e28618a\" data-element_type=\"section\">\n\t\t\t\t\t\t<div class=\"elementor-container elementor-column-gap-default\">\n\t\t\t\t\t<div class=\"elementor-column elementor-col-100 elementor-top-column elementor-element elementor-element-410b4469\" data-id=\"410b4469\" data-element_type=\"column\">\n\t\t\t<div class=\"elementor-widget-wrap elementor-element-populated\">\n\t\t\t\t\t\t<div class=\"elementor-element elementor-element-2267a64b elementor-widget elementor-widget-text-editor\" data-id=\"2267a64b\" data-element_type=\"widget\" data-widget_type=\"text-editor.default\">\n\t\t\t\t<div class=\"elementor-widget-container\">\n\t\t\t\t\t\t\t<!-- wp:paragraph -->\n<p>Auftragnehmer: MPR Labs Gesellschaft mit beschr\u00e4nkter Haftung, eingetragen in der ul. Kosynier\u00f3w Gdy\u0144skich 50, 93-357 \u0141\u00f3d\u017a, mit der Steueridentifikationsnummer 7282856967, eingetragen im Landesgerichtsregister unter der Nummer 0000933485, mit der REGON-Nummer 520475597, mit einem Stammkapital von 30.000,00 PLN, voll eingezahlt, im Folgenden Auftragnehmer genannt.<\/p>\n<p>Kunde: Dies ist ein Unternehmen oder eine Privatperson, die als direkter Empf\u00e4nger dieses Angebots verstanden wird. Das Angebot kann in elektronischer oder in Papierform eingereicht werden. Der Auftraggeber verpflichtet sich, die im Angebot enthaltenen Informationen gem\u00e4\u00df dem Gesetz vom 16. April 1993 \u00fcber die Bek\u00e4mpfung des unlauteren Wettbewerbs (Gesetzblatt von 1993, Nr. 47, Pos. 211, in der ge\u00e4nderten Fassung) vertraulich zu behandeln, im Folgenden Auftraggeber oder Kunde genannt.<\/p>\n<p>Angebot: Ein Dokument, das dem Kunden in Papier- oder elektronischer Form zur Verf\u00fcgung gestellt wird und folgende Angaben enth\u00e4lt: Daten des Kunden, Bezeichnung der Dienstleistung, Kosten der Erbringung der Dienstleistung, Angebotsnummer, Angebotsdatum, G\u00fcltigkeitsdatum des Angebots.<\/p>\n<p>Bestellformular: Ein Dokument, das folgende Angaben enth\u00e4lt: Informationen \u00fcber den Auftraggeber, Informationen \u00fcber den Auftragnehmer, Informationen \u00fcber das Datum der Auftragserteilung, Informationen \u00fcber den Umfang der Dienstleistung, die eine eindeutige Zuordnung zu den im Angebot aufgef\u00fchrten Posten erm\u00f6glichen<\/p>\n<p>Dienstleistung: Ein Produkt oder eine Dienstleistung, das\/die im Angebot als separate Position enthalten ist. Informationen, die in der elektronischen Kommunikation zwischen dem Auftragnehmer und dem Auftraggeber in Form einer nebeneinander stehenden Zusammenfassung dargestellt werden: \u201cName der Dienstleistung\u201d - \u201cKosten der Dienstleistung\u201d, wird ebenfalls als Dienstleistung betrachtet.<\/p>\n<p>&nbsp;<\/p>\n<p style=\"text-align: center;\">\u00a71 Dienstleistungsvertrag<\/p>\n<p>F\u00fcr die Erteilung eines Auftrages und damit f\u00fcr das Zustandekommen eines Dienstleistungsvertrages gelten die folgenden Bestimmungen als verbindlich:<\/p>\n<p style=\"padding-left: 40px;\">a) \u00dcbermittlung des Angebots durch den Kunden mit einer klaren Angabe der zu erbringenden Leistungen,<\/p>\n<p style=\"padding-left: 40px;\">b) Zusendung des Bestellformulars durch den Kunden mit den Daten des Kunden, dem Datum der Bestellung und Informationen, die eine eindeutige Identifizierung der Dienstleistung erm\u00f6glichen,<\/p>\n<p style=\"padding-left: 40px;\">c) \u00dcbermittlung eines unterzeichneten Vertrags f\u00fcr die Dienstleistung.<\/p>\n<p>(2) Die Erteilung eines Auftrags ist gleichbedeutend mit einer Erkl\u00e4rung der Kenntnisnahme und Annahme der Allgemeinen Gesch\u00e4ftsbedingungen.<\/p>\n<p>(3) Die Best\u00e4tigung der vom Auftragnehmer erbrachten Leistung ist verbindlich, wenn:<\/p>\n<p style=\"padding-left: 40px;\">a) Zusendung der Annahme per E-Mail von der E-Mail-Adresse unter der Domain \u201cmpr-labs.com\u201d.\u201d<\/p>\n<p style=\"padding-left: 40px;\">b) Unterzeichnung eines Vertrags \u00fcber die Erbringung der Dienstleistung.<\/p>\n<p>4 Alle zus\u00e4tzlichen Informationen, die nicht im Angebot aufgef\u00fchrt sind, in Form von Ratschl\u00e4gen, Vorschl\u00e4gen oder Meinungen, sollten als unverbindliche Vorschl\u00e4ge behandelt werden, die nicht Gegenstand der offiziellen Ank\u00fcndigung des Auftragnehmers sind.<\/p>\n<p>(5) Der Kunde ist verpflichtet, alle f\u00fcr die Erbringung der Dienstleistungen erforderlichen Informationen zur Verf\u00fcgung zu stellen. Mit der Bereitstellung von Informationen erkl\u00e4ren Sie auch, dass diese zum Zeitpunkt der \u00dcbermittlung wahr sind und dass Sie die Rechte haben, diese zu verbreiten. Stellt der Auftraggeber die erforderlichen Informationen nicht zur Verf\u00fcgung, hat der Auftragnehmer das Recht, den Dienstleistungsvertrag mit sofortiger Wirkung zu k\u00fcndigen.<\/p>\n<p>6. Im Falle von Kommunikationsschwierigkeiten mit dem Kunden (d.h. Nichtbeantwortung der f\u00fcr die Kommunikation angegebenen Telefonnummer, Nichtbeantwortung einer E-Mail an eine allgemein als offiziell geltende oder in der offiziellen Kommunikation des Kunden angegebene E-Mail-Adresse), die sich unmittelbar auf den Zeitpunkt der Erbringung der Dienstleistung auswirken, kann der Kunde keine Rechte in Bezug auf die Verl\u00e4ngerung der Dienstleistung geltend machen.<\/p>\n<p>7 Der Auftragnehmer beh\u00e4lt sich das Recht vor, Unterauftr\u00e4ge f\u00fcr die Dienstleistungen zu vergeben und ist somit f\u00fcr deren Qualit\u00e4t und Zuverl\u00e4ssigkeit verantwortlich.<\/p>\n<p>8. Pr\u00fcfberichte d\u00fcrfen ohne schriftliche Zustimmung des Auftragnehmers nicht vervielf\u00e4ltigt werden.<\/p>\n<p>9. Der Auftragnehmer kann die Ausf\u00fchrung von Auftr\u00e4gen ablehnen, die mit dem Leistungsumfang nicht vereinbar sind.<\/p>\n<p>10. Nach Beendigung des Auftrags stellt der Auftragnehmer dem Auftraggeber einen Pr\u00fcfbericht auf elektronischem Wege zur Verf\u00fcgung. Auf schriftliches Verlangen des Auftraggebers,<\/p>\n<p>Der Auftragnehmer kann den Pr\u00fcfbericht auf dem Postweg einreichen.<\/p>\n<p>11. Der Auftraggeber verpflichtet sich, den Auftragnehmer vor Beginn der Leistung auf m\u00f6gliche Gefahren im Zusammenhang mit der Auftragsausf\u00fchrung, d.h. auf das Vorhandensein von gef\u00e4hrlichen und giftigen Stoffen, auch f\u00fcr die Gesundheit der Mitarbeiter des Auftragnehmers, hinzuweisen.<\/p>\n<p>12. Die Frist f\u00fcr die Erbringung der Dienstleistung wird jedes Mal vom Auftragnehmer individuell festgelegt. Bei den im Angebot gemachten Angaben handelt es sich um einen gesch\u00e4tzten Zeitraum, der nicht als verbindliche Auskunft anerkannt wird.<\/p>\n<p>13 Der Kunde hat das Recht, innerhalb von 7 Tagen nach Erhalt der Ergebnisse Kommentare zum Pr\u00fcfbericht abzugeben.<\/p>\n<p>&nbsp;<\/p>\n<p style=\"text-align: center;\">\u00a72 Einreichung von Material f\u00fcr die Forschung<\/p>\n<p>Die Proben zur Pr\u00fcfung werden auf Kosten des Auftraggebers an das B\u00fcro des Auftragnehmers geliefert.<\/p>\n<p>(2) Der Auftraggeber tr\u00e4gt das Risiko der Besch\u00e4digung der zur Pr\u00fcfung angelieferten Proben.<\/p>\n<p>3. Der Auftragnehmer ist nicht verpflichtet, Proben l\u00e4nger als 2 Wochen nach Abschluss der Pr\u00fcfungen aufzubewahren.<\/p>\n<p>&nbsp;<\/p>\n<p style=\"text-align: center;\">\u00a73 Zahlungen<\/p>\n<p>(1) Der Auftragnehmer stellt nach Erbringung der Leistung eine Umsatzsteuerrechnung aus. Rechnungen mit Mehrwertsteuer werden mit einer Zahlungsfrist von 14 Tagen ausgestellt, es sei denn, der Auftraggeber hat mit dem Auftragnehmer etwas anderes vereinbart.<\/p>\n<p>(2) Der Auftraggeber verpflichtet sich, die ausgestellte Umsatzsteuerrechnung fristgerecht innerhalb der angegebenen Frist durch \u00dcberweisung auf das angegebene Konto zu begleichen.<\/p>\n<p>Als Tag der Zahlung gilt der Tag, an dem der Auftragnehmer die Gutschrift auf dem Bankkonto vornimmt. Bei Zahlungsverzug des Auftraggebers hat der Auftragnehmer das Recht, H\u00f6chstzinsen zu berechnen.<\/p>\n<p>(4) Die Preise f\u00fcr die Dienstleistungen werden individuell mit dem Auftraggeber auf der Grundlage des vom Auftragnehmer vorgelegten Angebots vereinbart.<\/p>\n<p>(5) F\u00fcr zus\u00e4tzliche, nicht im Auftrag angegebene T\u00e4tigkeiten, die auf Wunsch des Auftraggebers w\u00e4hrend der Auftragsausf\u00fchrung durchgef\u00fchrt werden, kann der Auftragnehmer dem Auftraggeber ein zus\u00e4tzliches Honorar berechnen.<\/p>\n<p>Ist es aus Gr\u00fcnden, die der Auftragnehmer nicht zu vertreten hat, nicht m\u00f6glich, den Auftrag ganz oder teilweise auszuf\u00fchren, so hat der Auftragnehmer Anspruch auf Zahlung des geschuldeten Betrages f\u00fcr die tats\u00e4chlich erbrachte Leistung.<\/p>\n<p>(7) Alle Kosten der Verfolgung von Anspr\u00fcchen des Auftragnehmers gehen zu Lasten des Auftraggebers.<\/p>\n<p>8 Das zust\u00e4ndige Gericht ist das Gericht am Sitz des Auftragnehmers.<\/p>\n<p>&nbsp;<\/p>\n<p style=\"text-align: center;\">\u00a74 Haftung<\/p>\n<p>Der Auftragnehmer haftet nicht f\u00fcr die teilweise oder vollst\u00e4ndige Nichterf\u00fcllung des Auftrags aus Gr\u00fcnden, die er nicht zu vertreten hat.<\/p>\n<p>(2) Der Auftragnehmer haftet nicht f\u00fcr Sch\u00e4den, die dem Auftraggeber durch die Ausf\u00fchrung des Auftrages entstehen.<\/p>\n<p>Die gesamte Haftung f\u00fcr die \u00dcbermittlung von Pr\u00fcfmaterial und f\u00fcr etwaige Verluste, die w\u00e4hrend der Erbringung der Dienstleistung entstehen, tr\u00e4gt der Kunde.<\/p>\n<p>&nbsp;<\/p>\n<p style=\"text-align: center;\">\u00a75 Geistiges Eigentum<\/p>\n<p>(1) Der Auftragnehmer erkl\u00e4rt, dass er \u00fcber alle Rechte an den von ihm erstellten Berichten, Analysen und Analyse- bzw. Forschungsunterlagen verf\u00fcgt.<\/p>\n<p>2. alle Eigentumsrechte an Berichten, Analysen, Analyse- oder Forschungsunterlagen mit der Bezahlung der Dienstleistung auf den Kunden \u00fcbertragen werden.<\/p>\n<p>&nbsp;<\/p>\n<p style=\"text-align: center;\">\u00a76 Schlussbestimmungen<\/p>\n<p>In Angelegenheiten, die in den Allgemeinen Gesch\u00e4ftsbedingungen nicht geregelt sind, gelten die Bestimmungen des B\u00fcrgerlichen Gesetzbuches.<\/p>\n<p>2 Die Parteien verpflichten sich, etwaige Streitigkeiten g\u00fctlich beizulegen.<\/p>\n<p>Der Auftragnehmer \u00fcbernimmt die volle Verantwortung f\u00fcr die entwickelten Materialien. Die vom Auftraggeber oder dem Auftraggeber zur Verf\u00fcgung gestellten Daten, Informationen und Testergebnisse werden vertraulich behandelt.<\/p>\n<p>Die Werte in Euro sind auf der Grundlage des Wechselkurses der Polnischen Nationalbank am Tag der Abgabe des Angebots angegeben. Aktuelle durchschnittliche Wechselkurse von Fremdw\u00e4hrungen in PLN gem\u00e4\u00df \u00a7 2 Punkte 1 und 2 des Beschlusses Nr. 51\/2002 des Vorstands der Polnischen Nationalbank vom 23. September 2002 \u00fcber die Methode zur Berechnung und Bekanntgabe der aktuellen Wechselkurse (Gesetzblatt der Polnischen Nationalbank von 2017 .Punkt 15).<\/p>\n<p>5. Die vorstehenden Allgemeinen Gesch\u00e4ftsbedingungen (AGB) gelten f\u00fcr Labor-, Dokumentations-, Beratungs- und Schulungsleistungen, die der Auftragnehmer aufgrund eines erteilten Auftrages oder eines geschlossenen Vertrages f\u00fcr den Auftraggeber erbringt.<\/p>\n<p>6 \u00c4nderungen dieser Allgemeinen Gesch\u00e4ftsbedingungen bed\u00fcrfen zu ihrer G\u00fcltigkeit der Schriftform und betreffen nur den von den Parteien festgelegten Leistungsumfang und treten am Tag des Vertragsabschlusses mit dem Kunden in Kraft.<\/p>\n<!-- \/wp:paragraph -->\t\t\t\t\t\t<\/div>\n\t\t\t\t<\/div>\n\t\t\t\t<div class=\"elementor-element elementor-element-146a2ff elementor-widget elementor-widget-hero\" data-id=\"146a2ff\" data-element_type=\"widget\" data-widget_type=\"hero.default\">\n\t\t\t\t<div class=\"elementor-widget-container\">\n\t\t\t\t\t<!-- start hero-area -->\n        <section class=\"hero-area\">\n            <div class=\"glass-effect\"><\/div>\n            <div class=\"container-fluid\">\n                <div class=\"row\">\n                    <div class=\"col col-xs-12\">\n                        <div class=\"content-area\">\n\t\t\t\t\t\t\t                            <div class=\"hero-conent\">\n\t\t\t\t\t\t\t\t                                \t<h2>Mit uns einsteigen <br>Ihre Kosmetik  <span>auf den Markt!<\/span><\/h2>\n\t\t\t\t\t\t\t\t\t\t\t\t\t\t\t\t                                \t<a href=\"https:\/\/mpr-labs.com\/kontakt\/\" target='\"_blank\"' rel='\"nofollow\"' class=\"theme-btn\">\n\t\t\t\t\t\t\t\t\t\tKontakt aufnehmen\t\t\t\t\t\t\t\t\t<\/a>\n\t\t\t\t\t\t\t\t                            <\/div>\n                            <div class=\"hero-pic slide-bg-image\">\n                                <img decoding=\"async\" src=\"https:\/\/mpr-labs.com\/wp-content\/uploads\/2021\/06\/slide-3-150x150.jpg\" alt=\"auf den Markt!\">\n                            <\/div>\n                        <\/div>\n                    <\/div>\n                <\/div>\n            <\/div> <!-- end container-fluid -->\n        <\/section>\n        <!-- end hero-area -->\n\t\t\t\t<\/div>\n\t\t\t\t<\/div>\n\t\t\t\t\t<\/div>\n\t\t<\/div>\n\t\t\t\t\t<\/div>\n\t\t<\/section>\n\t\t\t\t<\/div>","protected":false},"excerpt":{"rendered":"<p>Contractor: MPR Labs Limited liability company, registered at ul. Kosynier\u00f3w Gdy\u0144skich 50, 93-357 \u0141\u00f3d\u017a, with the Tax Identification Number 7282856967, registered in the National Court Register under the number 0000933485, with the REGON number 520475597, with share capital of PLN 30,000.00, fully paid, hereinafter referred to as the Contractor. Client: This is an enterprise or [&hellip;]<\/p>\n","protected":false},"author":2,"featured_media":0,"parent":0,"menu_order":0,"comment_status":"closed","ping_status":"closed","template":"","meta":{"footnotes":""},"class_list":["post-3891","page","type-page","status-publish","format-standard","hentry"],"yoast_head":"<!-- This site is optimized with the Yoast SEO plugin v25.4 - https:\/\/yoast.com\/wordpress\/plugins\/seo\/ -->\n<title>GENERAL TERMS AND CONDITIONS OF SERVICES - MPR Labs<\/title>\n<meta name=\"robots\" content=\"index, follow, max-snippet:-1, max-image-preview:large, max-video-preview:-1\" \/>\n<link rel=\"canonical\" href=\"https:\/\/mpr-labs.com\/de\/allgemeine-geschaftsbedingungen-fur-dienstleistungen\/\" \/>\n<meta property=\"og:locale\" content=\"de_DE\" \/>\n<meta property=\"og:type\" content=\"article\" \/>\n<meta property=\"og:title\" content=\"GENERAL TERMS AND CONDITIONS OF SERVICES - MPR Labs\" \/>\n<meta property=\"og:description\" content=\"Contractor: MPR Labs Limited liability company, registered at ul. Kosynier\u00f3w Gdy\u0144skich 50, 93-357 \u0141\u00f3d\u017a, with the Tax Identification Number 7282856967, registered in the National Court Register under the number 0000933485, with the REGON number 520475597, with share capital of PLN 30,000.00, fully paid, hereinafter referred to as the Contractor. Client: This is an enterprise or [&hellip;]\" \/>\n<meta property=\"og:url\" content=\"https:\/\/mpr-labs.com\/de\/allgemeine-geschaftsbedingungen-fur-dienstleistungen\/\" \/>\n<meta property=\"og:site_name\" content=\"MPR Labs\" \/>\n<meta property=\"article:publisher\" content=\"https:\/\/www.facebook.com\/MPRLabs\" \/>\n<meta property=\"article:modified_time\" content=\"2024-04-22T12:32:08+00:00\" \/>\n<meta property=\"og:image\" content=\"https:\/\/mpr-labs.com\/wp-content\/uploads\/2021\/06\/slide-3-150x150.jpg\" \/>\n<meta name=\"twitter:card\" content=\"summary_large_image\" \/>\n<meta name=\"twitter:label1\" content=\"Gesch\u00e4tzte Lesezeit\" \/>\n\t<meta name=\"twitter:data1\" content=\"9\u00a0Minuten\" \/>\n<script type=\"application\/ld+json\" class=\"yoast-schema-graph\">{\"@context\":\"https:\/\/schema.org\",\"@graph\":[{\"@type\":\"WebPage\",\"@id\":\"https:\/\/mpr-labs.com\/general-terms-and-conditions-of-services\/\",\"url\":\"https:\/\/mpr-labs.com\/general-terms-and-conditions-of-services\/\",\"name\":\"GENERAL TERMS AND CONDITIONS OF SERVICES - MPR Labs\",\"isPartOf\":{\"@id\":\"https:\/\/mpr-labs.com\/#website\"},\"primaryImageOfPage\":{\"@id\":\"https:\/\/mpr-labs.com\/general-terms-and-conditions-of-services\/#primaryimage\"},\"image\":{\"@id\":\"https:\/\/mpr-labs.com\/general-terms-and-conditions-of-services\/#primaryimage\"},\"thumbnailUrl\":\"https:\/\/mpr-labs.com\/wp-content\/uploads\/2021\/06\/slide-3-150x150.jpg\",\"datePublished\":\"2024-04-22T12:25:49+00:00\",\"dateModified\":\"2024-04-22T12:32:08+00:00\",\"breadcrumb\":{\"@id\":\"https:\/\/mpr-labs.com\/general-terms-and-conditions-of-services\/#breadcrumb\"},\"inLanguage\":\"de\",\"potentialAction\":[{\"@type\":\"ReadAction\",\"target\":[\"https:\/\/mpr-labs.com\/general-terms-and-conditions-of-services\/\"]}]},{\"@type\":\"ImageObject\",\"inLanguage\":\"de\",\"@id\":\"https:\/\/mpr-labs.com\/general-terms-and-conditions-of-services\/#primaryimage\",\"url\":\"https:\/\/mpr-labs.com\/wp-content\/uploads\/2021\/06\/slide-3-150x150.jpg\",\"contentUrl\":\"https:\/\/mpr-labs.com\/wp-content\/uploads\/2021\/06\/slide-3-150x150.jpg\"},{\"@type\":\"BreadcrumbList\",\"@id\":\"https:\/\/mpr-labs.com\/general-terms-and-conditions-of-services\/#breadcrumb\",\"itemListElement\":[{\"@type\":\"ListItem\",\"position\":1,\"name\":\"Strona g\u0142\u00f3wna\",\"item\":\"https:\/\/mpr-labs.com\/\"},{\"@type\":\"ListItem\",\"position\":2,\"name\":\"GENERAL TERMS AND CONDITIONS OF SERVICES\"}]},{\"@type\":\"WebSite\",\"@id\":\"https:\/\/mpr-labs.com\/#website\",\"url\":\"https:\/\/mpr-labs.com\/\",\"name\":\"MPR Labs\",\"description\":\"MPR Labs - Laboratorium Kosmetyczne\",\"publisher\":{\"@id\":\"https:\/\/mpr-labs.com\/#organization\"},\"potentialAction\":[{\"@type\":\"SearchAction\",\"target\":{\"@type\":\"EntryPoint\",\"urlTemplate\":\"https:\/\/mpr-labs.com\/?s={search_term_string}\"},\"query-input\":{\"@type\":\"PropertyValueSpecification\",\"valueRequired\":true,\"valueName\":\"search_term_string\"}}],\"inLanguage\":\"de\"},{\"@type\":\"Organization\",\"@id\":\"https:\/\/mpr-labs.com\/#organization\",\"name\":\"MPR Labs Sp. z o.o.\",\"alternateName\":\"MPR Labs\",\"url\":\"https:\/\/mpr-labs.com\/\",\"logo\":{\"@type\":\"ImageObject\",\"inLanguage\":\"de\",\"@id\":\"https:\/\/mpr-labs.com\/#\/schema\/logo\/image\/\",\"url\":\"https:\/\/mpr-labs.com\/wp-content\/uploads\/2023\/05\/logo-new.png\",\"contentUrl\":\"https:\/\/mpr-labs.com\/wp-content\/uploads\/2023\/05\/logo-new.png\",\"width\":1150,\"height\":328,\"caption\":\"MPR Labs Sp. z o.o.\"},\"image\":{\"@id\":\"https:\/\/mpr-labs.com\/#\/schema\/logo\/image\/\"},\"sameAs\":[\"https:\/\/www.facebook.com\/MPRLabs\",\"https:\/\/www.linkedin.com\/company\/mpr-labs\/\"]}]}<\/script>\n<!-- \/ Yoast SEO plugin. -->","yoast_head_json":{"title":"ALLGEMEINE GESCH\u00c4FTSBEDINGUNGEN F\u00dcR DIENSTLEISTUNGEN - MPR Labs","robots":{"index":"index","follow":"follow","max-snippet":"max-snippet:-1","max-image-preview":"max-image-preview:large","max-video-preview":"max-video-preview:-1"},"canonical":"https:\/\/mpr-labs.com\/de\/allgemeine-geschaftsbedingungen-fur-dienstleistungen\/","og_locale":"de_DE","og_type":"article","og_title":"GENERAL TERMS AND CONDITIONS OF SERVICES - MPR Labs","og_description":"Contractor: MPR Labs Limited liability company, registered at ul. Kosynier\u00f3w Gdy\u0144skich 50, 93-357 \u0141\u00f3d\u017a, with the Tax Identification Number 7282856967, registered in the National Court Register under the number 0000933485, with the REGON number 520475597, with share capital of PLN 30,000.00, fully paid, hereinafter referred to as the Contractor. Client: This is an enterprise or [&hellip;]","og_url":"https:\/\/mpr-labs.com\/de\/allgemeine-geschaftsbedingungen-fur-dienstleistungen\/","og_site_name":"MPR Labs","article_publisher":"https:\/\/www.facebook.com\/MPRLabs","article_modified_time":"2024-04-22T12:32:08+00:00","og_image":[{"url":"https:\/\/mpr-labs.com\/wp-content\/uploads\/2021\/06\/slide-3-150x150.jpg","type":"","width":"","height":""}],"twitter_card":"summary_large_image","twitter_misc":{"Gesch\u00e4tzte Lesezeit":"9\u00a0Minuten"},"schema":{"@context":"https:\/\/schema.org","@graph":[{"@type":"WebPage","@id":"https:\/\/mpr-labs.com\/general-terms-and-conditions-of-services\/","url":"https:\/\/mpr-labs.com\/general-terms-and-conditions-of-services\/","name":"ALLGEMEINE GESCH\u00c4FTSBEDINGUNGEN F\u00dcR DIENSTLEISTUNGEN - MPR Labs","isPartOf":{"@id":"https:\/\/mpr-labs.com\/#website"},"primaryImageOfPage":{"@id":"https:\/\/mpr-labs.com\/general-terms-and-conditions-of-services\/#primaryimage"},"image":{"@id":"https:\/\/mpr-labs.com\/general-terms-and-conditions-of-services\/#primaryimage"},"thumbnailUrl":"https:\/\/mpr-labs.com\/wp-content\/uploads\/2021\/06\/slide-3-150x150.jpg","datePublished":"2024-04-22T12:25:49+00:00","dateModified":"2024-04-22T12:32:08+00:00","breadcrumb":{"@id":"https:\/\/mpr-labs.com\/general-terms-and-conditions-of-services\/#breadcrumb"},"inLanguage":"de","potentialAction":[{"@type":"ReadAction","target":["https:\/\/mpr-labs.com\/general-terms-and-conditions-of-services\/"]}]},{"@type":"ImageObject","inLanguage":"de","@id":"https:\/\/mpr-labs.com\/general-terms-and-conditions-of-services\/#primaryimage","url":"https:\/\/mpr-labs.com\/wp-content\/uploads\/2021\/06\/slide-3-150x150.jpg","contentUrl":"https:\/\/mpr-labs.com\/wp-content\/uploads\/2021\/06\/slide-3-150x150.jpg"},{"@type":"BreadcrumbList","@id":"https:\/\/mpr-labs.com\/general-terms-and-conditions-of-services\/#breadcrumb","itemListElement":[{"@type":"ListItem","position":1,"name":"Strona g\u0142\u00f3wna","item":"https:\/\/mpr-labs.com\/"},{"@type":"ListItem","position":2,"name":"GENERAL TERMS AND CONDITIONS OF SERVICES"}]},{"@type":"WebSite","@id":"https:\/\/mpr-labs.com\/#website","url":"https:\/\/mpr-labs.com\/","name":"MPR-Labore","description":"MPR Labs - Kosmetisches Labor","publisher":{"@id":"https:\/\/mpr-labs.com\/#organization"},"potentialAction":[{"@type":"SearchAction","target":{"@type":"EntryPoint","urlTemplate":"https:\/\/mpr-labs.com\/?s={search_term_string}"},"query-input":{"@type":"PropertyValueSpecification","valueRequired":true,"valueName":"search_term_string"}}],"inLanguage":"de"},{"@type":"Organization","@id":"https:\/\/mpr-labs.com\/#organization","name":"MPR Labs Sp. z o.o.","alternateName":"MPR Labs","url":"https:\/\/mpr-labs.com\/","logo":{"@type":"ImageObject","inLanguage":"de","@id":"https:\/\/mpr-labs.com\/#\/schema\/logo\/image\/","url":"https:\/\/mpr-labs.com\/wp-content\/uploads\/2023\/05\/logo-new.png","contentUrl":"https:\/\/mpr-labs.com\/wp-content\/uploads\/2023\/05\/logo-new.png","width":1150,"height":328,"caption":"MPR Labs Sp. z o.o."},"image":{"@id":"https:\/\/mpr-labs.com\/#\/schema\/logo\/image\/"},"sameAs":["https:\/\/www.facebook.com\/MPRLabs","https:\/\/www.linkedin.com\/company\/mpr-labs\/"]}]}},"_links":{"self":[{"href":"https:\/\/mpr-labs.com\/de\/wp-json\/wp\/v2\/pages\/3891","targetHints":{"allow":["GET"]}}],"collection":[{"href":"https:\/\/mpr-labs.com\/de\/wp-json\/wp\/v2\/pages"}],"about":[{"href":"https:\/\/mpr-labs.com\/de\/wp-json\/wp\/v2\/types\/page"}],"author":[{"embeddable":true,"href":"https:\/\/mpr-labs.com\/de\/wp-json\/wp\/v2\/users\/2"}],"replies":[{"embeddable":true,"href":"https:\/\/mpr-labs.com\/de\/wp-json\/wp\/v2\/comments?post=3891"}],"version-history":[{"count":13,"href":"https:\/\/mpr-labs.com\/de\/wp-json\/wp\/v2\/pages\/3891\/revisions"}],"predecessor-version":[{"id":3904,"href":"https:\/\/mpr-labs.com\/de\/wp-json\/wp\/v2\/pages\/3891\/revisions\/3904"}],"wp:attachment":[{"href":"https:\/\/mpr-labs.com\/de\/wp-json\/wp\/v2\/media?parent=3891"}],"curies":[{"name":"wp","href":"https:\/\/api.w.org\/{rel}","templated":true}]}}