{"id":3886,"date":"2024-04-22T12:23:58","date_gmt":"2024-04-22T12:23:58","guid":{"rendered":"https:\/\/mpr-labs.com\/?page_id=3886"},"modified":"2024-04-22T12:35:17","modified_gmt":"2024-04-22T12:35:17","slug":"allgemeine-dienstbedingungen","status":"publish","type":"page","link":"https:\/\/mpr-labs.com\/de\/ogolne-warunki-uslug\/","title":{"rendered":"ALLGEMEINE DIENSTBEDINGUNGEN"},"content":{"rendered":"<div data-elementor-type=\"wp-page\" data-elementor-id=\"3886\" class=\"elementor elementor-3886\">\n\t\t\t\t\t\t<section class=\"elementor-section elementor-top-section elementor-element elementor-element-e28618a elementor-section-boxed elementor-section-height-default elementor-section-height-default\" data-id=\"e28618a\" data-element_type=\"section\">\n\t\t\t\t\t\t<div class=\"elementor-container elementor-column-gap-default\">\n\t\t\t\t\t<div class=\"elementor-column elementor-col-100 elementor-top-column elementor-element elementor-element-410b4469\" data-id=\"410b4469\" data-element_type=\"column\">\n\t\t\t<div class=\"elementor-widget-wrap elementor-element-populated\">\n\t\t\t\t\t\t<div class=\"elementor-element elementor-element-2267a64b elementor-widget elementor-widget-text-editor\" data-id=\"2267a64b\" data-element_type=\"widget\" data-widget_type=\"text-editor.default\">\n\t\t\t\t<div class=\"elementor-widget-container\">\n\t\t\t\t\t\t\t<!-- wp:paragraph -->\n<p>Auftragnehmer: MPR Labs Sp\u00f3\u0142ka z ograniczon\u0105 odpowiedzialno\u015bci\u0105, eingetragen in der ul. Kosynier\u00f3w Gdy\u0144skich 50, 93-357 \u0141\u00f3d\u017a, Inhaber der Steueridentifikationsnummer 7282856967, eingetragen im Landesgerichtsregister unter der Nummer 0000933485, Inhaber der REGON-Nummer 520475597, Inhaber des Stammkapitals in H\u00f6he von 30.000,00 PLN, voll eingezahlt, im Folgenden Auftragnehmer genannt.<\/p>\n<!-- \/wp:paragraph --><!-- wp:paragraph -->\n<p>Auftraggeber: Dies ist das Unternehmen oder die Person, die als unmittelbarer Empf\u00e4nger dieses Angebots gilt. Das Angebot kann in elektronischer oder in Papierform abgegeben werden. Der Auftraggeber verpflichtet sich, die im Angebot enthaltenen Informationen auf der Grundlage des Gesetzes zur Bek\u00e4mpfung des unlauteren Wettbewerbs vom 16. April 1993 (GBl. 1993 Nr. 47, Pos. 211, in der ge\u00e4nderten Fassung) vertraulich zu behandeln, nachstehend Auftraggeber oder Kunde genannt.<\/p>\n<!-- \/wp:paragraph --><!-- wp:paragraph -->\n<p>Angebot: Ein Dokument, das dem Auftraggeber auf Papier oder elektronisch \u00fcbermittelt wird und folgende Angaben enth\u00e4lt: Angaben des Auftraggebers, Bezeichnung der Dienstleistung, Kosten der Dienstleistung, Angebotsnummer, Datum des Angebots, Ablaufdatum des Angebots.<\/p>\n<!-- \/wp:paragraph --><!-- wp:paragraph -->\n<p>Bestellformular: Ein Dokument, das folgende Informationen enth\u00e4lt: Informationen \u00fcber den Auftraggeber, Informationen \u00fcber den Auftragnehmer, Informationen \u00fcber das Datum der Bestellung, Informationen \u00fcber den Umfang der Dienstleistung, die eine eindeutige Zuordnung zu einem Artikel des Angebots erm\u00f6glichen<\/p>\n<!-- \/wp:paragraph --><!-- wp:paragraph -->\n<p>Dienstleistung: ein Produkt oder eine Dienstleistung, die als separater Punkt im Angebot enthalten ist. Als Dienstleistung gilt auch die Information, die in der elektronischen Kommunikation zwischen dem Auftragnehmer und dem Auftraggeber in Form einer nebeneinander stehenden Erkl\u00e4rung dargestellt wird: \u201eName der Dienstleistung\u201d - \u201eKosten der Dienstleistung\u201d.<\/p>\n<p>&nbsp;<\/p>\n<!-- \/wp:paragraph --><!-- wp:paragraph {\"align\":\"center\"} -->\n<p class=\"has-text-align-center\">\u00a71 Dienstleistungsvertrag<\/p>\n<!-- \/wp:paragraph --><!-- wp:paragraph -->\n<p>(1) Die Erteilung eines Auftrages und damit der Abschluss eines Vertrages \u00fcber die Erbringung einer Dienstleistung gilt als verbindlich:<\/p>\n<!-- \/wp:paragraph --><!-- wp:list {\"ordered\":true,\"type\":\"lower-alpha\"} -->\n<ol style=\"list-style-type: lower-alpha;\"><!-- wp:list-item -->\n<li>Vorlage eines Angebots durch den Auftraggeber mit einer klaren Angabe der zu erbringenden Leistungen,<\/li>\n<!-- \/wp:list-item --><!-- wp:list-item -->\n<li>Einreichung eines Bestellformulars durch den Auftraggeber mit Angaben zum Auftraggeber, dem Datum der Bestellung und Informationen zur eindeutigen Identifizierung der Dienstleistung,<\/li>\n<!-- \/wp:list-item --><!-- wp:list-item -->\n<li>\u00dcbermittlung des unterzeichneten Dienstleistungsvertrags.<\/li>\n<!-- \/wp:list-item --><\/ol>\n<!-- \/wp:list --><!-- wp:paragraph -->\n<p>(2) Mit dem Absenden einer Bestellung erkl\u00e4ren Sie, dass Sie die Allgemeinen Gesch\u00e4ftsbedingungen kennen und akzeptieren.<\/p>\n<!-- \/wp:paragraph --><!-- wp:paragraph -->\n<p>3 Die Best\u00e4tigung der Leistung durch den Auftragnehmer ist zum Zeitpunkt der Leistung verbindlich:<\/p>\n<!-- \/wp:paragraph --><!-- wp:list {\"ordered\":true,\"type\":\"lower-alpha\"} -->\n<ol style=\"list-style-type: lower-alpha;\"><!-- wp:list-item -->\n<li>Senden Sie die Genehmigung per E-Mail von der E-Mail-Adresse unter der Dom\u00e4ne \u201empr-labs.com\u201d.\u201d<\/li>\n<!-- \/wp:list-item --><!-- wp:list-item -->\n<li>Unterzeichnung des Dienstleistungsvertrags.<\/li>\n<!-- \/wp:list-item --><\/ol>\n<!-- \/wp:list --><!-- wp:paragraph -->\n<p>4 Alle zus\u00e4tzlichen Informationen, die nicht im Angebot erw\u00e4hnt sind, in Form von Ratschl\u00e4gen oder Meinungen, sind als unverbindliche Vorschl\u00e4ge zu betrachten, die nicht Gegenstand einer offiziellen Mitteilung des Auftragnehmers sind.<\/p>\n<!-- \/wp:paragraph --><!-- wp:paragraph -->\n<p>(5) Der Auftraggeber ist verpflichtet, alle f\u00fcr die Leistungen erforderlichen Angaben zu machen. Mit der \u00dcbermittlung der Informationen erkl\u00e4rt er gleichzeitig, dass diese zum Zeitpunkt der \u00dcbermittlung wahrheitsgem\u00e4\u00df sind und er das Recht hat, diese zu verbreiten. Stellt der Auftraggeber die erforderlichen Informationen nicht zur Verf\u00fcgung, hat der Auftragnehmer das Recht, den Vertrag \u00fcber die Erbringung der Leistungen mit sofortiger Wirkung zu k\u00fcndigen.<\/p>\n<!-- \/wp:paragraph --><!-- wp:paragraph -->\n<p>6 Im Falle einer St\u00f6rung der Kommunikation mit dem Auftraggeber (darunter ist zu verstehen: Nichtbeantwortung der f\u00fcr die Kommunikation angegebenen Telefonnummer, Nichtbeantwortung per E-Mail an die allgemein als offiziell geltende oder in der offiziellen Kommunikation des Auftraggebers angegebene E-Mail-Adresse), die sich unmittelbar auf den Zeitpunkt der Leistungserbringung auswirkt, kann der Auftraggeber keine Rechte im Zusammenhang mit der Verl\u00e4ngerung der Leistungserbringung geltend machen.<\/p>\n<!-- \/wp:paragraph --><!-- wp:paragraph -->\n<p>(7) Der Auftragnehmer beh\u00e4lt sich das Recht vor, die Leistungen an Unterauftragnehmer zu vergeben und ist damit f\u00fcr deren Qualit\u00e4t und Zuverl\u00e4ssigkeit verantwortlich.<\/p>\n<!-- \/wp:paragraph --><!-- wp:paragraph -->\n<p>8 Pr\u00fcfberichte d\u00fcrfen ohne schriftliche Zustimmung des Auftragnehmers nicht vervielf\u00e4ltigt werden.<\/p>\n<!-- \/wp:paragraph --><!-- wp:paragraph -->\n<p>(9) Der Auftragnehmer kann Auftr\u00e4ge, die nicht dem Leistungsumfang entsprechen, ablehnen.<\/p>\n<!-- \/wp:paragraph --><!-- wp:paragraph -->\n<p>(10) Nach Beendigung des Auftrags \u00fcbermittelt der Auftragnehmer dem Auftraggeber den Untersuchungsbericht auf elektronischem Wege. Auf schriftliches Verlangen des Auftraggebers,<\/p>\n<!-- \/wp:paragraph --><!-- wp:paragraph -->\n<p>Der Auftragnehmer kann den Forschungsbericht auf dem Postweg \u00fcbermitteln.<\/p>\n<!-- \/wp:paragraph --><!-- wp:paragraph -->\n<p>(11) Der Auftraggeber verpflichtet sich, den Auftragnehmer vor Beginn der Leistung auf m\u00f6gliche Gefahren bei der Ausf\u00fchrung des Auftrages, d.h. auf das Vorhandensein von gef\u00e4hrlichen, giftigen Stoffen, auch im Hinblick auf die Gesundheit der Mitarbeiter des Auftragnehmers, hinzuweisen.<\/p>\n<!-- \/wp:paragraph --><!-- wp:paragraph -->\n<p>(12) Die Frist f\u00fcr die Erbringung der Leistung wird vom Auftragnehmer in jedem Einzelfall festgelegt. Bei den Angaben im Angebot handelt es sich um eine Sch\u00e4tzung des Zeitraums, die nicht als verbindliche Auskunft anerkannt wird.<\/p>\n<!-- \/wp:paragraph --><!-- wp:paragraph -->\n<p>13 Der Auftraggeber hat das Recht, innerhalb von 7 Tagen nach Erhalt der Ergebnisse zum Untersuchungsbericht Stellung zu nehmen.<\/p>\n<p>&nbsp;<\/p>\n<!-- \/wp:paragraph --><!-- wp:paragraph {\"align\":\"center\"} -->\n<p class=\"has-text-align-center\">\u00a72 Einreichung von Material zur Pr\u00fcfung<\/p>\n<!-- \/wp:paragraph --><!-- wp:paragraph -->\n<p>(1) Die Proben f\u00fcr die Pr\u00fcfung werden dem Auftragnehmer auf Kosten des Auftraggebers geliefert.<\/p>\n<!-- \/wp:paragraph --><!-- wp:paragraph -->\n<p>(2) Das Risiko einer Besch\u00e4digung der zur Pr\u00fcfung angelieferten Proben geht zu Lasten des Auftraggebers.<\/p>\n<!-- \/wp:paragraph --><!-- wp:paragraph -->\n<p>(3) Der Auftragnehmer ist nicht verpflichtet, die Proben l\u00e4nger als 2 Wochen nach Beendigung der Pr\u00fcfungen aufzubewahren.<\/p>\n<p>&nbsp;<\/p>\n<!-- \/wp:paragraph --><!-- wp:paragraph {\"align\":\"center\"} -->\n<p class=\"has-text-align-center\">\u00a73 Zahlungen<\/p>\n<!-- \/wp:paragraph --><!-- wp:paragraph -->\n<p>(1) Der Auftragnehmer stellt nach Fertigstellung der Leistung eine Umsatzsteuerrechnung aus. Die Umsatzsteuerrechnungen werden mit einer Zahlungsfrist von 14 Tagen ausgestellt, sofern der Auftraggeber mit dem Auftragnehmer nichts anderes vereinbart.<\/p>\n<!-- \/wp:paragraph --><!-- wp:paragraph -->\n<p>(2) Der Auftraggeber verpflichtet sich, die ausgestellte Umsatzsteuerrechnung fristgerecht durch \u00dcberweisung auf das angegebene Konto zu begleichen.<\/p>\n<!-- \/wp:paragraph --><!-- wp:paragraph -->\n<p>(3) Als Tag der Zahlung gilt das Datum der Gutschrift auf dem Bankkonto des Auftragnehmers. Bei Zahlungsverzug des Auftraggebers ist der Auftragnehmer berechtigt, Verzugszinsen in H\u00f6he des H\u00f6chstsatzes zu berechnen.<\/p>\n<!-- \/wp:paragraph --><!-- wp:paragraph -->\n<p>4 Die Preise f\u00fcr die Leistungen werden auf der Grundlage des vom Auftragnehmer abgegebenen Angebots individuell mit dem Auftraggeber festgelegt.<\/p>\n<!-- \/wp:paragraph --><!-- wp:paragraph -->\n<p>(5) F\u00fcr zus\u00e4tzliche T\u00e4tigkeiten, die nicht im Auftrag angegeben sind, aber auf Wunsch des Auftraggebers w\u00e4hrend der Durchf\u00fchrung des Auftrages ausgef\u00fchrt werden, kann der Auftragnehmer dem Auftraggeber ein zus\u00e4tzliches Honorar in Rechnung stellen.<\/p>\n<!-- \/wp:paragraph --><!-- wp:paragraph -->\n<p>(6) Kann der Auftrag aus Gr\u00fcnden, die der Auftragnehmer nicht zu vertreten hat, ganz oder teilweise nicht ausgef\u00fchrt werden, so hat der Auftragnehmer Anspruch auf Zahlung des Betrages f\u00fcr die tats\u00e4chlich erbrachte Leistung.<\/p>\n<!-- \/wp:paragraph --><!-- wp:paragraph -->\n<p>7 Alle Kosten der Reklamation des Unternehmers gehen zu Lasten des Bestellers.<\/p>\n<!-- \/wp:paragraph --><!-- wp:paragraph -->\n<p>(8) Das zust\u00e4ndige Gericht ist das Gericht am Sitz des Auftragnehmers.<\/p>\n<p>&nbsp;<\/p>\n<!-- \/wp:paragraph --><!-- wp:paragraph {\"align\":\"center\"} -->\n<p class=\"has-text-align-center\">\u00a74 Verantwortung<\/p>\n<!-- \/wp:paragraph --><!-- wp:paragraph -->\n<p>(1) Der Auftragnehmer haftet nicht f\u00fcr die teilweise oder vollst\u00e4ndige Nichterf\u00fcllung des Auftrags aufgrund von Ursachen, die er nicht zu vertreten hat.<\/p>\n<!-- \/wp:paragraph --><!-- wp:paragraph -->\n<p>(2) Der Auftragnehmer haftet nicht f\u00fcr Sch\u00e4den, die dem Auftraggeber durch die Ausf\u00fchrung des Auftrages entstehen.<\/p>\n<!-- \/wp:paragraph --><!-- wp:paragraph -->\n<p>3 Die Verantwortung f\u00fcr die Einreichung von Material zur Pr\u00fcfung und f\u00fcr etwaige Verluste, die im Rahmen der Dienstleistung entstehen, tr\u00e4gt der Kunde.<\/p>\n<p>&nbsp;<\/p>\n<!-- \/wp:paragraph --><!-- wp:paragraph {\"align\":\"center\"} -->\n<p class=\"has-text-align-center\">\u00a75 Geistiges Eigentum<\/p>\n<!-- \/wp:paragraph --><!-- wp:paragraph -->\n<p>(1) Der Auftragnehmer erkl\u00e4rt, dass er \u00fcber alle Rechte an den von ihm vorgelegten Berichten, Analysen, Unterlagen analytischer oder forschungsbezogener Art verf\u00fcgt.<\/p>\n<!-- \/wp:paragraph --><!-- wp:paragraph -->\n<p>(2) Alle wirtschaftlichen Rechte an Berichten, Analysen, Unterlagen analytischer oder forschungsbezogener Art gehen mit der Bezahlung der Dienstleistung auf den Auftraggeber \u00fcber.<\/p>\n<p>&nbsp;<\/p>\n<!-- \/wp:paragraph --><!-- wp:paragraph {\"align\":\"center\"} -->\n<p class=\"has-text-align-center\">\u00a76 Schlussbestimmungen<\/p>\n<!-- \/wp:paragraph --><!-- wp:paragraph -->\n<p>(1) In Angelegenheiten, die in den AGB nicht geregelt sind, gelten die Bestimmungen des B\u00fcrgerlichen Gesetzbuches.<\/p>\n<!-- \/wp:paragraph --><!-- wp:paragraph -->\n<p>(2) Im Falle von Streitigkeiten verpflichten sich die Parteien, diese g\u00fctlich beizulegen.<\/p>\n<!-- \/wp:paragraph --><!-- wp:paragraph -->\n<p>Der Auftragnehmer \u00fcbernimmt die volle Verantwortung f\u00fcr die entwickelten Materialien.  Die vom Auftraggeber zur Verf\u00fcgung gestellten Daten, Informationen und Forschungsergebnisse werden vertraulich behandelt.<\/p>\n<!-- \/wp:paragraph --><!-- wp:paragraph -->\n<p>Die Werte in Euro werden auf der Grundlage des Wechselkurses der Polnischen Nationalbank am Tag der Abgabe des Angebots angegeben. Aktuelle durchschnittliche Wechselkurse von Fremdw\u00e4hrungen in PLN gem\u00e4\u00df \u00a7 2 Punkte 1 und 2 des Beschlusses Nr. 51\/2002 des Vorstands der Polnischen Nationalbank vom 23. September 2002 \u00fcber die Methode zur Berechnung und Bekanntgabe der aktuellen Wechselkurse von Fremdw\u00e4hrungen (Amtsblatt der Polnischen Nationalbank von 2017, Punkt 15).<\/p>\n<!-- \/wp:paragraph --><!-- wp:paragraph -->\n<p>(5) Die vorstehenden Allgemeinen Leistungsbedingungen (ALB) gelten f\u00fcr Labor-, Dokumentations-, Beratungs- und Schulungsleistungen, die der Auftragnehmer aufgrund eines erteilten Auftrages oder eines geschlossenen Vertrages f\u00fcr den Auftraggeber erbringt.<\/p>\n<!-- \/wp:paragraph --><!-- wp:paragraph -->\n<p>(6) \u00c4nderungen dieser AGB bed\u00fcrfen zu ihrer Wirksamkeit der Schriftform und gelten nur f\u00fcr den von den Parteien festgelegten Leistungsumfang und treten mit dem Datum des Vertragsabschlusses mit dem Auftraggeber in Kraft.<\/p>\n<!-- \/wp:paragraph -->\t\t\t\t\t\t<\/div>\n\t\t\t\t<\/div>\n\t\t\t\t\t<\/div>\n\t\t<\/div>\n\t\t\t\t\t<\/div>\n\t\t<\/section>\n\t\t\t\t<\/div>","protected":false},"excerpt":{"rendered":"<p>Wykonawca: MPR Labs Sp\u00f3\u0142ka z ograniczon\u0105 odpowiedzialno\u015bci\u0105, zarejestrowana pod adresem ul. Kosynier\u00f3w Gdy\u0144skich 50, 93-357 \u0141\u00f3d\u017a, posiadaj\u0105ca Numer Identyfikacji Podatkowej 7282856967, b\u0119d\u0105ca zarejestrowana w Krajowym Rejestrze S\u0105dowym pod numerem 0000933485, posiadaj\u0105ca numer REGON 520475597, dysponuj\u0105ca kapita\u0142em zak\u0142adowym w wysoko\u015bci 30\u00a0000,00z\u0142, w ca\u0142o\u015bci op\u0142aconym, dalej nazywana Wykonawca. Zleceniodawca: Jest to przedsi\u0119biorstwo lub osoba prywatna rozumiana jako [&hellip;]<\/p>\n","protected":false},"author":2,"featured_media":0,"parent":0,"menu_order":0,"comment_status":"closed","ping_status":"closed","template":"","meta":{"footnotes":""},"class_list":["post-3886","page","type-page","status-publish","format-standard","hentry"],"yoast_head":"<!-- This site is optimized with the Yoast SEO plugin v25.4 - https:\/\/yoast.com\/wordpress\/plugins\/seo\/ -->\n<title>OG\u00d3\u0141NE WARUNKI US\u0141UG - MPR Labs<\/title>\n<meta name=\"robots\" content=\"index, follow, max-snippet:-1, max-image-preview:large, max-video-preview:-1\" \/>\n<link rel=\"canonical\" href=\"https:\/\/mpr-labs.com\/de\/allgemeine-dienstbedingungen\/\" \/>\n<meta property=\"og:locale\" content=\"de_DE\" \/>\n<meta property=\"og:type\" content=\"article\" \/>\n<meta property=\"og:title\" content=\"OG\u00d3\u0141NE WARUNKI US\u0141UG - MPR Labs\" \/>\n<meta property=\"og:description\" content=\"Wykonawca: MPR Labs Sp\u00f3\u0142ka z ograniczon\u0105 odpowiedzialno\u015bci\u0105, zarejestrowana pod adresem ul. Kosynier\u00f3w Gdy\u0144skich 50, 93-357 \u0141\u00f3d\u017a, posiadaj\u0105ca Numer Identyfikacji Podatkowej 7282856967, b\u0119d\u0105ca zarejestrowana w Krajowym Rejestrze S\u0105dowym pod numerem 0000933485, posiadaj\u0105ca numer REGON 520475597, dysponuj\u0105ca kapita\u0142em zak\u0142adowym w wysoko\u015bci 30\u00a0000,00z\u0142, w ca\u0142o\u015bci op\u0142aconym, dalej nazywana Wykonawca. Zleceniodawca: Jest to przedsi\u0119biorstwo lub osoba prywatna rozumiana jako [&hellip;]\" \/>\n<meta property=\"og:url\" content=\"https:\/\/mpr-labs.com\/de\/allgemeine-dienstbedingungen\/\" \/>\n<meta property=\"og:site_name\" content=\"MPR Labs\" \/>\n<meta property=\"article:publisher\" content=\"https:\/\/www.facebook.com\/MPRLabs\" \/>\n<meta property=\"article:modified_time\" content=\"2024-04-22T12:35:17+00:00\" \/>\n<meta name=\"twitter:card\" content=\"summary_large_image\" \/>\n<meta name=\"twitter:label1\" content=\"Gesch\u00e4tzte Lesezeit\" \/>\n\t<meta name=\"twitter:data1\" content=\"7\u00a0Minuten\" \/>\n<script type=\"application\/ld+json\" class=\"yoast-schema-graph\">{\"@context\":\"https:\/\/schema.org\",\"@graph\":[{\"@type\":\"WebPage\",\"@id\":\"https:\/\/mpr-labs.com\/ogolne-warunki-uslug\/\",\"url\":\"https:\/\/mpr-labs.com\/ogolne-warunki-uslug\/\",\"name\":\"OG\u00d3\u0141NE WARUNKI US\u0141UG - MPR Labs\",\"isPartOf\":{\"@id\":\"https:\/\/mpr-labs.com\/#website\"},\"datePublished\":\"2024-04-22T12:23:58+00:00\",\"dateModified\":\"2024-04-22T12:35:17+00:00\",\"breadcrumb\":{\"@id\":\"https:\/\/mpr-labs.com\/ogolne-warunki-uslug\/#breadcrumb\"},\"inLanguage\":\"de\",\"potentialAction\":[{\"@type\":\"ReadAction\",\"target\":[\"https:\/\/mpr-labs.com\/ogolne-warunki-uslug\/\"]}]},{\"@type\":\"BreadcrumbList\",\"@id\":\"https:\/\/mpr-labs.com\/ogolne-warunki-uslug\/#breadcrumb\",\"itemListElement\":[{\"@type\":\"ListItem\",\"position\":1,\"name\":\"Strona g\u0142\u00f3wna\",\"item\":\"https:\/\/mpr-labs.com\/\"},{\"@type\":\"ListItem\",\"position\":2,\"name\":\"OG\u00d3\u0141NE WARUNKI US\u0141UG\"}]},{\"@type\":\"WebSite\",\"@id\":\"https:\/\/mpr-labs.com\/#website\",\"url\":\"https:\/\/mpr-labs.com\/\",\"name\":\"MPR Labs\",\"description\":\"MPR Labs - Laboratorium Kosmetyczne\",\"publisher\":{\"@id\":\"https:\/\/mpr-labs.com\/#organization\"},\"potentialAction\":[{\"@type\":\"SearchAction\",\"target\":{\"@type\":\"EntryPoint\",\"urlTemplate\":\"https:\/\/mpr-labs.com\/?s={search_term_string}\"},\"query-input\":{\"@type\":\"PropertyValueSpecification\",\"valueRequired\":true,\"valueName\":\"search_term_string\"}}],\"inLanguage\":\"de\"},{\"@type\":\"Organization\",\"@id\":\"https:\/\/mpr-labs.com\/#organization\",\"name\":\"MPR Labs Sp. z o.o.\",\"alternateName\":\"MPR Labs\",\"url\":\"https:\/\/mpr-labs.com\/\",\"logo\":{\"@type\":\"ImageObject\",\"inLanguage\":\"de\",\"@id\":\"https:\/\/mpr-labs.com\/#\/schema\/logo\/image\/\",\"url\":\"https:\/\/mpr-labs.com\/wp-content\/uploads\/2023\/05\/logo-new.png\",\"contentUrl\":\"https:\/\/mpr-labs.com\/wp-content\/uploads\/2023\/05\/logo-new.png\",\"width\":1150,\"height\":328,\"caption\":\"MPR Labs Sp. z o.o.\"},\"image\":{\"@id\":\"https:\/\/mpr-labs.com\/#\/schema\/logo\/image\/\"},\"sameAs\":[\"https:\/\/www.facebook.com\/MPRLabs\",\"https:\/\/www.linkedin.com\/company\/mpr-labs\/\"]}]}<\/script>\n<!-- \/ Yoast SEO plugin. -->","yoast_head_json":{"title":"ALLGEMEINE DIENSTLEISTUNGSBEDINGUNGEN - MPR Labs","robots":{"index":"index","follow":"follow","max-snippet":"max-snippet:-1","max-image-preview":"max-image-preview:large","max-video-preview":"max-video-preview:-1"},"canonical":"https:\/\/mpr-labs.com\/de\/allgemeine-dienstbedingungen\/","og_locale":"de_DE","og_type":"article","og_title":"OG\u00d3\u0141NE WARUNKI US\u0141UG - MPR Labs","og_description":"Wykonawca: MPR Labs Sp\u00f3\u0142ka z ograniczon\u0105 odpowiedzialno\u015bci\u0105, zarejestrowana pod adresem ul. Kosynier\u00f3w Gdy\u0144skich 50, 93-357 \u0141\u00f3d\u017a, posiadaj\u0105ca Numer Identyfikacji Podatkowej 7282856967, b\u0119d\u0105ca zarejestrowana w Krajowym Rejestrze S\u0105dowym pod numerem 0000933485, posiadaj\u0105ca numer REGON 520475597, dysponuj\u0105ca kapita\u0142em zak\u0142adowym w wysoko\u015bci 30\u00a0000,00z\u0142, w ca\u0142o\u015bci op\u0142aconym, dalej nazywana Wykonawca. Zleceniodawca: Jest to przedsi\u0119biorstwo lub osoba prywatna rozumiana jako [&hellip;]","og_url":"https:\/\/mpr-labs.com\/de\/allgemeine-dienstbedingungen\/","og_site_name":"MPR Labs","article_publisher":"https:\/\/www.facebook.com\/MPRLabs","article_modified_time":"2024-04-22T12:35:17+00:00","twitter_card":"summary_large_image","twitter_misc":{"Gesch\u00e4tzte Lesezeit":"7\u00a0Minuten"},"schema":{"@context":"https:\/\/schema.org","@graph":[{"@type":"WebPage","@id":"https:\/\/mpr-labs.com\/ogolne-warunki-uslug\/","url":"https:\/\/mpr-labs.com\/ogolne-warunki-uslug\/","name":"ALLGEMEINE DIENSTLEISTUNGSBEDINGUNGEN - MPR Labs","isPartOf":{"@id":"https:\/\/mpr-labs.com\/#website"},"datePublished":"2024-04-22T12:23:58+00:00","dateModified":"2024-04-22T12:35:17+00:00","breadcrumb":{"@id":"https:\/\/mpr-labs.com\/ogolne-warunki-uslug\/#breadcrumb"},"inLanguage":"de","potentialAction":[{"@type":"ReadAction","target":["https:\/\/mpr-labs.com\/ogolne-warunki-uslug\/"]}]},{"@type":"BreadcrumbList","@id":"https:\/\/mpr-labs.com\/ogolne-warunki-uslug\/#breadcrumb","itemListElement":[{"@type":"ListItem","position":1,"name":"Strona g\u0142\u00f3wna","item":"https:\/\/mpr-labs.com\/"},{"@type":"ListItem","position":2,"name":"OG\u00d3\u0141NE WARUNKI US\u0141UG"}]},{"@type":"WebSite","@id":"https:\/\/mpr-labs.com\/#website","url":"https:\/\/mpr-labs.com\/","name":"MPR-Labore","description":"MPR Labs - Kosmetisches Labor","publisher":{"@id":"https:\/\/mpr-labs.com\/#organization"},"potentialAction":[{"@type":"SearchAction","target":{"@type":"EntryPoint","urlTemplate":"https:\/\/mpr-labs.com\/?s={search_term_string}"},"query-input":{"@type":"PropertyValueSpecification","valueRequired":true,"valueName":"search_term_string"}}],"inLanguage":"de"},{"@type":"Organization","@id":"https:\/\/mpr-labs.com\/#organization","name":"MPR Labs Sp. z o.o.","alternateName":"MPR Labs","url":"https:\/\/mpr-labs.com\/","logo":{"@type":"ImageObject","inLanguage":"de","@id":"https:\/\/mpr-labs.com\/#\/schema\/logo\/image\/","url":"https:\/\/mpr-labs.com\/wp-content\/uploads\/2023\/05\/logo-new.png","contentUrl":"https:\/\/mpr-labs.com\/wp-content\/uploads\/2023\/05\/logo-new.png","width":1150,"height":328,"caption":"MPR Labs Sp. z o.o."},"image":{"@id":"https:\/\/mpr-labs.com\/#\/schema\/logo\/image\/"},"sameAs":["https:\/\/www.facebook.com\/MPRLabs","https:\/\/www.linkedin.com\/company\/mpr-labs\/"]}]}},"_links":{"self":[{"href":"https:\/\/mpr-labs.com\/de\/wp-json\/wp\/v2\/pages\/3886","targetHints":{"allow":["GET"]}}],"collection":[{"href":"https:\/\/mpr-labs.com\/de\/wp-json\/wp\/v2\/pages"}],"about":[{"href":"https:\/\/mpr-labs.com\/de\/wp-json\/wp\/v2\/types\/page"}],"author":[{"embeddable":true,"href":"https:\/\/mpr-labs.com\/de\/wp-json\/wp\/v2\/users\/2"}],"replies":[{"embeddable":true,"href":"https:\/\/mpr-labs.com\/de\/wp-json\/wp\/v2\/comments?post=3886"}],"version-history":[{"count":10,"href":"https:\/\/mpr-labs.com\/de\/wp-json\/wp\/v2\/pages\/3886\/revisions"}],"predecessor-version":[{"id":3910,"href":"https:\/\/mpr-labs.com\/de\/wp-json\/wp\/v2\/pages\/3886\/revisions\/3910"}],"wp:attachment":[{"href":"https:\/\/mpr-labs.com\/de\/wp-json\/wp\/v2\/media?parent=3886"}],"curies":[{"name":"wp","href":"https:\/\/api.w.org\/{rel}","templated":true}]}}