{"id":3234,"date":"2023-06-05T09:07:12","date_gmt":"2023-06-05T09:07:12","guid":{"rendered":"https:\/\/mpr-labs.com\/?page_id=3234"},"modified":"2025-03-25T14:50:13","modified_gmt":"2025-03-25T14:50:13","slug":"forschungsdienstleistungen","status":"publish","type":"page","link":"https:\/\/mpr-labs.com\/de\/uslugi-badawcze\/","title":{"rendered":"Forschungsdienstleistungen"},"content":{"rendered":"<div data-elementor-type=\"wp-page\" data-elementor-id=\"3234\" class=\"elementor elementor-3234\">\n\t\t\t\t\t\t<section class=\"elementor-section elementor-top-section elementor-element elementor-element-54595a1 elementor-section-full_width elementor-section-height-default elementor-section-height-default\" data-id=\"54595a1\" data-element_type=\"section\">\n\t\t\t\t\t\t<div class=\"elementor-container elementor-column-gap-default\">\n\t\t\t\t\t<div class=\"elementor-column elementor-col-100 elementor-top-column elementor-element elementor-element-36ad755\" data-id=\"36ad755\" data-element_type=\"column\">\n\t\t\t<div class=\"elementor-widget-wrap elementor-element-populated\">\n\t\t\t\t\t\t<div class=\"elementor-element elementor-element-82d989c elementor-widget elementor-widget-services-two\" data-id=\"82d989c\" data-element_type=\"widget\" id=\"catalog-page\" data-widget_type=\"services-two.default\">\n\t\t\t\t<div class=\"elementor-widget-container\">\n\t\t\t        <!-- start services-section -->\n        <section class=\"services-pg-section sec-padding-bottom\">\n            <div class=\"container\">\n                <div class=\"row\">\n                    <div class=\"col col-lg-8\">\n                        <div class=\"section-title-s2\">\n\t\t\t\t\t\t\t                            \t<span>Unsere Dienstleistungen<\/span>\n\t\t\t\t\t\t\t\t\t\t\t\t\t\t                            \t<h1>Forschungsdienstleistungen<\/h1>\n\t\t\t\t\t\t\t\t\t\t\t\t\t\t                        <\/div>\n                    <\/div>\n                <\/div>\n\n\t\t\t\t<div class=\"row\">\n                    <div class=\"col col-xs-12\">\n                        <div class=\"services-grid clearfix\">\n\t\t\t\t\t\t\t\t\t\t\t\t\t\t\t<div class=\"grid\">\n\t\t\t\t\t\t\t\t\t\t\t\t\t\t\t\t\t\t\t<div class=\"icon\">\n\t\t\t\t\t\t\t\t\t\t\t<i class=\"fa-solid fa-flask\"><\/i>\n\t\t\t\t\t\t\t\t\t\t<\/div>\n\t\t\t\t\t\t\t\t\t\t\t\t\t\t\t\t\t\t\t\t\t\t\t\t\t\t\t\t<h5>\n\t\t\t\t\t\t\t\t\t\t\t<a href=\"https:\/\/mpr-labs.com\/badania-kosmetykow\/\">\n\t\t\t\t\t\t\t\t\t\t\t\tKosmetische Pr\u00fcfungen\t\t\t\t\t\t\t\t\t\t\t<\/a>\n\t\t\t\t\t\t\t\t\t\t<\/h5>\n\t\t\t\t\t\t\t\t\t\t\t\t\t\t\t\t\t\t\t\t\t\t\t\t\t\t<\/div>\n\t\t\t\t\t\t\t\t\t\t\t\t\t\t\t<div class=\"grid\">\n\t\t\t\t\t\t\t\t\t\t\t\t\t\t\t\t\t\t\t<div class=\"icon\">\n\t\t\t\t\t\t\t\t\t\t\t<i class=\"fa-solid fa-microscope\"><\/i>\n\t\t\t\t\t\t\t\t\t\t<\/div>\n\t\t\t\t\t\t\t\t\t\t\t\t\t\t\t\t\t\t\t\t\t\t\t\t\t\t\t\t<h5>\n\t\t\t\t\t\t\t\t\t\t\t<a href=\"https:\/\/mpr-labs.com\/badania-produktow-do-dezynfekcji\/\">\n\t\t\t\t\t\t\t\t\t\t\t\tPr\u00fcfung von Desinfektionsmitteln\t\t\t\t\t\t\t\t\t\t\t<\/a>\n\t\t\t\t\t\t\t\t\t\t<\/h5>\n\t\t\t\t\t\t\t\t\t\t\t\t\t\t\t\t\t\t\t\t\t\t\t\t\t\t<\/div>\n\t\t\t\t\t\t\t\t\t\t\t\t\t\t\t<div class=\"grid\">\n\t\t\t\t\t\t\t\t\t\t\t\t\t\t\t\t\t\t\t<div class=\"icon\">\n\t\t\t\t\t\t\t\t\t\t\t<i class=\"fa-solid fa-bullhorn\"><\/i>\n\t\t\t\t\t\t\t\t\t\t<\/div>\n\t\t\t\t\t\t\t\t\t\t\t\t\t\t\t\t\t\t\t\t\t\t\t\t\t\t\t\t<h5>\n\t\t\t\t\t\t\t\t\t\t\t<a href=\"https:\/\/mpr-labs.com\/pozostale-uslugi\/\">\n\t\t\t\t\t\t\t\t\t\t\t\tSonstige Dienstleistungen\t\t\t\t\t\t\t\t\t\t\t<\/a>\n\t\t\t\t\t\t\t\t\t\t<\/h5>\n\t\t\t\t\t\t\t\t\t\t\t\t\t\t\t\t\t\t\t\t\t\t\t\t\t\t<\/div>\n\t\t\t\t\t\t\t\t\t\t\t\t\t<\/div>\n\t\t\t\t\t<\/div>\n\t\t\t\t<\/div>\n            <\/div> <!-- end container -->\n        <\/section>\n        <!-- end services-section -->\n\t\t\t\t<\/div>\n\t\t\t\t<\/div>\n\t\t\t\t\t<\/div>\n\t\t<\/div>\n\t\t\t\t\t<\/div>\n\t\t<\/section>\n\t\t\t\t<\/div>","protected":false},"excerpt":{"rendered":"<p>Unsere Dienstleistungen Pr\u00fcfdienstleistungen Pr\u00fcfung von Kosmetika Pr\u00fcfung von Desinfektionsmitteln Sonstige Dienstleistungen<\/p>","protected":false},"author":2,"featured_media":3574,"parent":0,"menu_order":0,"comment_status":"closed","ping_status":"closed","template":"","meta":{"footnotes":""},"class_list":["post-3234","page","type-page","status-publish","format-standard","has-post-thumbnail","hentry"],"yoast_head":"<!-- This site is optimized with the Yoast SEO plugin v25.4 - https:\/\/yoast.com\/wordpress\/plugins\/seo\/ -->\n<title>Us\u0142ugi badawcze - szeroki zakres us\u0142ug badawczych dla produkt\u00f3w kosmetycznych i dezynfekcyjnych | MPR Labs<\/title>\n<meta name=\"robots\" content=\"index, follow, max-snippet:-1, max-image-preview:large, max-video-preview:-1\" \/>\n<link rel=\"canonical\" href=\"https:\/\/mpr-labs.com\/de\/forschungsdienstleistungen\/\" \/>\n<meta property=\"og:locale\" content=\"de_DE\" \/>\n<meta property=\"og:type\" content=\"article\" \/>\n<meta property=\"og:title\" content=\"Us\u0142ugi badawcze - szeroki zakres us\u0142ug badawczych dla produkt\u00f3w kosmetycznych i dezynfekcyjnych | MPR Labs\" \/>\n<meta property=\"og:description\" content=\"Nasze us\u0142ugi Us\u0142ugi badawcze Badania Kosmetyk\u00f3w Badania Produkt\u00f3w Do Dezynfekcji Pozosta\u0142e Us\u0142ugi\" \/>\n<meta property=\"og:url\" content=\"https:\/\/mpr-labs.com\/de\/forschungsdienstleistungen\/\" \/>\n<meta property=\"og:site_name\" content=\"MPR Labs\" \/>\n<meta property=\"article:publisher\" content=\"https:\/\/www.facebook.com\/MPRLabs\" \/>\n<meta property=\"article:modified_time\" content=\"2025-03-25T14:50:13+00:00\" \/>\n<meta property=\"og:image\" content=\"https:\/\/mpr-labs.com\/wp-content\/uploads\/2023\/08\/uslugi-badawcze-kategoria-top-min.png\" \/>\n\t<meta property=\"og:image:width\" content=\"2100\" \/>\n\t<meta property=\"og:image:height\" content=\"788\" \/>\n\t<meta property=\"og:image:type\" content=\"image\/png\" \/>\n<meta name=\"twitter:card\" content=\"summary_large_image\" \/>\n<meta name=\"twitter:label1\" content=\"Gesch\u00e4tzte Lesezeit\" \/>\n\t<meta name=\"twitter:data1\" content=\"1\u00a0Minute\" \/>\n<script type=\"application\/ld+json\" class=\"yoast-schema-graph\">{\"@context\":\"https:\/\/schema.org\",\"@graph\":[{\"@type\":\"WebPage\",\"@id\":\"https:\/\/mpr-labs.com\/uslugi-badawcze\/\",\"url\":\"https:\/\/mpr-labs.com\/uslugi-badawcze\/\",\"name\":\"Us\u0142ugi badawcze - szeroki zakres us\u0142ug badawczych dla produkt\u00f3w kosmetycznych i dezynfekcyjnych | MPR Labs\",\"isPartOf\":{\"@id\":\"https:\/\/mpr-labs.com\/#website\"},\"primaryImageOfPage\":{\"@id\":\"https:\/\/mpr-labs.com\/uslugi-badawcze\/#primaryimage\"},\"image\":{\"@id\":\"https:\/\/mpr-labs.com\/uslugi-badawcze\/#primaryimage\"},\"thumbnailUrl\":\"https:\/\/mpr-labs.com\/wp-content\/uploads\/2023\/08\/uslugi-badawcze-kategoria-top-min.png\",\"datePublished\":\"2023-06-05T09:07:12+00:00\",\"dateModified\":\"2025-03-25T14:50:13+00:00\",\"breadcrumb\":{\"@id\":\"https:\/\/mpr-labs.com\/uslugi-badawcze\/#breadcrumb\"},\"inLanguage\":\"de\",\"potentialAction\":[{\"@type\":\"ReadAction\",\"target\":[\"https:\/\/mpr-labs.com\/uslugi-badawcze\/\"]}]},{\"@type\":\"ImageObject\",\"inLanguage\":\"de\",\"@id\":\"https:\/\/mpr-labs.com\/uslugi-badawcze\/#primaryimage\",\"url\":\"https:\/\/mpr-labs.com\/wp-content\/uploads\/2023\/08\/uslugi-badawcze-kategoria-top-min.png\",\"contentUrl\":\"https:\/\/mpr-labs.com\/wp-content\/uploads\/2023\/08\/uslugi-badawcze-kategoria-top-min.png\",\"width\":2100,\"height\":788},{\"@type\":\"BreadcrumbList\",\"@id\":\"https:\/\/mpr-labs.com\/uslugi-badawcze\/#breadcrumb\",\"itemListElement\":[{\"@type\":\"ListItem\",\"position\":1,\"name\":\"Strona g\u0142\u00f3wna\",\"item\":\"https:\/\/mpr-labs.com\/\"},{\"@type\":\"ListItem\",\"position\":2,\"name\":\"Us\u0142ugi badawcze\"}]},{\"@type\":\"WebSite\",\"@id\":\"https:\/\/mpr-labs.com\/#website\",\"url\":\"https:\/\/mpr-labs.com\/\",\"name\":\"MPR Labs\",\"description\":\"MPR Labs - Laboratorium Kosmetyczne\",\"publisher\":{\"@id\":\"https:\/\/mpr-labs.com\/#organization\"},\"potentialAction\":[{\"@type\":\"SearchAction\",\"target\":{\"@type\":\"EntryPoint\",\"urlTemplate\":\"https:\/\/mpr-labs.com\/?s={search_term_string}\"},\"query-input\":{\"@type\":\"PropertyValueSpecification\",\"valueRequired\":true,\"valueName\":\"search_term_string\"}}],\"inLanguage\":\"de\"},{\"@type\":\"Organization\",\"@id\":\"https:\/\/mpr-labs.com\/#organization\",\"name\":\"MPR Labs Sp. z o.o.\",\"alternateName\":\"MPR Labs\",\"url\":\"https:\/\/mpr-labs.com\/\",\"logo\":{\"@type\":\"ImageObject\",\"inLanguage\":\"de\",\"@id\":\"https:\/\/mpr-labs.com\/#\/schema\/logo\/image\/\",\"url\":\"https:\/\/mpr-labs.com\/wp-content\/uploads\/2023\/05\/logo-new.png\",\"contentUrl\":\"https:\/\/mpr-labs.com\/wp-content\/uploads\/2023\/05\/logo-new.png\",\"width\":1150,\"height\":328,\"caption\":\"MPR Labs Sp. z o.o.\"},\"image\":{\"@id\":\"https:\/\/mpr-labs.com\/#\/schema\/logo\/image\/\"},\"sameAs\":[\"https:\/\/www.facebook.com\/MPRLabs\",\"https:\/\/www.linkedin.com\/company\/mpr-labs\/\"]}]}<\/script>\n<!-- \/ Yoast SEO plugin. -->","yoast_head_json":{"title":"Pr\u00fcfdienstleistungen - breite Palette von Pr\u00fcfdienstleistungen f\u00fcr kosmetische und desinfizierende Produkte | MPR Labs","robots":{"index":"index","follow":"follow","max-snippet":"max-snippet:-1","max-image-preview":"max-image-preview:large","max-video-preview":"max-video-preview:-1"},"canonical":"https:\/\/mpr-labs.com\/de\/forschungsdienstleistungen\/","og_locale":"de_DE","og_type":"article","og_title":"Us\u0142ugi badawcze - szeroki zakres us\u0142ug badawczych dla produkt\u00f3w kosmetycznych i dezynfekcyjnych | MPR Labs","og_description":"Nasze us\u0142ugi Us\u0142ugi badawcze Badania Kosmetyk\u00f3w Badania Produkt\u00f3w Do Dezynfekcji Pozosta\u0142e Us\u0142ugi","og_url":"https:\/\/mpr-labs.com\/de\/forschungsdienstleistungen\/","og_site_name":"MPR Labs","article_publisher":"https:\/\/www.facebook.com\/MPRLabs","article_modified_time":"2025-03-25T14:50:13+00:00","og_image":[{"width":2100,"height":788,"url":"https:\/\/mpr-labs.com\/wp-content\/uploads\/2023\/08\/uslugi-badawcze-kategoria-top-min.png","type":"image\/png"}],"twitter_card":"summary_large_image","twitter_misc":{"Gesch\u00e4tzte Lesezeit":"1\u00a0Minute"},"schema":{"@context":"https:\/\/schema.org","@graph":[{"@type":"WebPage","@id":"https:\/\/mpr-labs.com\/uslugi-badawcze\/","url":"https:\/\/mpr-labs.com\/uslugi-badawcze\/","name":"Pr\u00fcfdienstleistungen - breite Palette von Pr\u00fcfdienstleistungen f\u00fcr kosmetische und desinfizierende Produkte | MPR Labs","isPartOf":{"@id":"https:\/\/mpr-labs.com\/#website"},"primaryImageOfPage":{"@id":"https:\/\/mpr-labs.com\/uslugi-badawcze\/#primaryimage"},"image":{"@id":"https:\/\/mpr-labs.com\/uslugi-badawcze\/#primaryimage"},"thumbnailUrl":"https:\/\/mpr-labs.com\/wp-content\/uploads\/2023\/08\/uslugi-badawcze-kategoria-top-min.png","datePublished":"2023-06-05T09:07:12+00:00","dateModified":"2025-03-25T14:50:13+00:00","breadcrumb":{"@id":"https:\/\/mpr-labs.com\/uslugi-badawcze\/#breadcrumb"},"inLanguage":"de","potentialAction":[{"@type":"ReadAction","target":["https:\/\/mpr-labs.com\/uslugi-badawcze\/"]}]},{"@type":"ImageObject","inLanguage":"de","@id":"https:\/\/mpr-labs.com\/uslugi-badawcze\/#primaryimage","url":"https:\/\/mpr-labs.com\/wp-content\/uploads\/2023\/08\/uslugi-badawcze-kategoria-top-min.png","contentUrl":"https:\/\/mpr-labs.com\/wp-content\/uploads\/2023\/08\/uslugi-badawcze-kategoria-top-min.png","width":2100,"height":788},{"@type":"BreadcrumbList","@id":"https:\/\/mpr-labs.com\/uslugi-badawcze\/#breadcrumb","itemListElement":[{"@type":"ListItem","position":1,"name":"Strona g\u0142\u00f3wna","item":"https:\/\/mpr-labs.com\/"},{"@type":"ListItem","position":2,"name":"Us\u0142ugi badawcze"}]},{"@type":"WebSite","@id":"https:\/\/mpr-labs.com\/#website","url":"https:\/\/mpr-labs.com\/","name":"MPR-Labore","description":"MPR Labs - Kosmetisches Labor","publisher":{"@id":"https:\/\/mpr-labs.com\/#organization"},"potentialAction":[{"@type":"SearchAction","target":{"@type":"EntryPoint","urlTemplate":"https:\/\/mpr-labs.com\/?s={search_term_string}"},"query-input":{"@type":"PropertyValueSpecification","valueRequired":true,"valueName":"search_term_string"}}],"inLanguage":"de"},{"@type":"Organization","@id":"https:\/\/mpr-labs.com\/#organization","name":"MPR Labs Sp. z o.o.","alternateName":"MPR Labs","url":"https:\/\/mpr-labs.com\/","logo":{"@type":"ImageObject","inLanguage":"de","@id":"https:\/\/mpr-labs.com\/#\/schema\/logo\/image\/","url":"https:\/\/mpr-labs.com\/wp-content\/uploads\/2023\/05\/logo-new.png","contentUrl":"https:\/\/mpr-labs.com\/wp-content\/uploads\/2023\/05\/logo-new.png","width":1150,"height":328,"caption":"MPR Labs Sp. z o.o."},"image":{"@id":"https:\/\/mpr-labs.com\/#\/schema\/logo\/image\/"},"sameAs":["https:\/\/www.facebook.com\/MPRLabs","https:\/\/www.linkedin.com\/company\/mpr-labs\/"]}]}},"_links":{"self":[{"href":"https:\/\/mpr-labs.com\/de\/wp-json\/wp\/v2\/pages\/3234","targetHints":{"allow":["GET"]}}],"collection":[{"href":"https:\/\/mpr-labs.com\/de\/wp-json\/wp\/v2\/pages"}],"about":[{"href":"https:\/\/mpr-labs.com\/de\/wp-json\/wp\/v2\/types\/page"}],"author":[{"embeddable":true,"href":"https:\/\/mpr-labs.com\/de\/wp-json\/wp\/v2\/users\/2"}],"replies":[{"embeddable":true,"href":"https:\/\/mpr-labs.com\/de\/wp-json\/wp\/v2\/comments?post=3234"}],"version-history":[{"count":27,"href":"https:\/\/mpr-labs.com\/de\/wp-json\/wp\/v2\/pages\/3234\/revisions"}],"predecessor-version":[{"id":3754,"href":"https:\/\/mpr-labs.com\/de\/wp-json\/wp\/v2\/pages\/3234\/revisions\/3754"}],"wp:featuredmedia":[{"embeddable":true,"href":"https:\/\/mpr-labs.com\/de\/wp-json\/wp\/v2\/media\/3574"}],"wp:attachment":[{"href":"https:\/\/mpr-labs.com\/de\/wp-json\/wp\/v2\/media?parent=3234"}],"curies":[{"name":"wp","href":"https:\/\/api.w.org\/{rel}","templated":true}]}}