{"id":3,"date":"2023-03-28T11:18:17","date_gmt":"2023-03-28T11:18:17","guid":{"rendered":"https:\/\/mpr-labs.com\/?page_id=3"},"modified":"2025-03-25T13:39:36","modified_gmt":"2025-03-25T13:39:36","slug":"datenschutzbestimmungen","status":"publish","type":"page","link":"https:\/\/mpr-labs.com\/de\/polityka-prywatnosci\/","title":{"rendered":"Datenschutzbestimmungen"},"content":{"rendered":"<p>Die folgende Datenschutzerkl\u00e4rung soll Sie \u00fcber unsere Verwendung Ihrer personenbezogenen Daten informieren, wobei wir alle Anforderungen der Verordnung (EU) 2016\/679 EU des Europ\u00e4ischen Parlaments und des Rates vom 27. April 2016 erf\u00fcllen. (im Folgenden: \u201eRODO\u201d).<\/p>\n\n\n\n<h2 class=\"wp-block-heading\"><strong><u>Identit\u00e4t des Verwalters<\/u><\/strong><\/h2>\n\n\n\n<p>Der Datenverwalter ist MPR Labs Sp. z o.o. mit Sitz in \u0141\u00f3d\u017a (93-357) in der Stra\u00dfe Kosynier\u00f3w Gdy\u0144skich 50, der f\u00fcr die Gew\u00e4hrleistung des Betriebs von mpr-labs.com verantwortlich ist.<\/p>\n\n\n\n<h2 class=\"wp-block-heading\"><strong><u>Kontaktinformationen des Verwalters<\/u><\/strong><\/h2>\n\n\n\n<ul class=\"wp-block-list\">\n<li>\n<\/ul>\n\n\n\n<ol class=\"wp-block-list\">\n<li>Der f\u00fcr die Datenverarbeitung Verantwortliche - MPR Labs - kann kontaktiert werden:\n<ul class=\"wp-block-list\">\n<li>per E-Mail an info@mpr-labs.com;<\/li>\n\n\n\n<li>unter Verwendung des Kontaktformulars, das online unter mpr-labs.com\/contact zur Verf\u00fcgung steht;<\/li>\n\n\n\n<li>per Brief an die Anschrift des eingetragenen Sitzes des Verwalters.<\/li>\n<\/ul>\n<\/li>\n\n\n\n<li>Der f\u00fcr die Verarbeitung Verantwortliche verwendet dem Stand der Technik entsprechende technische Ma\u00dfnahmen und organisatorische L\u00f6sungen, um ein hohes Schutzniveau f\u00fcr die verarbeiteten personenbezogenen Daten zu gew\u00e4hrleisten und sie vor unbefugtem Zugriff zu sch\u00fctzen.<\/li>\n<\/ol>\n\n\n\n<h2 class=\"wp-block-heading\"><strong><u>Ziele und Rechtsgrundlagen der Datenverarbeitung<\/u><\/strong><\/h2>\n\n\n\n<p>Die personenbezogenen Daten der Nutzer k\u00f6nnen vom Verwalter auf der Grundlage folgender Kriterien verarbeitet werden:<\/p>\n\n\n\n<ol class=\"wp-block-list\">\n<li>Notwendigkeit zur Erf\u00fcllung des Vertrags oder zur Vornahme von Ma\u00dfnahmen vor Vertragsabschluss (Artikel 6 Absatz 1 Buchstabe b) RODO), gesondert f\u00fcr den Zweck:\n<ul class=\"wp-block-list\">\n<li><span style='color: initial; font-family: -apple-system, BlinkMacSystemFont, \"Segoe UI\", Roboto, Oxygen-Sans, Ubuntu, Cantarell, \"Helvetica Neue\", sans-serif;'>zur Durchf\u00fchrung der beauftragten Dienstleistungen, zur Erstellung der Dokumentation f\u00fcr die beauftragten Projekte und Dienstleistungen und zu Abrechnungszwecken;<\/span><\/li>\n\n\n\n<li><span style='color: initial; font-family: -apple-system, BlinkMacSystemFont, \"Segoe UI\", Roboto, Oxygen-Sans, Ubuntu, Cantarell, \"Helvetica Neue\", sans-serif;'>Antworten auf Anfragen zu den angebotenen Dienstleistungen;<\/span><\/li>\n\n\n\n<li>den Zugang zu Materialien zu erm\u00f6glichen, die mit den auf mpr-labs.com behandelten Themen in Zusammenhang stehen;<\/li>\n<\/ul>\n<\/li>\n\n\n\n<li>Das berechtigte Interesse des Verwalters (Artikel 6 Absatz 1 Buchstabe f) RODO), gesondert zu diesem Zweck:\n<ul class=\"wp-block-list\">\n<li><span style='color: initial; font-family: -apple-system, BlinkMacSystemFont, \"Segoe UI\", Roboto, Oxygen-Sans, Ubuntu, Cantarell, \"Helvetica Neue\", sans-serif;'>Vermarktung der eigenen Produkte und Dienstleistungen des Verwalters, einschlie\u00dflich zu Analyse- und Profilierungszwecken, wenn das berechtigte Interesse des Verwalters darin besteht, Direktmarketing f\u00fcr seine eigenen Produkte und Dienstleistungen zu betreiben;<\/span><\/li>\n\n\n\n<li><span style='color: initial; font-family: -apple-system, BlinkMacSystemFont, \"Segoe UI\", Roboto, Oxygen-Sans, Ubuntu, Cantarell, \"Helvetica Neue\", sans-serif;'>Personenbezogene Daten k\u00f6nnen auch zum Zwecke der Direktvermarktung von Produkten, zur Sicherung und Durchsetzung von Anspr\u00fcchen oder zum Schutz vor Anspr\u00fcchen des Nutzers oder eines Dritten sowie zur Vermarktung von Dienstleistungen und Produkten Dritter oder f\u00fcr unser eigenes Marketing, das kein Direktmarketing ist, verarbeitet werden;<\/span><\/li>\n\n\n\n<li>Abwehr m\u00f6glicher Anspr\u00fcche, wenn das berechtigte Interesse des Verwalters in der Geltendmachung oder Abwehr von Anspr\u00fcchen besteht.<\/li>\n<\/ul>\n<\/li>\n<\/ol>\n\n\n\n<h2 class=\"wp-block-heading\"><strong><u>Aufbewahrungsfrist f\u00fcr personenbezogene Daten<\/u><\/strong><\/h2>\n\n\n\n<ol class=\"wp-block-list\">\n<li>Die Daten werden f\u00fcr einen Zeitraum nach Eingang der Kontaktaufnahme gespeichert und nicht l\u00e4nger, als bis der Nutzer ihre L\u00f6schung verlangt;<\/li>\n\n\n\n<li>Daten, die zu Archivierungszwecken aufbewahrt werden - so lange, wie es zur Erf\u00fcllung dieses Zwecks erforderlich ist;<\/li>\n\n\n\n<li>Daten im Zusammenhang mit der Beantwortung von E-Mails, telefonischen Kontakten - bis zur Erledigung der Korrespondenz oder bis zum Widerruf der erteilten Zustimmung, es sei denn, eine weitere Speicherung ist durch ein \u00fcberwiegendes Interesse des Verwalters, wie z. B. die Abwehr m\u00f6glicher Anspr\u00fcche, gerechtfertigt.<\/li>\n<\/ol>\n\n\n\n<h2 class=\"wp-block-heading\"><strong><u>Benutzerrechte<\/u><\/strong><\/h2>\n\n\n\n<p>Die Nutzer haben Anspruch auf:<\/p>\n\n\n\n<ol class=\"wp-block-list\">\n<li>Das Recht auf Zugang zu Ihren Daten und auf eine Kopie Ihrer Daten;<\/li>\n\n\n\n<li>Das Recht auf Berichtigung (Richtigstellung Ihrer Daten);<\/li>\n\n\n\n<li>Recht auf L\u00f6schung - wenn Sie der Meinung sind, dass der f\u00fcr die Verarbeitung Verantwortliche nicht das Recht hat, Ihre Daten zu verarbeiten;<\/li>\n\n\n\n<li>Recht auf Einschr\u00e4nkung der Verarbeitung - Sie k\u00f6nnen verlangen, dass die Verarbeitung Ihrer personenbezogenen Daten auf die Speicherung beschr\u00e4nkt wird, wenn Sie der Meinung sind, dass die Daten unrichtig sind oder die Verarbeitung unrechtm\u00e4\u00dfig ist;<\/li>\n\n\n\n<li>Widerspruchsrecht - Nutzer k\u00f6nnen der Verarbeitung ihrer personenbezogenen Daten widersprechen, wenn die Rechtsgrundlage f\u00fcr die Verarbeitung das berechtigte Interesse des f\u00fcr die Verarbeitung Verantwortlichen ist;<\/li>\n\n\n\n<li>Recht auf Daten\u00fcbertragbarkeit - Der Nutzer kann verlangen, dass der f\u00fcr die Verarbeitung Verantwortliche die verarbeiteten personenbezogenen Daten des Nutzers an eine andere Stelle \u00fcbermittelt. Zu diesem Zweck sollte er einen Antrag an den f\u00fcr die Verarbeitung Verantwortlichen stellen und angeben, an welche Stelle (Name, Adresse) die personenbezogenen Daten des Nutzers \u00fcbertragen werden sollen und welche spezifischen Daten der Nutzer von dem f\u00fcr die Verarbeitung Verantwortlichen \u00fcbertragen lassen m\u00f6chte. Nachdem der Nutzer seinen Antrag best\u00e4tigt hat, wird der Verwalter die personenbezogenen Daten des Nutzers in elektronischer Form an die angegebene Stelle \u00fcbermitteln. Die Best\u00e4tigung der Anfrage durch den Nutzer ist notwendig, um die Sicherheit der personenbezogenen Daten des Nutzers zu gew\u00e4hrleisten und um sicherzustellen, dass die Anfrage von einer befugten Person stammt;<\/li>\n\n\n\n<li>Recht auf Beschwerde - Wenn Sie der Meinung sind, dass Ihre personenbezogenen Daten unrechtm\u00e4\u00dfig verarbeitet werden, k\u00f6nnen Sie eine Beschwerde beim Pr\u00e4sidenten der Datenschutzbeh\u00f6rde oder einer anderen Aufsichtsbeh\u00f6rde einreichen.<\/li>\n<\/ol>\n\n\n\n<h2 class=\"wp-block-heading\"><strong><u>Gemeinsame Nutzung von Daten<\/u><\/strong><\/h2>\n\n\n\n<p>Die personenbezogenen Daten der Nutzer k\u00f6nnen an Einrichtungen weitergegeben werden, denen der Verwalter die Verarbeitung personenbezogener Daten auf der Grundlage von Vertr\u00e4gen anvertraut, sowie an Einrichtungen, die auf der Grundlage von Rechtsvorschriften zum Erhalt personenbezogener Daten berechtigt sind.<\/p>\n\n\n\n<h2 class=\"wp-block-heading\"><strong><u>\u00c4nderungen der Datenschutzrichtlinie<\/u><\/strong><\/h2>\n\n\n\n<p>Um sicherzustellen, dass die Datenschutzpolitik des Portals jederzeit den aktuellen gesetzlichen Anforderungen entspricht, beh\u00e4lt sich der Administrator das Recht vor, sie jederzeit zu \u00e4ndern.<\/p>\n\n\n\n<h2 class=\"wp-block-heading\"><\/h2>","protected":false},"excerpt":{"rendered":"<p>Poni\u017csza Polityka prywatno\u015bci ma na celu poinformowanie o sposobie wykorzystywania przez nas Pa\u0144stwa danych osobowych, wzgl\u0119dem kt\u00f3rych spe\u0142niamy wszystkie wymogi Rozporz\u0105dzenia Parlamentu Europejskiego i Rady (UE) 2016\/679 UE z dnia 27 kwietnia 2016 r. (dalej jako: \u201eRODO\u201d). To\u017csamo\u015b\u0107 administratora Administratorem danych jest MPR Labs Sp. z o.o., maj\u0105ca siedzib\u0119 w \u0141odzi (93-357) przy ul. Kosynier\u00f3w [&hellip;]<\/p>\n","protected":false},"author":2,"featured_media":0,"parent":0,"menu_order":0,"comment_status":"closed","ping_status":"closed","template":"","meta":{"footnotes":""},"class_list":["post-3","page","type-page","status-publish","format-standard","hentry"],"yoast_head":"<!-- This site is optimized with the Yoast SEO plugin v25.4 - https:\/\/yoast.com\/wordpress\/plugins\/seo\/ -->\n<title>Polityka prywatno\u015bci - MPR Labs<\/title>\n<meta name=\"robots\" content=\"noindex, follow\" \/>\n<meta property=\"og:locale\" content=\"de_DE\" \/>\n<meta property=\"og:type\" content=\"article\" \/>\n<meta property=\"og:title\" content=\"Polityka prywatno\u015bci - MPR Labs\" \/>\n<meta property=\"og:description\" content=\"Poni\u017csza Polityka prywatno\u015bci ma na celu poinformowanie o sposobie wykorzystywania przez nas Pa\u0144stwa danych osobowych, wzgl\u0119dem kt\u00f3rych spe\u0142niamy wszystkie wymogi Rozporz\u0105dzenia Parlamentu Europejskiego i Rady (UE) 2016\/679 UE z dnia 27 kwietnia 2016 r. (dalej jako: \u201eRODO\u201d). To\u017csamo\u015b\u0107 administratora Administratorem danych jest MPR Labs Sp. z o.o., maj\u0105ca siedzib\u0119 w \u0141odzi (93-357) przy ul. Kosynier\u00f3w [&hellip;]\" \/>\n<meta property=\"og:url\" content=\"https:\/\/mpr-labs.com\/de\/datenschutzbestimmungen\/\" \/>\n<meta property=\"og:site_name\" content=\"MPR Labs\" \/>\n<meta property=\"article:publisher\" content=\"https:\/\/www.facebook.com\/MPRLabs\" \/>\n<meta property=\"article:modified_time\" content=\"2025-03-25T13:39:36+00:00\" \/>\n<meta name=\"twitter:card\" content=\"summary_large_image\" \/>\n<meta name=\"twitter:label1\" content=\"Gesch\u00e4tzte Lesezeit\" \/>\n\t<meta name=\"twitter:data1\" content=\"4\u00a0Minuten\" \/>\n<script type=\"application\/ld+json\" class=\"yoast-schema-graph\">{\"@context\":\"https:\/\/schema.org\",\"@graph\":[{\"@type\":\"WebPage\",\"@id\":\"https:\/\/mpr-labs.com\/polityka-prywatnosci\/\",\"url\":\"https:\/\/mpr-labs.com\/polityka-prywatnosci\/\",\"name\":\"Polityka prywatno\u015bci - MPR Labs\",\"isPartOf\":{\"@id\":\"https:\/\/mpr-labs.com\/#website\"},\"datePublished\":\"2023-03-28T11:18:17+00:00\",\"dateModified\":\"2025-03-25T13:39:36+00:00\",\"breadcrumb\":{\"@id\":\"https:\/\/mpr-labs.com\/polityka-prywatnosci\/#breadcrumb\"},\"inLanguage\":\"de\",\"potentialAction\":[{\"@type\":\"ReadAction\",\"target\":[\"https:\/\/mpr-labs.com\/polityka-prywatnosci\/\"]}]},{\"@type\":\"BreadcrumbList\",\"@id\":\"https:\/\/mpr-labs.com\/polityka-prywatnosci\/#breadcrumb\",\"itemListElement\":[{\"@type\":\"ListItem\",\"position\":1,\"name\":\"Strona g\u0142\u00f3wna\",\"item\":\"https:\/\/mpr-labs.com\/\"},{\"@type\":\"ListItem\",\"position\":2,\"name\":\"Polityka prywatno\u015bci\"}]},{\"@type\":\"WebSite\",\"@id\":\"https:\/\/mpr-labs.com\/#website\",\"url\":\"https:\/\/mpr-labs.com\/\",\"name\":\"MPR Labs\",\"description\":\"MPR Labs - Laboratorium Kosmetyczne\",\"publisher\":{\"@id\":\"https:\/\/mpr-labs.com\/#organization\"},\"potentialAction\":[{\"@type\":\"SearchAction\",\"target\":{\"@type\":\"EntryPoint\",\"urlTemplate\":\"https:\/\/mpr-labs.com\/?s={search_term_string}\"},\"query-input\":{\"@type\":\"PropertyValueSpecification\",\"valueRequired\":true,\"valueName\":\"search_term_string\"}}],\"inLanguage\":\"de\"},{\"@type\":\"Organization\",\"@id\":\"https:\/\/mpr-labs.com\/#organization\",\"name\":\"MPR Labs Sp. z o.o.\",\"alternateName\":\"MPR Labs\",\"url\":\"https:\/\/mpr-labs.com\/\",\"logo\":{\"@type\":\"ImageObject\",\"inLanguage\":\"de\",\"@id\":\"https:\/\/mpr-labs.com\/#\/schema\/logo\/image\/\",\"url\":\"https:\/\/mpr-labs.com\/wp-content\/uploads\/2023\/05\/logo-new.png\",\"contentUrl\":\"https:\/\/mpr-labs.com\/wp-content\/uploads\/2023\/05\/logo-new.png\",\"width\":1150,\"height\":328,\"caption\":\"MPR Labs Sp. z o.o.\"},\"image\":{\"@id\":\"https:\/\/mpr-labs.com\/#\/schema\/logo\/image\/\"},\"sameAs\":[\"https:\/\/www.facebook.com\/MPRLabs\",\"https:\/\/www.linkedin.com\/company\/mpr-labs\/\"]}]}<\/script>\n<!-- \/ Yoast SEO plugin. -->","yoast_head_json":{"title":"Datenschutzrichtlinie - MPR Labs","robots":{"index":"noindex","follow":"follow"},"og_locale":"de_DE","og_type":"article","og_title":"Polityka prywatno\u015bci - MPR Labs","og_description":"Poni\u017csza Polityka prywatno\u015bci ma na celu poinformowanie o sposobie wykorzystywania przez nas Pa\u0144stwa danych osobowych, wzgl\u0119dem kt\u00f3rych spe\u0142niamy wszystkie wymogi Rozporz\u0105dzenia Parlamentu Europejskiego i Rady (UE) 2016\/679 UE z dnia 27 kwietnia 2016 r. (dalej jako: \u201eRODO\u201d). To\u017csamo\u015b\u0107 administratora Administratorem danych jest MPR Labs Sp. z o.o., maj\u0105ca siedzib\u0119 w \u0141odzi (93-357) przy ul. Kosynier\u00f3w [&hellip;]","og_url":"https:\/\/mpr-labs.com\/de\/datenschutzbestimmungen\/","og_site_name":"MPR Labs","article_publisher":"https:\/\/www.facebook.com\/MPRLabs","article_modified_time":"2025-03-25T13:39:36+00:00","twitter_card":"summary_large_image","twitter_misc":{"Gesch\u00e4tzte Lesezeit":"4\u00a0Minuten"},"schema":{"@context":"https:\/\/schema.org","@graph":[{"@type":"WebPage","@id":"https:\/\/mpr-labs.com\/polityka-prywatnosci\/","url":"https:\/\/mpr-labs.com\/polityka-prywatnosci\/","name":"Datenschutzrichtlinie - MPR Labs","isPartOf":{"@id":"https:\/\/mpr-labs.com\/#website"},"datePublished":"2023-03-28T11:18:17+00:00","dateModified":"2025-03-25T13:39:36+00:00","breadcrumb":{"@id":"https:\/\/mpr-labs.com\/polityka-prywatnosci\/#breadcrumb"},"inLanguage":"de","potentialAction":[{"@type":"ReadAction","target":["https:\/\/mpr-labs.com\/polityka-prywatnosci\/"]}]},{"@type":"BreadcrumbList","@id":"https:\/\/mpr-labs.com\/polityka-prywatnosci\/#breadcrumb","itemListElement":[{"@type":"ListItem","position":1,"name":"Strona g\u0142\u00f3wna","item":"https:\/\/mpr-labs.com\/"},{"@type":"ListItem","position":2,"name":"Polityka prywatno\u015bci"}]},{"@type":"WebSite","@id":"https:\/\/mpr-labs.com\/#website","url":"https:\/\/mpr-labs.com\/","name":"MPR-Labore","description":"MPR Labs - Kosmetisches Labor","publisher":{"@id":"https:\/\/mpr-labs.com\/#organization"},"potentialAction":[{"@type":"SearchAction","target":{"@type":"EntryPoint","urlTemplate":"https:\/\/mpr-labs.com\/?s={search_term_string}"},"query-input":{"@type":"PropertyValueSpecification","valueRequired":true,"valueName":"search_term_string"}}],"inLanguage":"de"},{"@type":"Organization","@id":"https:\/\/mpr-labs.com\/#organization","name":"MPR Labs Sp. z o.o.","alternateName":"MPR Labs","url":"https:\/\/mpr-labs.com\/","logo":{"@type":"ImageObject","inLanguage":"de","@id":"https:\/\/mpr-labs.com\/#\/schema\/logo\/image\/","url":"https:\/\/mpr-labs.com\/wp-content\/uploads\/2023\/05\/logo-new.png","contentUrl":"https:\/\/mpr-labs.com\/wp-content\/uploads\/2023\/05\/logo-new.png","width":1150,"height":328,"caption":"MPR Labs Sp. z o.o."},"image":{"@id":"https:\/\/mpr-labs.com\/#\/schema\/logo\/image\/"},"sameAs":["https:\/\/www.facebook.com\/MPRLabs","https:\/\/www.linkedin.com\/company\/mpr-labs\/"]}]}},"_links":{"self":[{"href":"https:\/\/mpr-labs.com\/de\/wp-json\/wp\/v2\/pages\/3","targetHints":{"allow":["GET"]}}],"collection":[{"href":"https:\/\/mpr-labs.com\/de\/wp-json\/wp\/v2\/pages"}],"about":[{"href":"https:\/\/mpr-labs.com\/de\/wp-json\/wp\/v2\/types\/page"}],"author":[{"embeddable":true,"href":"https:\/\/mpr-labs.com\/de\/wp-json\/wp\/v2\/users\/2"}],"replies":[{"embeddable":true,"href":"https:\/\/mpr-labs.com\/de\/wp-json\/wp\/v2\/comments?post=3"}],"version-history":[{"count":5,"href":"https:\/\/mpr-labs.com\/de\/wp-json\/wp\/v2\/pages\/3\/revisions"}],"predecessor-version":[{"id":4476,"href":"https:\/\/mpr-labs.com\/de\/wp-json\/wp\/v2\/pages\/3\/revisions\/4476"}],"wp:attachment":[{"href":"https:\/\/mpr-labs.com\/de\/wp-json\/wp\/v2\/media?parent=3"}],"curies":[{"name":"wp","href":"https:\/\/api.w.org\/{rel}","templated":true}]}}