{"id":2998,"date":"2023-05-30T16:11:02","date_gmt":"2023-05-30T16:11:02","guid":{"rendered":"https:\/\/mpr-labs.com\/?page_id=2998"},"modified":"2025-07-22T08:53:10","modified_gmt":"2025-07-22T08:53:10","slug":"tests-von-desinfektionsmitteln","status":"publish","type":"page","link":"https:\/\/mpr-labs.com\/de\/badania-produktow-do-dezynfekcji\/","title":{"rendered":"Pr\u00fcfung von Desinfektionsmitteln"},"content":{"rendered":"<div data-elementor-type=\"wp-page\" data-elementor-id=\"2998\" class=\"elementor elementor-2998\">\n\t\t\t\t\t\t<section class=\"elementor-section elementor-top-section elementor-element elementor-element-788674f elementor-section-boxed elementor-section-height-default elementor-section-height-default\" data-id=\"788674f\" data-element_type=\"section\">\n\t\t\t\t\t\t<div class=\"elementor-container elementor-column-gap-default\">\n\t\t\t\t\t<div class=\"elementor-column elementor-col-100 elementor-top-column elementor-element elementor-element-7219353\" data-id=\"7219353\" data-element_type=\"column\">\n\t\t\t<div class=\"elementor-widget-wrap elementor-element-populated\">\n\t\t\t\t\t\t<div class=\"elementor-element elementor-element-73c279f elementor-widget elementor-widget-text-editor\" data-id=\"73c279f\" data-element_type=\"widget\" data-widget_type=\"text-editor.default\">\n\t\t\t\t<div class=\"elementor-widget-container\">\n\t\t\t\t\t\t\t<p><strong>Wirksamkeitspr\u00fcfung von Biozidprodukten - der Eckpfeiler der Zulassung<\/strong><\/p><p><strong>Durch Tests nachgewiesene Wirksamkeit - Sicherheit f\u00fcr den Hersteller und den Benutzer<\/strong><\/p><p>Die Pr\u00fcfung von Desinfektionsmitteln ist ein unverzichtbarer Schritt im Zulassungsverfahren f\u00fcr Biozide. Bei MPR Labs bieten wir eine umfassende Bewertung der Wirksamkeit von Desinfektionsmittelpr\u00e4paraten in \u00dcbereinstimmung mit den geltenden gesetzlichen Anforderungen an. Unsere Tests bieten Herstellern und Vertreibern nicht nur eine Best\u00e4tigung der Produktqualit\u00e4t, sondern vor allem die M\u00f6glichkeit, ein Wirksamkeitszertifikat zu erhalten, das den formalen Nachweis der auf dem Etikett angegebenen Wirkung darstellt.<\/p><p><strong>Normen und Pr\u00fcfverfahren - Einhaltung der EU-Vorschriften<\/strong><\/p><p>Die Tests werden mit Referenzst\u00e4mmen von Bakterien und Pilzen durchgef\u00fchrt. Wir verwenden die aktuellen europ\u00e4ischen Standards, wie z. B.:<\/p><ul><li><strong>PN-EN 17272:2020<\/strong> - Dekontamination von R\u00e4umen \u00fcber die Luft durch automatisierte Verfahren<\/li><li><strong>PN-EN 13727:2015 <\/strong>- Pr\u00fcfung der keimt\u00f6tenden Wirksamkeit (Phase 2, Schritt 1),<\/li><li><strong>PN-EN 13624:2022<\/strong> - Pr\u00fcfung der fungiziden und yeastiziden Wirksamkeit (Phase 2, Schritt 1),<\/li><li><strong>PN-EN 13697:2024<\/strong> - Pr\u00fcfung der bakteriziden und fungiziden Wirkung auf Oberfl\u00e4chen (Phase 2, Schritt 2).<\/li><\/ul><p>Mit einem erfahrenen Team und moderner Ausr\u00fcstung <a href=\"https:\/\/mpr-labs.com\/\">Kosmetiklabor<\/a> garantieren wir zuverl\u00e4ssige und reproduzierbare Ergebnisse - ganz gleich, ob Sie ein medizinisches Pr\u00e4parat, ein K\u00f6rperpflegeprodukt oder ein Produkt f\u00fcr die Lebensmittel- und Dienstleistungsindustrie testen.<\/p><p><strong>Studien unter kontrollierten Bedingungen - eine realistische Einsch\u00e4tzung der Wirksamkeit<\/strong><\/p><p>Die vom Hersteller angegebene Wirksamkeit muss unter Laborbedingungen \u00fcberpr\u00fcft werden. Jedes Pr\u00e4parat wird in einer streng kontrollierten Umgebung mit ausgew\u00e4hlten Mikroorganismen getestet. Wir testen:<\/p><ul><li>Desinfektionsmittel f\u00fcr Oberfl\u00e4chen und Ger\u00e4te,<\/li><li>Pr\u00e4parate f\u00fcr die Hand- und Hauthygiene,<\/li><li>Produkte, die in medizinischen Einrichtungen und Labors verwendet werden.<\/li><\/ul><p>Unsere Forschungsberichte bilden die Grundlage f\u00fcr die Zulassung eines Pr\u00e4parats und die Erstellung von Produkt- und Marketingunterlagen. F\u00fcr viele Hersteller ist dies auch ein echter Wettbewerbsvorteil - die nachgewiesene Wirksamkeit wird zu einem Argument in der Kommunikation mit dem Endkunden.<\/p><p><strong>Spezialisierte Laborzubereitungen - mikrobiologische Sicherheit<\/strong><\/p><p>Besondere Anforderungen gelten f\u00fcr Produkte, die in Laboratorien, im Gesundheitswesen oder in der Kosmetik- und Pharmaindustrie verwendet werden. In diesen F\u00e4llen ist nicht nur die Wirksamkeit, sondern auch die mikrobiologische Reinheit des Produkts entscheidend. Wir bieten:<\/p><ul><li><a href=\"https:\/\/mpr-labs.com\/badania-mikrobiologiczne-kosmetykow\/\">mikrobiologische Tests<\/a> professionelle Chemikalien,<\/li><li>Bewertung der \u00dcbereinstimmung mit den Anforderungen der mikrobiologischen Normen (z. B. Europ\u00e4isches Arzneibuch),<\/li><li>Beratung \u00fcber die Zusammensetzung, die technische Dokumentation und das Registrierungsverfahren.<\/li><\/ul><p>Als Labor, das auch im Bereich der Bewertung kosmetischer und haushaltschemischer Produkte t\u00e4tig ist, unterst\u00fctzen wir Hersteller w\u00e4hrend des gesamten Prozesses der Produkteinf\u00fchrung. Lassen Sie sich von unserem Team beraten und fordern Sie ein individuelles Angebot an <a href=\"https:\/\/mpr-labs.com\/uslugi-badawcze\/\">Forschungsdienstleistungen<\/a>. MPR Labs - Ihr Partner f\u00fcr die zuverl\u00e4ssige Bewertung der Wirksamkeit und Sicherheit von Biozidprodukten.<\/p>\t\t\t\t\t\t<\/div>\n\t\t\t\t<\/div>\n\t\t\t\t\t<\/div>\n\t\t<\/div>\n\t\t\t\t\t<\/div>\n\t\t<\/section>\n\t\t\t\t<\/div>","protected":false},"excerpt":{"rendered":"<p>Badania skuteczno\u015bci produkt\u00f3w biob\u00f3jczych \u2013 fundament dopuszczenia do obrotu Skuteczno\u015b\u0107 potwierdzona badaniami \u2013 pewno\u015b\u0107 dla producenta i u\u017cytkownika Badania produkt\u00f3w do dezynfekcji to nieodzowny etap procesu dopuszczenia \u015brodk\u00f3w biob\u00f3jczych do obrotu. W MPR Labs oferujemy kompleksow\u0105 ocen\u0119 skuteczno\u015bci preparat\u00f3w dezynfekcyjnych zgodnie z obowi\u0105zuj\u0105cymi wymaganiami prawnymi. Nasze badania zapewniaj\u0105 producentom i dystrybutorom nie tylko potwierdzenie jako\u015bci [&hellip;]<\/p>\n","protected":false},"author":2,"featured_media":3581,"parent":0,"menu_order":0,"comment_status":"closed","ping_status":"closed","template":"page-templates\/service-single-2.php","meta":{"footnotes":""},"class_list":["post-2998","page","type-page","status-publish","format-standard","has-post-thumbnail","hentry"],"yoast_head":"<!-- This site is optimized with the Yoast SEO plugin v25.4 - https:\/\/yoast.com\/wordpress\/plugins\/seo\/ -->\n<title>Badania produkt\u00f3w do dezynfekcji | MPR Labs<\/title>\n<meta name=\"description\" content=\"Badania Produkt\u00f3w do Dezynfekcji - Specjalizujemy si\u0119 w testach dezynfekcji. Nasze badania zapewniaj\u0105 skuteczno\u015b\u0107 i bezpiecze\u0144stwo produkt\u00f3w. Dowiedz si\u0119 wi\u0119cej o naszych us\u0142ugach.\" \/>\n<meta name=\"robots\" content=\"index, follow, max-snippet:-1, max-image-preview:large, max-video-preview:-1\" \/>\n<link rel=\"canonical\" href=\"https:\/\/mpr-labs.com\/de\/tests-von-desinfektionsmitteln\/\" \/>\n<meta property=\"og:locale\" content=\"de_DE\" \/>\n<meta property=\"og:type\" content=\"article\" \/>\n<meta property=\"og:title\" content=\"Badania produkt\u00f3w do dezynfekcji | MPR Labs\" \/>\n<meta property=\"og:description\" content=\"Badania Produkt\u00f3w do Dezynfekcji - Specjalizujemy si\u0119 w testach dezynfekcji. Nasze badania zapewniaj\u0105 skuteczno\u015b\u0107 i bezpiecze\u0144stwo produkt\u00f3w. Dowiedz si\u0119 wi\u0119cej o naszych us\u0142ugach.\" \/>\n<meta property=\"og:url\" content=\"https:\/\/mpr-labs.com\/de\/tests-von-desinfektionsmitteln\/\" \/>\n<meta property=\"og:site_name\" content=\"MPR Labs\" \/>\n<meta property=\"article:publisher\" content=\"https:\/\/www.facebook.com\/MPRLabs\" \/>\n<meta property=\"article:modified_time\" content=\"2025-07-22T08:53:10+00:00\" \/>\n<meta property=\"og:image\" content=\"https:\/\/mpr-labs.com\/wp-content\/uploads\/2023\/08\/bpdd-top-min.png\" \/>\n\t<meta property=\"og:image:width\" content=\"2100\" \/>\n\t<meta property=\"og:image:height\" content=\"788\" \/>\n\t<meta property=\"og:image:type\" content=\"image\/png\" \/>\n<meta name=\"twitter:card\" content=\"summary_large_image\" \/>\n<meta name=\"twitter:label1\" content=\"Gesch\u00e4tzte Lesezeit\" \/>\n\t<meta name=\"twitter:data1\" content=\"3\u00a0Minuten\" \/>\n<script type=\"application\/ld+json\" class=\"yoast-schema-graph\">{\"@context\":\"https:\/\/schema.org\",\"@graph\":[{\"@type\":\"WebPage\",\"@id\":\"https:\/\/mpr-labs.com\/badania-produktow-do-dezynfekcji\/\",\"url\":\"https:\/\/mpr-labs.com\/badania-produktow-do-dezynfekcji\/\",\"name\":\"Badania produkt\u00f3w do dezynfekcji | MPR Labs\",\"isPartOf\":{\"@id\":\"https:\/\/mpr-labs.com\/#website\"},\"primaryImageOfPage\":{\"@id\":\"https:\/\/mpr-labs.com\/badania-produktow-do-dezynfekcji\/#primaryimage\"},\"image\":{\"@id\":\"https:\/\/mpr-labs.com\/badania-produktow-do-dezynfekcji\/#primaryimage\"},\"thumbnailUrl\":\"https:\/\/mpr-labs.com\/wp-content\/uploads\/2023\/08\/bpdd-top-min.png\",\"datePublished\":\"2023-05-30T16:11:02+00:00\",\"dateModified\":\"2025-07-22T08:53:10+00:00\",\"description\":\"Badania Produkt\u00f3w do Dezynfekcji - Specjalizujemy si\u0119 w testach dezynfekcji. Nasze badania zapewniaj\u0105 skuteczno\u015b\u0107 i bezpiecze\u0144stwo produkt\u00f3w. Dowiedz si\u0119 wi\u0119cej o naszych us\u0142ugach.\",\"breadcrumb\":{\"@id\":\"https:\/\/mpr-labs.com\/badania-produktow-do-dezynfekcji\/#breadcrumb\"},\"inLanguage\":\"de\",\"potentialAction\":[{\"@type\":\"ReadAction\",\"target\":[\"https:\/\/mpr-labs.com\/badania-produktow-do-dezynfekcji\/\"]}]},{\"@type\":\"ImageObject\",\"inLanguage\":\"de\",\"@id\":\"https:\/\/mpr-labs.com\/badania-produktow-do-dezynfekcji\/#primaryimage\",\"url\":\"https:\/\/mpr-labs.com\/wp-content\/uploads\/2023\/08\/bpdd-top-min.png\",\"contentUrl\":\"https:\/\/mpr-labs.com\/wp-content\/uploads\/2023\/08\/bpdd-top-min.png\",\"width\":2100,\"height\":788,\"caption\":\"Badania Produkt\u00f3w do Dezynfekcji\"},{\"@type\":\"BreadcrumbList\",\"@id\":\"https:\/\/mpr-labs.com\/badania-produktow-do-dezynfekcji\/#breadcrumb\",\"itemListElement\":[{\"@type\":\"ListItem\",\"position\":1,\"name\":\"Strona g\u0142\u00f3wna\",\"item\":\"https:\/\/mpr-labs.com\/\"},{\"@type\":\"ListItem\",\"position\":2,\"name\":\"Badania produkt\u00f3w do dezynfekcji\"}]},{\"@type\":\"WebSite\",\"@id\":\"https:\/\/mpr-labs.com\/#website\",\"url\":\"https:\/\/mpr-labs.com\/\",\"name\":\"MPR Labs\",\"description\":\"MPR Labs - Laboratorium Kosmetyczne\",\"publisher\":{\"@id\":\"https:\/\/mpr-labs.com\/#organization\"},\"potentialAction\":[{\"@type\":\"SearchAction\",\"target\":{\"@type\":\"EntryPoint\",\"urlTemplate\":\"https:\/\/mpr-labs.com\/?s={search_term_string}\"},\"query-input\":{\"@type\":\"PropertyValueSpecification\",\"valueRequired\":true,\"valueName\":\"search_term_string\"}}],\"inLanguage\":\"de\"},{\"@type\":\"Organization\",\"@id\":\"https:\/\/mpr-labs.com\/#organization\",\"name\":\"MPR Labs Sp. z o.o.\",\"alternateName\":\"MPR Labs\",\"url\":\"https:\/\/mpr-labs.com\/\",\"logo\":{\"@type\":\"ImageObject\",\"inLanguage\":\"de\",\"@id\":\"https:\/\/mpr-labs.com\/#\/schema\/logo\/image\/\",\"url\":\"https:\/\/mpr-labs.com\/wp-content\/uploads\/2023\/05\/logo-new.png\",\"contentUrl\":\"https:\/\/mpr-labs.com\/wp-content\/uploads\/2023\/05\/logo-new.png\",\"width\":1150,\"height\":328,\"caption\":\"MPR Labs Sp. z o.o.\"},\"image\":{\"@id\":\"https:\/\/mpr-labs.com\/#\/schema\/logo\/image\/\"},\"sameAs\":[\"https:\/\/www.facebook.com\/MPRLabs\",\"https:\/\/www.linkedin.com\/company\/mpr-labs\/\"]}]}<\/script>\n<!-- \/ Yoast SEO plugin. -->","yoast_head_json":{"title":"Pr\u00fcfung von Desinfektionsmitteln | MPR Labs","description":"Pr\u00fcfung von Desinfektionsmitteln - Wir sind auf die Pr\u00fcfung von Desinfektionsmitteln spezialisiert. Unsere Tests gew\u00e4hrleisten die Wirksamkeit und Sicherheit von Produkten. Erfahren Sie mehr \u00fcber unsere Dienstleistungen.","robots":{"index":"index","follow":"follow","max-snippet":"max-snippet:-1","max-image-preview":"max-image-preview:large","max-video-preview":"max-video-preview:-1"},"canonical":"https:\/\/mpr-labs.com\/de\/tests-von-desinfektionsmitteln\/","og_locale":"de_DE","og_type":"article","og_title":"Badania produkt\u00f3w do dezynfekcji | MPR Labs","og_description":"Badania Produkt\u00f3w do Dezynfekcji - Specjalizujemy si\u0119 w testach dezynfekcji. Nasze badania zapewniaj\u0105 skuteczno\u015b\u0107 i bezpiecze\u0144stwo produkt\u00f3w. Dowiedz si\u0119 wi\u0119cej o naszych us\u0142ugach.","og_url":"https:\/\/mpr-labs.com\/de\/tests-von-desinfektionsmitteln\/","og_site_name":"MPR Labs","article_publisher":"https:\/\/www.facebook.com\/MPRLabs","article_modified_time":"2025-07-22T08:53:10+00:00","og_image":[{"width":2100,"height":788,"url":"https:\/\/mpr-labs.com\/wp-content\/uploads\/2023\/08\/bpdd-top-min.png","type":"image\/png"}],"twitter_card":"summary_large_image","twitter_misc":{"Gesch\u00e4tzte Lesezeit":"3\u00a0Minuten"},"schema":{"@context":"https:\/\/schema.org","@graph":[{"@type":"WebPage","@id":"https:\/\/mpr-labs.com\/badania-produktow-do-dezynfekcji\/","url":"https:\/\/mpr-labs.com\/badania-produktow-do-dezynfekcji\/","name":"Pr\u00fcfung von Desinfektionsmitteln | MPR Labs","isPartOf":{"@id":"https:\/\/mpr-labs.com\/#website"},"primaryImageOfPage":{"@id":"https:\/\/mpr-labs.com\/badania-produktow-do-dezynfekcji\/#primaryimage"},"image":{"@id":"https:\/\/mpr-labs.com\/badania-produktow-do-dezynfekcji\/#primaryimage"},"thumbnailUrl":"https:\/\/mpr-labs.com\/wp-content\/uploads\/2023\/08\/bpdd-top-min.png","datePublished":"2023-05-30T16:11:02+00:00","dateModified":"2025-07-22T08:53:10+00:00","description":"Pr\u00fcfung von Desinfektionsmitteln - Wir sind auf die Pr\u00fcfung von Desinfektionsmitteln spezialisiert. Unsere Tests gew\u00e4hrleisten die Wirksamkeit und Sicherheit von Produkten. Erfahren Sie mehr \u00fcber unsere Dienstleistungen.","breadcrumb":{"@id":"https:\/\/mpr-labs.com\/badania-produktow-do-dezynfekcji\/#breadcrumb"},"inLanguage":"de","potentialAction":[{"@type":"ReadAction","target":["https:\/\/mpr-labs.com\/badania-produktow-do-dezynfekcji\/"]}]},{"@type":"ImageObject","inLanguage":"de","@id":"https:\/\/mpr-labs.com\/badania-produktow-do-dezynfekcji\/#primaryimage","url":"https:\/\/mpr-labs.com\/wp-content\/uploads\/2023\/08\/bpdd-top-min.png","contentUrl":"https:\/\/mpr-labs.com\/wp-content\/uploads\/2023\/08\/bpdd-top-min.png","width":2100,"height":788,"caption":"Badania Produkt\u00f3w do Dezynfekcji"},{"@type":"BreadcrumbList","@id":"https:\/\/mpr-labs.com\/badania-produktow-do-dezynfekcji\/#breadcrumb","itemListElement":[{"@type":"ListItem","position":1,"name":"Strona g\u0142\u00f3wna","item":"https:\/\/mpr-labs.com\/"},{"@type":"ListItem","position":2,"name":"Badania produkt\u00f3w do dezynfekcji"}]},{"@type":"WebSite","@id":"https:\/\/mpr-labs.com\/#website","url":"https:\/\/mpr-labs.com\/","name":"MPR-Labore","description":"MPR Labs - Kosmetisches Labor","publisher":{"@id":"https:\/\/mpr-labs.com\/#organization"},"potentialAction":[{"@type":"SearchAction","target":{"@type":"EntryPoint","urlTemplate":"https:\/\/mpr-labs.com\/?s={search_term_string}"},"query-input":{"@type":"PropertyValueSpecification","valueRequired":true,"valueName":"search_term_string"}}],"inLanguage":"de"},{"@type":"Organization","@id":"https:\/\/mpr-labs.com\/#organization","name":"MPR Labs Sp. z o.o.","alternateName":"MPR Labs","url":"https:\/\/mpr-labs.com\/","logo":{"@type":"ImageObject","inLanguage":"de","@id":"https:\/\/mpr-labs.com\/#\/schema\/logo\/image\/","url":"https:\/\/mpr-labs.com\/wp-content\/uploads\/2023\/05\/logo-new.png","contentUrl":"https:\/\/mpr-labs.com\/wp-content\/uploads\/2023\/05\/logo-new.png","width":1150,"height":328,"caption":"MPR Labs Sp. z o.o."},"image":{"@id":"https:\/\/mpr-labs.com\/#\/schema\/logo\/image\/"},"sameAs":["https:\/\/www.facebook.com\/MPRLabs","https:\/\/www.linkedin.com\/company\/mpr-labs\/"]}]}},"_links":{"self":[{"href":"https:\/\/mpr-labs.com\/de\/wp-json\/wp\/v2\/pages\/2998","targetHints":{"allow":["GET"]}}],"collection":[{"href":"https:\/\/mpr-labs.com\/de\/wp-json\/wp\/v2\/pages"}],"about":[{"href":"https:\/\/mpr-labs.com\/de\/wp-json\/wp\/v2\/types\/page"}],"author":[{"embeddable":true,"href":"https:\/\/mpr-labs.com\/de\/wp-json\/wp\/v2\/users\/2"}],"replies":[{"embeddable":true,"href":"https:\/\/mpr-labs.com\/de\/wp-json\/wp\/v2\/comments?post=2998"}],"version-history":[{"count":16,"href":"https:\/\/mpr-labs.com\/de\/wp-json\/wp\/v2\/pages\/2998\/revisions"}],"predecessor-version":[{"id":4703,"href":"https:\/\/mpr-labs.com\/de\/wp-json\/wp\/v2\/pages\/2998\/revisions\/4703"}],"wp:featuredmedia":[{"embeddable":true,"href":"https:\/\/mpr-labs.com\/de\/wp-json\/wp\/v2\/media\/3581"}],"wp:attachment":[{"href":"https:\/\/mpr-labs.com\/de\/wp-json\/wp\/v2\/media?parent=2998"}],"curies":[{"name":"wp","href":"https:\/\/api.w.org\/{rel}","templated":true}]}}