{"id":2493,"date":"2023-04-11T09:14:35","date_gmt":"2023-04-11T09:14:35","guid":{"rendered":"https:\/\/mpr-labs.com\/?page_id=2493"},"modified":"2025-04-17T12:52:46","modified_gmt":"2025-04-17T12:52:46","slug":"kosmetikforschung","status":"publish","type":"page","link":"https:\/\/mpr-labs.com\/de\/badania-kosmetykow\/","title":{"rendered":"Kosmetische Forschung"},"content":{"rendered":"<div data-elementor-type=\"wp-page\" data-elementor-id=\"2493\" class=\"elementor elementor-2493\">\n\t\t\t\t\t\t<section class=\"elementor-section elementor-top-section elementor-element elementor-element-d6ca3bc elementor-section-boxed elementor-section-height-default elementor-section-height-default\" data-id=\"d6ca3bc\" data-element_type=\"section\">\n\t\t\t\t\t\t<div class=\"elementor-container elementor-column-gap-default\">\n\t\t\t\t\t<div class=\"elementor-column elementor-col-100 elementor-top-column elementor-element elementor-element-5775e52\" data-id=\"5775e52\" data-element_type=\"column\">\n\t\t\t<div class=\"elementor-widget-wrap elementor-element-populated\">\n\t\t\t\t\t\t<div class=\"elementor-element elementor-element-4d82403 elementor-widget elementor-widget-html\" data-id=\"4d82403\" data-element_type=\"widget\" data-widget_type=\"html.default\">\n\t\t\t\t<div class=\"elementor-widget-container\">\n\t\t\t<div class=\"service-single-tab\" bis_skin_checked=\"1\">\n                            <ul class=\"nav\" id=\"pills-tab\" role=\"tablist\">\n\n                                                                    <li>\n                                        <button class=\"active\" id=\"\" data-bs-toggle=\"pill\" data-bs-target=\"#tab1\">Grundlagenforschung<\/button>\n                                    <\/li>\n                                                                    <li>\n                                        <button class=\"\" id=\"\" data-bs-toggle=\"pill\" data-bs-target=\"#tab2\">Zus\u00e4tzliche Studien<\/button>\n                                    <\/li>\n                                                            <\/ul>\n                            <div class=\"tab-content\" id=\"pills-tabContent\" bis_skin_checked=\"1\">\n                                                                <div class=\"tab-pane fade show active\" id=\"tab1\" bis_skin_checked=\"1\">\n                                <ul>\n<li>Mikrobiologische Reinheit<\/li>\n<li><a href=\"https:\/\/mpr-labs.com\/de\/enzyklopaedie\/test-konserwacji\/\" target=\"_self\" title=\"Ein Konservierungstest in der Kosmetikindustrie ist ein Test zur \u00dcberpr\u00fcfung der Wirksamkeit des Konservierungsmittels oder Konservierungssystems, das zur Konservierung eines bestimmten Produkts verwendet wird. In der Praxis wird mit dieser Pr\u00fcfung bewertet, ob das Konservierungsmittel das Wachstum von Mikroorganismen im Produkt ausreichend verhindert, was f\u00fcr die Sicherheit der Verbraucher wichtig ist. Sie wird in verschiedenen Phasen der Herstellung und Lagerung durchgef\u00fchrt....\" class=\"encyclopedia\">Wartungstest<\/a> (Herausforderungstest)<\/li>\n<li>Stabilit\u00e4t und Vertr\u00e4glichkeit der Masse mit der Verpackung<\/li>\n<li>Physikalisch-chemische Untersuchungen der Masse (pH-Wert, Dichte, Viskosit\u00e4t, organoleptische Bewertung)<\/li>\n<li>Test der Wasseraktivit\u00e4t<\/li>\n<li>PAO - Haltbarkeitsdauer nach dem \u00d6ffnen<\/li>\n<\/ul><\/div>\n                                                                <div class=\"tab-pane fade show\" id=\"tab2\" bis_skin_checked=\"1\">\n                                <ul>\n<li>Dermatologische Untersuchungen (normale Dermatologie, erweiterte Dermatologie)<\/li>\n<li>Anwendungstests unter \u00e4rztlicher Aufsicht<\/li>\n<li>Instrumentelle Pr\u00fcfung - Ger\u00e4t<\/li>\n<li>SPF-Tests (in vivo, in vitro)<\/li>\n<li>IR-Schutzpr\u00fcfung, blaues Licht<\/li>\n<li>Antioxidative Eigenschaften (in vivo, in vitro)<\/li>\n<li>Mikrobiom-Studie<\/li>\n<li>Pr\u00fcfung der Zul\u00e4ssigkeit des Halal-Gewohnheitsrechts<\/li>\n<li>Bestimmung von Cannabinoiden<\/li>\n<li>Antibakterielle Eigenschaften<\/li>\n<li>Peroxidzahl<\/li>\n<li>Bestimmung von Schwermetallen<\/li>\n<li>Kennzeichnung von Allergenen<\/li>\n<\/ul><\/div>\n                                                            <\/div>\n                        <\/div>\t\t<\/div>\n\t\t\t\t<\/div>\n\t\t\t\t\t<\/div>\n\t\t<\/div>\n\t\t\t\t\t<\/div>\n\t\t<\/section>\n\t\t\t\t<section class=\"elementor-section elementor-top-section elementor-element elementor-element-788674f elementor-section-boxed elementor-section-height-default elementor-section-height-default\" data-id=\"788674f\" data-element_type=\"section\">\n\t\t\t\t\t\t<div class=\"elementor-container elementor-column-gap-default\">\n\t\t\t\t\t<div class=\"elementor-column elementor-col-100 elementor-top-column elementor-element elementor-element-7219353\" data-id=\"7219353\" data-element_type=\"column\">\n\t\t\t<div class=\"elementor-widget-wrap elementor-element-populated\">\n\t\t\t\t\t\t<div class=\"elementor-element elementor-element-fe221b4 elementor-widget elementor-widget-text-editor\" data-id=\"fe221b4\" data-element_type=\"widget\" data-widget_type=\"text-editor.default\">\n\t\t\t\t<div class=\"elementor-widget-container\">\n\t\t\t\t\t\t\t<p>Unser Labor ist spezialisiert auf dem Gebiet der <strong>Kosmetikforschung<\/strong>, und bietet Kosmetikherstellern weltweit Dienstleistungen von h\u00f6chster Qualit\u00e4t.<\/p><p>Wir sind spezialisiert auf die Durchf\u00fchrung von <strong>umfassende Pr\u00fcfung von Kosmetika<\/strong>, die dermatologische Tests umfassen, <a href=\"https:\/\/mpr-labs.com\/badania-mikrobiologiczne\/\">mikrobiologisch<\/a>, chemische und <a href=\"https:\/\/mpr-labs.com\/badania-fizykochemiczne\/\">Physikalisch-chemisch<\/a>. Unser <strong>Forschung hilft Kosmetikherstellern<\/strong> die Sicherheit und Wirksamkeit seiner Produkte zu gew\u00e4hrleisten.<\/p><p><a href=\"https:\/\/mpr-labs.com\/\">MPR LABS Laboratorium<\/a> ist mit modernsten Technologien und Ger\u00e4ten ausgestattet, die es uns erm\u00f6glichen, Forschung mit h\u00f6chster Pr\u00e4zision zu betreiben. Unser Team besteht aus erfahrenen Wissenschaftlern und Technikern, die stets bereit sind, sich den Herausforderungen der <strong>Kosmetikforschung<\/strong>.<\/p>\t\t\t\t\t\t<\/div>\n\t\t\t\t<\/div>\n\t\t\t\t<div class=\"elementor-element elementor-element-73c279f elementor-widget elementor-widget-text-editor\" data-id=\"73c279f\" data-element_type=\"widget\" data-widget_type=\"text-editor.default\">\n\t\t\t\t<div class=\"elementor-widget-container\">\n\t\t\t\t\t\t\t<h2>Mikrobiologische Reinheit<\/h2><p style=\"padding-left: 40px;\"><strong>Forschung durchgef\u00fchrt nach:<\/strong><\/p><ul><li style=\"list-style-type: none;\"><ul><li style=\"list-style-type: none;\"><ul><li style=\"list-style-type: none;\"><ul><li>EN ISO 21149 - Gesamtkeimzahl<\/li><li>EN ISO 22718 - Vorhandensein von Staphylococcus aureus<\/li><li>EN ISO 22717 - Vorhandensein von Pseudomonas aeruginosa<\/li><li>EN ISO 18416 - Vorhandensein von Candida albicans<\/li><li>EN ISO 21150 - Vorhandensein von Escherichia coli<\/li><li>EN ISO 16212 - Schimmel- und Hefepilzbelastung<\/li><\/ul><\/li><\/ul><\/li><\/ul><\/li><\/ul><h2>Wartungstest<\/h2><p style=\"padding-left: 40px;\"><strong>Pr\u00fcfung nach EN ISO 11930<\/strong><\/p><h2>Pr\u00fcfung der antimikrobiellen Wirksamkeit<\/h2><h3 style=\"padding-left: 40px;\">Pr\u00fcfung der antibakteriellen\/antimykotischen Aktivit\u00e4t<\/h3><p style=\"padding-left: 80px;\">Wir verf\u00fcgen \u00fcber eine Reihe von Referenzmikroorganismen aus internationalen und polnischen Sammlungen - PCM, DSM, CCM, ATCC. Dazu geh\u00f6ren grampositive Bakterien, gramnegative Bakterien, Bakterienst\u00e4mme mit gef\u00e4hrlichen Resistenzmechanismen (MRSA, HLAR, ESBL und andere), hefeartige Pilze, Schimmelpilze und Dermatophyten. Wir helfen bei der Auswahl der zu testenden St\u00e4mme und des Testverfahrens.<\/p><h4 style=\"padding-left: 40px;\">Bewertung der Aktivit\u00e4t gegen Cutibacterium<\/h4><p style=\"padding-left: 80px;\">Wir verwenden Referenzst\u00e4mme von Cutibacterium acnes sowie St\u00e4mme, die aus dem gesunden Mikrobiom und aus Aknel\u00e4sionen isoliert wurden.<\/p><h4 style=\"padding-left: 40px;\">Pr\u00fcfung der antimykotischen Aktivit\u00e4t gegen die h\u00e4ufigsten Erreger, die f\u00fcr Mykosen der glatten und behaarten Haut, der N\u00e4gel und der Schleimh\u00e4ute verantwortlich sind.<\/h4><p style=\"padding-left: 80px;\">Wir verwenden in unseren Studien Referenzst\u00e4mme von Candida, Malassezia, Scopulariopsis und Aspergillus. Die Auswahl der zu testenden St\u00e4mme h\u00e4ngt von der Form und der Anwendungsmethode der Zubereitung ab.<\/p><h4 style=\"padding-left: 40px;\">Pr\u00fcfung der antimikrobiellen Aktivit\u00e4t von Mundpflegemitteln<\/h4><p style=\"padding-left: 80px;\">Wir verwenden St\u00e4mme von Mikroorganismen, die f\u00fcr die Bildung von kari\u00f6sen L\u00e4sionen (Gattung Streptococcus), Parodontalerkrankungen (Gattung Porphyromonas) und Schleimhautcandidose (Gattung Candida) verantwortlich sind.<\/p><p style=\"padding-left: 40px;\"><strong>Pr\u00fcfung der antimikrobiellen Aktivit\u00e4t von Zubereitungen f\u00fcr F\u00fc\u00dfe, H\u00e4nde und N\u00e4gel<\/strong><\/p><p style=\"padding-left: 80px;\">In der Studie verwenden wir Modell- und isolierte St\u00e4mme aus klinischem Material: Pseudomonas aeuriginosa, Staphylococcus aurerus und die grazilen Bakterien, die am h\u00e4ufigsten f\u00fcr diese Art von Krankheit verantwortlich sind.<\/p><h2>Mikrobiom-Forschung<\/h2><p style=\"padding-left: 40px;\"><strong>Die Studie wird in \u00dcbereinstimmung mit den Empfehlungen in den folgenden Dokumenten durchgef\u00fchrt:<\/strong> Verordnung 2(EG) Nr. 1223\/2009 des Europ\u00e4ischen Parlaments und des Rates vom 30. November 2009 \u00fcber kosmetische Mittel, Cosmetics Europe - The Personal Care Association Guidelines Product Test Guidelines for the Assessment of Human Skin Compatibility 1997, Cosmetics Europe - The Personal Care Association Guidelines for the Evaluation of the Efficacy of Cosmetic Products 2008.<\/p>\t\t\t\t\t\t<\/div>\n\t\t\t\t<\/div>\n\t\t\t\t\t<\/div>\n\t\t<\/div>\n\t\t\t\t\t<\/div>\n\t\t<\/section>\n\t\t\t\t<section class=\"elementor-section elementor-top-section elementor-element elementor-element-71dc925 elementor-section-boxed elementor-section-height-default elementor-section-height-default\" data-id=\"71dc925\" data-element_type=\"section\">\n\t\t\t\t\t\t<div class=\"elementor-container elementor-column-gap-default\">\n\t\t\t\t\t<div class=\"elementor-column elementor-col-100 elementor-top-column elementor-element elementor-element-beef0b7\" data-id=\"beef0b7\" data-element_type=\"column\">\n\t\t\t<div class=\"elementor-widget-wrap elementor-element-populated\">\n\t\t\t\t\t\t<div class=\"elementor-element elementor-element-130d17b elementor-widget elementor-widget-accordion\" data-id=\"130d17b\" data-element_type=\"widget\" data-widget_type=\"accordion.default\">\n\t\t\t\t<div class=\"elementor-widget-container\">\n\t\t\t\t\t<div class=\"elementor-accordion\">\n\t\t\t\t\t\t\t<div class=\"elementor-accordion-item\">\n\t\t\t\t\t<h5 id=\"elementor-tab-title-1991\" class=\"elementor-tab-title\" data-tab=\"1\" role=\"button\" aria-controls=\"elementor-tab-content-1991\" aria-expanded=\"false\">\n\t\t\t\t\t\t\t\t\t\t\t\t\t<span class=\"elementor-accordion-icon elementor-accordion-icon-left\" aria-hidden=\"true\">\n\t\t\t\t\t\t\t\t\t\t\t\t\t\t\t<span class=\"elementor-accordion-icon-closed\"><i class=\"fas fa-plus\"><\/i><\/span>\n\t\t\t\t\t\t\t\t<span class=\"elementor-accordion-icon-opened\"><i class=\"fas fa-minus\"><\/i><\/span>\n\t\t\t\t\t\t\t\t\t\t\t\t\t\t<\/span>\n\t\t\t\t\t\t\t\t\t\t\t\t<a class=\"elementor-accordion-title\" tabindex=\"0\">Welche Arten von Tests werden bei Kosmetika durchgef\u00fchrt?<\/a>\n\t\t\t\t\t<\/h5>\n\t\t\t\t\t<div id=\"elementor-tab-content-1991\" class=\"elementor-tab-content elementor-clearfix\" data-tab=\"1\" role=\"region\" aria-labelledby=\"elementor-tab-title-1991\"><p>Kosmetische Tests umfassen dermatologische, mikrobiologische, Anwendungs-, Stabilit\u00e4ts- und Wirksamkeitstests sowie Sicherheitstests wie die Bewertung allergischer Reaktionen oder die Bewertung von Haut- und Haarwirkungen.<\/p><\/div>\n\t\t\t\t<\/div>\n\t\t\t\t\t\t\t<div class=\"elementor-accordion-item\">\n\t\t\t\t\t<h5 id=\"elementor-tab-title-1992\" class=\"elementor-tab-title\" data-tab=\"2\" role=\"button\" aria-controls=\"elementor-tab-content-1992\" aria-expanded=\"false\">\n\t\t\t\t\t\t\t\t\t\t\t\t\t<span class=\"elementor-accordion-icon elementor-accordion-icon-left\" aria-hidden=\"true\">\n\t\t\t\t\t\t\t\t\t\t\t\t\t\t\t<span class=\"elementor-accordion-icon-closed\"><i class=\"fas fa-plus\"><\/i><\/span>\n\t\t\t\t\t\t\t\t<span class=\"elementor-accordion-icon-opened\"><i class=\"fas fa-minus\"><\/i><\/span>\n\t\t\t\t\t\t\t\t\t\t\t\t\t\t<\/span>\n\t\t\t\t\t\t\t\t\t\t\t\t<a class=\"elementor-accordion-title\" tabindex=\"0\">Welche Rolle spielt die U.S. Pharmacopeia in der Kosmetikindustrie?<\/a>\n\t\t\t\t\t<\/h5>\n\t\t\t\t\t<div id=\"elementor-tab-content-1992\" class=\"elementor-tab-content elementor-clearfix\" data-tab=\"2\" role=\"region\" aria-labelledby=\"elementor-tab-title-1992\">Die U.S. Pharmacopeia (USP) ist die amerikanische Organisation, die Qualit\u00e4tsstandards f\u00fcr chemische Substanzen, einschlie\u00dflich kosmetischer Inhaltsstoffe, entwickelt. Sie ver\u00f6ffentlicht Vorschriften \u00fcber die Reinheit, Qualit\u00e4t und Wirksamkeit dieser Stoffe, die sich auf die Vorschriften f\u00fcr die Herstellung von Kosmetika auswirken.<\/div>\n\t\t\t\t<\/div>\n\t\t\t\t\t\t\t\t<\/div>\n\t\t\t\t<\/div>\n\t\t\t\t<\/div>\n\t\t\t\t\t<\/div>\n\t\t<\/div>\n\t\t\t\t\t<\/div>\n\t\t<\/section>\n\t\t\t\t<\/div>","protected":false},"excerpt":{"rendered":"<p>Badania Podstawowe Badania Dodatkowe Czysto\u015b\u0107 mikrobiologiczna Test konserwacji (Challenge Test) Stabilno\u015b\u0107 i kompatybilno\u015b\u0107 masy z opakowaniem Badania fizykochemiczne masy (pH, g\u0119sto\u015b\u0107, lepko\u015b\u0107, ocena organoleptyczna) Badanie aktywno\u015bci wody PAO \u2013 Okres przydatno\u015bci po otwarciu Badania dermatologiczne (dermatologia zwyk\u0142a, rozszerzona) Badania aplikacyjne pod kontrol\u0105 lekarza specjalisty Badania instrumentalne \u2013 aparaturowe Badania SPF (in vivo, in vitro) Test [&hellip;]<\/p>\n","protected":false},"author":2,"featured_media":3571,"parent":0,"menu_order":0,"comment_status":"closed","ping_status":"closed","template":"page-templates\/service-single-2.php","meta":{"footnotes":""},"class_list":["post-2493","page","type-page","status-publish","format-standard","has-post-thumbnail","hentry"],"yoast_head":"<!-- This site is optimized with the Yoast SEO plugin v25.4 - https:\/\/yoast.com\/wordpress\/plugins\/seo\/ -->\n<title>Kompleksowe badania kosmetyk\u00f3w, laboratoryjne badania kosmetyczne | MPR Labs<\/title>\n<meta name=\"description\" content=\"Laboratorium MPR Labs \u015bwiadczy kompleksowe us\u0142ugi badania kosmetyk\u00f3w, oceny bezpiecze\u0144stwa oraz rejestracji kosmetyk\u00f3w w bazie CPNP.\" \/>\n<meta name=\"robots\" content=\"index, follow, max-snippet:-1, max-image-preview:large, max-video-preview:-1\" \/>\n<link rel=\"canonical\" href=\"https:\/\/mpr-labs.com\/de\/kosmetikforschung\/\" \/>\n<meta property=\"og:locale\" content=\"de_DE\" \/>\n<meta property=\"og:type\" content=\"article\" \/>\n<meta property=\"og:title\" content=\"Kompleksowe badania kosmetyk\u00f3w, laboratoryjne badania kosmetyczne | MPR Labs\" \/>\n<meta property=\"og:description\" content=\"Laboratorium MPR Labs \u015bwiadczy kompleksowe us\u0142ugi badania kosmetyk\u00f3w, oceny bezpiecze\u0144stwa oraz rejestracji kosmetyk\u00f3w w bazie CPNP.\" \/>\n<meta property=\"og:url\" content=\"https:\/\/mpr-labs.com\/de\/kosmetikforschung\/\" \/>\n<meta property=\"og:site_name\" content=\"MPR Labs\" \/>\n<meta property=\"article:publisher\" content=\"https:\/\/www.facebook.com\/MPRLabs\" \/>\n<meta property=\"article:modified_time\" content=\"2025-04-17T12:52:46+00:00\" \/>\n<meta property=\"og:image\" content=\"https:\/\/mpr-labs.com\/wp-content\/uploads\/2023\/08\/badania-kosmetykow-top-min.png\" \/>\n\t<meta property=\"og:image:width\" content=\"2100\" \/>\n\t<meta property=\"og:image:height\" content=\"788\" \/>\n\t<meta property=\"og:image:type\" content=\"image\/png\" \/>\n<meta name=\"twitter:card\" content=\"summary_large_image\" \/>\n<meta name=\"twitter:label1\" content=\"Gesch\u00e4tzte Lesezeit\" \/>\n\t<meta name=\"twitter:data1\" content=\"4\u00a0Minuten\" \/>\n<script type=\"application\/ld+json\" class=\"yoast-schema-graph\">{\"@context\":\"https:\/\/schema.org\",\"@graph\":[{\"@type\":\"WebPage\",\"@id\":\"https:\/\/mpr-labs.com\/badania-kosmetykow\/\",\"url\":\"https:\/\/mpr-labs.com\/badania-kosmetykow\/\",\"name\":\"Kompleksowe badania kosmetyk\u00f3w, laboratoryjne badania kosmetyczne | MPR Labs\",\"isPartOf\":{\"@id\":\"https:\/\/mpr-labs.com\/#website\"},\"primaryImageOfPage\":{\"@id\":\"https:\/\/mpr-labs.com\/badania-kosmetykow\/#primaryimage\"},\"image\":{\"@id\":\"https:\/\/mpr-labs.com\/badania-kosmetykow\/#primaryimage\"},\"thumbnailUrl\":\"https:\/\/mpr-labs.com\/wp-content\/uploads\/2023\/08\/badania-kosmetykow-top-min.png\",\"datePublished\":\"2023-04-11T09:14:35+00:00\",\"dateModified\":\"2025-04-17T12:52:46+00:00\",\"description\":\"Laboratorium MPR Labs \u015bwiadczy kompleksowe us\u0142ugi badania kosmetyk\u00f3w, oceny bezpiecze\u0144stwa oraz rejestracji kosmetyk\u00f3w w bazie CPNP.\",\"breadcrumb\":{\"@id\":\"https:\/\/mpr-labs.com\/badania-kosmetykow\/#breadcrumb\"},\"inLanguage\":\"de\",\"potentialAction\":[{\"@type\":\"ReadAction\",\"target\":[\"https:\/\/mpr-labs.com\/badania-kosmetykow\/\"]}]},{\"@type\":\"ImageObject\",\"inLanguage\":\"de\",\"@id\":\"https:\/\/mpr-labs.com\/badania-kosmetykow\/#primaryimage\",\"url\":\"https:\/\/mpr-labs.com\/wp-content\/uploads\/2023\/08\/badania-kosmetykow-top-min.png\",\"contentUrl\":\"https:\/\/mpr-labs.com\/wp-content\/uploads\/2023\/08\/badania-kosmetykow-top-min.png\",\"width\":2100,\"height\":788,\"caption\":\"Badania Kosmetyk\u00f3w - MPR Labs\"},{\"@type\":\"BreadcrumbList\",\"@id\":\"https:\/\/mpr-labs.com\/badania-kosmetykow\/#breadcrumb\",\"itemListElement\":[{\"@type\":\"ListItem\",\"position\":1,\"name\":\"Strona g\u0142\u00f3wna\",\"item\":\"https:\/\/mpr-labs.com\/\"},{\"@type\":\"ListItem\",\"position\":2,\"name\":\"Badania kosmetyk\u00f3w\"}]},{\"@type\":\"WebSite\",\"@id\":\"https:\/\/mpr-labs.com\/#website\",\"url\":\"https:\/\/mpr-labs.com\/\",\"name\":\"MPR Labs\",\"description\":\"MPR Labs - Laboratorium Kosmetyczne\",\"publisher\":{\"@id\":\"https:\/\/mpr-labs.com\/#organization\"},\"potentialAction\":[{\"@type\":\"SearchAction\",\"target\":{\"@type\":\"EntryPoint\",\"urlTemplate\":\"https:\/\/mpr-labs.com\/?s={search_term_string}\"},\"query-input\":{\"@type\":\"PropertyValueSpecification\",\"valueRequired\":true,\"valueName\":\"search_term_string\"}}],\"inLanguage\":\"de\"},{\"@type\":\"Organization\",\"@id\":\"https:\/\/mpr-labs.com\/#organization\",\"name\":\"MPR Labs Sp. z o.o.\",\"alternateName\":\"MPR Labs\",\"url\":\"https:\/\/mpr-labs.com\/\",\"logo\":{\"@type\":\"ImageObject\",\"inLanguage\":\"de\",\"@id\":\"https:\/\/mpr-labs.com\/#\/schema\/logo\/image\/\",\"url\":\"https:\/\/mpr-labs.com\/wp-content\/uploads\/2023\/05\/logo-new.png\",\"contentUrl\":\"https:\/\/mpr-labs.com\/wp-content\/uploads\/2023\/05\/logo-new.png\",\"width\":1150,\"height\":328,\"caption\":\"MPR Labs Sp. z o.o.\"},\"image\":{\"@id\":\"https:\/\/mpr-labs.com\/#\/schema\/logo\/image\/\"},\"sameAs\":[\"https:\/\/www.facebook.com\/MPRLabs\",\"https:\/\/www.linkedin.com\/company\/mpr-labs\/\"]}]}<\/script>\n<!-- \/ Yoast SEO plugin. -->","yoast_head_json":{"title":"Umfassende Kosmetikpr\u00fcfung, Labor-Kosmetikpr\u00fcfung | MPR Labs","description":"MPR Labs bietet umfassende Dienstleistungen f\u00fcr Kosmetiktests, Sicherheitsbewertungen und die Registrierung von Kosmetika in der CPNP-Datenbank.","robots":{"index":"index","follow":"follow","max-snippet":"max-snippet:-1","max-image-preview":"max-image-preview:large","max-video-preview":"max-video-preview:-1"},"canonical":"https:\/\/mpr-labs.com\/de\/kosmetikforschung\/","og_locale":"de_DE","og_type":"article","og_title":"Kompleksowe badania kosmetyk\u00f3w, laboratoryjne badania kosmetyczne | MPR Labs","og_description":"Laboratorium MPR Labs \u015bwiadczy kompleksowe us\u0142ugi badania kosmetyk\u00f3w, oceny bezpiecze\u0144stwa oraz rejestracji kosmetyk\u00f3w w bazie CPNP.","og_url":"https:\/\/mpr-labs.com\/de\/kosmetikforschung\/","og_site_name":"MPR Labs","article_publisher":"https:\/\/www.facebook.com\/MPRLabs","article_modified_time":"2025-04-17T12:52:46+00:00","og_image":[{"width":2100,"height":788,"url":"https:\/\/mpr-labs.com\/wp-content\/uploads\/2023\/08\/badania-kosmetykow-top-min.png","type":"image\/png"}],"twitter_card":"summary_large_image","twitter_misc":{"Gesch\u00e4tzte Lesezeit":"4\u00a0Minuten"},"schema":{"@context":"https:\/\/schema.org","@graph":[{"@type":"WebPage","@id":"https:\/\/mpr-labs.com\/badania-kosmetykow\/","url":"https:\/\/mpr-labs.com\/badania-kosmetykow\/","name":"Umfassende Kosmetikpr\u00fcfung, Labor-Kosmetikpr\u00fcfung | MPR Labs","isPartOf":{"@id":"https:\/\/mpr-labs.com\/#website"},"primaryImageOfPage":{"@id":"https:\/\/mpr-labs.com\/badania-kosmetykow\/#primaryimage"},"image":{"@id":"https:\/\/mpr-labs.com\/badania-kosmetykow\/#primaryimage"},"thumbnailUrl":"https:\/\/mpr-labs.com\/wp-content\/uploads\/2023\/08\/badania-kosmetykow-top-min.png","datePublished":"2023-04-11T09:14:35+00:00","dateModified":"2025-04-17T12:52:46+00:00","description":"MPR Labs bietet umfassende Dienstleistungen f\u00fcr Kosmetiktests, Sicherheitsbewertungen und die Registrierung von Kosmetika in der CPNP-Datenbank.","breadcrumb":{"@id":"https:\/\/mpr-labs.com\/badania-kosmetykow\/#breadcrumb"},"inLanguage":"de","potentialAction":[{"@type":"ReadAction","target":["https:\/\/mpr-labs.com\/badania-kosmetykow\/"]}]},{"@type":"ImageObject","inLanguage":"de","@id":"https:\/\/mpr-labs.com\/badania-kosmetykow\/#primaryimage","url":"https:\/\/mpr-labs.com\/wp-content\/uploads\/2023\/08\/badania-kosmetykow-top-min.png","contentUrl":"https:\/\/mpr-labs.com\/wp-content\/uploads\/2023\/08\/badania-kosmetykow-top-min.png","width":2100,"height":788,"caption":"Badania Kosmetyk\u00f3w - MPR Labs"},{"@type":"BreadcrumbList","@id":"https:\/\/mpr-labs.com\/badania-kosmetykow\/#breadcrumb","itemListElement":[{"@type":"ListItem","position":1,"name":"Strona g\u0142\u00f3wna","item":"https:\/\/mpr-labs.com\/"},{"@type":"ListItem","position":2,"name":"Badania kosmetyk\u00f3w"}]},{"@type":"WebSite","@id":"https:\/\/mpr-labs.com\/#website","url":"https:\/\/mpr-labs.com\/","name":"MPR-Labore","description":"MPR Labs - Kosmetisches Labor","publisher":{"@id":"https:\/\/mpr-labs.com\/#organization"},"potentialAction":[{"@type":"SearchAction","target":{"@type":"EntryPoint","urlTemplate":"https:\/\/mpr-labs.com\/?s={search_term_string}"},"query-input":{"@type":"PropertyValueSpecification","valueRequired":true,"valueName":"search_term_string"}}],"inLanguage":"de"},{"@type":"Organization","@id":"https:\/\/mpr-labs.com\/#organization","name":"MPR Labs Sp. z o.o.","alternateName":"MPR Labs","url":"https:\/\/mpr-labs.com\/","logo":{"@type":"ImageObject","inLanguage":"de","@id":"https:\/\/mpr-labs.com\/#\/schema\/logo\/image\/","url":"https:\/\/mpr-labs.com\/wp-content\/uploads\/2023\/05\/logo-new.png","contentUrl":"https:\/\/mpr-labs.com\/wp-content\/uploads\/2023\/05\/logo-new.png","width":1150,"height":328,"caption":"MPR Labs Sp. z o.o."},"image":{"@id":"https:\/\/mpr-labs.com\/#\/schema\/logo\/image\/"},"sameAs":["https:\/\/www.facebook.com\/MPRLabs","https:\/\/www.linkedin.com\/company\/mpr-labs\/"]}]}},"_links":{"self":[{"href":"https:\/\/mpr-labs.com\/de\/wp-json\/wp\/v2\/pages\/2493","targetHints":{"allow":["GET"]}}],"collection":[{"href":"https:\/\/mpr-labs.com\/de\/wp-json\/wp\/v2\/pages"}],"about":[{"href":"https:\/\/mpr-labs.com\/de\/wp-json\/wp\/v2\/types\/page"}],"author":[{"embeddable":true,"href":"https:\/\/mpr-labs.com\/de\/wp-json\/wp\/v2\/users\/2"}],"replies":[{"embeddable":true,"href":"https:\/\/mpr-labs.com\/de\/wp-json\/wp\/v2\/comments?post=2493"}],"version-history":[{"count":97,"href":"https:\/\/mpr-labs.com\/de\/wp-json\/wp\/v2\/pages\/2493\/revisions"}],"predecessor-version":[{"id":4638,"href":"https:\/\/mpr-labs.com\/de\/wp-json\/wp\/v2\/pages\/2493\/revisions\/4638"}],"wp:featuredmedia":[{"embeddable":true,"href":"https:\/\/mpr-labs.com\/de\/wp-json\/wp\/v2\/media\/3571"}],"wp:attachment":[{"href":"https:\/\/mpr-labs.com\/de\/wp-json\/wp\/v2\/media?parent=2493"}],"curies":[{"name":"wp","href":"https:\/\/api.w.org\/{rel}","templated":true}]}}